{"id":3701,"date":"2024-06-27T03:37:44","date_gmt":"2024-06-26T19:37:44","guid":{"rendered":"https:\/\/maihomedecor.com\/lacquer-care\/"},"modified":"2024-10-12T08:58:20","modified_gmt":"2024-10-12T00:58:20","slug":"cham-soc-son-mai","status":"publish","type":"page","link":"https:\/\/maihomedecor.com\/vi\/cham-soc-son-mai\/","title":{"rendered":"Ch\u0103m s\u00f3c s\u01a1n m\u00e0i"},"content":{"rendered":"<p><span style=\"font-size: 120%;\"><strong>C\u00e1ch ch\u0103m s\u00f3c s\u01a1n m\u00e0i<\/strong><\/span><\/p>\n<p>L\u1edbp s\u01a1n m\u00e0i l\u00e0m cho \u0111\u1ed3 n\u1ed9i th\u1ea5t tr\u00f4ng b\u00f3ng v\u00e0 \u0111\u1eb9p, v\u1edbi v\u00f4 s\u1ed1 m\u00e0u s\u1eafc bao g\u1ed3m tr\u1eafng, \u0111en, \u0111\u1ecf, xanh lam, xanh l\u00e1 c\u00e2y, v.v.<br \/>\nAM\u1eb7c d\u00f9 s\u01a1n m\u00e0i l\u00e0 l\u1edbp ho\u00e0n thi\u1ec7n b\u1ec1n nh\u01b0ng n\u00f3 r\u1ea5t m\u1ecfng manh v\u00e0 c\u1ea7n \u0111\u01b0\u1ee3c x\u1eed l\u00fd c\u1ea9n th\u1eadn v\u00ec d\u1ec5 b\u1ecb s\u1ee9t m\u1ebb, tr\u1ea7y x\u01b0\u1edbc, ti\u1ebfp x\u00fac v\u1edbi nhi\u1ec7t v\u00e0 hao m\u00f2n. Sau \u0111\u00e2y l\u00e0 m\u1ed9t s\u1ed1<strong><em>m\u1eb9o chung<\/em><\/strong>\u0111\u1ec3 b\u1ea3o qu\u1ea3n \u0111\u1ed3 s\u01a1n m\u00e0i v\u00e0 gi\u1eef cho b\u1ec1 m\u1eb7t nh\u1eb5n b\u00f3ng.<\/p>\n<p><span style=\"font-size: 120%;\"><strong>M\u1eb9o ch\u0103m s\u00f3c chung<\/strong><\/span><\/p>\n<ul>\n<li>Tr\u00e1nh \u0111\u1ec3 \u0111\u1ed3 s\u01a1n m\u00e0i ti\u1ebfp x\u00fac tr\u1ef1c ti\u1ebfp v\u1edbi \u00e1nh n\u1eafng m\u1eb7t tr\u1eddi<\/li>\n<li>Kh\u00f4ng l\u00e0m x\u01b0\u1edbc b\u1ec1 m\u1eb7t b\u1eb1ng c\u00e1c v\u1eadt s\u1eafc nh\u1ecdn nh\u01b0 dao, n\u0129a<\/li>\n<li>Kh\u00f4ng \u0111\u1eb7t \u0111\u1ed3 s\u01a1n m\u00e0i v\u00e0o l\u00f2 vi s\u00f3ng ho\u1eb7c l\u00f2 n\u01b0\u1edbng<\/li>\n<li>Gi\u1eef \u0111\u1ed3 s\u01a1n m\u00e0i c\u1ee7a b\u1ea1n kh\u00f4 r\u00e1o: lu\u00f4n lau s\u1ea1ch n\u01b0\u1edbc \u0111\u1ed5 ngay l\u1eadp t\u1ee9c<\/li>\n<li>Th\u01b0\u1eddng xuy\u00ean lau b\u1ee5i \u0111\u1ec3 tr\u00e1nh b\u1ee5i t\u00edch t\u1ee5 v\u00e0 l\u00e0m h\u1ecfng \u0111\u1ed9 b\u00f3ng c\u1ee7a b\u1ec1 m\u1eb7t<\/li>\n<li>Kh\u00f4ng s\u1eed d\u1ee5ng kh\u0103n gi\u1ea5y \u0111\u1ec3 lau ch\u00f9i v\u00ec ch\u00fang c\u00f3 th\u1ec3 c\u00f3 t\u00ednh m\u00e0i m\u00f2n cao.<\/li>\n<\/ul>\n<p><span style=\"font-size: 120%;\"><strong>M\u1eb9o v\u1ec7 sinh<\/strong><\/span><\/p>\n<ul>\n<li>Kh\u00f4ng ng\u00e2m trong n\u01b0\u1edbc<\/li>\n<li>Lau s\u1ea1ch \u0111\u1ed3 s\u01a1n m\u00e0i c\u1ee7a b\u1ea1n b\u1eb1ng v\u1ea3i m\u1ec1m \u1ea9m (n\u1ebfu c\u1ea7n, h\u00e3y l\u00e0m \u1ea9m b\u1eb1ng n\u01b0\u1edbc x\u00e0 ph\u00f2ng) v\u00e0 lau kh\u00f4 ngay l\u1eadp t\u1ee9c<\/li>\n<li>Tr\u00e1nh s\u1eed d\u1ee5ng h\u00f3a ch\u1ea5t t\u1ea9y r\u1eeda m\u1ea1nh, ch\u1eb3ng h\u1ea1n nh\u01b0 amoniac ho\u1eb7c thu\u1ed1c t\u1ea9y<\/li>\n<li>Kh\u00f4ng r\u1eeda \u0111\u1ed3 s\u01a1n m\u00e0i trong m\u00e1y r\u1eeda ch\u00e9n<\/li>\n<li>\u0110\u00e1nh b\u00f3ng xe h\u00e0ng th\u00e1ng th\u01b0\u1eddng xuy\u00ean b\u1eb1ng s\u00e1p xe s\u1ebd duy tr\u00ec \u0111\u1ed9 b\u00f3ng c\u1ee7a l\u1edbp s\u01a1n m\u00e0i<\/li>\n<li>S\u1eed d\u1ee5ng c\u00e1c n\u00e9t xu\u1ed1ng khi lau \u0111\u1ed3 n\u1ed9i th\u1ea5t thay v\u00ec c\u00e1c chuy\u1ec3n \u0111\u1ed9ng tr\u00f2n<\/li>\n<\/ul>\n","protected":false},"excerpt":{"rendered":"<p>C\u00e1ch ch\u0103m s\u00f3c s\u01a1n m\u00e0i L\u1edbp s\u01a1n m\u00e0i l\u00e0m cho \u0111\u1ed3 n\u1ed9i th\u1ea5t tr\u00f4ng b\u00f3ng v\u00e0 \u0111\u1eb9p, v\u1edbi v\u00f4 s\u1ed1 m\u00e0u s\u1eafc bao g\u1ed3m tr\u1eafng, \u0111en, \u0111\u1ecf, xanh lam, xanh l\u00e1 c\u00e2y, v.v. AM\u1eb7c d\u00f9 s\u01a1n m\u00e0i l\u00e0 l\u1edbp ho\u00e0n thi\u1ec7n b\u1ec1n nh\u01b0ng n\u00f3 r\u1ea5t m\u1ecfng manh v\u00e0 c\u1ea7n \u0111\u01b0\u1ee3c x\u1eed l\u00fd c\u1ea9n th\u1eadn v\u00ec&#8230;<\/p>\n","protected":false},"author":2,"featured_media":0,"parent":0,"menu_order":0,"comment_status":"closed","ping_status":"closed","template":"","meta":{"footnotes":""},"acf":[],"_links":{"self":[{"href":"https:\/\/maihomedecor.com\/vi\/wp-json\/wp\/v2\/pages\/3701"}],"collection":[{"href":"https:\/\/maihomedecor.com\/vi\/wp-json\/wp\/v2\/pages"}],"about":[{"href":"https:\/\/maihomedecor.com\/vi\/wp-json\/wp\/v2\/types\/page"}],"author":[{"embeddable":true,"href":"https:\/\/maihomedecor.com\/vi\/wp-json\/wp\/v2\/users\/2"}],"replies":[{"embeddable":true,"href":"https:\/\/maihomedecor.com\/vi\/wp-json\/wp\/v2\/comments?post=3701"}],"version-history":[{"count":7,"href":"https:\/\/maihomedecor.com\/vi\/wp-json\/wp\/v2\/pages\/3701\/revisions"}],"predecessor-version":[{"id":4432,"href":"https:\/\/maihomedecor.com\/vi\/wp-json\/wp\/v2\/pages\/3701\/revisions\/4432"}],"wp:attachment":[{"href":"https:\/\/maihomedecor.com\/vi\/wp-json\/wp\/v2\/media?parent=3701"}],"curies":[{"name":"wp","href":"https:\/\/api.w.org\/{rel}","templated":true}]}}