{"id":3703,"date":"2024-06-18T12:22:05","date_gmt":"2024-06-18T04:22:05","guid":{"rendered":"https:\/\/maihomedecor.com\/son-mai\/"},"modified":"2024-11-28T17:05:48","modified_gmt":"2024-11-28T09:05:48","slug":"son-mai","status":"publish","type":"page","link":"https:\/\/maihomedecor.com\/vi\/son-mai\/","title":{"rendered":"S\u01a1n M\u00e0i"},"content":{"rendered":"<h1 style=\"text-align: center;\"><span style=\"font-family: Book Antiqua, Palatino;\">T\u1ea0I MAI HOME D\u00c9COR, S\u01a0N M\u00c0I L\u00c0 M\u1ed8T NGH\u1ec6 THU\u1eacT<\/span><\/h1>\n<p>\u0110\u1ed3 n\u1ed9i th\u1ea5t s\u01a1n m\u00e0i, \u0111\u00e8n s\u01a1n m\u00e0i, khay s\u01a1n m\u00e0i v\u00e0 h\u1ed9p s\u01a1n m\u00e0i c\u1ee7a Mai Home D\u00e9cor ho\u00e0n to\u00e0n \u0111\u01b0\u1ee3c l\u00e0m th\u1ee7 c\u00f4ng b\u1edfi nh\u1eefng ngh\u1ec7 nh\u00e2n s\u01a1n m\u00e0i l\u00e0nh ngh\u1ec1 \u0111\u01b0\u1ee3c tuy\u1ec3n ch\u1ecdn v\u00ec t\u01b0 duy ch\u1ea5t l\u01b0\u1ee3ng.<br \/>\nT\u1ea1i x\u01b0\u1edfng s\u01a1n m\u00e0i c\u1ee7a ch\u00fang t\u00f4i, chuy\u00ean m\u00f4n \u0111\u01b0\u1ee3c \u01b0u ti\u00ean h\u01a1n m\u00e1y m\u00f3c: vi\u1ec7c s\u1eed d\u1ee5ng c\u00e1c c\u00f4ng c\u1ee5 v\u00e0 k\u1ef9 thu\u1eadt \u0111\u00e3 \u0111\u01b0\u1ee3c ki\u1ec3m ch\u1ee9ng \u0111\u01b0\u1ee3c truy\u1ec1n l\u1ea1i t\u1eeb c\u00e1c th\u1ebf h\u1ec7 tr\u01b0\u1edbc l\u00e0 quy t\u1eafc. Trong \u0111i\u1ec1u ki\u1ec7n th\u1eddi ti\u1ebft n\u00f3ng \u1ea9m c\u1ee7a Vi\u1ec7t Nam, nh\u1eefng ngh\u1ec7 nh\u00e2n s\u01a1n m\u00e0i c\u1ee7a ch\u00fang t\u00f4i ph\u1ea3i l\u00e0m vi\u1ec7c b\u1eb1ng \u0111\u00f4i tay c\u1ee7a m\u00ecnh \u0111\u1ec3 t\u1ea1o ra s\u1ef1 bi\u1ebfn \u0111\u1ed5i mong mu\u1ed1n cho s\u1ea3n ph\u1ea9m s\u01a1n m\u00e0i. Ph\u01b0\u01a1ng pha\u0301p na\u0300y \u0111\u01b0\u01a1\u0323c xem nh\u01b0 ngh\u00ea\u0323 thu\u00e2\u0323t c\u00f4ng nghi\u00ea\u0323p thu\u0309 c\u00f4ng.<br \/>\nS\u1ef1 ki\u00ean nh\u1eabn, ch\u00fa \u00fd \u0111\u1ebfn t\u1eebng chi ti\u1ebft, c\u1eed ch\u1ec9 ch\u00ednh x\u00e1c: \u0111\u00f3 l\u00e0 nh\u1eefng h\u00e0nh \u0111\u1ed9ng \u0111\u01a1n gi\u1ea3n v\u00e0 h\u1ea5p d\u1eabn t\u1ea1o n\u00ean \u201ct\u00e1c ph\u1ea9m ngh\u1ec7 thu\u1eadt\u201d, nh\u1eefng chi\u1ebfc \u0111\u00e8n, \u0111\u1ed3 n\u1ed9i th\u1ea5t v\u00e0 ph\u1ee5 ki\u1ec7n trang tr\u00ed nh\u00e0 c\u1eeda s\u00e1ng t\u1ea1o c\u1ee7a ch\u00fang t\u00f4i \u0111\u01b0\u1ee3c l\u00e0m t\u1eeb s\u01a1n m\u00e0i ch\u00ednh h\u00e3ng v\u00e0 truy\u1ec1n th\u1ed1ng.<\/p>\n<p style=\"text-align: center;\"><span style=\"font-size: 105%;\"><em>\u201c\u0110\u00e2y l\u00e0 m\u1ed9t ngh\u1ec7 thu\u1eadt c\u1ea7n c\u00f9 nh\u01b0ng kh\u00f4ng mang t\u00ednh c\u00f4ng nghi\u1ec7p\u201d<\/em><\/span><\/p>\n<p><a href=\"https:\/\/maihomedecor.com\/wp-content\/uploads\/2024\/06\/3-1-1.png\"><img loading=\"lazy\" decoding=\"async\" class=\"aligncenter wp-image-2993 size-full\" src=\"https:\/\/maihomedecor.com\/wp-content\/uploads\/2024\/06\/3-1-1.png\" alt=\"\" width=\"800\" height=\"413\" srcset=\"https:\/\/maihomedecor.com\/wp-content\/uploads\/2024\/06\/3-1-1.png 800w, https:\/\/maihomedecor.com\/wp-content\/uploads\/2024\/06\/3-1-1-300x155.png 300w, https:\/\/maihomedecor.com\/wp-content\/uploads\/2024\/06\/3-1-1-768x396.png 768w, https:\/\/maihomedecor.com\/wp-content\/uploads\/2024\/06\/3-1-1-400x207.png 400w\" sizes=\"(max-width: 800px) 100vw, 800px\" \/><\/a><\/p>\n<p>L\u1edbp s\u01a1n m\u00e0i ho\u00e0n h\u1ea3o \u0111\u1ea1t \u0111\u01b0\u1ee3c nh\u1edd v\u1eadt li\u1ec7u ch\u1ea5t l\u01b0\u1ee3ng h\u00e0ng \u0111\u1ea7u v\u00e0 s\u1ef1 xu\u1ea5t s\u1eafc trong s\u1ea3n xu\u1ea5t th\u1ee7 c\u00f4ng s\u01a1n m\u00e0i.<br \/>\nTh\u00e2n s\u1ea3n ph\u1ea9m s\u01a1n m\u00e0i c\u1ee7a ch\u00fang t\u00f4i \u0111\u01b0\u1ee3c l\u00e0m t\u1eeb g\u1ed7 c\u00f4ng nghi\u1ec7p MDF, g\u1ed7 c\u00f4ng nghi\u1ec7p HDF, g\u1ed7 nguy\u00ean kh\u1ed1i, mica, nh\u1ef1a ho\u1eb7c s\u1ee3i th\u1ee7y tinh. B\u1ec1 m\u1eb7t th\u00e2n g\u1ed7 sau \u0111\u00f3 \u0111\u01b0\u1ee3c ho\u00e0n thi\u1ec7n b\u1eb1ng s\u01a1n m\u00e0i theo k\u1ef9 thu\u1eadt s\u01a1n m\u00e0i truy\u1ec1n th\u1ed1ng c\u1ee7a Vi\u1ec7t Nam.<br \/>\nB\u1ec1 m\u1eb7t s\u01a1n m\u00e0i \u0111\u1eb9p, m\u1ecbn v\u00e0 b\u00f3ng l\u00e0 k\u1ebft qu\u1ea3 c\u1ee7a ph\u01b0\u01a1ng ph\u00e1p s\u01a1n m\u00e0i truy\u1ec1n th\u1ed1ng c\u1ee7a Vi\u1ec7t Nam, m\u1ed9t qu\u00e1 tr\u00ecnh c\u00f3 th\u1ec3 m\u1ea5t h\u01a1n 100 ng\u00e0y \u0111\u1ec3 ho\u00e0n th\u00e0nh v\u00ec ng\u01b0\u1eddi ta ph\u1ea3i ph\u1ee7 nhi\u1ec1u l\u1edbp s\u01a1n m\u00e0i ch\u1ed3ng l\u00ean nhau, m\u1ed7i l\u1edbp c\u00f3 th\u00e0nh ph\u1ea7n v\u00e0 m\u1ee5c \u0111\u00edch ri\u00eang. C\u00f3 th\u1ec3 ph\u1ee7 t\u1edbi 16 l\u1edbp s\u01a1n m\u00e0i kh\u00e1c nhau l\u00ean m\u1ed9t s\u1ea3n ph\u1ea9m s\u01a1n m\u00e0i.<\/p>\n<p><a href=\"https:\/\/maihomedecor.com\/wp-content\/uploads\/2024\/07\/z5604481082829_6bb433d72fff1161e621f665cf97ccf8.png\"><img loading=\"lazy\" decoding=\"async\" class=\"aligncenter wp-image-3673 size-full\" src=\"https:\/\/maihomedecor.com\/wp-content\/uploads\/2024\/07\/z5604481082829_6bb433d72fff1161e621f665cf97ccf8.png\" alt=\"\" width=\"800\" height=\"538\" srcset=\"https:\/\/maihomedecor.com\/wp-content\/uploads\/2024\/07\/z5604481082829_6bb433d72fff1161e621f665cf97ccf8.png 800w, https:\/\/maihomedecor.com\/wp-content\/uploads\/2024\/07\/z5604481082829_6bb433d72fff1161e621f665cf97ccf8-300x202.png 300w, https:\/\/maihomedecor.com\/wp-content\/uploads\/2024\/07\/z5604481082829_6bb433d72fff1161e621f665cf97ccf8-768x516.png 768w, https:\/\/maihomedecor.com\/wp-content\/uploads\/2024\/07\/z5604481082829_6bb433d72fff1161e621f665cf97ccf8-400x269.png 400w\" sizes=\"(max-width: 800px) 100vw, 800px\" \/><\/a><\/p>\n<p><a href=\"https:\/\/maihomedecor.com\/wp-content\/uploads\/2024\/07\/z5604481041039_7608be7f5ce7235860da861287d84d1d.png\"><img loading=\"lazy\" decoding=\"async\" class=\"aligncenter wp-image-3675 size-full\" src=\"https:\/\/maihomedecor.com\/wp-content\/uploads\/2024\/07\/z5604481041039_7608be7f5ce7235860da861287d84d1d.png\" alt=\"\" width=\"800\" height=\"538\" srcset=\"https:\/\/maihomedecor.com\/wp-content\/uploads\/2024\/07\/z5604481041039_7608be7f5ce7235860da861287d84d1d.png 800w, https:\/\/maihomedecor.com\/wp-content\/uploads\/2024\/07\/z5604481041039_7608be7f5ce7235860da861287d84d1d-300x202.png 300w, https:\/\/maihomedecor.com\/wp-content\/uploads\/2024\/07\/z5604481041039_7608be7f5ce7235860da861287d84d1d-768x516.png 768w, https:\/\/maihomedecor.com\/wp-content\/uploads\/2024\/07\/z5604481041039_7608be7f5ce7235860da861287d84d1d-400x269.png 400w\" sizes=\"(max-width: 800px) 100vw, 800px\" \/><\/a><\/p>\n<p>M\u1ed9t m\u1eb7t, Mai Home D\u00e9cor \u0111\u00e3 \u00e1p d\u1ee5ng nguy\u00ean li\u1ec7u th\u00f4 v\u00e0 s\u01a1n m\u00e0i hi\u1ec7n \u0111\u1ea1i \u0111\u1ec3 n\u00e2ng cao ch\u1ea5t l\u01b0\u1ee3ng s\u1ea3n ph\u1ea9m s\u01a1n m\u00e0i v\u1ec1 \u0111\u1ed9 ch\u1ed1ng th\u1ea5m n\u01b0\u1edbc, \u0111\u1ed9 k\u00edn, \u0111\u1ed9 c\u1ee9ng b\u1ec1 m\u1eb7t, \u0111\u1ed9 b\u00e1m d\u00ednh b\u1ec1 m\u1eb7t, kh\u1ea3 n\u0103ng gi\u1eef m\u00e0u d\u01b0\u1edbi \u00e1nh s\u00e1ng m\u00e0 kh\u00f4ng b\u1ecb \u1ed1 v\u00e0ng, v.v.<br \/>\nM\u1eb7t kh\u00e1c, Mai Home D\u00e9cor v\u1eabn gi\u1eef nguy\u00ean k\u1ef9 thu\u1eadt v\u00e0 quy tr\u00ecnh s\u01a1n m\u00e0i c\u1ed5 x\u01b0a \u0111\u01b0\u1ee3c truy\u1ec1n l\u1ea1i t\u1eeb c\u00e1c th\u1ebf h\u1ec7 tr\u01b0\u1edbc, trong \u0111\u00f3 t\u1eebng l\u1edbp s\u01a1n m\u00e0i \u0111\u01b0\u1ee3c ph\u1ee7 th\u1ee7 c\u00f4ng v\u00e0 sau \u0111\u00f3 \u0111\u01b0\u1ee3c ch\u00e0 nh\u00e1m \u0111\u1ec3 \u0111\u1ea1t \u0111\u01b0\u1ee3c \u0111\u1ed9 k\u00edn n\u01b0\u1edbc, ng\u0103n s\u01a1n b\u1ecb lem, b\u1ec1 m\u1eb7t m\u1ecbn h\u01a1n v\u00e0 \u0111\u1ed9 b\u00f3ng nh\u01b0 g\u01b0\u01a1ng. Ki\u1ec3m tra tr\u1ef1c quan v\u00e0 c\u1ea3m quan c\u1ea9n th\u1eadn \u1edf t\u1eebng giai \u0111o\u1ea1n c\u1ee7a qu\u00e1 tr\u00ecnh s\u1ea3n xu\u1ea5t \u0111\u1ea3m b\u1ea3o ch\u1ea5t l\u01b0\u1ee3ng cao v\u00e0 \u0111\u1ed3ng \u0111\u1ec1u.<\/p>\n<h1 style=\"text-align: center;\"><span style=\"font-family: Book Antiqua, Palatino;\">CH\u1ea4T L\u01af\u1ee2NG V\u00c0 AN TO\u00c0N C\u1ee6A \u0110\u00c8N<br \/>\n<\/span><\/h1>\n<p>T\u1ea5t c\u1ea3 \u0111\u00e8n c\u1ee7a ch\u00fang t\u00f4i \u0111\u1ec1u \u0111\u01b0\u1ee3c ch\u1ee9ng nh\u1eadn CE v\u1ec1 thi\u1ebft k\u1ebf \u0111i\u1ec7n v\u00e0 l\u1eafp r\u00e1p \u0111i\u1ec7n. Ch\u00fang t\u00f4i ch\u1ec9 s\u1eed d\u1ee5ng c\u00e1c linh ki\u1ec7n \u0111i\u1ec7n \u0111\u01b0\u1ee3c ch\u1ee9ng nh\u1eadn CE v\u00e0 \u0111\u1ea3m b\u1ea3o nghi\u00eam ng\u1eb7t v\u1ec1 an to\u00e0n \u0111i\u1ec7n cho \u0111\u00e8n.<br \/>\nCh\u1ee5p \u0111\u00e8n s\u01a1n m\u00e0i c\u1ee7a ch\u00fang t\u00f4i \u0111\u01b0\u1ee3c l\u00e0m t\u1eeb v\u1eadt li\u1ec7u v\u00e0 v\u1ea3i d\u1ec7t cao c\u1ea5p nh\u1eadp kh\u1ea9u t\u1eeb Ph\u00e1p.<\/p>\n","protected":false},"excerpt":{"rendered":"<p>T\u1ea0I MAI HOME D\u00c9COR, S\u01a0N M\u00c0I L\u00c0 M\u1ed8T NGH\u1ec6 THU\u1eacT \u0110\u1ed3 n\u1ed9i th\u1ea5t s\u01a1n m\u00e0i, \u0111\u00e8n s\u01a1n m\u00e0i, khay s\u01a1n m\u00e0i v\u00e0 h\u1ed9p s\u01a1n m\u00e0i c\u1ee7a Mai Home D\u00e9cor ho\u00e0n to\u00e0n \u0111\u01b0\u1ee3c l\u00e0m th\u1ee7 c\u00f4ng b\u1edfi nh\u1eefng ngh\u1ec7 nh\u00e2n s\u01a1n m\u00e0i l\u00e0nh ngh\u1ec1 \u0111\u01b0\u1ee3c tuy\u1ec3n ch\u1ecdn v\u00ec t\u01b0 duy ch\u1ea5t l\u01b0\u1ee3ng. T\u1ea1i x\u01b0\u1edfng s\u01a1n m\u00e0i&#8230;<\/p>\n","protected":false},"author":2,"featured_media":0,"parent":0,"menu_order":0,"comment_status":"closed","ping_status":"closed","template":"","meta":{"footnotes":""},"acf":[],"_links":{"self":[{"href":"https:\/\/maihomedecor.com\/vi\/wp-json\/wp\/v2\/pages\/3703"}],"collection":[{"href":"https:\/\/maihomedecor.com\/vi\/wp-json\/wp\/v2\/pages"}],"about":[{"href":"https:\/\/maihomedecor.com\/vi\/wp-json\/wp\/v2\/types\/page"}],"author":[{"embeddable":true,"href":"https:\/\/maihomedecor.com\/vi\/wp-json\/wp\/v2\/users\/2"}],"replies":[{"embeddable":true,"href":"https:\/\/maihomedecor.com\/vi\/wp-json\/wp\/v2\/comments?post=3703"}],"version-history":[{"count":11,"href":"https:\/\/maihomedecor.com\/vi\/wp-json\/wp\/v2\/pages\/3703\/revisions"}],"predecessor-version":[{"id":4478,"href":"https:\/\/maihomedecor.com\/vi\/wp-json\/wp\/v2\/pages\/3703\/revisions\/4478"}],"wp:attachment":[{"href":"https:\/\/maihomedecor.com\/vi\/wp-json\/wp\/v2\/media?parent=3703"}],"curies":[{"name":"wp","href":"https:\/\/api.w.org\/{rel}","templated":true}]}}