{"id":3915,"date":"2024-06-20T01:09:47","date_gmt":"2024-06-19T17:09:47","guid":{"rendered":"https:\/\/maihomedecor.com\/nhan-ban-tin\/"},"modified":"2024-08-22T12:55:51","modified_gmt":"2024-08-22T04:55:51","slug":"nhan-ban-tin","status":"publish","type":"page","link":"https:\/\/maihomedecor.com\/vi\/nhan-ban-tin\/","title":{"rendered":"Nh\u1eadn b\u1ea3n tin"},"content":{"rendered":"<div class=\"row\"  id=\"row-753049801\">\n\n\t<div id=\"col-1267815517\" class=\"col medium-4 small-12 large-4\"  >\n\t\t\t\t<div class=\"col-inner\"  >\n\t\t\t\n\t\t\t\n<h3 style=\"text-align: center;\"><a href=\"\/News\/Bantin12.pdf\" target=\"_blank\" rel=\"noopener\"><strong>T\u01b0\u1eddng s\u01a1n m\u00e0i: C\u00e1c nh\u00e0 thi\u1ebft k\u1ebf y\u00eau th\u00edch \u201cs\u1ef1 quy\u1ebfn r\u0169 vui nh\u1ed9n, b\u1eaft m\u1eaft\u201d c\u1ee7a n\u00f3<\/strong><\/a><\/h3>\n<p style=\"text-align: center;\">Th\u00e1ng 3 n\u0103m 2024<\/p>\n\t\t<\/div>\n\t\t\t\t\t<\/div>\n\n\t\n\n\t<div id=\"col-1120904232\" class=\"col medium-4 small-12 large-4\"  >\n\t\t\t\t<div class=\"col-inner\"  >\n\t\t\t\n\t\t\t\n<h3 style=\"text-align: center;\"><a href=\"\/News\/Bantin11.pdf\" target=\"_blank\" rel=\"noopener\"><strong>S\u01a1n m\u00e0i \u0111\u00e3 tr\u1edf l\u1ea1i &#8211; D\u01b0\u1edbi \u0111\u00e2y l\u00e0 c\u00e1ch c\u00e1c nh\u00e0 thi\u1ebft k\u1ebf t\u00e1i hi\u1ec7n ti\u1ec1m n\u0103ng c\u1ee7a l\u1edbp ho\u00e0n thi\u1ec7n n\u00e0y. <\/strong><\/a><\/h3>\n<p style=\"text-align: center;\">Th\u00e1ng 1 n\u0103m 2024<\/p>\n\t\t<\/div>\n\t\t\t\t\t<\/div>\n\n\t\n\n\t<div id=\"col-607651639\" class=\"col medium-4 small-12 large-4\"  >\n\t\t\t\t<div class=\"col-inner\"  >\n\t\t\t\n\t\t\t\n<h3 style=\"text-align: center;\"><a href=\"\/News\/Bantin10.pdf\" target=\"_blank\" rel=\"noopener\"><strong>M\u1ed9t c\u00e1i nh\u00ecn tho\u00e1ng qua v\u1ec1 th\u1ebf gi\u1edbi \u0111\u1ed3 n\u1ed9i th\u1ea5t s\u01a1n m\u00e0i \u0111ang th\u1ecbnh h\u00e0nh<\/strong><\/a><\/h3>\n<p style=\"text-align: center;\">Th\u00e1ng 8 n\u0103m 2023<\/p>\n\t\t<\/div>\n\t\t\t\t\t<\/div>\n\n\t\n<\/div>\n<div class=\"row\"  id=\"row-2091989449\">\n\n\t<div id=\"col-42853938\" class=\"col medium-4 small-12 large-4\"  >\n\t\t\t\t<div class=\"col-inner\"  >\n\t\t\t\n\t\t\t\n<h3 style=\"text-align: center;\"><a href=\"\/News\/Bantin09.pdf\" target=\"_blank\" rel=\"noopener\"><strong>S\u01a1n m\u00e0i b\u00f3ng lo\u00e1ng l\u00e0 xu h\u01b0\u1edbng n\u1ed9i th\u1ea5t s\u00e1ng b\u00f3ng \u0111\u00e1ng th\u1eed hi\u1ec7n nay<\/strong><\/a><\/h3>\n<p style=\"text-align: center;\">Th\u00e1ng 3 n\u0103m 2023<\/p>\n\t\t<\/div>\n\t\t\t\t\t<\/div>\n\n\t\n\n\t<div id=\"col-50168101\" class=\"col medium-4 small-12 large-4\"  >\n\t\t\t\t<div class=\"col-inner\"  >\n\t\t\t\n\t\t\t\n<h3 style=\"text-align: center;\"><a href=\"\/News\/Bantin08.pdf\" target=\"_blank\" rel=\"noopener\"><strong>V\u1ebb \u0111\u1eb9p quy\u1ebfn r\u0169 c\u1ee7a s\u01a1n m\u00e0i<\/strong><\/a><\/h3>\n<p style=\"text-align: center;\">Th\u00e1ng 12 n\u0103m 2022<\/p>\n\t\t<\/div>\n\t\t\t\t\t<\/div>\n\n\t\n\n\t<div id=\"col-1816622976\" class=\"col medium-4 small-12 large-4\"  >\n\t\t\t\t<div class=\"col-inner\"  >\n\t\t\t\n\t\t\t\n<h3 style=\"text-align: center;\"><a href=\"\/News\/Bantin07.pdf\" target=\"_blank\" rel=\"noopener\"><strong>S\u01a1n m\u00e0i cao c\u1ea5p<\/strong><\/a><\/h3>\n<p style=\"text-align: center;\">Th\u00e1ng 8 n\u0103m 2022<\/p>\n\t\t<\/div>\n\t\t\t\t\t<\/div>\n\n\t\n<\/div>\n<div class=\"row\"  id=\"row-17507623\">\n\n\t<div id=\"col-624482467\" class=\"col medium-4 small-12 large-4\"  >\n\t\t\t\t<div class=\"col-inner\"  >\n\t\t\t\n\t\t\t\n<h3 style=\"text-align: center;\"><a href=\"\/News\/Bantin06.pdf\" target=\"_blank\" rel=\"noopener\"><strong>\u0110\u1ed3 n\u1ed9i th\u1ea5t s\u01a1n m\u00e0i c\u00f3 c\u00f2n th\u1ecbnh h\u00e0nh kh\u00f4ng? Tuy\u1ec7t \u0111\u1ed1i!<\/strong><\/a><\/h3>\n<p style=\"text-align: center;\">Th\u00e1ng 7 n\u0103m 2022<\/p>\n\t\t<\/div>\n\t\t\t\t\t<\/div>\n\n\t\n\n\t<div id=\"col-185007441\" class=\"col medium-4 small-12 large-4\"  >\n\t\t\t\t<div class=\"col-inner\"  >\n\t\t\t\n\t\t\t\n<h3 style=\"text-align: center;\"><a href=\"\/News\/Bantin05.pdf\" target=\"_blank\" rel=\"noopener\"><strong>Thi\u1ebft k\u1ebf \u0111\u1ed3 n\u1ed9i th\u1ea5t s\u01a1n m\u00e0i \u0111\u01b0\u01a1ng \u0111\u1ea1i: t\u00e1i t\u1ea1o \u0111\u1ed3 s\u01a1n m\u00e0i Trung Qu\u1ed1c c\u1ed5 \u0111\u1ea1i<\/strong><\/a><\/h3>\n<p style=\"text-align: center;\">Th\u00e1ng 5 n\u0103m 2022<\/p>\n\t\t<\/div>\n\t\t\t\t\t<\/div>\n\n\t\n\n\t<div id=\"col-1856820589\" class=\"col medium-4 small-12 large-4\"  >\n\t\t\t\t<div class=\"col-inner\"  >\n\t\t\t\n\t\t\t\n<h3 style=\"text-align: center;\"><a href=\"\/News\/Bantin04.pdf\" target=\"_blank\" rel=\"noopener\"><strong>L\u00e0m th\u1ebf n\u00e0o \u0111\u1ec3 l\u1ef1a ch\u1ecdn gi\u1eefa g\u1ed7 c\u00f4ng nghi\u1ec7p v\u00e0 g\u1ed7 s\u01a1n m\u00e0i<\/strong><\/a><\/h3>\n<p style=\"text-align: center;\">Th\u00e1ng 12 n\u0103m 2021<\/p>\n\t\t<\/div>\n\t\t\t\t\t<\/div>\n\n\t\n<\/div>\n<div class=\"row\"  id=\"row-1405641759\">\n\n\t<div id=\"col-341132783\" class=\"col medium-4 small-12 large-4\"  >\n\t\t\t\t<div class=\"col-inner\"  >\n\t\t\t\n\t\t\t\n<h3 style=\"text-align: center;\"><a href=\"\/News\/Bantin03.pdf\" target=\"_blank\" rel=\"noopener\"><strong>Nh\u1eadn th\u00f4ng tin v\u1ec1 xu h\u01b0\u1edbng thi\u1ebft k\u1ebf n\u1ed9i th\u1ea5t m\u1edbi nh\u1ea5t<\/strong><\/a><\/h3>\n<p style=\"text-align: center;\">Th\u00e1ng 10 n\u0103m 2021<\/p>\n\t\t<\/div>\n\t\t\t\t\t<\/div>\n\n\t\n\n\t<div id=\"col-1364801470\" class=\"col medium-4 small-12 large-4\"  >\n\t\t\t\t<div class=\"col-inner\"  >\n\t\t\t\n\t\t\t\n<h3 style=\"text-align: center;\"><a href=\"\/News\/Bantin02.pdf\" target=\"_blank\" rel=\"noopener\"><strong>L\u1edbp s\u01a1n m\u00e0i v\u00e0 l\u00fd do t\u1ea1i sao c\u00e1c nh\u00e0 thi\u1ebft k\u1ebf l\u1ea1i y\u00eau th\u00edch ch\u00fang<\/strong><\/a><\/h3>\n<p style=\"text-align: center;\">Th\u00e1ng 6 n\u0103m 2021<\/p>\n\t\t<\/div>\n\t\t\t\t\t<\/div>\n\n\t\n\n\t<div id=\"col-2091665113\" class=\"col medium-4 small-12 large-4\"  >\n\t\t\t\t<div class=\"col-inner\"  >\n\t\t\t\n\t\t\t\n<h3 style=\"text-align: center;\"><a href=\"\/News\/Bantin01.pdf\" target=\"_blank\" rel=\"noopener\"><strong>H\u1ecfi  \u0110\u00e1p v\u1ec1 \u0111\u1ed3 s\u01a1n m\u00e0i<\/strong><\/a><\/h3>\n<p style=\"text-align: center;\">Th\u00e1ng 12 n\u0103m 2020<\/p>\n\t\t<\/div>\n\t\t\t\t\t<\/div>\n\n\t\n<\/div>\n","protected":false},"excerpt":{"rendered":"","protected":false},"author":2,"featured_media":0,"parent":0,"menu_order":0,"comment_status":"closed","ping_status":"closed","template":"","meta":{"footnotes":""},"acf":[],"_links":{"self":[{"href":"https:\/\/maihomedecor.com\/vi\/wp-json\/wp\/v2\/pages\/3915"}],"collection":[{"href":"https:\/\/maihomedecor.com\/vi\/wp-json\/wp\/v2\/pages"}],"about":[{"href":"https:\/\/maihomedecor.com\/vi\/wp-json\/wp\/v2\/types\/page"}],"author":[{"embeddable":true,"href":"https:\/\/maihomedecor.com\/vi\/wp-json\/wp\/v2\/users\/2"}],"replies":[{"embeddable":true,"href":"https:\/\/maihomedecor.com\/vi\/wp-json\/wp\/v2\/comments?post=3915"}],"version-history":[{"count":13,"href":"https:\/\/maihomedecor.com\/vi\/wp-json\/wp\/v2\/pages\/3915\/revisions"}],"predecessor-version":[{"id":4150,"href":"https:\/\/maihomedecor.com\/vi\/wp-json\/wp\/v2\/pages\/3915\/revisions\/4150"}],"wp:attachment":[{"href":"https:\/\/maihomedecor.com\/vi\/wp-json\/wp\/v2\/media?parent=3915"}],"curies":[{"name":"wp","href":"https:\/\/api.w.org\/{rel}","templated":true}]}}