{"id":3926,"date":"2024-06-18T12:21:27","date_gmt":"2024-06-18T04:21:27","guid":{"rendered":"https:\/\/maihomedecor.com\/thiet-ke\/"},"modified":"2024-11-28T17:04:08","modified_gmt":"2024-11-28T09:04:08","slug":"thiet-ke","status":"publish","type":"page","link":"https:\/\/maihomedecor.com\/vi\/thiet-ke\/","title":{"rendered":"Thi\u1ebft k\u1ebf"},"content":{"rendered":"<h1 style=\"text-align: center;\"> <span style=\"font-family: Book Antiqua, Palatino;\">T\u1ea0O RA KH\u00d4NG KH\u00cd, KH\u01a0I D\u1eacY PHONG C\u00c1CH S\u1ed0NG C\u1ee6A B\u1ea0N<\/span><\/h1>\n<p>\u0110\u1ed5i m\u1edbi v\u00e0 s\u00e1ng t\u1ea1o l\u00e0 tr\u1ecdng t\u00e2m trong nh\u1eefng g\u00ec ch\u00fang t\u00f4i l\u00e0m.<br \/>\nC\u00e1c thi\u1ebft k\u1ebf \u0111\u00e8n s\u01a1n m\u00e0i, \u0111\u1ed3 n\u1ed9i th\u1ea5t s\u01a1n m\u00e0i v\u00e0 ph\u1ee5 ki\u1ec7n trang tr\u00ed nh\u00e0 b\u1eb1ng s\u01a1n m\u00e0i c\u1ee7a Mai Home D\u00e9cor r\u1ea5t \u0111\u1ed9c \u0111\u00e1o v\u00e0 \u0111a d\u1ea1ng: ch\u00fang t\u1ea1o n\u00ean b\u1ea7u kh\u00f4ng kh\u00ed v\u00e0 g\u1ee3i l\u00ean phong c\u00e1ch s\u1ed1ng c\u1ee7a b\u1ea1n.<br \/>\nD\u00f9 quy\u1ebfn r\u0169 hay khi\u00eau kh\u00edch, mang t\u00ednh kh\u00e1i ni\u1ec7m hay trang tr\u00ed, truy\u1ec1n th\u1ed1ng hay hi\u1ec7n \u0111\u1ea1i, ch\u00fang \u0111\u1ec1u l\u00e0 ph\u01b0\u01a1ng ti\u1ec7n truy\u1ec1n t\u1ea3i c\u1ea3m x\u00fac v\u00e0 mang \u0111\u1ebfn n\u00e9t tinh t\u1ebf cho ng\u00f4i nh\u00e0 c\u1ee7a b\u1ea1n. Ch\u00fang s\u1ebd l\u00e0m s\u00e1ng t\u1ecf cu\u1ed9c s\u1ed1ng v\u00e0 phong c\u00e1ch c\u1ee7a b\u1ea1n.<\/p>\n<p><a href=\"https:\/\/maihomedecor.com\/wp-content\/uploads\/2024\/06\/1-2.png\"><img loading=\"lazy\" decoding=\"async\" class=\"aligncenter wp-image-2978 size-full\" src=\"https:\/\/maihomedecor.com\/wp-content\/uploads\/2024\/06\/1-2.png\" alt=\"\" width=\"800\" height=\"500\" srcset=\"https:\/\/maihomedecor.com\/wp-content\/uploads\/2024\/06\/1-2.png 800w, https:\/\/maihomedecor.com\/wp-content\/uploads\/2024\/06\/1-2-300x188.png 300w, https:\/\/maihomedecor.com\/wp-content\/uploads\/2024\/06\/1-2-768x480.png 768w, https:\/\/maihomedecor.com\/wp-content\/uploads\/2024\/06\/1-2-400x250.png 400w\" sizes=\"(max-width: 800px) 100vw, 800px\" \/><\/a><\/p>\n<p>B\u1ed9 s\u01b0u t\u1eadp c\u1ee7a ch\u00fang t\u00f4i c\u00f3 c\u1ea3m h\u1ee9ng tinh t\u1ebf t\u1eeb ph\u01b0\u01a1ng \u0110\u00f4ng k\u1ebft h\u1ee3p v\u1edbi \u1ea3nh h\u01b0\u1edfng m\u1ea1nh m\u1ebd c\u1ee7a ph\u01b0\u01a1ng T\u00e2y. B\u1ed9 s\u01b0u t\u1eadp \u0111\u00e8n b\u00e0n s\u01a1n m\u00e0i, \u0111\u00e8n s\u00e0n s\u01a1n m\u00e0i, \u0111\u1ed3 n\u1ed9i th\u1ea5t s\u01a1n m\u00e0i, h\u1ed9p s\u01a1n m\u00e0i v\u00e0 khay s\u01a1n m\u00e0i c\u1ee7a Mai Home c\u00f3 nhi\u1ec1u phong c\u00e1ch thi\u1ebft k\u1ebf kh\u00e1c nhau: Art Deco, Ch\u00e2u \u00c1, H\u1ee3p nh\u1ea5t, C\u1ed5 \u0111i\u1ec3n, \u0110\u01b0\u01a1ng \u0111\u1ea1i v\u00e0 Hi\u1ec7n \u0111\u1ea1i.<\/p>\n<p><a href=\"https:\/\/maihomedecor.com\/wp-content\/uploads\/2024\/06\/2-1.png\"><img loading=\"lazy\" decoding=\"async\" class=\"aligncenter wp-image-2981 size-full\" src=\"https:\/\/maihomedecor.com\/wp-content\/uploads\/2024\/06\/2-1.png\" alt=\"\" width=\"800\" height=\"400\" srcset=\"https:\/\/maihomedecor.com\/wp-content\/uploads\/2024\/06\/2-1.png 800w, https:\/\/maihomedecor.com\/wp-content\/uploads\/2024\/06\/2-1-300x150.png 300w, https:\/\/maihomedecor.com\/wp-content\/uploads\/2024\/06\/2-1-768x384.png 768w, https:\/\/maihomedecor.com\/wp-content\/uploads\/2024\/06\/2-1-400x200.png 400w\" sizes=\"(max-width: 800px) 100vw, 800px\" \/><\/a><\/p>\n<h1 style=\"text-align: center;\"><span style=\"font-family: Book Antiqua, Palatino;\">NH\u00c0 THI\u1ebeT K\u1ebe C\u1ee6A CH\u00daNG T\u00d4I<\/span><\/h1>\n<p>M\u1ed9t s\u1ed1 nh\u00e0 thi\u1ebft k\u1ebf ng\u01b0\u1eddi Ph\u00e1p t\u1ed1t nghi\u1ec7p t\u1eeb c\u00e1c tr\u01b0\u1eddng ki\u1ebfn tr\u00fac v\u00e0\/ho\u1eb7c thi\u1ebft k\u1ebf n\u1ed5i ti\u1ebfng t\u1ea1i Ph\u00e1p, bao g\u1ed3m \u00c9cole des Beaux-Arts de Paris, l\u00e0 nh\u1eefng ng\u01b0\u1eddi \u0111\u1ee9ng sau c\u00e1c s\u00e1ng t\u1ea1o s\u1ea3n ph\u1ea9m s\u01a1n m\u00e0i c\u1ee7a Mai Home D\u00e9cor. H\u1ecd l\u1ea5y c\u1ea3m h\u1ee9ng t\u1eeb ch\u00e2u \u00c1, n\u01a1i h\u1ecd \u0111ang ho\u1eb7c \u0111\u00e3 t\u1eebng s\u1ed1ng, nh\u01b0ng v\u1eabn ch\u1ecbu \u1ea3nh h\u01b0\u1edfng b\u1edfi \u201cs\u1ef1 \u0111\u01a1n gi\u1ea3n v\u00e0 thanh l\u1ecbch trong thi\u1ebft k\u1ebf\u201d t\u1eeb ph\u01b0\u01a1ng T\u00e2y, n\u01a1i h\u1ecd \u0111\u00e3 h\u1ecdc t\u1eadp v\u00e0 sinh s\u1ed1ng.<\/p>\n\n<div><center><br \/>\n<strong>NGUYEN TRONG KHA<\/strong><br \/>\nNH\u00c0 THI\u1ebeT K\u1ebe<br \/>\nTr\u01b0\u1eddng M\u1ef9 thu\u1eadt Qu\u1ed1c gia Paris<\/center><\/div>\n<div>\n<p style=\"text-align: center;\"><b><br \/>\nBUI HUY LAM<br \/>\n<\/b>NH\u00c0 THI\u1ebeT K\u1ebe<b><br \/>\n<\/b>Tr\u01b0\u1eddng Ki\u1ebfn tr\u00fac Qu\u1ed1c gia Paris-Val de Seine<\/p>\n<p style=\"text-align: center;\">\n<\/div>\n<div>\n<p style=\"text-align: center;\"><b>JACQUES BLANCHARD<br \/>\n<\/b>DNH\u00c0 THI\u1ebeT K\u1ebe<b><br \/>\n<\/b>Tr\u01b0\u1eddng Estienne \u2013 Thi\u1ebft k\u1ebf v\u00e0 s\u1ea3n xu\u1ea5t n\u1ed9i th\u1ea5t<b><br \/>\n<\/b><\/p>\n<\/div>\n<p style=\"text-align: center;\">\n","protected":false},"excerpt":{"rendered":"<p>T\u1ea0O RA KH\u00d4NG KH\u00cd, KH\u01a0I D\u1eacY PHONG C\u00c1CH S\u1ed0NG C\u1ee6A B\u1ea0N \u0110\u1ed5i m\u1edbi v\u00e0 s\u00e1ng t\u1ea1o l\u00e0 tr\u1ecdng t\u00e2m trong nh\u1eefng g\u00ec ch\u00fang t\u00f4i l\u00e0m. C\u00e1c thi\u1ebft k\u1ebf \u0111\u00e8n s\u01a1n m\u00e0i, \u0111\u1ed3 n\u1ed9i th\u1ea5t s\u01a1n m\u00e0i v\u00e0 ph\u1ee5 ki\u1ec7n trang tr\u00ed nh\u00e0 b\u1eb1ng s\u01a1n m\u00e0i c\u1ee7a Mai Home D\u00e9cor r\u1ea5t \u0111\u1ed9c \u0111\u00e1o v\u00e0 \u0111a d\u1ea1ng:&#8230;<\/p>\n","protected":false},"author":2,"featured_media":0,"parent":0,"menu_order":0,"comment_status":"closed","ping_status":"closed","template":"","meta":{"footnotes":""},"acf":[],"_links":{"self":[{"href":"https:\/\/maihomedecor.com\/vi\/wp-json\/wp\/v2\/pages\/3926"}],"collection":[{"href":"https:\/\/maihomedecor.com\/vi\/wp-json\/wp\/v2\/pages"}],"about":[{"href":"https:\/\/maihomedecor.com\/vi\/wp-json\/wp\/v2\/types\/page"}],"author":[{"embeddable":true,"href":"https:\/\/maihomedecor.com\/vi\/wp-json\/wp\/v2\/users\/2"}],"replies":[{"embeddable":true,"href":"https:\/\/maihomedecor.com\/vi\/wp-json\/wp\/v2\/comments?post=3926"}],"version-history":[{"count":3,"href":"https:\/\/maihomedecor.com\/vi\/wp-json\/wp\/v2\/pages\/3926\/revisions"}],"predecessor-version":[{"id":4426,"href":"https:\/\/maihomedecor.com\/vi\/wp-json\/wp\/v2\/pages\/3926\/revisions\/4426"}],"wp:attachment":[{"href":"https:\/\/maihomedecor.com\/vi\/wp-json\/wp\/v2\/media?parent=3926"}],"curies":[{"name":"wp","href":"https:\/\/api.w.org\/{rel}","templated":true}]}}