{"id":3994,"date":"2024-06-27T03:41:34","date_gmt":"2024-06-26T19:41:34","guid":{"rendered":"https:\/\/maihomedecor.com\/chinh-sach-bao-mat\/"},"modified":"2024-11-28T17:07:04","modified_gmt":"2024-11-28T09:07:04","slug":"chinh-sach-bao-mat","status":"publish","type":"page","link":"https:\/\/maihomedecor.com\/vi\/chinh-sach-bao-mat\/","title":{"rendered":"Ch\u00ednh s\u00e1ch b\u1ea3o m\u1eadt"},"content":{"rendered":"<p><span style=\"font-size: 120%;\"><strong>PH\u1ea6N 1 &#8211; CH\u00daNG T\u00d4I L\u00c0M G\u00cc V\u1edaI TH\u00d4NG TIN C\u1ee6A B\u1ea0N?<\/strong><\/span><\/p>\n<p>Khi b\u1ea1n mua th\u1ee9 g\u00ec \u0111\u00f3 t\u1eeb c\u1eeda h\u00e0ng c\u1ee7a ch\u00fang t\u00f4i, nh\u01b0 m\u1ed9t ph\u1ea7n c\u1ee7a qu\u00e1 tr\u00ecnh mua v\u00e0 b\u00e1n, ch\u00fang t\u00f4i s\u1ebd thu th\u1eadp th\u00f4ng tin c\u00e1 nh\u00e2n m\u00e0 b\u1ea1n cung c\u1ea5p nh\u01b0 t\u00ean, \u0111\u1ecba ch\u1ec9 v\u00e0 \u0111\u1ecba ch\u1ec9 email c\u1ee7a b\u1ea1n.<br \/>\nKhi b\u1ea1n duy\u1ec7t c\u1eeda h\u00e0ng c\u1ee7a ch\u00fang t\u00f4i, ch\u00fang t\u00f4i c\u0169ng t\u1ef1 \u0111\u1ed9ng nh\u1eadn \u0111\u01b0\u1ee3c \u0111\u1ecba ch\u1ec9 giao th\u1ee9c internet (IP) c\u1ee7a m\u00e1y t\u00ednh b\u1ea1n \u0111\u1ec3 cung c\u1ea5p th\u00f4ng tin gi\u00fap ch\u00fang t\u00f4i t\u00ecm hi\u1ec3u v\u1ec1 tr\u00ecnh duy\u1ec7t v\u00e0 h\u1ec7 \u0111i\u1ec1u h\u00e0nh c\u1ee7a b\u1ea1n.<br \/>\nTi\u1ebfp th\u1ecb qua email (n\u1ebfu c\u00f3): V\u1edbi s\u1ef1 cho ph\u00e9p c\u1ee7a b\u1ea1n, ch\u00fang t\u00f4i c\u00f3 th\u1ec3 g\u1eedi cho b\u1ea1n email v\u1ec1 c\u1eeda h\u00e0ng, s\u1ea3n ph\u1ea9m m\u1edbi v\u00e0 c\u00e1c th\u00f4ng tin c\u1eadp nh\u1eadt kh\u00e1c.<\/p>\n<p><span style=\"font-size: 120%;\"><strong>PH\u1ea6N 2 &#8211; S\u1ef0 \u0110\u1ed2NG \u00dd<\/strong><\/span><\/p>\n<p>L\u00e0m sao \u0111\u1ec3 c\u00f3 \u0111\u01b0\u1ee3c s\u1ef1 \u0111\u1ed3ng \u00fd c\u1ee7a t\u00f4i?<br \/>\nKhi b\u1ea1n cung c\u1ea5p cho ch\u00fang t\u00f4i th\u00f4ng tin c\u00e1 nh\u00e2n \u0111\u1ec3 ho\u00e0n t\u1ea5t giao d\u1ecbch, x\u00e1c minh th\u1ebb t\u00edn d\u1ee5ng, \u0111\u1eb7t h\u00e0ng, s\u1eafp x\u1ebfp giao h\u00e0ng ho\u1eb7c tr\u1ea3 l\u1ea1i h\u00e0ng \u0111\u00e3 mua, ch\u00fang t\u00f4i ng\u1ee5 \u00fd r\u1eb1ng b\u1ea1n \u0111\u1ed3ng \u00fd cho ch\u00fang t\u00f4i thu th\u1eadp v\u00e0 s\u1eed d\u1ee5ng th\u00f4ng tin \u0111\u00f3 ch\u1ec9 v\u00ec l\u00fd do c\u1ee5 th\u1ec3 \u0111\u00f3.<br \/>\nN\u1ebfu ch\u00fang t\u00f4i y\u00eau c\u1ea7u th\u00f4ng tin c\u00e1 nh\u00e2n c\u1ee7a b\u1ea1n v\u00ec l\u00fd do th\u1ee9 c\u1ea5p, ch\u1eb3ng h\u1ea1n nh\u01b0 ti\u1ebfp th\u1ecb, ch\u00fang t\u00f4i s\u1ebd tr\u1ef1c ti\u1ebfp h\u1ecfi \u00fd ki\u1ebfn \u0111\u1ed3ng \u00fd c\u1ee7a b\u1ea1n ho\u1eb7c cung c\u1ea5p cho b\u1ea1n c\u01a1 h\u1ed9i \u0111\u1ec3 t\u1eeb ch\u1ed1i.<br \/>\nL\u00e0m th\u1ebf n\u00e0o \u0111\u1ec3 t\u00f4i r\u00fat l\u1ea1i s\u1ef1 \u0111\u1ed3ng \u00fd c\u1ee7a m\u00ecnh?<br \/>\nIN\u1ebfu sau khi b\u1ea1n ch\u1ecdn tham gia, b\u1ea1n \u0111\u1ed5i \u00fd, b\u1ea1n c\u00f3 th\u1ec3 r\u00fat l\u1ea1i s\u1ef1 \u0111\u1ed3ng \u00fd cho ph\u00e9p ch\u00fang t\u00f4i li\u00ean h\u1ec7 v\u1edbi b\u1ea1n, \u0111\u1ec3 ti\u1ebfp t\u1ee5c thu th\u1eadp, s\u1eed d\u1ee5ng ho\u1eb7c ti\u1ebft l\u1ed9 th\u00f4ng tin c\u1ee7a b\u1ea1n, b\u1ea5t k\u1ef3 l\u00fac n\u00e0o, b\u1eb1ng c\u00e1ch li\u00ean h\u1ec7 v\u1edbi ch\u00fang t\u00f4i t\u1ea1i sales-online@maihomedecor.com<\/p>\n<p><span style=\"font-size: 120%;\"><strong>PH\u1ea6N 3 &#8211; TI\u1ebeT L\u1ed8<\/strong><\/span><\/p>\n<p>Ch\u00fang t\u00f4i c\u00f3 th\u1ec3 ti\u1ebft l\u1ed9 th\u00f4ng tin c\u00e1 nh\u00e2n c\u1ee7a b\u1ea1n n\u1ebfu ph\u00e1p lu\u1eadt y\u00eau c\u1ea7u ho\u1eb7c n\u1ebfu b\u1ea1n vi ph\u1ea1m \u0110i\u1ec1u kho\u1ea3n d\u1ecbch v\u1ee5 c\u1ee7a ch\u00fang t\u00f4i.<\/p>\n<p><span style=\"font-size: 120%;\"><strong>SECTION 4 &#8211; WOOCOMMERCE<\/strong><\/span><\/p>\n<p>C\u1eeda h\u00e0ng c\u1ee7a ch\u00fang t\u00f4i \u0111\u01b0\u1ee3c l\u01b0u tr\u1eef tr\u00ean woocommerce.com. H\u1ecd cung c\u1ea5p cho ch\u00fang t\u00f4i n\u1ec1n t\u1ea3ng th\u01b0\u01a1ng m\u1ea1i \u0111i\u1ec7n t\u1eed tr\u1ef1c tuy\u1ebfn cho ph\u00e9p ch\u00fang t\u00f4i b\u00e1n s\u1ea3n ph\u1ea9m v\u00e0 d\u1ecbch v\u1ee5 cho b\u1ea1n.<br \/>\nD\u1eef li\u1ec7u c\u1ee7a b\u1ea1n \u0111\u01b0\u1ee3c l\u01b0u tr\u1eef th\u00f4ng qua b\u1ed9 nh\u1edb d\u1eef li\u1ec7u, c\u01a1 s\u1edf d\u1eef li\u1ec7u v\u00e0 \u1ee9ng d\u1ee5ng WooCommerce.com n\u00f3i chung. H\u1ecd l\u01b0u tr\u1eef d\u1eef li\u1ec7u c\u1ee7a b\u1ea1n tr\u00ean m\u1ed9t m\u00e1y ch\u1ee7 an to\u00e0n n\u1eb1m sau t\u01b0\u1eddng l\u1eeda.<br \/>\nThanh to\u00e1n: N\u1ebfu b\u1ea1n ch\u1ecdn c\u1ed5ng thanh to\u00e1n tr\u1ef1c ti\u1ebfp \u0111\u1ec3 ho\u00e0n t\u1ea5t giao d\u1ecbch mua h\u00e0ng, WooCommerce s\u1ebd l\u01b0u tr\u1eef d\u1eef li\u1ec7u th\u1ebb t\u00edn d\u1ee5ng c\u1ee7a b\u1ea1n. Th\u00f4ng tin n\u00e0y \u0111\u01b0\u1ee3c m\u00e3 h\u00f3a theo Ti\u00eau chu\u1ea9n b\u1ea3o m\u1eadt d\u1eef li\u1ec7u ng\u00e0nh th\u1ebb thanh to\u00e1n (PCI-DSS). D\u1eef li\u1ec7u giao d\u1ecbch mua h\u00e0ng c\u1ee7a b\u1ea1n ch\u1ec9 \u0111\u01b0\u1ee3c l\u01b0u tr\u1eef trong th\u1eddi gian c\u1ea7n thi\u1ebft \u0111\u1ec3 ho\u00e0n t\u1ea5t giao d\u1ecbch mua h\u00e0ng c\u1ee7a b\u1ea1n. Sau khi ho\u00e0n t\u1ea5t, th\u00f4ng tin giao d\u1ecbch mua h\u00e0ng c\u1ee7a b\u1ea1n s\u1ebd b\u1ecb x\u00f3a.<br \/>\nT\u1ea5t c\u1ea3 c\u00e1c c\u1ed5ng thanh to\u00e1n tr\u1ef1c ti\u1ebfp \u0111\u1ec1u tu\u00e2n th\u1ee7 c\u00e1c ti\u00eau chu\u1ea9n do PCI-DSS \u0111\u1eb7t ra theo qu\u1ea3n l\u00fd c\u1ee7a H\u1ed9i \u0111\u1ed3ng Ti\u00eau chu\u1ea9n B\u1ea3o m\u1eadt PCI, m\u1ed9t n\u1ed7 l\u1ef1c chung c\u1ee7a c\u00e1c th\u01b0\u01a1ng hi\u1ec7u nh\u01b0 Visa, MasterCard, American Express v\u00e0 Discover.<br \/>\nC\u00e1c y\u00eau c\u1ea7u c\u1ee7a PCI-DSS gi\u00fap \u0111\u1ea3m b\u1ea3o th\u00f4ng tin th\u1ebb t\u00edn d\u1ee5ng \u0111\u01b0\u1ee3c x\u1eed l\u00fd an to\u00e0n b\u1edfi c\u1eeda h\u00e0ng c\u1ee7a ch\u00fang t\u00f4i v\u00e0 c\u00e1c nh\u00e0 cung c\u1ea5p d\u1ecbch v\u1ee5.<br \/>\n\u0110\u1ec3 hi\u1ec3u r\u00f5 h\u01a1n, b\u1ea1n c\u0169ng c\u00f3 th\u1ec3 \u0111\u1ecdc \u0110i\u1ec1u kho\u1ea3n d\u1ecbch v\u1ee5 ho\u1eb7c Tuy\u00ean b\u1ed1 quy\u1ec1n ri\u00eang t\u01b0 c\u1ee7a WooCommerce.<\/p>\n<p><span style=\"font-size: 120%;\"><strong>PH\u1ea6N 5 &#8211; D\u1ecaCH V\u1ee4 C\u1ee6A B\u00caN TH\u1ee8 BA<\/strong><\/span><\/p>\n<p>Nh\u00ecn chung, c\u00e1c nh\u00e0 cung c\u1ea5p b\u00ean th\u1ee9 ba \u0111\u01b0\u1ee3c ch\u00fang t\u00f4i s\u1eed d\u1ee5ng s\u1ebd ch\u1ec9 thu th\u1eadp, s\u1eed d\u1ee5ng v\u00e0 ti\u1ebft l\u1ed9 th\u00f4ng tin c\u1ee7a b\u1ea1n \u1edf m\u1ee9c \u0111\u1ed9 c\u1ea7n thi\u1ebft \u0111\u1ec3 cho ph\u00e9p h\u1ecd th\u1ef1c hi\u1ec7n c\u00e1c d\u1ecbch v\u1ee5 m\u00e0 h\u1ecd cung c\u1ea5p cho ch\u00fang t\u00f4i.<br \/>\nTuy nhi\u00ean, m\u1ed9t s\u1ed1 nh\u00e0 cung c\u1ea5p d\u1ecbch v\u1ee5 b\u00ean th\u1ee9 ba, ch\u1eb3ng h\u1ea1n nh\u01b0 c\u1ed5ng thanh to\u00e1n v\u00e0 c\u00e1c b\u1ed9 x\u1eed l\u00fd giao d\u1ecbch thanh to\u00e1n kh\u00e1c, c\u00f3 ch\u00ednh s\u00e1ch b\u1ea3o m\u1eadt ri\u00eang li\u00ean quan \u0111\u1ebfn th\u00f4ng tin m\u00e0 ch\u00fang t\u00f4i ph\u1ea3i cung c\u1ea5p cho h\u1ecd cho c\u00e1c giao d\u1ecbch li\u00ean quan \u0111\u1ebfn mua h\u00e0ng c\u1ee7a b\u1ea1n.<br \/>\n\u0110\u1ed1i v\u1edbi c\u00e1c nh\u00e0 cung c\u1ea5p n\u00e0y, ch\u00fang t\u00f4i khuy\u00ean b\u1ea1n n\u00ean \u0111\u1ecdc ch\u00ednh s\u00e1ch b\u1ea3o m\u1eadt c\u1ee7a h\u1ecd \u0111\u1ec3 b\u1ea1n c\u00f3 th\u1ec3 hi\u1ec3u c\u00e1ch th\u1ee9c th\u00f4ng tin c\u00e1 nh\u00e2n c\u1ee7a b\u1ea1n \u0111\u01b0\u1ee3c c\u00e1c nh\u00e0 cung c\u1ea5p n\u00e0y x\u1eed l\u00fd.<br \/>\n\u0110\u1eb7c bi\u1ec7t, h\u00e3y nh\u1edb r\u1eb1ng m\u1ed9t s\u1ed1 nh\u00e0 cung c\u1ea5p c\u00f3 th\u1ec3 t\u1ecda l\u1ea1c ho\u1eb7c c\u00f3 c\u01a1 s\u1edf t\u1ecda l\u1ea1c t\u1ea1i m\u1ed9t khu v\u1ef1c ph\u00e1p l\u00fd kh\u00e1c v\u1edbi b\u1ea1n ho\u1eb7c ch\u00fang t\u00f4i. V\u00ec v\u1eady, n\u1ebfu b\u1ea1n ch\u1ecdn ti\u1ebfn h\u00e0nh giao d\u1ecbch li\u00ean quan \u0111\u1ebfn d\u1ecbch v\u1ee5 c\u1ee7a nh\u00e0 cung c\u1ea5p d\u1ecbch v\u1ee5 b\u00ean th\u1ee9 ba, th\u00ec th\u00f4ng tin c\u1ee7a b\u1ea1n c\u00f3 th\u1ec3 ph\u1ea3i tu\u00e2n theo lu\u1eadt ph\u00e1p c\u1ee7a khu v\u1ef1c ph\u00e1p l\u00fd n\u01a1i nh\u00e0 cung c\u1ea5p d\u1ecbch v\u1ee5 \u0111\u00f3 ho\u1eb7c c\u01a1 s\u1edf c\u1ee7a nh\u00e0 cung c\u1ea5p \u0111\u00f3 \u0111\u1eb7t tr\u1ee5 s\u1edf.<br \/>\nV\u00ed d\u1ee5, n\u1ebfu b\u1ea1n \u1edf Canada v\u00e0 giao d\u1ecbch c\u1ee7a b\u1ea1n \u0111\u01b0\u1ee3c x\u1eed l\u00fd th\u00f4ng qua c\u1ed5ng thanh to\u00e1n t\u1ea1i Hoa K\u1ef3, th\u00ec th\u00f4ng tin c\u00e1 nh\u00e2n c\u1ee7a b\u1ea1n \u0111\u01b0\u1ee3c s\u1eed d\u1ee5ng \u0111\u1ec3 ho\u00e0n t\u1ea5t giao d\u1ecbch \u0111\u00f3 c\u00f3 th\u1ec3 ph\u1ea3i \u0111\u01b0\u1ee3c ti\u1ebft l\u1ed9 theo lu\u1eadt ph\u00e1p Hoa K\u1ef3, bao g\u1ed3m \u0110\u1ea1o lu\u1eadt Patriot.<br \/>\nKhi b\u1ea1n r\u1eddi kh\u1ecfi trang web c\u1ee7a c\u1eeda h\u00e0ng ch\u00fang t\u00f4i ho\u1eb7c \u0111\u01b0\u1ee3c chuy\u1ec3n h\u01b0\u1edbng \u0111\u1ebfn trang web ho\u1eb7c \u1ee9ng d\u1ee5ng c\u1ee7a b\u00ean th\u1ee9 ba, b\u1ea1n s\u1ebd kh\u00f4ng c\u00f2n ch\u1ecbu s\u1ef1 \u0111i\u1ec1u ch\u1ec9nh c\u1ee7a Ch\u00ednh s\u00e1ch quy\u1ec1n ri\u00eang t\u01b0 n\u00e0y ho\u1eb7c \u0110i\u1ec1u kho\u1ea3n d\u1ecbch v\u1ee5 c\u1ee7a trang web ch\u00fang t\u00f4i n\u1eefa.<\/p>\n<p><strong>Li\u00ean k\u1ebft<\/strong><\/p>\n<p>Khi b\u1ea1n nh\u1ea5p v\u00e0o li\u00ean k\u1ebft tr\u00ean c\u1eeda h\u00e0ng c\u1ee7a ch\u00fang t\u00f4i, h\u1ecd c\u00f3 th\u1ec3 \u0111\u01b0a b\u1ea1n ra kh\u1ecfi trang web c\u1ee7a ch\u00fang t\u00f4i. Ch\u00fang t\u00f4i kh\u00f4ng ch\u1ecbu tr\u00e1ch nhi\u1ec7m v\u1ec1 ch\u00ednh s\u00e1ch b\u1ea3o m\u1eadt c\u1ee7a c\u00e1c trang web kh\u00e1c v\u00e0 khuy\u1ebfn kh\u00edch b\u1ea1n \u0111\u1ecdc tuy\u00ean b\u1ed1 v\u1ec1 quy\u1ec1n ri\u00eang t\u01b0 c\u1ee7a h\u1ecd.<\/p>\n<p><span style=\"font-size: 120%;\"><strong>PH\u1ea6N 6 &#8211; B\u1ea2O M\u1eacT<\/strong><\/span><\/p>\n<p>\u0110\u1ec3 b\u1ea3o v\u1ec7 th\u00f4ng tin c\u00e1 nh\u00e2n c\u1ee7a b\u1ea1n, ch\u00fang t\u00f4i th\u1ef1c hi\u1ec7n c\u00e1c bi\u1ec7n ph\u00e1p ph\u00f2ng ng\u1eeba h\u1ee3p l\u00fd v\u00e0 tu\u00e2n th\u1ee7 c\u00e1c th\u00f4ng l\u1ec7 t\u1ed1t nh\u1ea5t c\u1ee7a ng\u00e0nh \u0111\u1ec3 \u0111\u1ea3m b\u1ea3o th\u00f4ng tin kh\u00f4ng b\u1ecb m\u1ea5t, s\u1eed d\u1ee5ng sai m\u1ee5c \u0111\u00edch, truy c\u1eadp, ti\u1ebft l\u1ed9, thay \u0111\u1ed5i ho\u1eb7c ph\u00e1 h\u1ee7y m\u1ed9t c\u00e1ch kh\u00f4ng ph\u00f9 h\u1ee3p.<br \/>\nN\u1ebfu b\u1ea1n cung c\u1ea5p cho ch\u00fang t\u00f4i th\u00f4ng tin th\u1ebb t\u00edn d\u1ee5ng c\u1ee7a b\u1ea1n, th\u00f4ng tin s\u1ebd \u0111\u01b0\u1ee3c m\u00e3 h\u00f3a b\u1eb1ng c\u00f4ng ngh\u1ec7 l\u1edbp c\u1ed5ng b\u1ea3o m\u1eadt (SSL) v\u00e0 \u0111\u01b0\u1ee3c l\u01b0u tr\u1eef b\u1eb1ng m\u00e3 h\u00f3a AES-256. M\u1eb7c d\u00f9 kh\u00f4ng c\u00f3 ph\u01b0\u01a1ng ph\u00e1p truy\u1ec1n d\u1eef li\u1ec7u qua Internet ho\u1eb7c l\u01b0u tr\u1eef \u0111i\u1ec7n t\u1eed n\u00e0o an to\u00e0n 100%, ch\u00fang t\u00f4i tu\u00e2n th\u1ee7 m\u1ecdi y\u00eau c\u1ea7u c\u1ee7a PCI-DSS v\u00e0 tri\u1ec3n khai c\u00e1c ti\u00eau chu\u1ea9n c\u00f4ng nghi\u1ec7p \u0111\u01b0\u1ee3c ch\u1ea5p nh\u1eadn r\u1ed9ng r\u00e3i.<\/p>\n<p><span style=\"font-size: 120%;\"><strong>PH\u1ea6N 7 &#8211; TH\u00d4NG TIN CH\u00daNG T\u00d4I THU TH\u1eacP QUA COOKIE<\/strong><\/span><\/p>\n<p>Ch\u00fang t\u00f4i c\u0169ng t\u1ef1 \u0111\u1ed9ng thu th\u1eadp m\u1ed9t s\u1ed1 th\u00f4ng tin nh\u1ea5t \u0111\u1ecbnh v\u1ec1 t\u01b0\u01a1ng t\u00e1c c\u1ee7a b\u1ea1n v\u1edbi D\u1ecbch v\u1ee5 (&#8220;<strong>D\u1eef li\u1ec7u s\u1eed d\u1ee5ng<\/strong>&#8220;). \u0110\u1ec3 th\u1ef1c hi\u1ec7n vi\u1ec7c n\u00e0y, ch\u00fang t\u00f4i c\u00f3 th\u1ec3 s\u1eed d\u1ee5ng cookie, pixel v\u00e0 c\u00e1c c\u00f4ng ngh\u1ec7 t\u01b0\u01a1ng t\u1ef1 (&#8220;<strong>Cookies<\/strong>&#8220;). D\u1eef li\u1ec7u s\u1eed d\u1ee5ng c\u00f3 th\u1ec3 bao g\u1ed3m th\u00f4ng tin v\u1ec1 c\u00e1ch b\u1ea1n truy c\u1eadp v\u00e0 s\u1eed d\u1ee5ng Trang web c\u1ee7a ch\u00fang t\u00f4i v\u00e0 t\u00e0i kho\u1ea3n c\u1ee7a b\u1ea1n, bao g\u1ed3m th\u00f4ng tin thi\u1ebft b\u1ecb, th\u00f4ng tin tr\u00ecnh duy\u1ec7t, th\u00f4ng tin v\u1ec1 k\u1ebft n\u1ed1i m\u1ea1ng, \u0111\u1ecba ch\u1ec9 IP v\u00e0 th\u00f4ng tin kh\u00e1c li\u00ean quan \u0111\u1ebfn t\u01b0\u01a1ng t\u00e1c c\u1ee7a b\u1ea1n v\u1edbi D\u1ecbch v\u1ee5.<\/p>\n<p><span style=\"font-size: 120%;\"><strong>M\u1ee4C 8 &#8211; TU\u1ed4I \u0110\u1ed2NG \u00dd<\/strong><\/span><\/p>\n<p>B\u1eb1ng c\u00e1ch s\u1eed d\u1ee5ng trang web n\u00e0y, b\u1ea1n x\u00e1c nh\u1eadn r\u1eb1ng b\u1ea1n \u0111\u00e3 \u0111\u1ee7 tu\u1ed5i th\u00e0nh ni\u00ean t\u1ea1i ti\u1ec3u bang ho\u1eb7c t\u1ec9nh n\u01a1i c\u01b0 tr\u00fa c\u1ee7a m\u00ecnh ho\u1eb7c b\u1ea1n \u0111\u00e3 \u0111\u1ee7 tu\u1ed5i th\u00e0nh ni\u00ean t\u1ea1i ti\u1ec3u bang ho\u1eb7c t\u1ec9nh n\u01a1i c\u01b0 tr\u00fa c\u1ee7a m\u00ecnh v\u00e0 b\u1ea1n \u0111\u00e3 \u0111\u1ed3ng \u00fd cho ph\u00e9p b\u1ea5t k\u1ef3 ng\u01b0\u1eddi ph\u1ee5 thu\u1ed9c v\u1ecb th\u00e0nh ni\u00ean n\u00e0o c\u1ee7a b\u1ea1n s\u1eed d\u1ee5ng trang web n\u00e0y.<\/p>\n<p><span style=\"font-size: 120%;\"><strong>PH\u1ea6N 9 &#8211; THAY \u0110\u1ed4I CH\u00cdNH S\u00c1CH B\u1ea2O M\u1eacT N\u00c0Y<\/strong><\/span><\/p>\n<p>Ch\u00fang t\u00f4i c\u00f3 quy\u1ec1n s\u1eeda \u0111\u1ed5i ch\u00ednh s\u00e1ch b\u1ea3o m\u1eadt n\u00e0y b\u1ea5t k\u1ef3 l\u00fac n\u00e0o, v\u00ec v\u1eady vui l\u00f2ng xem l\u1ea1i th\u01b0\u1eddng xuy\u00ean. Nh\u1eefng thay \u0111\u1ed5i v\u00e0 gi\u1ea3i th\u00edch s\u1ebd c\u00f3 hi\u1ec7u l\u1ef1c ngay khi \u0111\u01b0\u1ee3c \u0111\u0103ng tr\u00ean trang web. N\u1ebfu ch\u00fang t\u00f4i th\u1ef1c hi\u1ec7n nh\u1eefng thay \u0111\u1ed5i quan tr\u1ecdng \u0111\u1ed1i v\u1edbi ch\u00ednh s\u00e1ch n\u00e0y, ch\u00fang t\u00f4i s\u1ebd th\u00f4ng b\u00e1o cho b\u1ea1n t\u1ea1i \u0111\u00e2y r\u1eb1ng ch\u00ednh s\u00e1ch \u0111\u00e3 \u0111\u01b0\u1ee3c c\u1eadp nh\u1eadt, \u0111\u1ec3 b\u1ea1n bi\u1ebft th\u00f4ng tin ch\u00fang t\u00f4i thu th\u1eadp, c\u00e1ch ch\u00fang t\u00f4i s\u1eed d\u1ee5ng th\u00f4ng tin \u0111\u00f3 v\u00e0 trong tr\u01b0\u1eddng h\u1ee3p n\u00e0o, n\u1ebfu c\u00f3, ch\u00fang t\u00f4i s\u1eed d\u1ee5ng v\u00e0\/ho\u1eb7c ti\u1ebft l\u1ed9 th\u00f4ng tin \u0111\u00f3.<br \/>\nN\u1ebfu c\u1eeda h\u00e0ng c\u1ee7a ch\u00fang t\u00f4i \u0111\u01b0\u1ee3c mua l\u1ea1i ho\u1eb7c s\u00e1p nh\u1eadp v\u1edbi m\u1ed9t c\u00f4ng ty kh\u00e1c, th\u00f4ng tin c\u1ee7a b\u1ea1n c\u00f3 th\u1ec3 \u0111\u01b0\u1ee3c chuy\u1ec3n cho ch\u1ee7 s\u1edf h\u1eefu m\u1edbi \u0111\u1ec3 ch\u00fang t\u00f4i c\u00f3 th\u1ec3 ti\u1ebfp t\u1ee5c b\u00e1n s\u1ea3n ph\u1ea9m cho b\u1ea1n.<\/p>\n<p><span style=\"font-size: 120%;\"><strong>C\u00c2U H\u1eceI V\u00c0 TH\u00d4NG TIN LI\u00caN H\u1ec6<\/strong><\/span><\/p>\n<p>N\u1ebfu b\u1ea1n mu\u1ed1n truy c\u1eadp, ch\u1ec9nh s\u1eeda, s\u1eeda \u0111\u1ed5i ho\u1eb7c x\u00f3a b\u1ea5t k\u1ef3 th\u00f4ng tin c\u00e1 nh\u00e2n n\u00e0o m\u00e0 ch\u00fang t\u00f4i c\u00f3 v\u1ec1 b\u1ea1n, \u0111\u0103ng k\u00fd khi\u1ebfu n\u1ea1i ho\u1eb7c ch\u1ec9 mu\u1ed1n bi\u1ebft th\u00eam th\u00f4ng tin, h\u00e3y li\u00ean h\u1ec7 v\u1edbi C\u00e1n b\u1ed9 tu\u00e2n th\u1ee7 quy\u1ec1n ri\u00eang t\u01b0 c\u1ee7a ch\u00fang t\u00f4i theo \u0111\u1ecba ch\u1ec9 sales-online@maihomedecor.com<\/p>\n","protected":false},"excerpt":{"rendered":"<p>PH\u1ea6N 1 &#8211; CH\u00daNG T\u00d4I L\u00c0M G\u00cc V\u1edaI TH\u00d4NG TIN C\u1ee6A B\u1ea0N? Khi b\u1ea1n mua th\u1ee9 g\u00ec \u0111\u00f3 t\u1eeb c\u1eeda h\u00e0ng c\u1ee7a ch\u00fang t\u00f4i, nh\u01b0 m\u1ed9t ph\u1ea7n c\u1ee7a qu\u00e1 tr\u00ecnh mua v\u00e0 b\u00e1n, ch\u00fang t\u00f4i s\u1ebd thu th\u1eadp th\u00f4ng tin c\u00e1 nh\u00e2n m\u00e0 b\u1ea1n cung c\u1ea5p nh\u01b0 t\u00ean, \u0111\u1ecba ch\u1ec9 v\u00e0 \u0111\u1ecba ch\u1ec9 email c\u1ee7a&#8230;<\/p>\n","protected":false},"author":2,"featured_media":0,"parent":0,"menu_order":0,"comment_status":"closed","ping_status":"closed","template":"","meta":{"footnotes":""},"acf":[],"_links":{"self":[{"href":"https:\/\/maihomedecor.com\/vi\/wp-json\/wp\/v2\/pages\/3994"}],"collection":[{"href":"https:\/\/maihomedecor.com\/vi\/wp-json\/wp\/v2\/pages"}],"about":[{"href":"https:\/\/maihomedecor.com\/vi\/wp-json\/wp\/v2\/types\/page"}],"author":[{"embeddable":true,"href":"https:\/\/maihomedecor.com\/vi\/wp-json\/wp\/v2\/users\/2"}],"replies":[{"embeddable":true,"href":"https:\/\/maihomedecor.com\/vi\/wp-json\/wp\/v2\/comments?post=3994"}],"version-history":[{"count":3,"href":"https:\/\/maihomedecor.com\/vi\/wp-json\/wp\/v2\/pages\/3994\/revisions"}],"predecessor-version":[{"id":4435,"href":"https:\/\/maihomedecor.com\/vi\/wp-json\/wp\/v2\/pages\/3994\/revisions\/4435"}],"wp:attachment":[{"href":"https:\/\/maihomedecor.com\/vi\/wp-json\/wp\/v2\/media?parent=3994"}],"curies":[{"name":"wp","href":"https:\/\/api.w.org\/{rel}","templated":true}]}}