{"id":4006,"date":"2023-08-22T14:20:23","date_gmt":"2023-08-22T06:20:23","guid":{"rendered":"https:\/\/maihomedecor.com\/bo-suu-tap\/hoan-thien\/"},"modified":"2024-11-28T17:11:33","modified_gmt":"2024-11-28T09:11:33","slug":"hoan-thien","status":"publish","type":"page","link":"https:\/\/maihomedecor.com\/vi\/bo-suu-tap\/hoan-thien\/","title":{"rendered":"Ho\u00e0n Thi\u1ec7n"},"content":{"rendered":"<h2 style=\"text-align: center;\"><span style=\"font-size: 100%; font-family: Book Antiqua, Palatino;\">R\u1ed8NG R\u00c3I C\u00c1C LO\u1ea0I V\u1eaeC XANH V\u00c0 HO\u00c0N THI\u1ec6N V\u1eacT LI\u1ec6U<\/span><\/h2>\n<p>&nbsp;<\/p>\n<h2><a href=\"\/wp-content\/uploads\/2024\/06\/Picture12.png\"><img loading=\"lazy\" decoding=\"async\" class=\"aligncenter wp-image-2739 size-large\" src=\"\/wp-content\/uploads\/2024\/06\/Picture12-1024x250.png\" alt=\"\" width=\"1020\" height=\"249\" srcset=\"https:\/\/maihomedecor.com\/wp-content\/uploads\/2024\/06\/Picture12-1024x250.png 1024w, https:\/\/maihomedecor.com\/wp-content\/uploads\/2024\/06\/Picture12-300x73.png 300w, https:\/\/maihomedecor.com\/wp-content\/uploads\/2024\/06\/Picture12-768x187.png 768w, https:\/\/maihomedecor.com\/wp-content\/uploads\/2024\/06\/Picture12-400x98.png 400w, https:\/\/maihomedecor.com\/wp-content\/uploads\/2024\/06\/Picture12-800x195.png 800w, https:\/\/maihomedecor.com\/wp-content\/uploads\/2024\/06\/Picture12.png 1386w\" sizes=\"(max-width: 1020px) 100vw, 1020px\" \/><\/a><\/h2>\n<p>&nbsp;<\/p>\n<p>\u0110\u1ed3 n\u1ed9i th\u1ea5t s\u01a1n m\u00e0i, \u0111\u00e8n s\u01a1n m\u00e0i, khay s\u01a1n m\u00e0i v\u00e0 h\u1ed9p s\u01a1n m\u00e0i c\u1ee7a ch\u00fang t\u00f4i c\u1ea7n ph\u1ea3i h\u00e0i h\u00f2a v\u1edbi nhi\u1ec1u phong c\u00e1ch trang tr\u00ed n\u1ed9i th\u1ea5t kh\u00e1c nhau. Ch\u00fang t\u00f4i s\u1eed d\u1ee5ng nhi\u1ec1u m\u00e0u s\u1eafc h\u1ee3p th\u1eddi trang trong thi\u1ebft k\u1ebf n\u1ed9i th\u1ea5t \u0111\u1ec3 \u0111\u1ea1t \u0111\u01b0\u1ee3c s\u1ef1 h\u00e0i h\u00f2a n\u00e0y.<br \/>\nCh\u00fang t\u00f4i li\u00ean t\u1ee5c s\u00e1ng t\u1ea1o v\u00e0 ph\u00e1t tri\u1ec3n c\u00e1c m\u1eabu s\u01a1n m\u00e0i m\u1edbi v\u00e0 c\u00e1c l\u1edbp ho\u00e0n thi\u1ec7n v\u1eadt li\u1ec7u s\u00e1ng t\u1ea1o, ch\u1eb3ng h\u1ea1n nh\u01b0 gi\u1ea3 da c\u00e1 \u0111u\u1ed1i, gi\u1ea3 da tr\u0103n, gi\u1ea3 raffia, l\u00e1 b\u1ea1c, v\u1ecf tr\u1ee9ng, v.v. \u0111\u1ec3 thi\u1ebft k\u1ebf ho\u1eb7c trang tr\u00ed \u0111\u1ed3 n\u1ed9i th\u1ea5t s\u01a1n m\u00e0i, \u0111\u00e8n s\u01a1n m\u00e0i v\u00e0 \u0111\u1ed3 s\u01a1n m\u00e0i nh\u1ecf th\u1eddi trang.<\/p>\n<h4><\/h4>\n<p>Trong nhi\u1ec1u n\u0103m qua, ch\u00fang t\u00f4i \u0111\u00e3 t\u1ea1o ra nhi\u1ec1u m\u1eabu s\u01a1n m\u00e0i tinh t\u1ebf, thanh l\u1ecbch, \u0111\u1eb9p m\u1eaft, h\u1ee3p th\u1eddi trang v\u00e0 l\u1edbp ho\u00e0n thi\u1ec7n b\u1eb1ng v\u1eadt li\u1ec7u \u0111\u1eb7c bi\u1ec7t.<br \/>\nV\u00ed d\u1ee5 v\u1ec1 c\u00e1c m\u1eabu s\u01a1n m\u00e0i c\u1ee7a ch\u00fang t\u00f4i l\u00e0 s\u01a1n m\u00e0i \u0111\u00e1 c\u1ea9m th\u1ea1ch, s\u01a1n m\u00e0i da r\u1eafn, s\u01a1n m\u00e0i ch\u1ea3i, s\u01a1n m\u00e0i r\u1eeda, s\u01a1n m\u00e0i xo\u00e1y, s\u01a1n m\u00e0i m\u00e2y, s\u01a1n m\u00e0i patina, v.v. M\u1ed9t s\u1ed1 v\u00ed d\u1ee5 v\u1ec1 l\u1edbp ho\u00e0n thi\u1ec7n v\u1eadt li\u1ec7u \u0111\u1eb7c bi\u1ec7t c\u1ee7a ch\u00fang t\u00f4i l\u00e0 l\u00e1 b\u1ea1c, v\u1ecf tr\u1ee9ng, v\u1ecf s\u00f2, da c\u00e1 \u0111u\u1ed1i gi\u1ea3, da tr\u0103n gi\u1ea3, da c\u00e1 s\u1ea5u gi\u1ea3, da lanh gi\u1ea3, v.v.<\/p>\n<h4><\/h4>\n<p>Ng\u00e0y nay, b\u1ed9 s\u01b0u t\u1eadp s\u1ea3n ph\u1ea9m ho\u00e0n thi\u1ec7n c\u1ee7a ch\u00fang t\u00f4i bao g\u1ed3m h\u01a1n 30 d\u00f2ng s\u1ea3n ph\u1ea9m s\u01a1n m\u00e0i ho\u1eb7c v\u1eadt li\u1ec7u ho\u00e0n thi\u1ec7n kh\u00e1c nhau. M\u1ed7i lo\u1ea1i trong s\u1ed1 30 lo\u1ea1i ho\u00e0n thi\u1ec7n n\u00e0y \u0111\u1ec1u c\u00f3 nhi\u1ec1u m\u00e0u s\u1eafc kh\u00e1c nhau, do \u0111\u00f3 s\u1ef1 k\u1ebft h\u1ee3p g\u1ea7n nh\u01b0 l\u00e0 v\u00f4 h\u1ea1n.<\/p>\n<p><a href=\"#pop-bg1\"><img loading=\"lazy\" decoding=\"async\" class=\"aligncenter wp-image-3639 size-full\" src=\"https:\/\/maihomedecor.com\/wp-content\/uploads\/2024\/07\/11.png\" alt=\"\" width=\"582\" height=\"240\" srcset=\"https:\/\/maihomedecor.com\/wp-content\/uploads\/2024\/07\/11.png 582w, https:\/\/maihomedecor.com\/wp-content\/uploads\/2024\/07\/11-300x124.png 300w, https:\/\/maihomedecor.com\/wp-content\/uploads\/2024\/07\/11-400x165.png 400w\" sizes=\"(max-width: 582px) 100vw, 582px\" \/><\/a><\/p>\n<p style=\"text-align: center;\"><a href=\"#pop-bg1\">Nh\u1ea5p \u0111\u1ec3 xem danh m\u1ee5c Ho\u00e0n thi\u1ec7n c\u1ee7a ch\u00fang t\u00f4i<\/a><\/p>\n","protected":false},"excerpt":{"rendered":"<p>R\u1ed8NG R\u00c3I C\u00c1C LO\u1ea0I V\u1eaeC XANH V\u00c0 HO\u00c0N THI\u1ec6N V\u1eacT LI\u1ec6U &nbsp; &nbsp; \u0110\u1ed3 n\u1ed9i th\u1ea5t s\u01a1n m\u00e0i, \u0111\u00e8n s\u01a1n m\u00e0i, khay s\u01a1n m\u00e0i v\u00e0 h\u1ed9p s\u01a1n m\u00e0i c\u1ee7a ch\u00fang t\u00f4i c\u1ea7n ph\u1ea3i h\u00e0i h\u00f2a v\u1edbi nhi\u1ec1u phong c\u00e1ch trang tr\u00ed n\u1ed9i th\u1ea5t kh\u00e1c nhau. Ch\u00fang t\u00f4i s\u1eed d\u1ee5ng nhi\u1ec1u m\u00e0u s\u1eafc h\u1ee3p th\u1eddi trang&#8230;<\/p>\n","protected":false},"author":2,"featured_media":0,"parent":475,"menu_order":2,"comment_status":"closed","ping_status":"closed","template":"","meta":{"footnotes":""},"acf":[],"_links":{"self":[{"href":"https:\/\/maihomedecor.com\/vi\/wp-json\/wp\/v2\/pages\/4006"}],"collection":[{"href":"https:\/\/maihomedecor.com\/vi\/wp-json\/wp\/v2\/pages"}],"about":[{"href":"https:\/\/maihomedecor.com\/vi\/wp-json\/wp\/v2\/types\/page"}],"author":[{"embeddable":true,"href":"https:\/\/maihomedecor.com\/vi\/wp-json\/wp\/v2\/users\/2"}],"replies":[{"embeddable":true,"href":"https:\/\/maihomedecor.com\/vi\/wp-json\/wp\/v2\/comments?post=4006"}],"version-history":[{"count":3,"href":"https:\/\/maihomedecor.com\/vi\/wp-json\/wp\/v2\/pages\/4006\/revisions"}],"predecessor-version":[{"id":4444,"href":"https:\/\/maihomedecor.com\/vi\/wp-json\/wp\/v2\/pages\/4006\/revisions\/4444"}],"up":[{"embeddable":true,"href":"https:\/\/maihomedecor.com\/vi\/wp-json\/wp\/v2\/pages\/475"}],"wp:attachment":[{"href":"https:\/\/maihomedecor.com\/vi\/wp-json\/wp\/v2\/media?parent=4006"}],"curies":[{"name":"wp","href":"https:\/\/api.w.org\/{rel}","templated":true}]}}