{"id":4014,"date":"2024-06-27T03:44:47","date_gmt":"2024-06-26T19:44:47","guid":{"rendered":"https:\/\/maihomedecor.com\/chinh-sach-tra-hang\/"},"modified":"2025-05-23T16:12:15","modified_gmt":"2025-05-23T08:12:15","slug":"chinh-sach-tra-hang","status":"publish","type":"page","link":"https:\/\/maihomedecor.com\/vi\/chinh-sach-tra-hang\/","title":{"rendered":"CH\u00cdNH S\u00c1CH HO\u00c0N TR\u1ea2"},"content":{"rendered":"<p><strong><span style=\"font-size: 120%;\">CH\u00cdNH S\u00c1CH TR\u1ea2 L\u1ea0I, THI\u1ec6T H\u1ea0I V\u00c0 HO\u00c0N TI\u1ec0N<\/span><\/strong><\/p>\n<p>Trang web mua s\u1eafm n\u00e0y hi\u1ec7n d\u00e0nh cho kh\u00e1ch h\u00e0ng c\u00e1 nh\u00e2n mua h\u00e0ng.<br \/>\nN\u1ebfu b\u1ea1n l\u00e0 m\u1ed9t c\u1eeda h\u00e0ng b\u00e1n l\u1ebb mu\u1ed1n th\u1ea3o lu\u1eadn v\u1ec1 c\u00e1c \u0111i\u1ec1u kho\u1ea3n b\u00e1n bu\u00f4n \u0111\u1ec3 l\u01b0u tr\u1eef s\u1ea3n ph\u1ea9m c\u1ee7a ch\u00fang t\u00f4i, vui l\u00f2ng g\u1eedi email cho ch\u00fang t\u00f4i theo \u0111\u1ecba ch\u1ec9: contact@maihomedesign.com<\/p>\n<p><span style=\"font-size: 120%;\"><strong>Ho\u00e0n ti\u1ec1n v\u00e0 trao \u0111\u1ed5i<\/strong><\/span><\/p>\n<p>Mai Home D\u00e9cor Pte Ltd ho\u1ea1t \u0111\u1ed9ng theo lu\u1eadt ph\u00e1p Singapore. Theo lu\u1eadt ph\u00e1p Singapore, ch\u00fang t\u00f4i kh\u00f4ng b\u1eaft bu\u1ed9c ph\u1ea3i ho\u00e0n l\u1ea1i ti\u1ec1n ho\u1eb7c thay th\u1ebf n\u1ebfu b\u1ea1n thay \u0111\u1ed5i \u00fd \u0111\u1ecbnh. Tuy nhi\u00ean, b\u1ea1n c\u00f3 th\u1ec3 ch\u1ecdn ho\u00e0n ti\u1ec1n ho\u1eb7c \u0111\u1ed5i h\u00e0ng n\u1ebfu m\u1eb7t h\u00e0ng c\u00f3 v\u1ea5n \u0111\u1ec1 l\u1edbn. \u0110\u00e2y l\u00e0 khi m\u1ee5c:<br \/>\n1. C\u00f3 m\u1ed9t v\u1ea5n \u0111\u1ec1 khi\u1ebfn ai \u0111\u00f3 kh\u00f4ng th\u1ec3 mua m\u00f3n h\u00e0ng \u0111\u00f3 n\u1ebfu h\u1ecd bi\u1ebft v\u1ec1 n\u00f3<br \/>\n2. Kh\u00f4ng an to\u00e0n<br \/>\n3. Kh\u00e1c bi\u1ec7t \u0111\u00e1ng k\u1ec3 so v\u1edbi m\u1eabu ho\u1eb7c m\u00f4 t\u1ea3<br \/>\n4. Kh\u00f4ng th\u1ef1c hi\u1ec7n nh\u1eefng g\u00ec ch\u00fang t\u00f4i \u0111\u00e3 n\u00f3i ho\u1eb7c nh\u1eefng g\u00ec b\u1ea1n y\u00eau c\u1ea7u v\u00e0 kh\u00f4ng th\u1ec3 d\u1ec5 d\u00e0ng kh\u1eafc ph\u1ee5c.<br \/>\n\u0110\u1ec3 \u0111\u1ee7 \u0111i\u1ec1u ki\u1ec7n tr\u1ea3 l\u1ea1i v\u00e0 b\u1ea1n tin r\u1eb1ng y\u00eau c\u1ea7u c\u1ee7a m\u00ecnh thu\u1ed9c b\u1ed1n \u0111i\u1ec3m tr\u00ean, m\u1eb7t h\u00e0ng c\u1ee7a b\u1ea1n ph\u1ea3i ch\u01b0a \u0111\u01b0\u1ee3c s\u1eed d\u1ee5ng v\u00e0 \u1edf t\u00ecnh tr\u1ea1ng gi\u1ed1ng nh\u01b0 khi b\u1ea1n nh\u1eadn \u0111\u01b0\u1ee3c n\u00f3. S\u1ea3n ph\u1ea9m c\u0169ng ph\u1ea3i c\u00f2n trong bao b\u00ec g\u1ed1c.<br \/>\nCh\u00ednh s\u00e1ch c\u1ee7a ch\u00fang t\u00f4i k\u00e9o d\u00e0i 30 ng\u00e0y k\u1ec3 t\u1eeb ng\u00e0y b\u1ea1n mua h\u00e0ng, t\u1ee9c l\u00e0 30 ng\u00e0y k\u1ec3 t\u1eeb ng\u00e0y b\u1ea1n nh\u1eadn \u0111\u01b0\u1ee3c. N\u1ebfu \u0111\u00e3 qua 30 ng\u00e0y k\u1ec3 t\u1eeb khi b\u1ea1n mua h\u00e0ng, ch\u00fang t\u00f4i kh\u00f4ng th\u1ec3 ho\u00e0n l\u1ea1i ti\u1ec1n ho\u1eb7c trao \u0111\u1ed5i. Ch\u00fang t\u00f4i y\u00eau c\u1ea7u bi\u00ean lai ho\u1eb7c b\u1eb1ng ch\u1ee9ng mua h\u00e0ng.<br \/>\nN\u1ebfu b\u1ea1n tin r\u1eb1ng m\u00ecnh \u0111\u1ee7 \u0111i\u1ec1u ki\u1ec7n \u0111\u1ec3 \u0111\u01b0\u1ee3c ho\u00e0n l\u1ea1i ti\u1ec1n ho\u1eb7c trao \u0111\u1ed5i, b\u01b0\u1edbc \u0111\u1ea7u ti\u00ean h\u00e3y g\u1eedi email cho ch\u00fang t\u00f4i \u0111\u1ec3 gi\u1ea3i th\u00edch l\u00fd do b\u1ea1n tin r\u1eb1ng b\u1ea1n c\u1ea7n \u0111\u01b0\u1ee3c ho\u00e0n l\u1ea1i ti\u1ec1n ho\u1eb7c trao \u0111\u1ed5i.<br \/>\nB\u1ea1n n\u00ean g\u1eedi email \u0111\u1ebfn \u0111\u1ecba ch\u1ec9: sales-online@maihomedecor.com<\/p>\n<p><span style=\"font-size: 120%;\"><strong>\u0110\u1ed3 v\u1ee1 v\u00e0 h\u01b0 h\u1ecfng<\/strong><\/span><\/p>\n<p>N\u1ebfu s\u1ea3n ph\u1ea9m b\u1ea1n nh\u1eadn \u0111\u01b0\u1ee3c b\u1ecb h\u1ecfng, vui l\u00f2ng g\u1eedi email cho ch\u00fang t\u00f4i trong v\u00f2ng 7 ng\u00e0y k\u1ec3 t\u1eeb ng\u00e0y nh\u1eadn \u0111\u1ec3 s\u1eafp x\u1ebfp \u0111\u1ed5i s\u1ea3n ph\u1ea9m kh\u00e1c ho\u1eb7c ho\u00e0n ti\u1ec1n. B\u1ea1n ph\u1ea3i cung c\u1ea5p h\u00ecnh \u1ea3nh c\u1eadn c\u1ea3nh c\u1ee7a h\u00e0ng h\u00f3a b\u1ecb h\u1ecfng. Kh\u00f4ng g\u1eedi l\u1ea1i cho ch\u00fang t\u00f4i c\u00e1c m\u1eb7t h\u00e0ng b\u1ecb v\u1ee1 ho\u1eb7c h\u01b0 h\u1ecfng.<br \/>\nMai Home D\u00e9cor Pte Ltd s\u1ebd kh\u00f4ng ch\u1ecbu tr\u00e1ch nhi\u1ec7m v\u1ec1 b\u1ea5t k\u1ef3 s\u1ef1 \u0111\u1ed5 v\u1ee1, h\u01b0 h\u1ecfng n\u00e0o sau khi \u0111\u01a1n h\u00e0ng \u0111\u01b0\u1ee3c giao trong t\u00ecnh tr\u1ea1ng t\u1ed1t.<br \/>\nN\u1ebfu b\u1ea1n tin r\u1eb1ng b\u1ea1n c\u00f3 m\u1ed9t m\u1eb7t h\u00e0ng b\u1ecb v\u1ee1 ho\u1eb7c b\u1ecb h\u1ecfng, b\u01b0\u1edbc \u0111\u1ea7u ti\u00ean h\u00e3y g\u1eedi email cho ch\u00fang t\u00f4i trong v\u00f2ng 7 ng\u00e0y k\u1ec3 t\u1eeb ng\u00e0y nh\u1eadn \u0111\u01b0\u1ee3c m\u1eb7t h\u00e0ng \u0111\u00f3. B\u1ea1n n\u00ean g\u1eedi email t\u1edbi: sales-online@maihomedecor.com<\/p>\n<p><span style=\"font-size: 120%;\"><strong>Th\u1ee7 t\u1ee5c ho\u00e0n ti\u1ec1n v\u00e0 trao \u0111\u1ed5i<\/strong><\/span><\/p>\n<p>Sau khi ch\u00fang t\u00f4i ch\u1ea5p thu\u1eadn vi\u1ec7c tr\u1ea3 l\u1ea1i s\u1ea3n ph\u1ea9m c\u1ee7a b\u1ea1n, ch\u00fang t\u00f4i s\u1ebd cho b\u1ea1n bi\u1ebft \u0111\u1ecba ch\u1ec9 email tr\u1ea3 l\u1ea1i.<br \/>\nB\u1ea1n s\u1ebd ch\u1ecbu tr\u00e1ch nhi\u1ec7m thanh to\u00e1n chi ph\u00ed v\u1eadn chuy\u1ec3n c\u1ee7a ri\u00eang m\u00ecnh khi tr\u1ea3 l\u1ea1i h\u00e0ng. Chi ph\u00ed v\u1eadn chuy\u1ec3n l\u00e0 kh\u00f4ng ho\u00e0n l\u1ea1i. N\u1ebfu b\u1ea1n nh\u1eadn \u0111\u01b0\u1ee3c ti\u1ec1n ho\u00e0n l\u1ea1i, chi ph\u00ed v\u1eadn chuy\u1ec3n tr\u1ea3 l\u1ea1i s\u1ebd \u0111\u01b0\u1ee3c kh\u1ea5u tr\u1eeb v\u00e0o s\u1ed1 ti\u1ec1n ho\u00e0n l\u1ea1i c\u1ee7a b\u1ea1n.<br \/>\nN\u1ebfu b\u1ea1n \u0111ang v\u1eadn chuy\u1ec3n m\u1ed9t m\u1eb7t h\u00e0ng c\u00f3 gi\u00e1 tr\u1ecb tr\u00ean 80 USD, b\u1ea1n n\u00ean c\u00e2n nh\u1eafc s\u1eed d\u1ee5ng d\u1ecbch v\u1ee5 v\u1eadn chuy\u1ec3n c\u00f3 th\u1ec3 theo d\u00f5i ho\u1eb7c mua b\u1ea3o hi\u1ec3m v\u1eadn chuy\u1ec3n. T\u1ea5t nhi\u00ean ch\u00fang t\u00f4i kh\u00f4ng th\u1ec3 \u0111\u1ea3m b\u1ea3o r\u1eb1ng ch\u00fang t\u00f4i s\u1ebd nh\u1eadn \u0111\u01b0\u1ee3c h\u00e0ng tr\u1ea3 l\u1ea1i c\u1ee7a b\u1ea1n.<br \/>\nKhi h\u00e0ng tr\u1ea3 l\u1ea1i c\u1ee7a b\u1ea1n \u0111\u01b0\u1ee3c nh\u1eadn v\u00e0 ki\u1ec3m tra, ch\u00fang t\u00f4i s\u1ebd g\u1eedi cho b\u1ea1n m\u1ed9t email \u0111\u1ec3 th\u00f4ng b\u00e1o cho b\u1ea1n r\u1eb1ng ch\u00fang t\u00f4i \u0111\u00e3 nh\u1eadn \u0111\u01b0\u1ee3c h\u00e0ng tr\u1ea3 l\u1ea1i c\u1ee7a b\u1ea1n. Cu\u1ed1i c\u00f9ng ch\u00fang t\u00f4i c\u0169ng s\u1ebd x\u00e1c nh\u1eadn v\u1edbi b\u1ea1n v\u1ec1 vi\u1ec7c ch\u1ea5p thu\u1eadn hay t\u1eeb ch\u1ed1i kho\u1ea3n ti\u1ec1n ho\u00e0n l\u1ea1i c\u1ee7a b\u1ea1n.<br \/>\nN\u1ebfu b\u1ea1n \u0111\u01b0\u1ee3c ch\u1ea5p thu\u1eadn th\u00ec kho\u1ea3n ti\u1ec1n ho\u00e0n l\u1ea1i c\u1ee7a b\u1ea1n s\u1ebd \u0111\u01b0\u1ee3c x\u1eed l\u00fd v\u00e0 kho\u1ea3n t\u00edn d\u1ee5ng s\u1ebd t\u1ef1 \u0111\u1ed9ng \u0111\u01b0\u1ee3c \u00e1p d\u1ee5ng cho th\u1ebb t\u00edn d\u1ee5ng ho\u1eb7c ph\u01b0\u01a1ng th\u1ee9c thanh to\u00e1n ban \u0111\u1ea7u c\u1ee7a b\u1ea1n.<\/p>\n<p><span style=\"font-size: 120%;\"><strong>Th\u1ee7 t\u1ee5c \u0111\u1ed1i v\u1edbi \u0111\u1ed3 v\u1ee1 v\u00e0 h\u01b0 h\u1ecfng<\/strong><\/span><\/p>\n<p>N\u1ebfu ch\u00fang t\u00f4i ch\u1ea5p nh\u1eadn y\u00eau c\u1ea7u b\u1ed3i th\u01b0\u1eddng v\u1ec1 v\u1ee1 ho\u1eb7c h\u01b0 h\u1ecfng, sau khi b\u1ea1n g\u1eedi b\u1eb1ng ch\u1ee9ng qua email cho ch\u00fang t\u00f4i trong v\u00f2ng 7 ng\u00e0y k\u1ec3 t\u1eeb ng\u00e0y nh\u1eadn \u0111\u01b0\u1ee3c h\u00e0ng, ch\u00fang t\u00f4i s\u1ebd li\u00ean h\u1ec7 v\u1edbi b\u1ea1n \u0111\u1ec3 xem b\u1ea1n c\u00f3 mu\u1ed1n nh\u1eadn h\u00e0ng thay th\u1ebf ho\u1eb7c t\u00edn d\u1ee5ng hay kh\u00f4ng.<\/p>\n","protected":false},"excerpt":{"rendered":"<p>CH\u00cdNH S\u00c1CH TR\u1ea2 L\u1ea0I, THI\u1ec6T H\u1ea0I V\u00c0 HO\u00c0N TI\u1ec0N Trang web mua s\u1eafm n\u00e0y hi\u1ec7n d\u00e0nh cho kh\u00e1ch h\u00e0ng c\u00e1 nh\u00e2n mua h\u00e0ng. N\u1ebfu b\u1ea1n l\u00e0 m\u1ed9t c\u1eeda h\u00e0ng b\u00e1n l\u1ebb mu\u1ed1n th\u1ea3o lu\u1eadn v\u1ec1 c\u00e1c \u0111i\u1ec1u kho\u1ea3n b\u00e1n bu\u00f4n \u0111\u1ec3 l\u01b0u tr\u1eef s\u1ea3n ph\u1ea9m c\u1ee7a ch\u00fang t\u00f4i, vui l\u00f2ng g\u1eedi email cho ch\u00fang t\u00f4i&#8230;<\/p>\n","protected":false},"author":2,"featured_media":0,"parent":0,"menu_order":0,"comment_status":"closed","ping_status":"closed","template":"","meta":{"footnotes":""},"acf":[],"_links":{"self":[{"href":"https:\/\/maihomedecor.com\/vi\/wp-json\/wp\/v2\/pages\/4014"}],"collection":[{"href":"https:\/\/maihomedecor.com\/vi\/wp-json\/wp\/v2\/pages"}],"about":[{"href":"https:\/\/maihomedecor.com\/vi\/wp-json\/wp\/v2\/types\/page"}],"author":[{"embeddable":true,"href":"https:\/\/maihomedecor.com\/vi\/wp-json\/wp\/v2\/users\/2"}],"replies":[{"embeddable":true,"href":"https:\/\/maihomedecor.com\/vi\/wp-json\/wp\/v2\/comments?post=4014"}],"version-history":[{"count":5,"href":"https:\/\/maihomedecor.com\/vi\/wp-json\/wp\/v2\/pages\/4014\/revisions"}],"predecessor-version":[{"id":4058,"href":"https:\/\/maihomedecor.com\/vi\/wp-json\/wp\/v2\/pages\/4014\/revisions\/4058"}],"wp:attachment":[{"href":"https:\/\/maihomedecor.com\/vi\/wp-json\/wp\/v2\/media?parent=4014"}],"curies":[{"name":"wp","href":"https:\/\/api.w.org\/{rel}","templated":true}]}}