{"id":4023,"date":"2024-06-18T12:20:57","date_gmt":"2024-06-18T04:20:57","guid":{"rendered":"https:\/\/maihomedecor.com\/dich-vu\/"},"modified":"2024-11-28T17:25:29","modified_gmt":"2024-11-28T09:25:29","slug":"dich-vu","status":"publish","type":"page","link":"https:\/\/maihomedecor.com\/vi\/dich-vu\/","title":{"rendered":"D\u1ecbch V\u1ee5"},"content":{"rendered":"<h1 style=\"text-align: center;\"><span style=\"font-family: Book Antiqua, Palatino;\">S\u1ea2N XU\u1ea4T THEO H\u1ee2P \u0110\u1ed2NG<\/span><\/h1>\n<p>Mai Home D\u00e9cor c\u00f3 th\u1ec3 th\u1ef1c hi\u1ec7n S\u1ea3n xu\u1ea5t theo H\u1ee3p \u0111\u1ed3ng cho c\u00e1c Ch\u1ee7 s\u1edf h\u1eefu th\u01b0\u01a1ng hi\u1ec7u c\u00f3 n\u0103ng l\u1ef1c h\u1ea1n ch\u1ebf ho\u1eb7c kh\u00f4ng c\u00f3 n\u0103ng l\u1ef1c s\u1ea3n xu\u1ea5t \u0111\u1ed3 n\u1ed9i th\u1ea5t s\u01a1n m\u00e0i, \u0111\u00e8n s\u01a1n m\u00e0i ho\u1eb7c ph\u1ee5 ki\u1ec7n trang tr\u00ed nh\u00e0 b\u1eb1ng s\u01a1n m\u00e0i. Mai Home s\u1ebd s\u1ea3n xu\u1ea5t to\u00e0n b\u1ed9 s\u1ea3n ph\u1ea9m s\u01a1n m\u00e0i do Ch\u1ee7 s\u1edf h\u1eefu th\u01b0\u01a1ng hi\u1ec7u s\u00e1ng t\u1ea1o, ng\u01b0\u1eddi gi\u1eef quy\u1ec1n s\u1edf h\u1eefu v\u00e0 Quy\u1ec1n s\u1edf h\u1eefu tr\u00ed tu\u1ec7 (IPR) \u0111\u1ed1i v\u1edbi s\u1ea3n ph\u1ea9m.<br \/>\nL\u1ee3i \u00edch cho Ch\u1ee7 s\u1edf h\u1eefu th\u01b0\u01a1ng hi\u1ec7u l\u00e0 t\u1eadn d\u1ee5ng nh\u00e0 m\u00e1y s\u01a1n m\u00e0i chuy\u00ean d\u1ee5ng v\u00e0 ho\u00e0n thi\u1ec7n c\u1ee7a Mai Home D\u00e9cor c\u00f9ng b\u00ed quy\u1ebft k\u1ef9 thu\u1eadt v\u00e0 s\u1ea3n xu\u1ea5t \u0111\u1ec3 ph\u00e1t tri\u1ec3n v\u00e0 s\u1ea3n xu\u1ea5t c\u00e1c s\u1ea3n ph\u1ea9m s\u01a1n m\u00e0i ch\u1ea5t l\u01b0\u1ee3ng cao, bao g\u1ed3m c\u00e1c s\u1ea3n ph\u1ea9m h\u1ed7n h\u1ee3p v\u1eadt li\u1ec7u ph\u1ee9c h\u1ee3p k\u1ebft h\u1ee3p \u0111\u1ed3ng thau, th\u00e9p kh\u00f4ng g\u1ec9 ho\u1eb7c c\u00e1c v\u1eadt li\u1ec7u v\u00e0 k\u1ebft c\u1ea5u \u0111\u1eb7c bi\u1ec7t v\u00e0o s\u01a1n m\u00e0i.<\/p>\n<p><a href=\"https:\/\/maihomedecor.com\/wp-content\/uploads\/2024\/06\/5.png\"><img loading=\"lazy\" decoding=\"async\" class=\"aligncenter wp-image-2989 size-full\" src=\"https:\/\/maihomedecor.com\/wp-content\/uploads\/2024\/06\/5.png\" alt=\"\" width=\"800\" height=\"395\" srcset=\"https:\/\/maihomedecor.com\/wp-content\/uploads\/2024\/06\/5.png 800w, https:\/\/maihomedecor.com\/wp-content\/uploads\/2024\/06\/5-300x148.png 300w, https:\/\/maihomedecor.com\/wp-content\/uploads\/2024\/06\/5-768x379.png 768w, https:\/\/maihomedecor.com\/wp-content\/uploads\/2024\/06\/5-400x198.png 400w\" sizes=\"(max-width: 800px) 100vw, 800px\" \/><\/a><\/p>\n<p>M\u1ed9t l\u1ee3i \u00edch kh\u00e1c cho Ch\u1ee7 s\u1edf h\u1eefu th\u01b0\u01a1ng hi\u1ec7u l\u00e0 t\u1eadn d\u1ee5ng nhi\u1ec1u m\u1eabu s\u01a1n m\u00e0i v\u00e0 v\u1eadt li\u1ec7u ho\u00e0n thi\u1ec7n c\u1ee7a Mai Home D\u00e9cor, bao g\u1ed3m c\u1ea3 nh\u1eefng m\u1eabu \u0111\u1ed9c quy\u1ec1n, cho c\u00e1c s\u1ea3n ph\u1ea9m c\u1ee7a h\u1ecd. \u0110i\u1ec1u n\u00e0y cho ph\u00e9p Ch\u1ee7 s\u1edf h\u1eefu th\u01b0\u01a1ng hi\u1ec7u l\u1ef1a ch\u1ecdn v\u1eadt li\u1ec7u ho\u00e0n thi\u1ec7n \u0111\u1eb7c bi\u1ec7t v\u00e0 hoa v\u0103n s\u01a1n m\u00e0i kh\u00e1c bi\u1ec7t so v\u1edbi th\u1ecb tr\u01b0\u1eddng ch\u00ednh th\u1ed1ng. B\u1eb1ng c\u00e1ch \u0111\u00f3, h\u1ecd c\u00f3 th\u1ec3 t\u1ea1o ra nh\u1eefng s\u1ea3n ph\u1ea9m h\u1ea5p d\u1eabn v\u00e0 kh\u00e1c bi\u1ec7t th\u00f4ng qua v\u1eadt li\u1ec7u v\u00e0 l\u1edbp s\u01a1n m\u00e0i s\u00e1ng t\u1ea1o.<\/p>\n<p>Ch\u00fang t\u00f4i c\u00f3 nhi\u1ec1u kinh nghi\u1ec7m l\u00e0m vi\u1ec7c v\u1edbi Ch\u1ee7 s\u1edf h\u1eefu th\u01b0\u01a1ng hi\u1ec7u v\u00e0 h\u1ecd \u0111ang ng\u00e0y c\u00e0ng chi\u1ebfm v\u1ecb tr\u00ed quan tr\u1ecdng trong doanh nghi\u1ec7p c\u1ee7a ch\u00fang t\u00f4i. Ch\u00fang t\u00f4i coi tr\u1ecdng t\u00ednh b\u1ea3o m\u1eadt v\u00e0 t\u00f4n tr\u1ecdng quy\u1ec1n s\u1edf h\u1eefu tr\u00ed tu\u1ec7. M\u1ed9t s\u1ed1 Ch\u1ee7 s\u1edf h\u1eefu th\u01b0\u01a1ng hi\u1ec7u uy t\u00edn v\u00e0 l\u00e2u \u0111\u1eddi nh\u1ea5t t\u1ea1i Hoa K\u1ef3 v\u00e0 Ch\u00e2u \u00c2u v\u1ec1 \u0111\u1ed3 n\u1ed9i th\u1ea5t v\u00e0 trang tr\u00ed n\u1ed9i th\u1ea5t \u0111\u00e3 h\u1ee3p t\u00e1c v\u1edbi Mai Home trong h\u01a1n 8 n\u0103m \u0111\u1ec3 s\u1ea3n xu\u1ea5t c\u00e1c s\u1ea3n ph\u1ea9m s\u01a1n m\u00e0i sang tr\u1ecdng. H\u1ecd c\u00f3 ti\u00eau chu\u1ea9n v\u00e0 y\u00eau c\u1ea7u cao, v\u00e0 \u0111\u00f2i h\u1ecfi ch\u1ea5t l\u01b0\u1ee3ng s\u01a1n m\u00e0i cao nh\u1ea5t cho s\u1ea3n ph\u1ea9m c\u1ee7a h\u1ecd.<br \/>\nN\u1ebfu b\u1ea1n l\u00e0 Ch\u1ee7 s\u1edf h\u1eefu th\u01b0\u01a1ng hi\u1ec7u mu\u1ed1n s\u1ea3n ph\u1ea9m s\u01a1n m\u00e0i hi\u1ec7n t\u1ea1i ho\u1eb7c m\u1edbi c\u1ee7a m\u00ecnh \u0111\u01b0\u1ee3c s\u1ea3n xu\u1ea5t b\u1edfi m\u1ed9t nh\u00e0 s\u1ea3n xu\u1ea5t \u0111\u1ed3 s\u01a1n m\u00e0i \u0111\u00e1ng tin c\u1eady v\u00e0 c\u00f3 hi\u1ec3u bi\u1ebft nh\u01b0 Mai Home D\u00e9cor,<strong> <span style=\"font-size: 100%;\">vui l\u00f2ng li\u00ean h\u1ec7 v\u1edbi ch\u00fang t\u00f4i<\/span>.<\/strong><\/p>\n<p>&nbsp;<\/p>\n<h1 style=\"text-align: center;\"><span style=\"font-family: Book Antiqua, Palatino;\">C\u00c1CH TH\u1ee8C HO\u1ea0T \u0110\u1ed8NG<\/span><\/h1>\n<p>C\u1ea3 hai b\u00ean \u0111\u1ec1u k\u00fd k\u1ebft Th\u1ecfa thu\u1eadn s\u1ea3n xu\u1ea5t theo h\u1ee3p \u0111\u1ed3ng, bao g\u1ed3m c\u00e1c \u0111i\u1ec1u kho\u1ea3n Kh\u00f4ng ti\u1ebft l\u1ed9 th\u00f4ng tin, B\u1ea3o m\u1eadt v\u00e0 Quy\u1ec1n s\u1edf h\u1eefu tr\u00ed tu\u1ec7, c\u0169ng nh\u01b0 c\u00e1c \u0111i\u1ec1u kho\u1ea3n th\u1ecfa thu\u1eadn th\u01b0\u01a1ng m\u1ea1i th\u00f4ng th\u01b0\u1eddng nh\u01b0 gi\u00e1 c\u1ea3 v\u00e0 th\u1eddi gian ho\u00e0n th\u00e0nh. Ch\u1ee7 s\u1edf h\u1eefu th\u01b0\u01a1ng hi\u1ec7u chia s\u1ebb v\u1edbi Mai Home D\u00e9cor b\u1ea3n v\u1ebd s\u1ea3n ph\u1ea9m chi ti\u1ebft v\u00e0 th\u00f4ng s\u1ed1 k\u1ef9 thu\u1eadt t\u1eeb qu\u00e1 tr\u00ecnh s\u00e1ng t\u1ea1o s\u1ea3n ph\u1ea9m. Sau \u0111\u00f3, Mai Home D\u00e9cor s\u1ebd ph\u00e1t tri\u1ec3n s\u1ea3n ph\u1ea9m v\u00e0 s\u1ea3n xu\u1ea5t m\u1eabu\/nguy\u00ean m\u1eabu \u0111\u00e1p \u1ee9ng c\u00e1c y\u00eau c\u1ea7u v\u00e0 th\u00f4ng s\u1ed1 k\u1ef9 thu\u1eadt c\u1ee7a s\u1ea3n ph\u1ea9m \u0111\u00e3 \u0111\u1ec1 ra. Ch\u1ee7 s\u1edf h\u1eefu th\u01b0\u01a1ng hi\u1ec7u ph\u1ea3i x\u00e1c th\u1ef1c m\u1eabu tr\u01b0\u1edbc khi ch\u1ea5p nh\u1eadn \u0111\u01a1n h\u00e0ng th\u01b0\u01a1ng m\u1ea1i. Ch\u1ec9 khi \u0111\u00f3, \u0111\u01a1n h\u00e0ng th\u01b0\u01a1ng m\u1ea1i m\u1edbi c\u00f3 th\u1ec3 \u0111\u01b0\u1ee3c Mai Home D\u00e9cor x\u00e1c nh\u1eadn v\u00e0 s\u1ea3n xu\u1ea5t.<\/p>\n<p><a href=\"https:\/\/maihomedecor.com\/wp-content\/uploads\/2024\/06\/6.png\"><img loading=\"lazy\" decoding=\"async\" class=\"aligncenter wp-image-2991 size-full\" src=\"https:\/\/maihomedecor.com\/wp-content\/uploads\/2024\/06\/6.png\" alt=\"\" width=\"800\" height=\"527\" srcset=\"https:\/\/maihomedecor.com\/wp-content\/uploads\/2024\/06\/6.png 800w, https:\/\/maihomedecor.com\/wp-content\/uploads\/2024\/06\/6-300x198.png 300w, https:\/\/maihomedecor.com\/wp-content\/uploads\/2024\/06\/6-768x506.png 768w, https:\/\/maihomedecor.com\/wp-content\/uploads\/2024\/06\/6-400x264.png 400w\" sizes=\"(max-width: 800px) 100vw, 800px\" \/><\/a><\/p>\n<p><a href=\"https:\/\/maihomedecor.com\/wp-content\/uploads\/2024\/06\/3-1-1.png\"><img loading=\"lazy\" decoding=\"async\" class=\"aligncenter wp-image-2993 size-full\" src=\"https:\/\/maihomedecor.com\/wp-content\/uploads\/2024\/06\/3-1-1.png\" alt=\"\" width=\"800\" height=\"413\" srcset=\"https:\/\/maihomedecor.com\/wp-content\/uploads\/2024\/06\/3-1-1.png 800w, https:\/\/maihomedecor.com\/wp-content\/uploads\/2024\/06\/3-1-1-300x155.png 300w, https:\/\/maihomedecor.com\/wp-content\/uploads\/2024\/06\/3-1-1-768x396.png 768w, https:\/\/maihomedecor.com\/wp-content\/uploads\/2024\/06\/3-1-1-400x207.png 400w\" sizes=\"(max-width: 800px) 100vw, 800px\" \/><\/a><\/p>\n","protected":false},"excerpt":{"rendered":"<p>S\u1ea2N XU\u1ea4T THEO H\u1ee2P \u0110\u1ed2NG Mai Home D\u00e9cor c\u00f3 th\u1ec3 th\u1ef1c hi\u1ec7n S\u1ea3n xu\u1ea5t theo H\u1ee3p \u0111\u1ed3ng cho c\u00e1c Ch\u1ee7 s\u1edf h\u1eefu th\u01b0\u01a1ng hi\u1ec7u c\u00f3 n\u0103ng l\u1ef1c h\u1ea1n ch\u1ebf ho\u1eb7c kh\u00f4ng c\u00f3 n\u0103ng l\u1ef1c s\u1ea3n xu\u1ea5t \u0111\u1ed3 n\u1ed9i th\u1ea5t s\u01a1n m\u00e0i, \u0111\u00e8n s\u01a1n m\u00e0i ho\u1eb7c ph\u1ee5 ki\u1ec7n trang tr\u00ed nh\u00e0 b\u1eb1ng s\u01a1n m\u00e0i. Mai Home&#8230;<\/p>\n","protected":false},"author":2,"featured_media":0,"parent":0,"menu_order":0,"comment_status":"closed","ping_status":"closed","template":"","meta":{"footnotes":""},"acf":[],"_links":{"self":[{"href":"https:\/\/maihomedecor.com\/vi\/wp-json\/wp\/v2\/pages\/4023"}],"collection":[{"href":"https:\/\/maihomedecor.com\/vi\/wp-json\/wp\/v2\/pages"}],"about":[{"href":"https:\/\/maihomedecor.com\/vi\/wp-json\/wp\/v2\/types\/page"}],"author":[{"embeddable":true,"href":"https:\/\/maihomedecor.com\/vi\/wp-json\/wp\/v2\/users\/2"}],"replies":[{"embeddable":true,"href":"https:\/\/maihomedecor.com\/vi\/wp-json\/wp\/v2\/comments?post=4023"}],"version-history":[{"count":3,"href":"https:\/\/maihomedecor.com\/vi\/wp-json\/wp\/v2\/pages\/4023\/revisions"}],"predecessor-version":[{"id":4450,"href":"https:\/\/maihomedecor.com\/vi\/wp-json\/wp\/v2\/pages\/4023\/revisions\/4450"}],"wp:attachment":[{"href":"https:\/\/maihomedecor.com\/vi\/wp-json\/wp\/v2\/media?parent=4023"}],"curies":[{"name":"wp","href":"https:\/\/api.w.org\/{rel}","templated":true}]}}