{"id":4025,"date":"2024-06-20T01:23:23","date_gmt":"2024-06-19T17:23:23","guid":{"rendered":"https:\/\/maihomedecor.com\/phong-trung-bay\/"},"modified":"2024-10-12T09:13:11","modified_gmt":"2024-10-12T01:13:11","slug":"phong-trung-bay","status":"publish","type":"page","link":"https:\/\/maihomedecor.com\/vi\/phong-trung-bay\/","title":{"rendered":"PH\u00d2NG TR\u01afNG B\u00c0Y"},"content":{"rendered":"<p>B\u1ed9 s\u01b0u t\u1eadp \u0111\u1ed3 n\u1ed9i th\u1ea5t s\u01a1n m\u00e0i, \u0111\u00e8n s\u01a1n m\u00e0i, ph\u1ee5 ki\u1ec7n trang tr\u00ed nh\u00e0 c\u1eeda b\u1eb1ng s\u01a1n m\u00e0i v\u00e0 tranh s\u01a1n m\u00e0i c\u1ee7a ch\u00fang t\u00f4i \u0111\u01b0\u1ee3c tr\u01b0ng b\u00e0y t\u1ea1i c\u00e1c ph\u00f2ng tr\u01b0ng b\u00e0y \u1edf Vi\u1ec7t Nam.<br \/>\nNg\u01b0\u1eddi mua ti\u1ec1m n\u0103ng tr\u1ef1c tuy\u1ebfn c\u00f3 th\u1ec3 \u0111\u1ebfn m\u1ed9t trong nh\u1eefng ph\u00f2ng tr\u01b0ng b\u00e0y n\u00e0y \u0111\u1ec3 xem v\u00e0 ch\u1ea1m v\u00e0o c\u00e1c s\u1ea3n ph\u1ea9m s\u01a1n m\u00e0i c\u1ee7a ch\u00fang t\u00f4i tr\u01b0\u1edbc khi quy\u1ebft \u0111\u1ecbnh mua h\u00e0ng tr\u1ef1c tuy\u1ebfn.<br \/>\n\u0110\u1ed3 n\u1ed9i th\u1ea5t s\u01a1n m\u00e0i th\u01b0\u1eddng l\u00e0 m\u00f3n \u0111\u1ed3 mua s\u1eafm quan tr\u1ecdng. \u0110\u1ebfn th\u0103m ph\u00f2ng tr\u01b0ng b\u00e0y c\u1ee7a ch\u00fang t\u00f4i s\u1ebd gi\u00fap b\u1ea1n hi\u1ec3u \u0111\u01b0\u1ee3c tay ngh\u1ec1 th\u1ee7 c\u00f4ng ch\u1ea5t l\u01b0\u1ee3ng cao v\u00e0 thi\u1ebft k\u1ebf th\u1eddi trang c\u1ee7a ch\u00fang t\u00f4i tr\u01b0\u1edbc khi quy\u1ebft \u0111\u1ecbnh mua m\u1ed9t trong nh\u1eefng m\u00f3n \u0111\u1ed3 n\u1ed9i th\u1ea5t s\u01a1n m\u00e0i c\u1ee7a ch\u00fang t\u00f4i. Ch\u00fang t\u00f4i s\u1ebd t\u01b0 v\u1ea5n cho b\u1ea1n \u0111\u1ebfn showroom \u0111\u1ec3 xem s\u1ea3n ph\u1ea9m b\u1ea1n quan t\u00e2m. <strong>Trong chuy\u1ebfn th\u0103m n\u00e0y, ch\u00fang t\u00f4i c\u00f3 th\u1ec3 t\u01b0 v\u1ea5n cho b\u1ea1n v\u1ec1 m\u00e0u s\u1eafc v\u00e0 c\u00e1ch ho\u00e0n thi\u1ec7n t\u00f9y ch\u1ec9nh n\u1ebfu s\u1ea3n ph\u1ea9m c\u00f3 t\u00f9y ch\u1ecdn \u0111\u00f3.<\/strong><\/p>\n<p><span style=\"font-size: 100%;\"><strong>PH\u00d2NG TR\u01afNG B\u00c0Y #1<br \/>\n<\/strong><\/span><strong>Th\u00e0nh Ph\u1ed1 H\u1ed3 Ch\u00ed Minh, Vietnam<\/strong><br \/>\nPh\u00f2ng tr\u01b0ng b\u00e0y n\u00e0y t\u1ecda l\u1ea1c t\u1ea1i v\u1ecb tr\u00ed thu\u1eadn ti\u1ec7n \u1edf Qu\u1eadn 2, Th\u00e0nh ph\u1ed1 Th\u1ee7 \u0110\u1ee9c &#8211; Th\u00e0nh ph\u1ed1 H\u1ed3 Ch\u00ed Minh, Vi\u1ec7t Nam. N\u01a1i \u0111\u00e2y tr\u01b0ng b\u00e0y nhi\u1ec1u b\u1ed9 s\u01b0u t\u1eadp c\u1ee7a ch\u00fang t\u00f4i v\u00e0 gi\u1edbi thi\u1ec7u nh\u1eefng thi\u1ebft k\u1ebf th\u1eddi trang, s\u1ef1 ch\u00fa \u00fd \u0111\u1ebfn t\u1eebng chi ti\u1ebft v\u00e0 s\u1ef1 xu\u1ea5t s\u1eafc trong ngh\u1ec1 th\u1ee7 c\u00f4ng s\u01a1n m\u00e0i.<br \/>\n\u0110\u1ecba ch\u1ec9: C\u0103n h\u1ed9 s\u1ed1 1203, L\u00f4 4A, The Estella, 25 \u0110\u01b0\u1eddng Song H\u00e0nh, Ph\u01b0\u1eddng An Ph\u00fa, Qu\u1eadn 2, Th\u00e0nh ph\u1ed1 Th\u1ee7 \u0110\u1ee9c \u2013 Th\u00e0nh ph\u1ed1 H\u1ed3 Ch\u00ed Minh, Vi\u1ec7t Nam.<br \/>\nVui l\u00f2ng li\u00ean h\u1ec7 v\u1edbi ch\u00fang t\u00f4i \u0111\u1ec3 \u0111\u1eb7t l\u1ecbch h\u1eb9n \u00edt nh\u1ea5t 2 ng\u00e0y tr\u01b0\u1edbc ng\u00e0y d\u1ef1 \u0111\u1ecbnh \u0111\u1ebfn tham quan.<\/p>\n<p><a href=\"\/wp-content\/uploads\/2024\/06\/Picture5.png\"><img loading=\"lazy\" decoding=\"async\" class=\"aligncenter wp-image-2760 size-large\" src=\"\/wp-content\/uploads\/2024\/06\/Picture5-1024x683.png\" alt=\"\" width=\"720\" height=\"680\"><\/a><\/p>\n<p><strong>PH\u00d2NG TR\u01afNG B\u00c0Y #2<br \/>\nTh\u00e0nh Ph\u1ed1 Th\u1ee7 D\u1ea7u M\u1ed9t, T\u1ec9nh B\u00ecnh D\u01b0\u01a1ng, Vi\u1ec7t Nam<\/strong><br \/>\nPh\u00f2ng tr\u01b0ng b\u00e0y n\u00e0y n\u1eb1m t\u1ea1i nh\u00e0 m\u00e1y c\u1ee7a ch\u00fang t\u00f4i \u1edf T\u1ec9nh B\u00ecnh D\u01b0\u01a1ng, Vi\u1ec7t Nam. N\u01a1i n\u00e0y c\u00e1ch trung t\u00e2m th\u00e0nh ph\u1ed1 H\u1ed3 Ch\u00ed Minh 35 km v\u00e0 m\u1ea5t kho\u1ea3ng 85 ph\u00fat \u0111i b\u1eb1ng \u00f4 t\u00f4. N\u01a1i \u0111\u00e2y tr\u01b0ng b\u00e0y nhi\u1ec1u b\u1ed9 s\u01b0u t\u1eadp s\u1ea3n ph\u1ea9m s\u01a1n m\u00e0i c\u1ee7a ch\u00fang t\u00f4i.<br \/>\n\u0110\u1ecba ch\u1ec9 : C\u00f4ng ty TNHH B\u1ea3o \u0110\u0103ng, 1095\/18 \u0110\u1ea1i l\u1ed9 B\u00ecnh D\u01b0\u01a1ng, P. Hi\u1ec7p An, Th\u00e0nh ph\u1ed1 Th\u1ee7 D\u1ea7u M\u1ed9t, T\u1ec9nh B\u00ecnh D\u01b0\u01a1ng, Vi\u1ec7t Nam.<br \/>\nVui l\u00f2ng li\u00ean h\u1ec7 v\u1edbi ch\u00fang t\u00f4i \u0111\u1ec3 \u0111\u1eb7t l\u1ecbch h\u1eb9n \u00edt nh\u1ea5t 2 ng\u00e0y tr\u01b0\u1edbc ng\u00e0y d\u1ef1 \u0111\u1ecbnh \u0111\u1ebfn tham quan.<\/p>\n<p><a href=\"\/wp-content\/uploads\/2024\/06\/11.png\"><img loading=\"lazy\" decoding=\"async\" class=\"aligncenter wp-image-2762 size-full\" src=\"\/wp-content\/uploads\/2024\/06\/11.png\" alt=\"\" width=\"700\" height=\"281\"><\/a><\/p>\n","protected":false},"excerpt":{"rendered":"<p>B\u1ed9 s\u01b0u t\u1eadp \u0111\u1ed3 n\u1ed9i th\u1ea5t s\u01a1n m\u00e0i, \u0111\u00e8n s\u01a1n m\u00e0i, ph\u1ee5 ki\u1ec7n trang tr\u00ed nh\u00e0 c\u1eeda b\u1eb1ng s\u01a1n m\u00e0i v\u00e0 tranh s\u01a1n m\u00e0i c\u1ee7a ch\u00fang t\u00f4i \u0111\u01b0\u1ee3c tr\u01b0ng b\u00e0y t\u1ea1i c\u00e1c ph\u00f2ng tr\u01b0ng b\u00e0y \u1edf Vi\u1ec7t Nam. Ng\u01b0\u1eddi mua ti\u1ec1m n\u0103ng tr\u1ef1c tuy\u1ebfn c\u00f3 th\u1ec3 \u0111\u1ebfn m\u1ed9t trong nh\u1eefng ph\u00f2ng tr\u01b0ng b\u00e0y n\u00e0y \u0111\u1ec3&#8230;<\/p>\n","protected":false},"author":2,"featured_media":0,"parent":0,"menu_order":0,"comment_status":"closed","ping_status":"closed","template":"","meta":{"footnotes":""},"acf":[],"_links":{"self":[{"href":"https:\/\/maihomedecor.com\/vi\/wp-json\/wp\/v2\/pages\/4025"}],"collection":[{"href":"https:\/\/maihomedecor.com\/vi\/wp-json\/wp\/v2\/pages"}],"about":[{"href":"https:\/\/maihomedecor.com\/vi\/wp-json\/wp\/v2\/types\/page"}],"author":[{"embeddable":true,"href":"https:\/\/maihomedecor.com\/vi\/wp-json\/wp\/v2\/users\/2"}],"replies":[{"embeddable":true,"href":"https:\/\/maihomedecor.com\/vi\/wp-json\/wp\/v2\/comments?post=4025"}],"version-history":[{"count":9,"href":"https:\/\/maihomedecor.com\/vi\/wp-json\/wp\/v2\/pages\/4025\/revisions"}],"predecessor-version":[{"id":4452,"href":"https:\/\/maihomedecor.com\/vi\/wp-json\/wp\/v2\/pages\/4025\/revisions\/4452"}],"wp:attachment":[{"href":"https:\/\/maihomedecor.com\/vi\/wp-json\/wp\/v2\/media?parent=4025"}],"curies":[{"name":"wp","href":"https:\/\/api.w.org\/{rel}","templated":true}]}}