{"id":472,"date":"2023-02-24T15:10:37","date_gmt":"2023-02-24T07:10:37","guid":{"rendered":"https:\/\/demo1.winnet.com.vn\/ve-chung-toi\/"},"modified":"2025-05-23T16:05:49","modified_gmt":"2025-05-23T08:05:49","slug":"about-us","status":"publish","type":"page","link":"https:\/\/maihomedecor.com\/vi\/about-us\/","title":{"rendered":"V\u1ec1 ch\u00fang t\u00f4i"},"content":{"rendered":"  <div id=\"page-header-136887325\" class=\"page-header-wrapper\">\n  <div class=\"page-title dark featured-title has-parallax\">\n\n        <div class=\"page-title-bg\">\n      <div class=\"title-bg fill bg-fill\"\n        data-parallax-container=\".page-title\"\n        data-parallax-background\n        data-parallax=\"-5\">\n      <\/div>\n      <div class=\"title-overlay fill\"><\/div>\n    <\/div>\n    \n    <div class=\"page-title-inner container align-center text-center flex-row-col medium-flex-wrap\" >\n              <div class=\"title-wrapper uppercase flex-col\">\n          <h1 class=\"entry-title mb-0\">\n            V\u1ec1 ch\u00fang t\u00f4i          <\/h1>\n        <\/div>\n                    <div class=\"title-content flex-col\">\n              <\/div>\n    <\/div>\n\n     \n<style>\n#page-header-136887325 .page-title-inner {\n  min-height: 650px;\n}\n#page-header-136887325 .title-bg {\n  background-image: url(https:\/\/maihomedecor.com\/wp-content\/uploads\/2023\/03\/wQor9cJw.jpeg);\n}\n<\/style>\n  <\/div>\n    <\/div>\n  \n\t<section class=\"section\" id=\"section_1405358509\">\n\t\t<div class=\"bg section-bg fill bg-fill  bg-loaded\" >\n\n\t\t\t\n\t\t\t\n\t\t\t\n\n\t\t<\/div>\n\n\t\t\n\n\t\t<div class=\"section-content relative\">\n\t\t\t\n<div class=\"row align-middle align-center\"  id=\"row-1727918245\">\n\n\t<div id=\"col-401877174\" class=\"col medium-8 small-12 large-8\"  >\n\t\t\t\t<div class=\"col-inner\"  >\n\t\t\t\n\t\t\t\n<h2><span style=\"font-family: Book Antiqua, Palatino;\">GI\u1edaI THI\u1ec6U<br \/>\n<\/span><\/h2>\n<p>Mai Home D\u00e9cor l\u00e0 m\u1ed9t c\u00f4ng ty \u0111\u1ed9c \u0111\u00e1o t\u1eadp trung v\u00e0o vi\u1ec7c s\u00e1ng t\u1ea1o, s\u1ea3n xu\u1ea5t v\u00e0 b\u00e1n \u0111\u1ed3 n\u1ed9i th\u1ea5t s\u01a1n m\u00e0i sang tr\u1ecdng v\u00e0 s\u00e1ng t\u1ea1o, \u0111\u00e8n s\u01a1n m\u00e0i, khay s\u01a1n m\u00e0i, h\u1ed9p s\u01a1n m\u00e0i v\u00e0 ph\u1ee5 ki\u1ec7n trang tr\u00ed nh\u00e0 b\u1eb1ng s\u01a1n m\u00e0i. C\u00f4ng ty \u0111\u01b0\u1ee3c th\u00e0nh l\u1eadp v\u00e0o n\u0103m 2013 t\u1ea1i Singapore b\u1edfi hai v\u1ee3 ch\u1ed3ng ng\u01b0\u1eddi Ph\u00e1p \u0111\u00e3 sinh s\u1ed1ng t\u1ea1i Ch\u00e2u \u00c1 h\u01a1n 25 n\u0103m.<br \/>\nB\u1ed9 s\u01b0u t\u1eadp \u0111\u1ea7u ti\u00ean c\u1ee7a Mai Home Decor l\u00e0 \u0111\u00e8n b\u00e0n s\u01a1n m\u00e0i trang tr\u00ed v\u00e0 \u0111\u00e8n s\u00e0n s\u01a1n m\u00e0i d\u1ef1a tr\u00ean thi\u1ebft k\u1ebf s\u00e1ng t\u1ea1o v\u00e0 tay ngh\u1ec1 th\u1ee7 c\u00f4ng s\u01a1n m\u00e0i ho\u00e0n h\u1ea3o: ngay l\u1eadp t\u1ee9c \u0111\u00e3 \u0111\u1ea1t \u0111\u01b0\u1ee3c th\u00e0nh c\u00f4ng vang d\u1ed9i. Ch\u00fang t\u00f4i kh\u00f4ng ng\u1eebng m\u1edf r\u1ed9ng danh m\u1ee5c s\u1ea3n ph\u1ea9m c\u1ee7a m\u00ecnh v\u00e0 hi\u1ec7n nay b\u1ed9 s\u01b0u t\u1eadp \u0111\u00e8n c\u1ee7a ch\u00fang t\u00f4i bao g\u1ed3m h\u01a1n 60 \u0111\u00e8n b\u00e0n s\u01a1n m\u00e0i v\u00e0 \u0111\u00e8n s\u00e0n s\u01a1n m\u00e0i tuy\u1ec7t \u0111\u1eb9p.<\/p>\n<p><a href=\"https:\/\/maihomedecor.com\/wp-content\/uploads\/2024\/06\/oo.png\"><img loading=\"lazy\" decoding=\"async\" class=\"aligncenter wp-image-3023 size-large\" src=\"https:\/\/maihomedecor.com\/wp-content\/uploads\/2024\/06\/oo-1024x424.png\" alt=\"\" width=\"1020\" height=\"422\" srcset=\"https:\/\/maihomedecor.com\/wp-content\/uploads\/2024\/06\/oo-1024x424.png 1024w, https:\/\/maihomedecor.com\/wp-content\/uploads\/2024\/06\/oo-300x124.png 300w, https:\/\/maihomedecor.com\/wp-content\/uploads\/2024\/06\/oo-768x318.png 768w, https:\/\/maihomedecor.com\/wp-content\/uploads\/2024\/06\/oo-400x166.png 400w, https:\/\/maihomedecor.com\/wp-content\/uploads\/2024\/06\/oo-800x331.png 800w, https:\/\/maihomedecor.com\/wp-content\/uploads\/2024\/06\/oo.png 1280w\" sizes=\"(max-width: 1020px) 100vw, 1020px\" \/><\/a><\/p>\n<p>V\u00e0o n\u0103m 2016, d\u1ef1a tr\u00ean n\u1ec1n t\u1ea3ng \u0111\u00e8n s\u01a1n m\u00e0i th\u00e0nh c\u00f4ng, ch\u00fang t\u00f4i \u0111\u00e3 th\u00e0nh c\u00f4ng trong vi\u1ec7c th\u00e2m nh\u1eadp v\u00e0o l\u0129nh v\u1ef1c \u0111\u1ed3 n\u1ed9i th\u1ea5t s\u01a1n m\u00e0i cao c\u1ea5p. Ng\u00e0y nay, Mai Home D\u00e9cor t\u1ef1 h\u00e0o s\u1edf h\u1eefu b\u1ed9 s\u01b0u t\u1eadp l\u1edbn g\u1ed3m h\u01a1n 120 s\u1ea3n ph\u1ea9m n\u1ed9i th\u1ea5t s\u01a1n m\u00e0i cao c\u1ea5p, bao g\u1ed3m t\u1ee7 qu\u1ea7y bar s\u01a1n m\u00e0i, t\u1ee7 ph\u1ee5 s\u01a1n m\u00e0i, t\u1ee7 tivi s\u01a1n m\u00e0i, t\u1ee7 \u0111\u1ea7u gi\u01b0\u1eddng s\u01a1n m\u00e0i, t\u1ee7 ng\u0103n k\u00e9o s\u01a1n m\u00e0i, b\u00e0n \u0103n s\u01a1n m\u00e0i, gh\u1ebf \u0103n s\u01a1n m\u00e0i, b\u00e0n console s\u01a1n m\u00e0i, b\u00e0n c\u00e0 ph\u00ea s\u01a1n m\u00e0i, b\u00e0n ph\u1ee5 s\u01a1n m\u00e0i, v.v.<\/p>\n<table style=\"border-collapse: collapse; width: 100%;\">\n<tbody>\n<tr>\n<td style=\"width: 50%;\"><a href=\"\/wp-content\/uploads\/2024\/05\/2-1.jpg\"><img loading=\"lazy\" decoding=\"async\" class=\"aligncenter size-medium wp-image-2377\" src=\"\/wp-content\/uploads\/2024\/05\/2-1-300x300.jpg\" alt=\"\" width=\"300\" height=\"300\" srcset=\"https:\/\/maihomedecor.com\/wp-content\/uploads\/2024\/05\/2-1-300x300.jpg 300w, https:\/\/maihomedecor.com\/wp-content\/uploads\/2024\/05\/2-1-150x150.jpg 150w, https:\/\/maihomedecor.com\/wp-content\/uploads\/2024\/05\/2-1-400x400.jpg 400w, https:\/\/maihomedecor.com\/wp-content\/uploads\/2024\/05\/2-1-100x100.jpg 100w, https:\/\/maihomedecor.com\/wp-content\/uploads\/2024\/05\/2-1.jpg 600w\" sizes=\"(max-width: 300px) 100vw, 300px\" \/><\/a><\/td>\n<td style=\"width: 50%;\"><a href=\"\/wp-content\/uploads\/2024\/05\/A1-12.jpg\"><img loading=\"lazy\" decoding=\"async\" class=\"aligncenter size-medium wp-image-2463\" src=\"\/wp-content\/uploads\/2024\/05\/A1-12-300x300.jpg\" alt=\"\" width=\"300\" height=\"300\" srcset=\"https:\/\/maihomedecor.com\/wp-content\/uploads\/2024\/05\/A1-12-300x300.jpg 300w, https:\/\/maihomedecor.com\/wp-content\/uploads\/2024\/05\/A1-12-150x150.jpg 150w, https:\/\/maihomedecor.com\/wp-content\/uploads\/2024\/05\/A1-12-400x400.jpg 400w, https:\/\/maihomedecor.com\/wp-content\/uploads\/2024\/05\/A1-12-100x100.jpg 100w, https:\/\/maihomedecor.com\/wp-content\/uploads\/2024\/05\/A1-12.jpg 600w\" sizes=\"(max-width: 300px) 100vw, 300px\" \/><\/a><\/td>\n<\/tr>\n<\/tbody>\n<\/table>\n<p>V\u00e0o n\u0103m 2019, ch\u00fang t\u00f4i m\u1edf r\u1ed9ng sang l\u0129nh v\u1ef1c ph\u1ee5 ki\u1ec7n trang tr\u00ed n\u1ed9i th\u1ea5t. Hi\u1ec7n t\u1ea1i, ch\u00fang t\u00f4i c\u00f3 b\u1ed9 s\u01b0u t\u1eadp h\u01a1n 100 ph\u1ee5 ki\u1ec7n trang tr\u00ed nh\u00e0 b\u1eb1ng s\u01a1n m\u00e0i th\u1eddi trang v\u00e0 s\u00e1ng t\u1ea1o, bao g\u1ed3m khay s\u01a1n m\u00e0i, h\u1ed9p s\u01a1n m\u00e0i, h\u1ed9p \u0111\u1ef1ng \u0111\u1ed3 trang s\u1ee9c s\u01a1n m\u00e0i, khung \u1ea3nh s\u01a1n m\u00e0i v\u00e0 tranh s\u01a1n m\u00e0i.<\/p>\n<p><a href=\"https:\/\/maihomedecor.com\/wp-content\/uploads\/2024\/06\/0.png\"><img loading=\"lazy\" decoding=\"async\" class=\"wp-image-3005 size-full aligncenter\" src=\"https:\/\/maihomedecor.com\/wp-content\/uploads\/2024\/06\/0.png\" alt=\"\" width=\"1280\" height=\"248\" srcset=\"https:\/\/maihomedecor.com\/wp-content\/uploads\/2024\/06\/0.png 1280w, https:\/\/maihomedecor.com\/wp-content\/uploads\/2024\/06\/0-300x58.png 300w, https:\/\/maihomedecor.com\/wp-content\/uploads\/2024\/06\/0-1024x198.png 1024w, https:\/\/maihomedecor.com\/wp-content\/uploads\/2024\/06\/0-768x149.png 768w, https:\/\/maihomedecor.com\/wp-content\/uploads\/2024\/06\/0-400x78.png 400w, https:\/\/maihomedecor.com\/wp-content\/uploads\/2024\/06\/0-800x155.png 800w\" sizes=\"(max-width: 1280px) 100vw, 1280px\" \/><\/a><\/p>\n<h2><span style=\"font-family: Book Antiqua, Palatino;\">TH\u1eca TR\u01af\u1edcNG C\u1ee6A CH\u00daNG T\u00d4I<\/span><\/h2>\n<p>Ca\u0301c sa\u0309n ph\u00e2\u0309m cu\u0309a chu\u0301ng t\u00f4i hi\u00ea\u0323n \u0111ang co\u0301 m\u0103\u0323t kh\u0103\u0301p ca\u0301c qu\u00f4\u0301c gia, t\u00e2\u0323p trung chu\u0309 y\u00ea\u0301u \u01a1\u0309 ca\u0301c thi\u0323 tr\u01b0\u01a1\u0300ng Anh, Canada, Ch\u00e2u \u00c2u, \u0110\u00f4ng Nam A\u0301, My\u0303, va\u0300 Trung \u0110\u00f4ng.<\/p>\n<p><a href=\"\/wp-content\/uploads\/2024\/06\/Picture6.png\"><img loading=\"lazy\" decoding=\"async\" class=\"aligncenter wp-image-2719 size-full\" src=\"\/wp-content\/uploads\/2024\/06\/Picture6.png\" alt=\"\" width=\"771\" height=\"439\" srcset=\"https:\/\/maihomedecor.com\/wp-content\/uploads\/2024\/06\/Picture6.png 771w, https:\/\/maihomedecor.com\/wp-content\/uploads\/2024\/06\/Picture6-300x171.png 300w, https:\/\/maihomedecor.com\/wp-content\/uploads\/2024\/06\/Picture6-768x437.png 768w, https:\/\/maihomedecor.com\/wp-content\/uploads\/2024\/06\/Picture6-400x228.png 400w\" sizes=\"(max-width: 771px) 100vw, 771px\" \/><\/a><\/p>\n<h2><span style=\"font-family: Book Antiqua, Palatino;\">TR\u1eccNG T\u00c2M THI\u1ebeT K\u1ebe C\u1ee6A CH\u00daNG T\u00d4I<\/span><\/h2>\n<p>Tr\u1ecdng t\u00e2m thi\u1ebft k\u1ebf c\u1ee7a ch\u00fang t\u00f4i l\u00e0 t\u1ea1o ra c\u00e1c s\u1ea3n ph\u1ea9m h\u1ed7n h\u1ee3p s\u00e1ng t\u1ea1o v\u1edbi l\u1edbp ho\u00e0n thi\u1ec7n c\u1ed1t l\u00f5i l\u00e0 s\u01a1n m\u00e0i. Ch\u00fang t\u00f4i n\u1ed7 l\u1ef1c k\u1ebft h\u1ee3p c\u00e1c chi ti\u1ebft trang tr\u00ed b\u1eb1ng kim lo\u1ea1i nh\u01b0 \u0111\u1ed3ng thau, th\u00e9p kh\u00f4ng g\u1ec9 \u0111\u00e1nh b\u00f3ng, nh\u00f4m v\u00e0 crom v\u00e0o c\u00e1c s\u1ea3n ph\u1ea9m s\u01a1n m\u00e0i sang tr\u1ecdng c\u1ee7a m\u00ecnh. Vi\u1ec7c t\u00edch h\u1ee3p kim lo\u1ea1i v\u00e0o s\u01a1n m\u00e0i \u0111\u00f2i h\u1ecfi ph\u1ea3i th\u00e0nh th\u1ea1o c\u00e1c k\u1ef9 thu\u1eadt kh\u00f3 v\u00e0 s\u1ef1 xu\u1ea5t s\u1eafc trong s\u1ea3n xu\u1ea5t th\u1ee7 c\u00f4ng.<br \/>\nCh\u00fang t\u00f4i c\u0169ng l\u00e0m vi\u1ec7c v\u1edbi nhi\u1ec1u v\u1eadt li\u1ec7u v\u00e0 l\u1edbp ho\u00e0n thi\u1ec7n cao c\u1ea5p kh\u00e1c, ch\u1eb3ng h\u1ea1n nh\u01b0 l\u00e1 b\u1ea1c, v\u1ecf tr\u1ee9ng, da, x\u00e0 c\u1eeb, da c\u00e1 \u0111u\u1ed1i gi\u1ea3, da c\u00e1 s\u1ea5u gi\u1ea3, v.v. m\u00e0 ch\u00fang t\u00f4i k\u1ebft h\u1ee3p v\u00e0o s\u01a1n m\u00e0i \u0111\u1ec3 t\u1ea1o ra \u0111\u1ed3 n\u1ed9i th\u1ea5t v\u00e0 ph\u1ee5 ki\u1ec7n trang tr\u00ed nh\u00e0 c\u1eeda k\u1ebft h\u1ee3p nhi\u1ec1u ch\u1ea5t li\u1ec7u s\u00e1ng t\u1ea1o.<\/p>\n<p><a href=\"\/wp-content\/uploads\/2024\/06\/B-38-400x400o.png\"><img loading=\"lazy\" decoding=\"async\" class=\"aligncenter wp-image-2942 size-full\" src=\"\/wp-content\/uploads\/2024\/06\/B-38-400x400o.png\" alt=\"\" width=\"588\" height=\"400\" srcset=\"https:\/\/maihomedecor.com\/wp-content\/uploads\/2024\/06\/B-38-400x400o.png 588w, https:\/\/maihomedecor.com\/wp-content\/uploads\/2024\/06\/B-38-400x400o-300x204.png 300w, https:\/\/maihomedecor.com\/wp-content\/uploads\/2024\/06\/B-38-400x400o-400x272.png 400w\" sizes=\"(max-width: 588px) 100vw, 588px\" \/><\/a><\/p>\n<h2><span style=\"font-family: Book Antiqua, Palatino;\">X\u01af\u01a0\u0309NG S\u1ea2N XU\u1ea4T C\u1ee6A CH\u00daNG T\u00d4I TA\u0323I VI\u00ca\u0323T NAM<\/span><\/h2>\n<p>S\u1ea3n ph\u1ea9m s\u01a1n m\u00e0i c\u1ee7a ch\u00fang t\u00f4i ho\u00e0n to\u00e0n \u0111\u01b0\u1ee3c l\u00e0m th\u1ee7 c\u00f4ng b\u1edfi nh\u1eefng ngh\u1ec7 nh\u00e2n s\u01a1n m\u00e0i l\u00e0nh ngh\u1ec1 t\u1ea1i nh\u00e0 m\u00e1y c\u1ee7a ch\u00fang t\u00f4i t\u1ea1i Vi\u1ec7t Nam, C\u00f4ng ty TNHH B\u1ea3o \u0110\u0103ng.<br \/>\nB\u1ea3o \u0110\u0103ng, \u0111\u01b0\u1ee3c th\u00e0nh l\u1eadp b\u1edfi c\u00f9ng ch\u1ee7 s\u1edf h\u1eefu v\u1edbi Mai Home D\u00e9cor, \u0111\u01b0\u1ee3c th\u00e0nh l\u1eadp v\u00e0o n\u0103m 2008 t\u1ea1i Th\u00e0nh ph\u1ed1 H\u1ed3 Ch\u00ed Minh v\u00e0 l\u00e0 ti\u1ec1n th\u00e2n c\u1ee7a doanh nghi\u1ec7p \u0111\u00e8n s\u01a1n m\u00e0i c\u1ee7a ch\u00fang t\u00f4i.<br \/>\nNg\u00e0y nay, B\u1ea3o \u0110\u0103ng s\u1ea3n xu\u1ea5t \u0111\u1ed9c quy\u1ec1n cho Mai Home D\u00e9cor nh\u01b0 m\u1ed9t ph\u1ea7n c\u1ee7a doanh nghi\u1ec7p gia \u0111\u00ecnh. \u0110\u00e2y l\u00e0 m\u1ed9t nh\u00e0 m\u00e1y s\u01a1n m\u00e0i chuy\u00ean s\u1ea3n xu\u1ea5t m\u1ed9t s\u1ed1 lo\u1ea1i \u0111\u00e8n s\u01a1n m\u00e0i ph\u1ee9c t\u1ea1p v\u00e0 tinh x\u1ea3o nh\u1ea5t, \u0111\u1ed3 n\u1ed9i th\u1ea5t s\u01a1n m\u00e0i, ph\u1ee5 ki\u1ec7n trang tr\u00ed nh\u00e0 c\u1eeda s\u01a1n m\u00e0i v\u00e0 c\u00e1c s\u1ea3n ph\u1ea9m h\u1ed7n h\u1ee3p \u0111\u01b0\u1ee3c ho\u00e0n thi\u1ec7n b\u1eb1ng s\u01a1n m\u00e0i.<\/p>\n<p><a href=\"\/wp-content\/uploads\/2024\/06\/Picture7.png\"><img loading=\"lazy\" decoding=\"async\" class=\"aligncenter wp-image-2721 size-full\" src=\"\/wp-content\/uploads\/2024\/06\/Picture7.png\" alt=\"\" width=\"907\" height=\"447\" srcset=\"https:\/\/maihomedecor.com\/wp-content\/uploads\/2024\/06\/Picture7.png 907w, https:\/\/maihomedecor.com\/wp-content\/uploads\/2024\/06\/Picture7-300x148.png 300w, https:\/\/maihomedecor.com\/wp-content\/uploads\/2024\/06\/Picture7-768x378.png 768w, https:\/\/maihomedecor.com\/wp-content\/uploads\/2024\/06\/Picture7-400x197.png 400w, https:\/\/maihomedecor.com\/wp-content\/uploads\/2024\/06\/Picture7-800x394.png 800w\" sizes=\"(max-width: 907px) 100vw, 907px\" \/><\/a><\/p>\n<p>Nh\u00e0 m\u00e1y \u0111\u1eb7t t\u1ea1i t\u1ec9nh B\u00ecnh D\u01b0\u01a1ng, c\u00e1ch th\u00e0nh ph\u1ed1 H\u1ed3 Ch\u00ed Minh 30 km, ngay c\u1ea1nh l\u00e0ng ngh\u1ec1 th\u1ee7 c\u00f4ng m\u1ef9 ngh\u1ec7 truy\u1ec1n th\u1ed1ng S\u00e0i G\u00f2n. V\u1ecb tr\u00ed chi\u1ebfn l\u01b0\u1ee3c n\u00e0y gi\u00fap B\u1ea3o \u0110\u0103ng khai th\u00e1c \u0111\u01b0\u1ee3c ngu\u1ed3n nh\u00e2n l\u1ef1c s\u01a1n m\u00e0i l\u00e0nh ngh\u1ec1 l\u1edbn v\u00e0 g\u1ea7n \u0111\u00f3.<br \/>\nNh\u00e0 m\u00e1y c\u00f3 di\u1ec7n t\u00edch m\u1eb7t b\u1eb1ng s\u1ea3n xu\u1ea5t kho\u1ea3ng 3.000 m2. B\u1ed1n x\u01b0\u1edfng c\u1ed1t l\u00f5i, c\u1ee5 th\u1ec3 l\u00e0 Th\u1ee3 m\u1ed9c, Th\u1ee3 kim lo\u1ea1i, Th\u1ee3 s\u01a1n m\u00e0i v\u00e0 Th\u1ee3 ho\u00e0n thi\u1ec7n \u0111\u1eb7c bi\u1ec7t, ph\u1ed1i h\u1ee3p nh\u1ecbp nh\u00e0ng v\u1edbi nhau \u0111\u1ec3 s\u1ea3n xu\u1ea5t m\u1ed9t s\u1ed1 \u0111\u1ed3 n\u1ed9i th\u1ea5t s\u01a1n m\u00e0i v\u00e0 \u0111\u1ed3 d\u00f9ng s\u01a1n m\u00e0i ch\u1ea5t l\u01b0\u1ee3ng cao nh\u1ea5t.<\/p>\n\n<h2 style=\"text-align: center;\"><span style=\"font-family: bell-mt;\" data-text-color=\"primary\">B\u00e2\u0301m va\u0300o \u0111\u00e2y \u0111\u00ea\u0309 ti\u0300m hi\u00ea\u0309u v\u00ea\u0300 chu\u0301ng t\u00f4i!<\/span><\/h2>\n<p><iframe class=\"fp-iframe\" style=\"border: 1px solid lightgray; width: 100%; height: 400px;\" src=\"https:\/\/heyzine.com\/flip-book\/d4d5c8569e.html\" scrolling=\"no\" allowfullscreen=\"allowfullscreen\"><\/iframe><\/p>\n\n\t\t<\/div>\n\t\t\t\t\t<\/div>\n\n\t\n<\/div>\n\t\t<\/div>\n\n\t\t\n<style>\n#section_1405358509 {\n  padding-top: 60px;\n  padding-bottom: 60px;\n}\n#section_1405358509 .ux-shape-divider--top svg {\n  height: 150px;\n  --divider-top-width: 100%;\n}\n#section_1405358509 .ux-shape-divider--bottom svg {\n  height: 150px;\n  --divider-width: 100%;\n}\n<\/style>\n\t<\/section>\n\t\n","protected":false},"excerpt":{"rendered":"","protected":false},"author":2,"featured_media":0,"parent":0,"menu_order":0,"comment_status":"closed","ping_status":"closed","template":"page-blank.php","meta":{"footnotes":""},"acf":[],"_links":{"self":[{"href":"https:\/\/maihomedecor.com\/vi\/wp-json\/wp\/v2\/pages\/472"}],"collection":[{"href":"https:\/\/maihomedecor.com\/vi\/wp-json\/wp\/v2\/pages"}],"about":[{"href":"https:\/\/maihomedecor.com\/vi\/wp-json\/wp\/v2\/types\/page"}],"author":[{"embeddable":true,"href":"https:\/\/maihomedecor.com\/vi\/wp-json\/wp\/v2\/users\/2"}],"replies":[{"embeddable":true,"href":"https:\/\/maihomedecor.com\/vi\/wp-json\/wp\/v2\/comments?post=472"}],"version-history":[{"count":61,"href":"https:\/\/maihomedecor.com\/vi\/wp-json\/wp\/v2\/pages\/472\/revisions"}],"predecessor-version":[{"id":4939,"href":"https:\/\/maihomedecor.com\/vi\/wp-json\/wp\/v2\/pages\/472\/revisions\/4939"}],"wp:attachment":[{"href":"https:\/\/maihomedecor.com\/vi\/wp-json\/wp\/v2\/media?parent=472"}],"curies":[{"name":"wp","href":"https:\/\/api.w.org\/{rel}","templated":true}]}}