{"id":490,"date":"2023-02-25T07:18:28","date_gmt":"2023-02-24T23:18:28","guid":{"rendered":"https:\/\/demo1.winnet.com.vn\/thong-tin-dat-hang\/"},"modified":"2024-11-28T17:06:07","modified_gmt":"2024-11-28T09:06:07","slug":"thong-tin-dat-hang","status":"publish","type":"page","link":"https:\/\/maihomedecor.com\/vi\/thong-tin-dat-hang\/","title":{"rendered":"Th\u00f4ng tin \u0111\u1eb7t h\u00e0ng"},"content":{"rendered":"  <div id=\"page-header-1982769759\" class=\"page-header-wrapper\">\n  <div class=\"page-title dark featured-title\">\n\n        <div class=\"page-title-bg\">\n      <div class=\"title-bg fill bg-fill\"\n        data-parallax-container=\".page-title\"\n        data-parallax-background\n        data-parallax=\"-\">\n      <\/div>\n      <div class=\"title-overlay fill\"><\/div>\n    <\/div>\n    \n    <div class=\"page-title-inner container align-center text-center flex-row-col medium-flex-wrap\" >\n              <div class=\"title-wrapper uppercase flex-col\">\n          <h1 class=\"entry-title mb-0\">\n            Th\u00f4ng tin \u0111\u1eb7t h\u00e0ng          <\/h1>\n        <\/div>\n                    <div class=\"title-content flex-col\">\n              <\/div>\n    <\/div>\n\n     \n<style>\n#page-header-1982769759 .page-title-inner {\n  min-height: 600px;\n}\n#page-header-1982769759 .title-bg {\n  background-image: url(https:\/\/maihomedecor.com\/wp-content\/uploads\/2023\/02\/Contact_Us_Option2_1296x.webp);\n}\n#page-header-1982769759 .title-overlay {\n  background-color: rgba(0, 0, 0, 0.209);\n}\n<\/style>\n  <\/div>\n    <\/div>\n  \n<div class=\"row\"  id=\"row-520160669\">\n\n\t<div id=\"col-1085737269\" class=\"col small-12 large-12\"  >\n\t\t\t\t<div class=\"col-inner\"  >\n\t\t\t\n\t\t\t\n<p>Ch\u00fang t\u00f4i kh\u00f4ng l\u01b0u tr\u1eef s\u1ea3n ph\u1ea9m m\u00e0 b\u1ea1n quan t\u00e2m. Vui l\u00f2ng li\u00ean h\u1ec7 v\u1edbi ch\u00fang t\u00f4i \u0111\u1ec3 th\u1ea3o lu\u1eadn\u00a0 v\u00e0 \u0111\u1ea3m b\u1ea3o ch\u00fang t\u00f4i c\u00f3 th\u1ec3 \u0111\u00e1p \u1ee9ng nhu c\u1ea7u c\u1ee7a b\u1ea1n. N\u1ebfu v\u1eady, sau khi x\u00e1c nh\u1eadn \u0111\u01a1n h\u00e0ng,\u00a0 s\u1ea3n ph\u1ea9m s\u1ebd \u0111\u01b0\u1ee3c s\u1ea3n xu\u1ea5t theo \u0111\u01a1n \u0111\u1eb7t h\u00e0ng. Ch\u00fang t\u00f4i s\u1ebd t\u01b0 v\u1ea5n xem m\u00e0u s\u1eafc v\u00e0\/ho\u1eb7c\u00a0l\u1edbp ho\u00e0n thi\u1ec7n c\u00f3 s\u1eb3n cho s\u1ea3n ph\u1ea9m hay kh\u00f4ng<\/p>\n\t\t<\/div>\n\t\t\t\t\t<\/div>\n\n\t\n<\/div>\n\n<div class=\"wpcf7 no-js\" id=\"wpcf7-f20-o1\" lang=\"vi\" dir=\"ltr\">\n<div class=\"screen-reader-response\"><p role=\"status\" aria-live=\"polite\" aria-atomic=\"true\"><\/p> <ul><\/ul><\/div>\n<form action=\"\/vi\/wp-json\/wp\/v2\/pages\/490#wpcf7-f20-o1\" method=\"post\" class=\"wpcf7-form init\" aria-label=\"Contact form\" novalidate=\"novalidate\" data-status=\"init\">\n<div style=\"display: none;\">\n<input type=\"hidden\" name=\"_wpcf7\" value=\"20\" \/>\n<input type=\"hidden\" name=\"_wpcf7_version\" value=\"5.7.4\" \/>\n<input type=\"hidden\" name=\"_wpcf7_locale\" value=\"vi\" \/>\n<input type=\"hidden\" name=\"_wpcf7_unit_tag\" value=\"wpcf7-f20-o1\" \/>\n<input type=\"hidden\" name=\"_wpcf7_container_post\" value=\"0\" \/>\n<input type=\"hidden\" name=\"_wpcf7_posted_data_hash\" value=\"\" \/>\n<\/div>\n<div class=\"row\">\n\t<div class=\"col medium-6 small-12 large-6\">\n\t\t<p><label> H\u1ecc*<br \/>\n<span class=\"wpcf7-form-control-wrap\" data-name=\"first-name\"><input size=\"40\" class=\"wpcf7-form-control wpcf7-text wpcf7-validates-as-required\" aria-required=\"true\" aria-invalid=\"false\" value=\"\" type=\"text\" name=\"first-name\" \/><\/span> <\/label>\n\t\t<\/p>\n\t<\/div>\n\t<div class=\"col medium-6 small-12 large-6\">\n\t\t<p><label> T\u00caN*<br \/>\n<span class=\"wpcf7-form-control-wrap\" data-name=\"last-name\"><input size=\"40\" class=\"wpcf7-form-control wpcf7-text wpcf7-validates-as-required\" aria-required=\"true\" aria-invalid=\"false\" value=\"\" type=\"text\" name=\"last-name\" \/><\/span> <\/label>\n\t\t<\/p>\n\t<\/div>\n\t<div class=\"col medium-6 small-12 large-6\">\n\t\t<p><label> EMAIL*<br \/>\n<span class=\"wpcf7-form-control-wrap\" data-name=\"email\"><input size=\"40\" class=\"wpcf7-form-control wpcf7-text wpcf7-email wpcf7-validates-as-required wpcf7-validates-as-email\" aria-required=\"true\" aria-invalid=\"false\" value=\"\" type=\"email\" name=\"email\" \/><\/span> <\/label>\n\t\t<\/p>\n\t<\/div>\n\t<div class=\"col medium-6 small-12 large-6\">\n\t\t<p><label> T\u00caN S\u1ea2N PH\u1ea8M*<br \/>\n<span class=\"wpcf7-form-control-wrap\" data-name=\"ten_sp\"><input size=\"40\" class=\"wpcf7-form-control wpcf7-text wpcf7-validates-as-required\" aria-required=\"true\" aria-invalid=\"false\" value=\"\" type=\"text\" name=\"ten_sp\" \/><\/span> <\/label>\n\t\t<\/p>\n\t<\/div>\n\t<div class=\"col large-12\">\n\t\t<p><label> TIN NH\u1eaeN*<br \/>\n<span class=\"wpcf7-form-control-wrap\" data-name=\"loi-nhan\"><textarea cols=\"40\" rows=\"10\" class=\"wpcf7-form-control wpcf7-textarea wpcf7-validates-as-required\" aria-required=\"true\" aria-invalid=\"false\" name=\"loi-nhan\"><\/textarea><\/span> <\/label>\n\t\t<\/p>\n\t<\/div>\n\t<div class=\"col large-12\">\n\t\t<p><span class=\"wpcf7-form-control-wrap\" data-name=\"quiz-978\"><label><span class=\"wpcf7-quiz-label\">M\u1eddi b\u1ea1n tr\u1ea3 l\u1eddi c\u00e2u h\u1ecfi sau tr\u01b0\u1edbc khi g\u1eedi: 14 + 7 = ?<\/span> <input size=\"40\" class=\"wpcf7-form-control wpcf7-quiz\" autocomplete=\"off\" aria-required=\"true\" aria-invalid=\"false\" type=\"text\" name=\"quiz-978\" \/><\/label><input type=\"hidden\" name=\"_wpcf7_quiz_answer_quiz-978\" value=\"6187f0bc1a9700d4ecd327bc7eabcff1\" \/><\/span>\n\t\t<\/p>\n\t<\/div>\n\t<div class=\"col large-12 text-center\">\n\t\t<p><input class=\"wpcf7-form-control has-spinner wpcf7-submit\" type=\"submit\" value=\"G\u1eecI\" \/>\n\t\t<\/p>\n\t<\/div>\n<\/div><div class=\"wpcf7-response-output\" aria-hidden=\"true\"><\/div>\n<\/form>\n<\/div>\n\n\t<div id=\"gap-1643455859\" class=\"gap-element clearfix\" style=\"display:block; height:auto;\">\n\t\t\n<style>\n#gap-1643455859 {\n  padding-top: 30px;\n}\n<\/style>\n\t<\/div>\n\t\n","protected":false},"excerpt":{"rendered":"","protected":false},"author":2,"featured_media":0,"parent":0,"menu_order":0,"comment_status":"closed","ping_status":"closed","template":"page-blank.php","meta":{"footnotes":""},"acf":[],"_links":{"self":[{"href":"https:\/\/maihomedecor.com\/vi\/wp-json\/wp\/v2\/pages\/490"}],"collection":[{"href":"https:\/\/maihomedecor.com\/vi\/wp-json\/wp\/v2\/pages"}],"about":[{"href":"https:\/\/maihomedecor.com\/vi\/wp-json\/wp\/v2\/types\/page"}],"author":[{"embeddable":true,"href":"https:\/\/maihomedecor.com\/vi\/wp-json\/wp\/v2\/users\/2"}],"replies":[{"embeddable":true,"href":"https:\/\/maihomedecor.com\/vi\/wp-json\/wp\/v2\/comments?post=490"}],"version-history":[{"count":24,"href":"https:\/\/maihomedecor.com\/vi\/wp-json\/wp\/v2\/pages\/490\/revisions"}],"predecessor-version":[{"id":4411,"href":"https:\/\/maihomedecor.com\/vi\/wp-json\/wp\/v2\/pages\/490\/revisions\/4411"}],"wp:attachment":[{"href":"https:\/\/maihomedecor.com\/vi\/wp-json\/wp\/v2\/media?parent=490"}],"curies":[{"name":"wp","href":"https:\/\/api.w.org\/{rel}","templated":true}]}}