{"id":714,"date":"2024-06-08T00:00:53","date_gmt":"2024-06-07T16:00:53","guid":{"rendered":"https:\/\/demo1.winnet.com.vn\/bst-noi-that\/"},"modified":"2024-11-28T17:09:17","modified_gmt":"2024-11-28T09:09:17","slug":"e-brochure-2","status":"publish","type":"page","link":"https:\/\/maihomedecor.com\/vi\/bo-suu-tap\/e-brochure-2\/","title":{"rendered":"BROCHURE S\u1ea3n ph\u1ea9m"},"content":{"rendered":"<p>T\u00e0i li\u1ec7u qu\u1ea3ng c\u00e1o s\u1ea3n ph\u1ea9m c\u1ee7a ch\u00fang t\u00f4i cung c\u1ea5p th\u00f4ng tin t\u1ed5ng quan v\u1ec1 c\u00e1c b\u1ed9 s\u01b0u t\u1eadp s\u1ea3n ph\u1ea9m c\u1ee7a ch\u00fang t\u00f4i d\u00e0nh cho \u0110\u1ed3 n\u1ed9i th\u1ea5t s\u01a1n m\u00e0i, \u0110\u00e8n s\u01a1n m\u00e0i, Ph\u1ee5 ki\u1ec7n s\u01a1n m\u00e0i v\u00e0 Tranh s\u01a1n m\u00e0i.<\/p>\n<p><a href=\"#pop-bg\"><img loading=\"lazy\" decoding=\"async\" class=\"aligncenter wp-image-2997 size-full\" src=\"https:\/\/maihomedecor.com\/wp-content\/uploads\/2024\/06\/7.png\" alt=\"\" width=\"800\" height=\"500\" srcset=\"https:\/\/maihomedecor.com\/wp-content\/uploads\/2024\/06\/7.png 800w, https:\/\/maihomedecor.com\/wp-content\/uploads\/2024\/06\/7-300x188.png 300w, https:\/\/maihomedecor.com\/wp-content\/uploads\/2024\/06\/7-768x480.png 768w, https:\/\/maihomedecor.com\/wp-content\/uploads\/2024\/06\/7-400x250.png 400w\" sizes=\"(max-width: 800px) 100vw, 800px\" \/><\/a><\/p>\n<p style=\"text-align: center;\"><span style=\"color: #282828;\"><a style=\"color: #282828;\" href=\"#pop-bg\"><span style=\"font-size: 120%;\">Nh\u1ea5p \u0111\u1ec3 xem T\u00e0i Li\u1ec7u Gi\u1edbi Thi\u1ec7u S\u1ea3n Ph\u1ea9m<\/span><\/a><\/span><\/p>\n<h2 style=\"text-align: center;\"><span style=\"font-family: Book Antiqua, Palatino;\"> <\/span><\/h2>\n<p><center><a href=\"#pop-bg2\"><img loading=\"lazy\" decoding=\"async\" class=\"aligncenter wp-image-3002 size-full\" src=\"https:\/\/maihomedecor.com\/wp-content\/uploads\/2024\/06\/9.png\" alt=\"\" width=\"800\" height=\"433\" srcset=\"https:\/\/maihomedecor.com\/wp-content\/uploads\/2024\/06\/9.png 800w, https:\/\/maihomedecor.com\/wp-content\/uploads\/2024\/06\/9-300x162.png 300w, https:\/\/maihomedecor.com\/wp-content\/uploads\/2024\/06\/9-768x416.png 768w, https:\/\/maihomedecor.com\/wp-content\/uploads\/2024\/06\/9-400x217.png 400w\" sizes=\"(max-width: 800px) 100vw, 800px\" \/><\/a><\/center><\/p>\n<h2 style=\"text-align: center;\"><span style=\"font-family: Book Antiqua, Palatino;\">THAM QUAN PH\u00d2NG TR\u01afNG B\u00c0Y C\u1ee6A CH\u00daNG T\u00d4I<\/span><\/h2>\n<p>&nbsp;<\/p>\n<p style=\"text-align: center;\">\n","protected":false},"excerpt":{"rendered":"<p>T\u00e0i li\u1ec7u qu\u1ea3ng c\u00e1o s\u1ea3n ph\u1ea9m c\u1ee7a ch\u00fang t\u00f4i cung c\u1ea5p th\u00f4ng tin t\u1ed5ng quan v\u1ec1 c\u00e1c b\u1ed9 s\u01b0u t\u1eadp s\u1ea3n ph\u1ea9m c\u1ee7a ch\u00fang t\u00f4i d\u00e0nh cho \u0110\u1ed3 n\u1ed9i th\u1ea5t s\u01a1n m\u00e0i, \u0110\u00e8n s\u01a1n m\u00e0i, Ph\u1ee5 ki\u1ec7n s\u01a1n m\u00e0i v\u00e0 Tranh s\u01a1n m\u00e0i. Nh\u1ea5p \u0111\u1ec3 xem T\u00e0i Li\u1ec7u Gi\u1edbi Thi\u1ec7u S\u1ea3n Ph\u1ea9m THAM QUAN PH\u00d2NG&#8230;<\/p>\n","protected":false},"author":2,"featured_media":0,"parent":475,"menu_order":1,"comment_status":"closed","ping_status":"closed","template":"","meta":{"footnotes":""},"acf":[],"_links":{"self":[{"href":"https:\/\/maihomedecor.com\/vi\/wp-json\/wp\/v2\/pages\/714"}],"collection":[{"href":"https:\/\/maihomedecor.com\/vi\/wp-json\/wp\/v2\/pages"}],"about":[{"href":"https:\/\/maihomedecor.com\/vi\/wp-json\/wp\/v2\/types\/page"}],"author":[{"embeddable":true,"href":"https:\/\/maihomedecor.com\/vi\/wp-json\/wp\/v2\/users\/2"}],"replies":[{"embeddable":true,"href":"https:\/\/maihomedecor.com\/vi\/wp-json\/wp\/v2\/comments?post=714"}],"version-history":[{"count":9,"href":"https:\/\/maihomedecor.com\/vi\/wp-json\/wp\/v2\/pages\/714\/revisions"}],"predecessor-version":[{"id":4486,"href":"https:\/\/maihomedecor.com\/vi\/wp-json\/wp\/v2\/pages\/714\/revisions\/4486"}],"up":[{"embeddable":true,"href":"https:\/\/maihomedecor.com\/vi\/wp-json\/wp\/v2\/pages\/475"}],"wp:attachment":[{"href":"https:\/\/maihomedecor.com\/vi\/wp-json\/wp\/v2\/media?parent=714"}],"curies":[{"name":"wp","href":"https:\/\/api.w.org\/{rel}","templated":true}]}}