{"id":1134,"date":"2023-10-26T04:06:18","date_gmt":"2023-10-25T20:06:18","guid":{"rendered":"https:\/\/demo1.winnet.com.vn\/product\/pandora-ab07\/"},"modified":"2024-10-11T17:07:55","modified_gmt":"2024-10-11T09:07:55","slug":"pandora-hop-trang-suc-son-mai","status":"publish","type":"product","link":"https:\/\/maihomedecor.com\/vi\/san-pham\/pandora-hop-trang-suc-son-mai\/","title":{"rendered":"PANDORA &#8211; H\u1ed9p \u0110\u1ef1ng Trang S\u1ee9c S\u01a1n M\u00e0i C\u00f3 Tay C\u1ea7m B\u1eb1ng \u0110\u1ed3ng Thau"},"content":{"rendered":"<div><span style=\"font-size: 105%;\"><strong>M\u00f4 t\u1ea3 s\u1ea3n ph\u1ea9m:<\/strong><\/span><\/div>\n<div>&#8211; PANDORA l\u00e0 h\u1ed9p \u0111\u1ef1ng trang s\u1ee9c sang tr\u1ecdng \u0111\u01b0\u1ee3c ho\u00e0n thi\u1ec7n b\u1eb1ng s\u01a1n m\u00e0i m\u00e0u cam v\u1edbi \u0111\u01b0\u1eddng vi\u1ec1n m\u00e0u n\u00e2u s\u1eabm v\u00e0 \u0111\u01b0\u1ee3c trang tr\u00ed b\u1eb1ng tay c\u1ea7m b\u1eb1ng \u0111\u1ed3ng thau th\u1eddi trang. S\u1ea3n ph\u1ea9m \u0111\u01b0\u1ee3c thi\u1ebft k\u1ebf l\u1ea5y c\u1ea3m h\u1ee9ng t\u1eeb th\u01b0\u01a1ng hi\u1ec7u Hermes v\u1edbi t\u00f4ng m\u00e0u ch\u1ee7 \u0111\u1ea1o l\u00e0 cam v\u00e0 n\u00e2u s\u1eabm.<\/div>\n<div>&#8211; Thi\u1ebft k\u1ebf 2 t\u1ea7ng: ng\u0103n d\u01b0\u1edbi v\u00e0 khay c\u00f3 th\u1ec3 th\u00e1o r\u1eddi \u1edf ph\u00eda tr\u00ean v\u1edbi c\u00e1c khe chia. B\u00ean trong \u0111\u01b0\u1ee3c l\u00f3t b\u1eb1ng nhung kem ch\u1ea5t l\u01b0\u1ee3ng cao v\u00e0 c\u00f3 k\u00e8m m\u1ed9t t\u1ea5m g\u01b0\u01a1ng l\u1edbn.<\/div>\n<div>&#8211; S\u1ea3n ph\u1ea9m \u0111\u01b0\u1ee3c l\u00e0m th\u1ee7 c\u00f4ng ho\u00e0n to\u00e0n t\u1ea1i nh\u00e0 m\u00e1y Mai Home Decor Vi\u1ec7t Nam b\u1edfi nh\u1eefng ng\u01b0\u1eddi th\u1ee3 s\u01a1n m\u00e0i l\u00e0nh ngh\u1ec1, s\u1eed d\u1ee5ng c\u00e1c c\u00f4ng c\u1ee5 v\u00e0 k\u1ef9 thu\u1eadt \u0111\u01b0\u1ee3c truy\u1ec1n l\u1ea1i v\u00e0 tinh ch\u1ec9nh t\u1eeb th\u1ebf h\u1ec7 n\u00e0y sang th\u1ebf h\u1ec7 kh\u00e1c.<\/div>\n<h3><\/h3>\n<div><span style=\"font-size: 105%;\"><strong>Th\u00f4ng s\u1ed1 k\u1ef9 thu\u1eadt:<\/strong><\/span><\/div>\n<div>&#8211; V\u1eadt li\u1ec7u: G\u1ed7 c\u00f4ng nghi\u1ec7p MDF, S\u01a1n m\u00e0i, \u0110\u1ed3ng thau, Nhung.<\/div>\n<div>&#8211; K\u00edch th\u01b0\u1edbc (W x D x H): 290 x 200 x 110 mm<\/div>\n<h3><\/h3>\n<div><span style=\"font-size: 105%; color: #282828;\"><strong>Ph\u00ed v\u1eadn chuy\u1ec3n v\u00e0 giao h\u00e0ng:<\/strong><\/span><\/div>\n<div>\n<p><span style=\"color: #282828;\">&#8211; Gi\u00e1 tr\u00ean kh\u00f4ng bao g\u1ed3m ph\u00ed v\u1eadn chuy\u1ec3n, ph\u00ed n\u00e0y s\u1ebd \u0111\u01b0\u1ee3c c\u1ed9ng th\u00eam khi b\u1ea1n thanh to\u00e1n. T\u1ed5ng s\u1ed1 ti\u1ec1n ph\u1ea3i tr\u1ea3 bao g\u1ed3m s\u1ea3n ph\u1ea9m v\u00e0 chi ph\u00ed v\u1eadn chuy\u1ec3n s\u1ebd \u0111\u01b0\u1ee3c hi\u1ec3n th\u1ecb.<\/span><br \/>\n<span style=\"color: #282828;\">&#8211; \u0110\u01b0\u1ee3c b\u00e1n b\u1edfi Mai Home D\u00e9cor Pte. Ltd. t\u1ea1i Singapore v\u00e0 \u0111\u01b0\u1ee3c v\u1eadn chuy\u1ec3n t\u1eeb nh\u00e0 m\u00e1y s\u01a1n m\u00e0i c\u1ee7a ch\u00fang t\u00f4i t\u1ea1i Vi\u1ec7t Nam.<\/span><\/p>\n<\/div>\n","protected":false},"excerpt":{"rendered":"[contact-form-7 404 \"Not Found\"]\n","protected":false},"featured_media":1911,"comment_status":"open","ping_status":"closed","template":"","meta":[],"product_cat":[252,254],"product_tag":[360,356,350],"acf":[],"_links":{"self":[{"href":"https:\/\/maihomedecor.com\/vi\/wp-json\/wp\/v2\/product\/1134"}],"collection":[{"href":"https:\/\/maihomedecor.com\/vi\/wp-json\/wp\/v2\/product"}],"about":[{"href":"https:\/\/maihomedecor.com\/vi\/wp-json\/wp\/v2\/types\/product"}],"replies":[{"embeddable":true,"href":"https:\/\/maihomedecor.com\/vi\/wp-json\/wp\/v2\/comments?post=1134"}],"wp:featuredmedia":[{"embeddable":true,"href":"https:\/\/maihomedecor.com\/vi\/wp-json\/wp\/v2\/media\/1911"}],"wp:attachment":[{"href":"https:\/\/maihomedecor.com\/vi\/wp-json\/wp\/v2\/media?parent=1134"}],"wp:term":[{"taxonomy":"product_cat","embeddable":true,"href":"https:\/\/maihomedecor.com\/vi\/wp-json\/wp\/v2\/product_cat?post=1134"},{"taxonomy":"product_tag","embeddable":true,"href":"https:\/\/maihomedecor.com\/vi\/wp-json\/wp\/v2\/product_tag?post=1134"}],"curies":[{"name":"wp","href":"https:\/\/api.w.org\/{rel}","templated":true}]}}