{"id":1286,"date":"2023-03-06T17:41:16","date_gmt":"2023-03-06T09:41:16","guid":{"rendered":"https:\/\/demo1.winnet.com.vn\/?post_type=product&#038;p=1286"},"modified":"2024-10-11T17:11:41","modified_gmt":"2024-10-11T09:11:41","slug":"khay-son-mai-la-bac-co-hoa-tiet-dima","status":"publish","type":"product","link":"https:\/\/maihomedecor.com\/vi\/san-pham\/khay-son-mai-la-bac-co-hoa-tiet-dima\/","title":{"rendered":"DIMA &#8211; Khay S\u01a1n M\u00e0i L\u00e1 B\u1ea1c"},"content":{"rendered":"<div><span style=\"font-size: 105%;\"><strong>M\u00f4 t\u1ea3 s\u1ea3n ph\u1ea9m:<\/strong><\/span><\/div>\n<div>&#8211; DIMA l\u00e0 khay vu\u00f4ng \u0111\u1ed9c \u0111\u00e1o \u0111\u01b0\u1ee3c l\u00e0m b\u1eb1ng s\u01a1n m\u00e0i \u0111en v\u00e0 s\u01a1n m\u00e0i l\u00e1 b\u1ea1c Champagne c\u00f3 h\u1ecda ti\u1ebft \u0111\u01b0\u1eddng n\u00e9t. Phong c\u00e1ch v\u00e0 ch\u1ee9c n\u0103ng l\u00e0 c\u1ed1t l\u00f5i trong thi\u1ebft k\u1ebf c\u1ee7a n\u00f3. C\u00e1c b\u1ee9c t\u01b0\u1eddng b\u00ean cao b\u1eb1ng m\u1ed9t n\u1eeda t\u1ea1o ra c\u00e1c kho\u1ea3ng tr\u1ed1ng \u1edf ph\u00eda d\u01b0\u1edbi, \u0111\u00f3ng vai tr\u00f2 nh\u01b0 c\u00e1c tay c\u1ea7m &#8220;t\u1ef1 nhi\u00ean&#8221;. Thi\u1ebft k\u1ebf kh\u00f4ng c\u00f3 tay c\u1ea7m mang l\u1ea1i cho DIMA v\u1ebb ngo\u00e0i t\u1ed1i gi\u1ea3n v\u00e0 thanh l\u1ecbch.<br \/>\n&#8211; DIMA \u0111\u01b0\u1ee3c l\u00e0m ho\u00e0n to\u00e0n th\u1ee7 c\u00f4ng t\u1ea1i nh\u00e0 m\u00e1y Mai Home Decor Vi\u1ec7t Nam b\u1edfi nh\u1eefng ng\u01b0\u1eddi th\u1ee3 s\u01a1n m\u00e0i l\u00e0nh ngh\u1ec1, s\u1eed d\u1ee5ng c\u00e1c c\u00f4ng c\u1ee5 v\u00e0 k\u1ef9 thu\u1eadt \u0111\u01b0\u1ee3c truy\u1ec1n l\u1ea1i v\u00e0 tinh ch\u1ec9nh t\u1eeb th\u1ebf h\u1ec7 n\u00e0y sang th\u1ebf h\u1ec7 kh\u00e1c.<\/div>\n<h3><\/h3>\n<div><span style=\"font-size: 105%;\"><strong>Th\u00f4ng s\u1ed1 k\u1ef9 thu\u1eadt:<\/strong><\/span><\/div>\n<div>&#8211; V\u1eadt li\u1ec7u: G\u1ed7 c\u00f4ng nghi\u1ec7p MDF, L\u00e1 b\u1ea1c, S\u01a1n m\u00e0i<\/div>\n<div>&#8211; K\u00edch th\u01b0\u1edbc (W x D x H): 360 x 360 x 40 mm<\/div>\n<h3><\/h3>\n<div><span style=\"font-size: 105%;\"><strong>Ph\u00ed v\u1eadn chuy\u1ec3n v\u00e0 giao h\u00e0ng:<\/strong><\/span><\/div>\n<div>&#8211; Gi\u00e1 tr\u00ean kh\u00f4ng bao g\u1ed3m ph\u00ed v\u1eadn chuy\u1ec3n, ph\u00ed n\u00e0y s\u1ebd \u0111\u01b0\u1ee3c c\u1ed9ng th\u00eam khi b\u1ea1n thanh to\u00e1n. T\u1ed5ng s\u1ed1 ti\u1ec1n ph\u1ea3i tr\u1ea3 bao g\u1ed3m s\u1ea3n ph\u1ea9m v\u00e0 chi ph\u00ed v\u1eadn chuy\u1ec3n s\u1ebd \u0111\u01b0\u1ee3c hi\u1ec3n th\u1ecb.<br \/>\n&#8211; \u0110\u01b0\u1ee3c b\u00e1n b\u1edfi Mai Home D\u00e9cor Pte. Ltd. t\u1ea1i Singapore v\u00e0 \u0111\u01b0\u1ee3c v\u1eadn chuy\u1ec3n t\u1eeb nh\u00e0 m\u00e1y s\u01a1n m\u00e0i c\u1ee7a ch\u00fang t\u00f4i t\u1ea1i Vi\u1ec7t Nam.<\/div>\n","protected":false},"excerpt":{"rendered":"<p>M\u00f4 t\u1ea3 s\u1ea3n ph\u1ea9m: &#8211; DIMA l\u00e0 khay vu\u00f4ng \u0111\u1ed9c \u0111\u00e1o \u0111\u01b0\u1ee3c l\u00e0m b\u1eb1ng s\u01a1n m\u00e0i \u0111en v\u00e0 s\u01a1n m\u00e0i l\u00e1 b\u1ea1c Champagne c\u00f3 h\u1ecda ti\u1ebft \u0111\u01b0\u1eddng n\u00e9t. Phong c\u00e1ch v\u00e0 ch\u1ee9c n\u0103ng l\u00e0 c\u1ed1t l\u00f5i trong thi\u1ebft k\u1ebf c\u1ee7a n\u00f3. C\u00e1c b\u1ee9c t\u01b0\u1eddng b\u00ean cao b\u1eb1ng m\u1ed9t n\u1eeda t\u1ea1o ra c\u00e1c kho\u1ea3ng tr\u1ed1ng \u1edf&#8230;<\/p>\n","protected":false},"featured_media":2128,"comment_status":"open","ping_status":"closed","template":"","meta":[],"product_cat":[252,258],"product_tag":[352,350],"acf":[],"_links":{"self":[{"href":"https:\/\/maihomedecor.com\/vi\/wp-json\/wp\/v2\/product\/1286"}],"collection":[{"href":"https:\/\/maihomedecor.com\/vi\/wp-json\/wp\/v2\/product"}],"about":[{"href":"https:\/\/maihomedecor.com\/vi\/wp-json\/wp\/v2\/types\/product"}],"replies":[{"embeddable":true,"href":"https:\/\/maihomedecor.com\/vi\/wp-json\/wp\/v2\/comments?post=1286"}],"wp:featuredmedia":[{"embeddable":true,"href":"https:\/\/maihomedecor.com\/vi\/wp-json\/wp\/v2\/media\/2128"}],"wp:attachment":[{"href":"https:\/\/maihomedecor.com\/vi\/wp-json\/wp\/v2\/media?parent=1286"}],"wp:term":[{"taxonomy":"product_cat","embeddable":true,"href":"https:\/\/maihomedecor.com\/vi\/wp-json\/wp\/v2\/product_cat?post=1286"},{"taxonomy":"product_tag","embeddable":true,"href":"https:\/\/maihomedecor.com\/vi\/wp-json\/wp\/v2\/product_tag?post=1286"}],"curies":[{"name":"wp","href":"https:\/\/api.w.org\/{rel}","templated":true}]}}