{"id":1307,"date":"2023-11-16T00:57:26","date_gmt":"2023-11-15T16:57:26","guid":{"rendered":"https:\/\/demo1.winnet.com.vn\/?post_type=product&#038;p=1307"},"modified":"2024-10-11T17:03:13","modified_gmt":"2024-10-11T09:03:13","slug":"hop-son-mai-trang-den-chanel","status":"publish","type":"product","link":"https:\/\/maihomedecor.com\/vi\/san-pham\/hop-son-mai-trang-den-chanel\/","title":{"rendered":"CHANEL &#8211; H\u1ed9p S\u01a1n M\u00e0i \u0110en Tr\u1eafng"},"content":{"rendered":"<div><span style=\"font-size: 105%;\"><strong>M\u00f4 t\u1ea3 s\u1ea3n ph\u1ea9m:<\/strong><\/span><\/div>\n<div>&#8211; H\u1ed9p s\u01a1n m\u00e0i \u0111en tr\u1eafng c\u1ee7a CHANEL mang \u0111\u1ebfn s\u1ef1 thanh l\u1ecbch v\u00e0 sang tr\u1ecdng.<\/div>\n<div>&#8211; S\u1ea3n ph\u1ea9m \u0111\u01b0\u1ee3c \u0111\u1eb7t t\u00ean \u0111\u1ec3 tri \u00e2n Coco Chanel v\u00e0 c\u00f3 t\u00f4ng m\u00e0u \u0111en v\u00e0 tr\u1eafng bi\u1ec3u t\u01b0\u1ee3ng c\u1ee7a th\u01b0\u01a1ng hi\u1ec7u Chanel. S\u1ea3n ph\u1ea9m \u0111\u01b0\u1ee3c thi\u1ebft k\u1ebf v\u1edbi n\u1eafp v\u00e0 th\u00e2n h\u00ecnh vu\u00f4ng, \u0111\u01b0\u1ee3c ch\u1ea1m n\u1ed5i b\u1eb1ng nh\u1eefng h\u00ecnh thang \u0111\u01b0\u1ee3c s\u1eafp x\u1ebfp g\u1ecdn g\u00e0ng.<br \/>\n&#8211; CHANEL \u0111\u01b0\u1ee3c l\u00e0m th\u1ee7 c\u00f4ng ho\u00e0n to\u00e0n t\u1ea1i nh\u00e0 m\u00e1y Mai Home Decor Vi\u1ec7t Nam b\u1edfi nh\u1eefng ng\u01b0\u1eddi th\u1ee3 s\u01a1n m\u00e0i l\u00e0nh ngh\u1ec1, s\u1eed d\u1ee5ng c\u00e1c c\u00f4ng c\u1ee5 v\u00e0 k\u1ef9 thu\u1eadt \u0111\u01b0\u1ee3c truy\u1ec1n l\u1ea1i v\u00e0 tinh ch\u1ec9nh t\u1eeb th\u1ebf h\u1ec7 n\u00e0y sang th\u1ebf h\u1ec7 kh\u00e1c.<\/div>\n<h3><\/h3>\n<div><span style=\"font-size: 105%;\"><strong>Th\u00f4ng s\u1ed1 k\u1ef9 thu\u1eadt:<\/strong><\/span><\/div>\n<div>&#8211; V\u1eadt li\u1ec7u: G\u1ed7 c\u00f4ng nghi\u1ec7p MDF, Mica, S\u01a1n m\u00e0i<\/div>\n<div>&#8211; K\u00edch th\u01b0\u1edbc (W x D x H): 192 x 192 x 120 mm<\/div>\n<h3><\/h3>\n<div><span style=\"font-size: 105%;\"><strong>Ph\u00ed v\u1eadn chuy\u1ec3n v\u00e0 giao h\u00e0ng:<\/strong><\/span><\/div>\n<div>&#8211; Gi\u00e1 tr\u00ean kh\u00f4ng bao g\u1ed3m ph\u00ed v\u1eadn chuy\u1ec3n, ph\u00ed n\u00e0y s\u1ebd \u0111\u01b0\u1ee3c c\u1ed9ng th\u00eam khi b\u1ea1n thanh to\u00e1n. T\u1ed5ng s\u1ed1 ti\u1ec1n ph\u1ea3i tr\u1ea3 bao g\u1ed3m s\u1ea3n ph\u1ea9m v\u00e0 chi ph\u00ed v\u1eadn chuy\u1ec3n s\u1ebd \u0111\u01b0\u1ee3c hi\u1ec3n th\u1ecb.<br \/>\n&#8211; \u0110\u01b0\u1ee3c b\u00e1n b\u1edfi Mai Home D\u00e9cor Pte. Ltd. t\u1ea1i Singapore v\u00e0 \u0111\u01b0\u1ee3c v\u1eadn chuy\u1ec3n t\u1eeb nh\u00e0 m\u00e1y s\u01a1n m\u00e0i c\u1ee7a ch\u00fang t\u00f4i t\u1ea1i Vi\u1ec7t Nam.<\/div>\n","protected":false},"excerpt":{"rendered":"<p>M\u00f4 t\u1ea3 s\u1ea3n ph\u1ea9m: &#8211; H\u1ed9p s\u01a1n m\u00e0i \u0111en tr\u1eafng c\u1ee7a CHANEL mang \u0111\u1ebfn s\u1ef1 thanh l\u1ecbch v\u00e0 sang tr\u1ecdng. &#8211; S\u1ea3n ph\u1ea9m \u0111\u01b0\u1ee3c \u0111\u1eb7t t\u00ean \u0111\u1ec3 tri \u00e2n Coco Chanel v\u00e0 c\u00f3 t\u00f4ng m\u00e0u \u0111en v\u00e0 tr\u1eafng bi\u1ec3u t\u01b0\u1ee3ng c\u1ee7a th\u01b0\u01a1ng hi\u1ec7u Chanel. S\u1ea3n ph\u1ea9m \u0111\u01b0\u1ee3c thi\u1ebft k\u1ebf v\u1edbi n\u1eafp v\u00e0 th\u00e2n h\u00ecnh vu\u00f4ng,&#8230;<\/p>\n","protected":false},"featured_media":2070,"comment_status":"open","ping_status":"closed","template":"","meta":[],"product_cat":[252,254],"product_tag":[356,350],"acf":[],"_links":{"self":[{"href":"https:\/\/maihomedecor.com\/vi\/wp-json\/wp\/v2\/product\/1307"}],"collection":[{"href":"https:\/\/maihomedecor.com\/vi\/wp-json\/wp\/v2\/product"}],"about":[{"href":"https:\/\/maihomedecor.com\/vi\/wp-json\/wp\/v2\/types\/product"}],"replies":[{"embeddable":true,"href":"https:\/\/maihomedecor.com\/vi\/wp-json\/wp\/v2\/comments?post=1307"}],"wp:featuredmedia":[{"embeddable":true,"href":"https:\/\/maihomedecor.com\/vi\/wp-json\/wp\/v2\/media\/2070"}],"wp:attachment":[{"href":"https:\/\/maihomedecor.com\/vi\/wp-json\/wp\/v2\/media?parent=1307"}],"wp:term":[{"taxonomy":"product_cat","embeddable":true,"href":"https:\/\/maihomedecor.com\/vi\/wp-json\/wp\/v2\/product_cat?post=1307"},{"taxonomy":"product_tag","embeddable":true,"href":"https:\/\/maihomedecor.com\/vi\/wp-json\/wp\/v2\/product_tag?post=1307"}],"curies":[{"name":"wp","href":"https:\/\/api.w.org\/{rel}","templated":true}]}}