{"id":1431,"date":"2023-03-06T17:54:58","date_gmt":"2023-03-06T09:54:58","guid":{"rendered":"https:\/\/demo1.winnet.com.vn\/?post_type=product&#038;p=1431"},"modified":"2024-10-11T17:09:50","modified_gmt":"2024-10-11T09:09:50","slug":"agnes-ban-goc-son-mai-mau-den","status":"publish","type":"product","link":"https:\/\/maihomedecor.com\/vi\/san-pham\/agnes-ban-goc-son-mai-mau-den\/","title":{"rendered":"AGNES BLACK &#8211; B\u00e0n G\u00f3c S\u01a1n M\u00e0i"},"content":{"rendered":"<div><span style=\"color: #000000;\"><strong>M\u00f4 t\u1ea3 s\u1ea3n ph\u1ea9m:<\/strong><\/span><\/div>\n<div>\n<p><span style=\"color: #000000;\">&#8211; AGNES BLACK l\u00e0 b\u1ed9 2 b\u00e0n ph\u1ee5 x\u1ebfp ch\u1ed3ng l\u00ean nhau ph\u1ee7 s\u01a1n m\u00e0i. Thi\u1ebft k\u1ebf t\u1ed1i gi\u1ea3n v\u00e0 hi\u1ec7n \u0111\u1ea1i c\u1ee7a n\u00f3 \u0111\u01b0\u1ee3c t\u00f4n th\u00eam v\u1ebb \u0111\u1eb9p b\u1eb1ng c\u00e1c t\u00e1c ph\u1ea9m ngh\u1ec7 thu\u1eadt s\u01a1n m\u00e0i m\u00e0u \u0111en, v\u00e0ng v\u00e0 n\u00e2u \u0111\u01b0\u1ee3c v\u1ebd tay tr\u00ean m\u1eb7t b\u00e0n. <\/span><span style=\"color: #000000;\">Ch\u00e2n b\u00e0n \u0111\u01b0\u1ee3c l\u00e0m b\u1eb1ng th\u00e9p kh\u00f4ng g\u1ec9 v\u1edbi l\u1edbp ho\u00e0n thi\u1ec7n b\u1eb1ng \u0111\u1ed3ng thau m\u1edd v\u00e0 thi\u1ebft k\u1ebf c\u1ee7a ch\u00fang cho ph\u00e9p chi\u1ebfc b\u00e0n nh\u1ecf h\u01a1n c\u00f3 th\u1ec3 n\u1eb1m g\u1ecdn b\u00ean trong chi\u1ebfc b\u00e0n l\u1edbn h\u01a1n.<\/span><br \/>\n<span style=\"color: #000000;\">&#8211; B\u00e0n AGNES \u0111\u01b0\u1ee3c l\u00e0m th\u1ee7 c\u00f4ng ho\u00e0n to\u00e0n t\u1ea1i nh\u00e0 m\u00e1y Mai Home Decor Vi\u1ec7t Nam b\u1edfi nh\u1eefng ng\u01b0\u1eddi th\u1ee3 s\u01a1n m\u00e0i l\u00e0nh ngh\u1ec1, s\u1eed d\u1ee5ng c\u00e1c c\u00f4ng c\u1ee5 v\u00e0 k\u1ef9 thu\u1eadt \u0111\u01b0\u1ee3c truy\u1ec1n l\u1ea1i v\u00e0 tinh ch\u1ec9nh t\u1eeb th\u1ebf h\u1ec7 n\u00e0y sang th\u1ebf h\u1ec7 kh\u00e1c.<\/span><\/p>\n<\/div>\n<h1><\/h1>\n<div><span style=\"color: #000000;\"><strong>Th\u00f4ng s\u1ed1 k\u1ef9 thu\u1eadt:<\/strong><\/span><\/div>\n<div><span style=\"color: #000000;\">&#8211; V\u1eadt li\u1ec7u: G\u1ed7 c\u00f4ng nghi\u1ec7p MDF\/HDF, S\u01a1n m\u00e0i, Th\u00e9p kh\u00f4ng g\u1ec9<\/span><\/div>\n<div><span style=\"color: #000000;\">&#8211; K\u00edch th\u01b0\u1edbc b\u00e0n l\u1edbn (Diameter x H): 520 x 500 mm<\/span><\/div>\n<div><span style=\"color: #000000;\">&#8211; K\u00edch th\u01b0\u1edbc b\u00e0n nh\u1ecf (Diameter x H): 450 x 430 mm<\/span><\/div>\n<h1><\/h1>\n<div><span style=\"color: #000000;\"><strong>Ph\u00ed v\u1eadn chuy\u1ec3n v\u00e0 giao h\u00e0ng:<\/strong><\/span><\/div>\n<div><span style=\"color: #000000;\">&#8211; Gi\u00e1 tr\u00ean kh\u00f4ng bao g\u1ed3m ph\u00ed v\u1eadn chuy\u1ec3n, ph\u00ed n\u00e0y s\u1ebd \u0111\u01b0\u1ee3c c\u1ed9ng th\u00eam khi b\u1ea1n thanh to\u00e1n. T\u1ed5ng s\u1ed1 ti\u1ec1n ph\u1ea3i tr\u1ea3 bao g\u1ed3m s\u1ea3n ph\u1ea9m v\u00e0 chi ph\u00ed v\u1eadn chuy\u1ec3n s\u1ebd \u0111\u01b0\u1ee3c hi\u1ec3n th\u1ecb.<\/span><br \/>\n<span style=\"color: #000000;\">&#8211; \u0110\u01b0\u1ee3c b\u00e1n b\u1edfi Mai Home D\u00e9cor Pte. Ltd. t\u1ea1i Singapore v\u00e0 \u0111\u01b0\u1ee3c v\u1eadn chuy\u1ec3n t\u1eeb nh\u00e0 m\u00e1y s\u01a1n m\u00e0i c\u1ee7a ch\u00fang t\u00f4i t\u1ea1i Vi\u1ec7t Nam.<\/span><\/div>\n","protected":false},"excerpt":{"rendered":"<p>M\u00f4 t\u1ea3 s\u1ea3n ph\u1ea9m: &#8211; AGNES BLACK l\u00e0 b\u1ed9 2 b\u00e0n ph\u1ee5 x\u1ebfp ch\u1ed3ng l\u00ean nhau ph\u1ee7 s\u01a1n m\u00e0i. Thi\u1ebft k\u1ebf t\u1ed1i gi\u1ea3n v\u00e0 hi\u1ec7n \u0111\u1ea1i c\u1ee7a n\u00f3 \u0111\u01b0\u1ee3c t\u00f4n th\u00eam v\u1ebb \u0111\u1eb9p b\u1eb1ng c\u00e1c t\u00e1c ph\u1ea9m ngh\u1ec7 thu\u1eadt s\u01a1n m\u00e0i m\u00e0u \u0111en, v\u00e0ng v\u00e0 n\u00e2u \u0111\u01b0\u1ee3c v\u1ebd tay tr\u00ean m\u1eb7t b\u00e0n. Ch\u00e2n b\u00e0n \u0111\u01b0\u1ee3c&#8230;<\/p>\n","protected":false},"featured_media":2275,"comment_status":"open","ping_status":"closed","template":"","meta":[],"product_cat":[268,259],"product_tag":[279,289],"acf":[],"_links":{"self":[{"href":"https:\/\/maihomedecor.com\/vi\/wp-json\/wp\/v2\/product\/1431"}],"collection":[{"href":"https:\/\/maihomedecor.com\/vi\/wp-json\/wp\/v2\/product"}],"about":[{"href":"https:\/\/maihomedecor.com\/vi\/wp-json\/wp\/v2\/types\/product"}],"replies":[{"embeddable":true,"href":"https:\/\/maihomedecor.com\/vi\/wp-json\/wp\/v2\/comments?post=1431"}],"wp:featuredmedia":[{"embeddable":true,"href":"https:\/\/maihomedecor.com\/vi\/wp-json\/wp\/v2\/media\/2275"}],"wp:attachment":[{"href":"https:\/\/maihomedecor.com\/vi\/wp-json\/wp\/v2\/media?parent=1431"}],"wp:term":[{"taxonomy":"product_cat","embeddable":true,"href":"https:\/\/maihomedecor.com\/vi\/wp-json\/wp\/v2\/product_cat?post=1431"},{"taxonomy":"product_tag","embeddable":true,"href":"https:\/\/maihomedecor.com\/vi\/wp-json\/wp\/v2\/product_tag?post=1431"}],"curies":[{"name":"wp","href":"https:\/\/api.w.org\/{rel}","templated":true}]}}