{"id":1433,"date":"2024-04-04T05:52:58","date_gmt":"2024-04-03T21:52:58","guid":{"rendered":"https:\/\/demo1.winnet.com.vn\/?post_type=product&#038;p=1433"},"modified":"2024-10-10T11:34:47","modified_gmt":"2024-10-10T03:34:47","slug":"red-lips-tranh-son-mai","status":"publish","type":"product","link":"https:\/\/maihomedecor.com\/vi\/san-pham\/red-lips-tranh-son-mai\/","title":{"rendered":"RED LIPS &#8211; Tranh S\u01a1n M\u00e0i"},"content":{"rendered":"<div><span style=\"color: #000000;\"><strong>M\u00f4 t\u1ea3 s\u1ea3n ph\u1ea9m:<\/strong><\/span><\/div>\n<div><span style=\"color: #000000;\">&#8211; T\u00e1c ph\u1ea9m ngh\u1ec7 thu\u1eadt s\u01a1n m\u00e0i treo t\u01b0\u1eddng RED LIPS kh\u1eafc h\u1ecda n\u1eeda khu\u00f4n m\u1eb7t \u1ea9n gi\u1ea5u c\u1ee7a ng\u01b0\u1eddi ph\u1ee5 n\u1eef v\u00e0 \u0111\u00f4i m\u00f4i \u0111\u1ea7y \u0111\u1eb7n tuy\u1ec7t \u0111\u1eb9p \u0111\u01b0\u1ee3c t\u00f4 son \u0111\u1ecf r\u1ef1c. B\u1ee9c tranh kh\u1eafc h\u1ecda v\u1ebb \u0111\u1eb9p quy\u1ebfn r\u0169 c\u1ee7a ng\u01b0\u1eddi ph\u1ee5 n\u1eef v\u1edbi \u0111\u00f4i m\u00f4i \u0111\u1ea7y \u0111\u1eb7n.<\/span><br \/>\n<span style=\"color: #000000;\">&#8211; RED LIPS \u0111\u01b0\u1ee3c s\u1ea3n xu\u1ea5t b\u1eb1ng c\u00f4ng ngh\u1ec7 in UV tr\u00ean s\u01a1n m\u00e0i.<\/span><br \/>\n<span style=\"color: #000000;\">&#8211; S\u01a1n m\u00e0i c\u1ee7a s\u1ea3n ph\u1ea9m \u0111\u01b0\u1ee3c l\u00e0m ho\u00e0n to\u00e0n th\u1ee7 c\u00f4ng b\u1edfi nh\u1eefng ng\u01b0\u1eddi th\u1ee3 s\u01a1n m\u00e0i l\u00e0nh ngh\u1ec1 t\u1ea1i x\u01b0\u1edfng s\u01a1n m\u00e0i c\u1ee7a Mai Home Decor g\u1ea7n Th\u00e0nh ph\u1ed1 H\u1ed3 Ch\u00ed Minh (S\u00e0i G\u00f2n), Vi\u1ec7t Nam, v\u1edbi c\u00e1c c\u00f4ng c\u1ee5 v\u00e0 k\u1ef9 thu\u1eadt \u0111\u01b0\u1ee3c truy\u1ec1n l\u1ea1i v\u00e0 tinh ch\u1ec9nh t\u1eeb th\u1ebf h\u1ec7 n\u00e0y sang th\u1ebf h\u1ec7 kh\u00e1c.<\/span><\/div>\n<h1><\/h1>\n<div><span style=\"color: #000000;\"><strong>Th\u00f4ng s\u1ed1 k\u1ef9 thu\u1eadt:<\/strong><\/span><\/div>\n<div><span style=\"color: #000000;\">&#8211; V\u1eadt li\u1ec7u: G\u1ed7 c\u00f4ng nghi\u1ec7p MDF, S\u01a1n m\u00e0i, M\u00f3c th\u00e9p<\/span><\/div>\n<div><span style=\"color: #000000;\">&#8211; K\u00edch th\u01b0\u1edbc (W x D x H): 800 x 40 x 800 mm<\/span><\/div>\n<h1><\/h1>\n<div><span style=\"color: #000000;\"><strong>Ph\u00ed v\u1eadn chuy\u1ec3n v\u00e0 giao h\u00e0ng:<\/strong><\/span><\/div>\n<div><span style=\"color: #000000;\">&#8211; Gi\u00e1 tr\u00ean kh\u00f4ng bao g\u1ed3m ph\u00ed v\u1eadn chuy\u1ec3n, ph\u00ed n\u00e0y s\u1ebd \u0111\u01b0\u1ee3c c\u1ed9ng th\u00eam khi b\u1ea1n thanh to\u00e1n. T\u1ed5ng s\u1ed1 ti\u1ec1n ph\u1ea3i tr\u1ea3 bao g\u1ed3m s\u1ea3n ph\u1ea9m v\u00e0 chi ph\u00ed v\u1eadn chuy\u1ec3n s\u1ebd \u0111\u01b0\u1ee3c hi\u1ec3n th\u1ecb.<\/span><br \/>\n<span style=\"color: #000000;\">&#8211; \u0110\u01b0\u1ee3c b\u00e1n b\u1edfi Mai Home D\u00e9cor Pte. Ltd. t\u1ea1i Singapore v\u00e0 \u0111\u01b0\u1ee3c v\u1eadn chuy\u1ec3n t\u1eeb nh\u00e0 m\u00e1y s\u01a1n m\u00e0i c\u1ee7a ch\u00fang t\u00f4i t\u1ea1i Vi\u1ec7t Nam.<\/span><\/div>\n","protected":false},"excerpt":{"rendered":"<p>M\u00f4 t\u1ea3 s\u1ea3n ph\u1ea9m: &#8211; T\u00e1c ph\u1ea9m ngh\u1ec7 thu\u1eadt s\u01a1n m\u00e0i treo t\u01b0\u1eddng RED LIPS kh\u1eafc h\u1ecda n\u1eeda khu\u00f4n m\u1eb7t \u1ea9n gi\u1ea5u c\u1ee7a ng\u01b0\u1eddi ph\u1ee5 n\u1eef v\u00e0 \u0111\u00f4i m\u00f4i \u0111\u1ea7y \u0111\u1eb7n tuy\u1ec7t \u0111\u1eb9p \u0111\u01b0\u1ee3c t\u00f4 son \u0111\u1ecf r\u1ef1c. B\u1ee9c tranh kh\u1eafc h\u1ecda v\u1ebb \u0111\u1eb9p quy\u1ebfn r\u0169 c\u1ee7a ng\u01b0\u1eddi ph\u1ee5 n\u1eef v\u1edbi \u0111\u00f4i m\u00f4i \u0111\u1ea7y \u0111\u1eb7n&#8230;.<\/p>\n","protected":false},"featured_media":2269,"comment_status":"open","ping_status":"closed","template":"","meta":[],"product_cat":[275,277],"product_tag":[449,450],"acf":[],"_links":{"self":[{"href":"https:\/\/maihomedecor.com\/vi\/wp-json\/wp\/v2\/product\/1433"}],"collection":[{"href":"https:\/\/maihomedecor.com\/vi\/wp-json\/wp\/v2\/product"}],"about":[{"href":"https:\/\/maihomedecor.com\/vi\/wp-json\/wp\/v2\/types\/product"}],"replies":[{"embeddable":true,"href":"https:\/\/maihomedecor.com\/vi\/wp-json\/wp\/v2\/comments?post=1433"}],"wp:featuredmedia":[{"embeddable":true,"href":"https:\/\/maihomedecor.com\/vi\/wp-json\/wp\/v2\/media\/2269"}],"wp:attachment":[{"href":"https:\/\/maihomedecor.com\/vi\/wp-json\/wp\/v2\/media?parent=1433"}],"wp:term":[{"taxonomy":"product_cat","embeddable":true,"href":"https:\/\/maihomedecor.com\/vi\/wp-json\/wp\/v2\/product_cat?post=1433"},{"taxonomy":"product_tag","embeddable":true,"href":"https:\/\/maihomedecor.com\/vi\/wp-json\/wp\/v2\/product_tag?post=1433"}],"curies":[{"name":"wp","href":"https:\/\/api.w.org\/{rel}","templated":true}]}}