{"id":1447,"date":"2024-04-03T08:53:50","date_gmt":"2024-04-03T00:53:50","guid":{"rendered":"https:\/\/demo1.winnet.com.vn\/?post_type=product&#038;p=1447"},"modified":"2024-10-11T11:59:03","modified_gmt":"2024-10-11T03:59:03","slug":"the-mountain-bear-tuong-son-mai","status":"publish","type":"product","link":"https:\/\/maihomedecor.com\/vi\/san-pham\/the-mountain-bear-tuong-son-mai\/","title":{"rendered":"THE MOUNTAIN BEAR &#8211; T\u01b0\u1ee3ng S\u01a1n M\u00e0i M\u00e0u N\u00e2u"},"content":{"rendered":"<div><span style=\"font-size: 105%; color: #000000;\"><strong>M\u00f4 t\u1ea3 s\u1ea3n ph\u1ea9m:<\/strong><\/span><\/div>\n<div>\n<p><span style=\"color: #000000;\">&#8211; THE MOUNTAIN BEAR l\u00e0 m\u1ed9t b\u1ee9c t\u01b0\u1ee3ng s\u01a1n m\u00e0i m\u00e0u n\u00e2u s\u1eabm m\u00f4 t\u1ea3 m\u1ed9t ch\u00fa g\u1ea5u \u1edf d\u1ea1ng tr\u1eebu t\u01b0\u1ee3ng. C\u1ea5u tr\u00fac c\u1ee7a n\u00f3 \u0111\u01b0\u1ee3c l\u00e0m b\u1eb1ng s\u1ee3i th\u1ee7y tinh ch\u1eafc ch\u1eafn v\u00e0 b\u1ec1n b\u1ec9. Thi\u1ebft k\u1ebf \u0111\u1eb9p m\u1eaft v\u00e0 \u0111\u01b0\u1eddng n\u00e9t tinh t\u1ebf khi\u1ebfn s\u1ea3n ph\u1ea9m tr\u1edf th\u00e0nh v\u1eadt trang tr\u00ed nh\u00e0 b\u1eaft m\u1eaft: khi \u0111\u1eb7t tr\u00ean b\u00e0n ho\u1eb7c t\u1ee7, s\u1ea3n ph\u1ea9m s\u1ebd mang \u0111\u1ebfn n\u00e9t phong c\u00e1ch cho b\u1ea5t k\u1ef3 c\u0103n ph\u00f2ng n\u00e0o.<\/span><br \/>\n<span style=\"color: #000000;\">&#8211; THE MOUNTAIN BEAR \u0111\u01b0\u1ee3c l\u00e0m ho\u00e0n to\u00e0n th\u1ee7 c\u00f4ng t\u1ea1i nh\u00e0 m\u00e1y Mai Home Decor Vi\u1ec7t Nam b\u1edfi nh\u1eefng ng\u01b0\u1eddi th\u1ee3 s\u01a1n m\u00e0i l\u00e0nh ngh\u1ec1 s\u1eed d\u1ee5ng c\u00e1c c\u00f4ng c\u1ee5 v\u00e0 k\u1ef9 thu\u1eadt \u0111\u01b0\u1ee3c truy\u1ec1n l\u1ea1i v\u00e0 tinh ch\u1ec9nh t\u1eeb th\u1ebf h\u1ec7 n\u00e0y sang th\u1ebf h\u1ec7 kh\u00e1c.<\/span><\/p>\n<\/div>\n<h3><\/h3>\n<div><span style=\"font-size: 105%; color: #000000;\"><strong>Th\u00f4ng s\u1ed1 k\u1ef9 thu\u1eadt:<\/strong><\/span><\/div>\n<div><span style=\"color: #000000;\">&#8211; V\u1eadt li\u1ec7u: Nh\u1ef1a, S\u1ee3i th\u1ee7y tinh, S\u01a1n m\u00e0i<\/span><\/div>\n<div><span style=\"color: #000000;\">&#8211; K\u00edch th\u01b0\u1edbc (W x D x H): 450 x 130 x 235 mm<\/span><\/div>\n<h3><\/h3>\n<div><span style=\"font-size: 105%; color: #000000;\"><strong>Ph\u00ed v\u1eadn chuy\u1ec3n v\u00e0 giao h\u00e0ng:<\/strong><\/span><\/div>\n<div>\n<p><span style=\"color: #000000;\">&#8211; Gi\u00e1 tr\u00ean kh\u00f4ng bao g\u1ed3m ph\u00ed v\u1eadn chuy\u1ec3n, ph\u00ed n\u00e0y s\u1ebd \u0111\u01b0\u1ee3c c\u1ed9ng th\u00eam khi b\u1ea1n thanh to\u00e1n. T\u1ed5ng s\u1ed1 ti\u1ec1n ph\u1ea3i tr\u1ea3 bao g\u1ed3m s\u1ea3n ph\u1ea9m v\u00e0 chi ph\u00ed v\u1eadn chuy\u1ec3n s\u1ebd \u0111\u01b0\u1ee3c hi\u1ec3n th\u1ecb.<\/span><br \/>\n<span style=\"color: #000000;\">&#8211; \u0110\u01b0\u1ee3c b\u00e1n b\u1edfi Mai Home D\u00e9cor Pte. Ltd. t\u1ea1i Singapore v\u00e0 \u0111\u01b0\u1ee3c v\u1eadn chuy\u1ec3n t\u1eeb nh\u00e0 m\u00e1y s\u01a1n m\u00e0i c\u1ee7a ch\u00fang t\u00f4i t\u1ea1i Vi\u1ec7t Nam.<\/span><\/p>\n<\/div>\n","protected":false},"excerpt":{"rendered":"<p>M\u00f4 t\u1ea3 s\u1ea3n ph\u1ea9m: &#8211; THE MOUNTAIN BEAR l\u00e0 m\u1ed9t b\u1ee9c t\u01b0\u1ee3ng s\u01a1n m\u00e0i m\u00e0u n\u00e2u s\u1eabm m\u00f4 t\u1ea3 m\u1ed9t ch\u00fa g\u1ea5u \u1edf d\u1ea1ng tr\u1eebu t\u01b0\u1ee3ng. C\u1ea5u tr\u00fac c\u1ee7a n\u00f3 \u0111\u01b0\u1ee3c l\u00e0m b\u1eb1ng s\u1ee3i th\u1ee7y tinh ch\u1eafc ch\u1eafn v\u00e0 b\u1ec1n b\u1ec9. Thi\u1ebft k\u1ebf \u0111\u1eb9p m\u1eaft v\u00e0 \u0111\u01b0\u1eddng n\u00e9t tinh t\u1ebf khi\u1ebfn s\u1ea3n ph\u1ea9m tr\u1edf th\u00e0nh&#8230;<\/p>\n","protected":false},"featured_media":2202,"comment_status":"open","ping_status":"closed","template":"","meta":[],"product_cat":[252,255],"product_tag":[454,350,368],"acf":[],"_links":{"self":[{"href":"https:\/\/maihomedecor.com\/vi\/wp-json\/wp\/v2\/product\/1447"}],"collection":[{"href":"https:\/\/maihomedecor.com\/vi\/wp-json\/wp\/v2\/product"}],"about":[{"href":"https:\/\/maihomedecor.com\/vi\/wp-json\/wp\/v2\/types\/product"}],"replies":[{"embeddable":true,"href":"https:\/\/maihomedecor.com\/vi\/wp-json\/wp\/v2\/comments?post=1447"}],"wp:featuredmedia":[{"embeddable":true,"href":"https:\/\/maihomedecor.com\/vi\/wp-json\/wp\/v2\/media\/2202"}],"wp:attachment":[{"href":"https:\/\/maihomedecor.com\/vi\/wp-json\/wp\/v2\/media?parent=1447"}],"wp:term":[{"taxonomy":"product_cat","embeddable":true,"href":"https:\/\/maihomedecor.com\/vi\/wp-json\/wp\/v2\/product_cat?post=1447"},{"taxonomy":"product_tag","embeddable":true,"href":"https:\/\/maihomedecor.com\/vi\/wp-json\/wp\/v2\/product_tag?post=1447"}],"curies":[{"name":"wp","href":"https:\/\/api.w.org\/{rel}","templated":true}]}}