{"id":1449,"date":"2024-04-03T08:26:02","date_gmt":"2024-04-03T00:26:02","guid":{"rendered":"https:\/\/demo1.winnet.com.vn\/?post_type=product&#038;p=1449"},"modified":"2024-10-11T12:25:45","modified_gmt":"2024-10-11T04:25:45","slug":"lumina-de-nen-son-mai","status":"publish","type":"product","link":"https:\/\/maihomedecor.com\/vi\/san-pham\/lumina-de-nen-son-mai\/","title":{"rendered":"LUMINA &#8211; \u0110\u1ebf N\u1ebfn S\u01a1n M\u00e0i M\u00e0u \u0110\u1ecf"},"content":{"rendered":"<div><span style=\"font-size: 105%;\"><strong>M\u00f4 t\u1ea3 s\u1ea3n ph\u1ea9m:<\/strong><\/span><\/div>\n<div>&#8211; LUMINA l\u00e0 ch\u00e2n n\u1ebfn s\u01a1n m\u00e0i m\u00e0u \u0111\u1ecf Burgundy \u0111\u01b0\u1ee3c l\u00e0m b\u1eb1ng nh\u1ef1a v\u00e0 s\u1ee3i th\u1ee7y tinh ch\u1eafc ch\u1eafn v\u00e0 b\u1ec1n b\u1ec9. S\u1ea3n ph\u1ea9m bao g\u1ed3m m\u1ed9t t\u1ea5m \u0111\u1ebf n\u1ed5i thanh l\u1ecbch b\u1eb1ng th\u00e9p kh\u00f4ng g\u1ec9 \u0111\u00e1nh b\u00f3ng c\u00f3 khe tr\u00f2n \u0111\u1ec3 c\u1eafm n\u1ebfn.<br \/>\n&#8211; D\u00f9 l\u00e0 t\u1ea1o ra b\u1ea7u kh\u00f4ng kh\u00ed l\u00e3ng m\u1ea1n, th\u01b0 gi\u00e3n hay th\u00eam n\u00e9t phong c\u00e1ch cho c\u0103n ph\u00f2ng, \u0110\u1ebf n\u1ebfn LUMINA \u0111\u1ec1u l\u00e0 v\u1eadt d\u1ee5ng trang tr\u00ed \u0111\u1ea7y phong c\u00e1ch \u0111\u1ec3 th\u1eafp s\u00e1ng ng\u00f4i nh\u00e0 c\u1ee7a b\u1ea1n.<br \/>\n&#8211; S\u1ea3n ph\u1ea9m \u0111\u01b0\u1ee3c l\u00e0m th\u1ee7 c\u00f4ng ho\u00e0n to\u00e0n t\u1ea1i nh\u00e0 m\u00e1y Mai Home Decor Vi\u1ec7t Nam b\u1edfi nh\u1eefng ng\u01b0\u1eddi th\u1ee3 s\u01a1n m\u00e0i l\u00e0nh ngh\u1ec1, s\u1eed d\u1ee5ng c\u00e1c c\u00f4ng c\u1ee5 v\u00e0 k\u1ef9 thu\u1eadt \u0111\u01b0\u1ee3c truy\u1ec1n l\u1ea1i v\u00e0 tinh ch\u1ec9nh t\u1eeb th\u1ebf h\u1ec7 n\u00e0y sang th\u1ebf h\u1ec7 kh\u00e1c.<\/div>\n<h3><\/h3>\n<div><span style=\"font-size: 105%;\"><strong>Th\u00f4ng s\u1ed1 k\u1ef9 thu\u1eadt:<\/strong><\/span><\/div>\n<div>&#8211; V\u1eadt li\u1ec7u: Nh\u1ef1a, S\u01a1n m\u00e0i, Th\u00e9p kh\u00f4ng g\u1ec9<\/div>\n<div>&#8211; K\u00edch th\u01b0\u1edbc (W x D x H): 115 x 115 x 90 mm<\/div>\n<h3><\/h3>\n<div><span style=\"font-size: 105%;\"><strong>Ph\u00ed v\u1eadn chuy\u1ec3n v\u00e0 giao h\u00e0ng:<\/strong><\/span><\/div>\n<div><span style=\"color: #282828;\">&#8211; Gi\u00e1 tr\u00ean kh\u00f4ng bao g\u1ed3m ph\u00ed v\u1eadn chuy\u1ec3n, ph\u00ed n\u00e0y s\u1ebd \u0111\u01b0\u1ee3c c\u1ed9ng th\u00eam khi b\u1ea1n thanh to\u00e1n. T\u1ed5ng s\u1ed1 ti\u1ec1n ph\u1ea3i tr\u1ea3 bao g\u1ed3m s\u1ea3n ph\u1ea9m v\u00e0 chi ph\u00ed v\u1eadn chuy\u1ec3n s\u1ebd \u0111\u01b0\u1ee3c hi\u1ec3n th\u1ecb.<\/span><br \/>\n<span style=\"color: #282828;\">&#8211; \u0110\u01b0\u1ee3c b\u00e1n b\u1edfi Mai Home D\u00e9cor Pte. Ltd. t\u1ea1i Singapore v\u00e0 \u0111\u01b0\u1ee3c v\u1eadn chuy\u1ec3n t\u1eeb nh\u00e0 m\u00e1y s\u01a1n m\u00e0i c\u1ee7a ch\u00fang t\u00f4i t\u1ea1i Vi\u1ec7t Nam.<\/span><\/div>\n","protected":false},"excerpt":{"rendered":"<p>M\u00f4 t\u1ea3 s\u1ea3n ph\u1ea9m: &#8211; LUMINA l\u00e0 ch\u00e2n n\u1ebfn s\u01a1n m\u00e0i m\u00e0u \u0111\u1ecf Burgundy \u0111\u01b0\u1ee3c l\u00e0m b\u1eb1ng nh\u1ef1a v\u00e0 s\u1ee3i th\u1ee7y tinh ch\u1eafc ch\u1eafn v\u00e0 b\u1ec1n b\u1ec9. S\u1ea3n ph\u1ea9m bao g\u1ed3m m\u1ed9t t\u1ea5m \u0111\u1ebf n\u1ed5i thanh l\u1ecbch b\u1eb1ng th\u00e9p kh\u00f4ng g\u1ec9 \u0111\u00e1nh b\u00f3ng c\u00f3 khe tr\u00f2n \u0111\u1ec3 c\u1eafm n\u1ebfn. &#8211; D\u00f9 l\u00e0 t\u1ea1o ra b\u1ea7u&#8230;<\/p>\n","protected":false},"featured_media":4779,"comment_status":"open","ping_status":"closed","template":"","meta":[],"product_cat":[252,255],"product_tag":[378,454,350],"acf":[],"_links":{"self":[{"href":"https:\/\/maihomedecor.com\/vi\/wp-json\/wp\/v2\/product\/1449"}],"collection":[{"href":"https:\/\/maihomedecor.com\/vi\/wp-json\/wp\/v2\/product"}],"about":[{"href":"https:\/\/maihomedecor.com\/vi\/wp-json\/wp\/v2\/types\/product"}],"replies":[{"embeddable":true,"href":"https:\/\/maihomedecor.com\/vi\/wp-json\/wp\/v2\/comments?post=1449"}],"wp:featuredmedia":[{"embeddable":true,"href":"https:\/\/maihomedecor.com\/vi\/wp-json\/wp\/v2\/media\/4779"}],"wp:attachment":[{"href":"https:\/\/maihomedecor.com\/vi\/wp-json\/wp\/v2\/media?parent=1449"}],"wp:term":[{"taxonomy":"product_cat","embeddable":true,"href":"https:\/\/maihomedecor.com\/vi\/wp-json\/wp\/v2\/product_cat?post=1449"},{"taxonomy":"product_tag","embeddable":true,"href":"https:\/\/maihomedecor.com\/vi\/wp-json\/wp\/v2\/product_tag?post=1449"}],"curies":[{"name":"wp","href":"https:\/\/api.w.org\/{rel}","templated":true}]}}