{"id":1451,"date":"2024-04-03T08:12:30","date_gmt":"2024-04-03T00:12:30","guid":{"rendered":"https:\/\/demo1.winnet.com.vn\/?post_type=product&#038;p=1451"},"modified":"2024-10-11T12:33:22","modified_gmt":"2024-10-11T04:33:22","slug":"venus-medium-python-son-mai-khung-anh","status":"publish","type":"product","link":"https:\/\/maihomedecor.com\/vi\/san-pham\/venus-medium-python-son-mai-khung-anh\/","title":{"rendered":"VENUS MEDIUM &#8211; Khung H\u00ecnh S\u01a1n M\u00e0i Da Tr\u0103n"},"content":{"rendered":"<div><span style=\"font-size: 105%; color: #000000;\"><strong>M\u00f4 t\u1ea3 s\u1ea3n ph\u1ea9m:<\/strong><\/span><\/div>\n<div>\n<p><span style=\"color: #000000;\">&#8211; Khung h\u00ecnh VENUS MEDIUM c\u00f3 4 m\u1eb7t tr\u01b0\u1edbc \u0111\u01b0\u1ee3c d\u00e1n h\u00ec da tr\u0103n gi\u1ea3 v\u00e0 \u0111\u01b0\u1ee3c ho\u00e0n thi\u1ec7n b\u1eb1ng s\u01a1n m\u00e0i m\u00e0u b\u1ea1c v\u00e0 \u0111en.<\/span><br \/>\n<span style=\"color: #000000;\">&#8211; N\u00f3 bao g\u1ed3m m\u1ed9t t\u1ea5m k\u00ednh, m\u1ed9t gi\u00e1 \u0111\u1edf v\u00e0 m\u1ed9t kh\u1edbp xoay b\u1eb1ng kim lo\u1ea1i \u0111\u1ec3 d\u1ec5 d\u00e0ng th\u00e1o v\u00e0 \u0111\u00f3ng n\u1eafp sau. VENUS c\u00f3 th\u1ec3 hi\u1ec3n th\u1ecb h\u00ecnh \u1ea3nh \u1edf t\u01b0 th\u1ebf \u0111\u1ee9ng ho\u1eb7c n\u1eb1m. B\u00eca sau v\u00e0 gi\u00e1 \u0111\u1edf \u0111\u01b0\u1ee3c l\u00f3t b\u1eb1ng nhung m\u00e0u beige \u0111\u1eb9p m\u1eaft, l\u00e0m n\u1ed5i b\u1eadt s\u1ef1 k\u1ebft h\u1ee3p xa hoa gi\u1eefa c\u00e1c v\u1eadt li\u1ec7u h\u1ed7n h\u1ee3p.<\/span><br \/>\n<span style=\"color: #000000;\">&#8211; S\u1ea3n ph\u1ea9m \u0111\u01b0\u1ee3c l\u00e0m th\u1ee7 c\u00f4ng ho\u00e0n to\u00e0n t\u1ea1i nh\u00e0 m\u00e1y Mai Home Decor Vi\u1ec7t Nam b\u1edfi nh\u1eefng ng\u01b0\u1eddi th\u1ee3 s\u01a1n m\u00e0i l\u00e0nh ngh\u1ec1, s\u1eed d\u1ee5ng c\u00e1c c\u00f4ng c\u1ee5 v\u00e0 k\u1ef9 thu\u1eadt \u0111\u01b0\u1ee3c truy\u1ec1n l\u1ea1i v\u00e0 tinh ch\u1ec9nh t\u1eeb th\u1ebf h\u1ec7 n\u00e0y sang th\u1ebf h\u1ec7 kh\u00e1c.<\/span><\/p>\n<\/div>\n<h3><\/h3>\n<div><span style=\"font-size: 105%; color: #000000;\"><strong> Th\u00f4ng s\u1ed1 k\u1ef9 thu\u1eadt:<\/strong><\/span><\/div>\n<div><span style=\"color: #000000;\">&#8211; V\u1eadt li\u1ec7u: G\u1ed7 c\u00f4ng nghi\u1ec7p MDF, Gi\u1ea3 da tr\u0103n, S\u01a1n m\u00e0i, K\u00ednh, Th\u00e9p kh\u00f4ng g\u1ec9, Nhung<\/span><\/div>\n<div><span style=\"color: #000000;\">&#8211; K\u00edch th\u01b0\u1edbc (W x D x H): 180 x 25 x 230 mm<\/span><\/div>\n<div><span style=\"color: #000000;\">&#8211; K\u00edch th\u01b0\u1edbc h\u00ecnh \u1ea3nh: 127 x 178 mm<\/span><\/div>\n<h3><\/h3>\n<div><span style=\"font-size: 105%; color: #000000;\"><strong>Ph\u00ed v\u1eadn chuy\u1ec3n v\u00e0 giao h\u00e0ng:<\/strong><\/span><\/div>\n<div><span style=\"color: #000000;\">&#8211; Gi\u00e1 tr\u00ean kh\u00f4ng bao g\u1ed3m ph\u00ed v\u1eadn chuy\u1ec3n, ph\u00ed n\u00e0y s\u1ebd \u0111\u01b0\u1ee3c c\u1ed9ng th\u00eam khi b\u1ea1n thanh to\u00e1n. T\u1ed5ng s\u1ed1 ti\u1ec1n ph\u1ea3i tr\u1ea3 bao g\u1ed3m s\u1ea3n ph\u1ea9m v\u00e0 chi ph\u00ed v\u1eadn chuy\u1ec3n s\u1ebd \u0111\u01b0\u1ee3c hi\u1ec3n th\u1ecb.<\/span><br \/>\n<span style=\"color: #000000;\">&#8211; \u0110\u01b0\u1ee3c b\u00e1n b\u1edfi Mai Home D\u00e9cor Pte. t\u1ea1i Singapore v\u00e0 \u0111\u01b0\u1ee3c v\u1eadn chuy\u1ec3n t\u1eeb nh\u00e0 m\u00e1y s\u01a1n m\u00e0i c\u1ee7a ch\u00fang t\u00f4i t\u1ea1i Vi\u1ec7t Nam<\/span><\/div>\n","protected":false},"excerpt":{"rendered":"<p>M\u00f4 t\u1ea3 s\u1ea3n ph\u1ea9m: &#8211; Khung h\u00ecnh VENUS MEDIUM c\u00f3 4 m\u1eb7t tr\u01b0\u1edbc \u0111\u01b0\u1ee3c d\u00e1n h\u00ec da tr\u0103n gi\u1ea3 v\u00e0 \u0111\u01b0\u1ee3c ho\u00e0n thi\u1ec7n b\u1eb1ng s\u01a1n m\u00e0i m\u00e0u b\u1ea1c v\u00e0 \u0111en. &#8211; N\u00f3 bao g\u1ed3m m\u1ed9t t\u1ea5m k\u00ednh, m\u1ed9t gi\u00e1 \u0111\u1edf v\u00e0 m\u1ed9t kh\u1edbp xoay b\u1eb1ng kim lo\u1ea1i \u0111\u1ec3 d\u1ec5 d\u00e0ng th\u00e1o v\u00e0 \u0111\u00f3ng n\u1eafp sau&#8230;.<\/p>\n","protected":false},"featured_media":2174,"comment_status":"open","ping_status":"closed","template":"","meta":[],"product_cat":[252,257],"product_tag":[380,350],"acf":[],"_links":{"self":[{"href":"https:\/\/maihomedecor.com\/vi\/wp-json\/wp\/v2\/product\/1451"}],"collection":[{"href":"https:\/\/maihomedecor.com\/vi\/wp-json\/wp\/v2\/product"}],"about":[{"href":"https:\/\/maihomedecor.com\/vi\/wp-json\/wp\/v2\/types\/product"}],"replies":[{"embeddable":true,"href":"https:\/\/maihomedecor.com\/vi\/wp-json\/wp\/v2\/comments?post=1451"}],"wp:featuredmedia":[{"embeddable":true,"href":"https:\/\/maihomedecor.com\/vi\/wp-json\/wp\/v2\/media\/2174"}],"wp:attachment":[{"href":"https:\/\/maihomedecor.com\/vi\/wp-json\/wp\/v2\/media?parent=1451"}],"wp:term":[{"taxonomy":"product_cat","embeddable":true,"href":"https:\/\/maihomedecor.com\/vi\/wp-json\/wp\/v2\/product_cat?post=1451"},{"taxonomy":"product_tag","embeddable":true,"href":"https:\/\/maihomedecor.com\/vi\/wp-json\/wp\/v2\/product_tag?post=1451"}],"curies":[{"name":"wp","href":"https:\/\/api.w.org\/{rel}","templated":true}]}}