{"id":1456,"date":"2024-04-03T06:24:13","date_gmt":"2024-04-02T22:24:13","guid":{"rendered":"https:\/\/demo1.winnet.com.vn\/?post_type=product&#038;p=1456"},"modified":"2024-10-11T17:21:24","modified_gmt":"2024-10-11T09:21:24","slug":"magda-khung-hinh-son-lon","status":"publish","type":"product","link":"https:\/\/maihomedecor.com\/vi\/san-pham\/magda-khung-hinh-son-lon\/","title":{"rendered":"MAGDA LARGE &#8211; Khung H\u00ecnh S\u01a1n M\u00e0i L\u00e1 B\u1ea1c"},"content":{"rendered":"<div><span style=\"font-size: 105%;\"><strong>M\u00f4 t\u1ea3 s\u1ea3n ph\u1ea9m:<\/strong><\/span><\/div>\n<div>&#8211; Khung h\u00ecnh MAGDA L\u1edaN c\u00f3 4 t\u1ea5m m\u1eb7t tr\u01b0\u1edbc nghi\u00eang \u0111\u01b0\u1ee3c ho\u00e0n thi\u1ec7n b\u1eb1ng l\u1edbp s\u01a1n m\u00e0i l\u00e1 b\u1ea1c m\u00e0u x\u00e1m thanh l\u1ecbch.<\/div>\n<div>&#8211; N\u00f3 c\u00f3 th\u1ec3 hi\u1ec3n th\u1ecb h\u00ecnh \u1ea3nh \u1edf t\u01b0 th\u1ebf \u0111\u1ee9ng ho\u1eb7c n\u1eb1m. N\u00f3 bao g\u1ed3m m\u1ed9t t\u1ea5m k\u00ednh<span style=\"color: #282828;\">, gi\u00e1 \u0111\u1edf v\u00e0 ch\u1ed1t xoay b\u1eb1ng kim lo\u1ea1i \u0111\u1ec3 d\u1ec5 d\u00e0ng th\u00e1o v\u00e0 \u0111\u00f3ng n\u1eafp sau.<\/span><br \/>\n<span style=\"color: #282828;\">&#8211; S\u1ea3n ph\u1ea9m \u0111\u01b0\u1ee3c l\u00e0m th\u1ee7 c\u00f4ng ho\u00e0n to\u00e0n t\u1ea1i nh\u00e0 m\u00e1y Mai Home Decor Vi\u1ec7t Nam b\u1edfi nh\u1eefng ng\u01b0\u1eddi th\u1ee3 s\u01a1n m\u00e0i l\u00e0nh ngh\u1ec1, s\u1eed d\u1ee5ng c\u00e1c c\u00f4ng c\u1ee5 v\u00e0 k\u1ef9 thu\u1eadt \u0111\u01b0\u1ee3c truy\u1ec1n l\u1ea1i v\u00e0 tinh ch\u1ec9nh t\u1eeb th\u1ebf h\u1ec7 n\u00e0y sang th\u1ebf h\u1ec7 kh\u00e1c.<\/span><\/div>\n<h3><\/h3>\n<div><span style=\"font-size: 105%;\"><strong>Th\u00f4ng s\u1ed1 k\u1ef9 thu\u1eadt:<\/strong><\/span><\/div>\n<div>&#8211; V\u1eadt li\u1ec7u: G\u1ed7 c\u00f4ng nghi\u1ec7p MDF, L\u00e1 b\u1ea1c, S\u01a1n m\u00e0i, K\u00ednh, Th\u00e9p kh\u00f4ng g\u1ec9<\/div>\n<div>&#8211; K\u00edch th\u01b0\u1edbc (W x D x H): 250 x 25 x 300 mm<\/div>\n<h3><\/h3>\n<div><span style=\"font-size: 105%;\"><strong>Ph\u00ed v\u1eadn chuy\u1ec3n v\u00e0 giao h\u00e0ng:<\/strong><\/span><\/div>\n<div><span style=\"color: #282828;\">&#8211; Gi\u00e1 tr\u00ean kh\u00f4ng bao g\u1ed3m ph\u00ed v\u1eadn chuy\u1ec3n, ph\u00ed n\u00e0y s\u1ebd \u0111\u01b0\u1ee3c c\u1ed9ng th\u00eam khi b\u1ea1n thanh to\u00e1n. T\u1ed5ng s\u1ed1 ti\u1ec1n ph\u1ea3i tr\u1ea3 bao g\u1ed3m s\u1ea3n ph\u1ea9m v\u00e0 chi ph\u00ed v\u1eadn chuy\u1ec3n s\u1ebd \u0111\u01b0\u1ee3c hi\u1ec3n th\u1ecb.<br \/>\n&#8211; \u0110\u01b0\u1ee3c b\u00e1n b\u1edfi Mai Home D\u00e9cor Pte. Ltd. t\u1ea1i Singapore v\u00e0 \u0111\u01b0\u1ee3c v\u1eadn chuy\u1ec3n t\u1eeb nh\u00e0 m\u00e1y s\u01a1n m\u00e0i c\u1ee7a ch\u00fang t\u00f4i t\u1ea1i Vi\u1ec7t Nam.<\/span><\/div>\n","protected":false},"excerpt":{"rendered":"<p>M\u00f4 t\u1ea3 s\u1ea3n ph\u1ea9m: &#8211; Khung h\u00ecnh MAGDA L\u1edaN c\u00f3 4 t\u1ea5m m\u1eb7t tr\u01b0\u1edbc nghi\u00eang \u0111\u01b0\u1ee3c ho\u00e0n thi\u1ec7n b\u1eb1ng l\u1edbp s\u01a1n m\u00e0i l\u00e1 b\u1ea1c m\u00e0u x\u00e1m thanh l\u1ecbch. &#8211; N\u00f3 c\u00f3 th\u1ec3 hi\u1ec3n th\u1ecb h\u00ecnh \u1ea3nh \u1edf t\u01b0 th\u1ebf \u0111\u1ee9ng ho\u1eb7c n\u1eb1m. N\u00f3 bao g\u1ed3m m\u1ed9t t\u1ea5m k\u00ednh, gi\u00e1 \u0111\u1edf v\u00e0 ch\u1ed1t xoay b\u1eb1ng kim&#8230;<\/p>\n","protected":false},"featured_media":2156,"comment_status":"open","ping_status":"closed","template":"","meta":[],"product_cat":[252,257],"product_tag":[380,350],"acf":[],"_links":{"self":[{"href":"https:\/\/maihomedecor.com\/vi\/wp-json\/wp\/v2\/product\/1456"}],"collection":[{"href":"https:\/\/maihomedecor.com\/vi\/wp-json\/wp\/v2\/product"}],"about":[{"href":"https:\/\/maihomedecor.com\/vi\/wp-json\/wp\/v2\/types\/product"}],"replies":[{"embeddable":true,"href":"https:\/\/maihomedecor.com\/vi\/wp-json\/wp\/v2\/comments?post=1456"}],"wp:featuredmedia":[{"embeddable":true,"href":"https:\/\/maihomedecor.com\/vi\/wp-json\/wp\/v2\/media\/2156"}],"wp:attachment":[{"href":"https:\/\/maihomedecor.com\/vi\/wp-json\/wp\/v2\/media?parent=1456"}],"wp:term":[{"taxonomy":"product_cat","embeddable":true,"href":"https:\/\/maihomedecor.com\/vi\/wp-json\/wp\/v2\/product_cat?post=1456"},{"taxonomy":"product_tag","embeddable":true,"href":"https:\/\/maihomedecor.com\/vi\/wp-json\/wp\/v2\/product_tag?post=1456"}],"curies":[{"name":"wp","href":"https:\/\/api.w.org\/{rel}","templated":true}]}}