{"id":1457,"date":"2024-04-03T06:03:37","date_gmt":"2024-04-02T22:03:37","guid":{"rendered":"https:\/\/demo1.winnet.com.vn\/?post_type=product&#038;p=1457"},"modified":"2024-10-11T14:15:49","modified_gmt":"2024-10-11T06:15:49","slug":"buro-hop-dung-danh-thiep-son-mai","status":"publish","type":"product","link":"https:\/\/maihomedecor.com\/vi\/san-pham\/buro-hop-dung-danh-thiep-son-mai\/","title":{"rendered":"B\u00dcRO &#8211; V\u00ed D\u1ef1ng Danh Thi\u1ebfp C\u00e1 S\u1ea5u S\u01a1n M\u00e0i M\u00e0u \u0110en"},"content":{"rendered":"<div><span style=\"font-size: 105%;\"><strong>M\u00f4 t\u1ea3 s\u1ea3n ph\u1ea9m:<\/strong><\/span><\/div>\n<div>&#8211; H\u1ed9p \u0111\u1ef1ng danh thi\u1ebfp B\u00dcRO l\u00e0 ng\u01b0\u1eddi b\u1ea1n \u0111\u1ed3ng h\u00e0nh tuy\u1ec7t v\u1eddi v\u00e0 phong c\u00e1ch tr\u00ean b\u00e0n l\u00e0m vi\u1ec7c c\u1ee7a b\u1ea1n.<\/div>\n<div>&#8211; B\u00ean ngo\u00e0i \u0111\u01b0\u1ee3c ch\u1ea1m n\u1ed5i h\u00ecnh c\u00e1 s\u1ea5u gi\u1ea3 v\u00e0 ph\u1ee7 l\u1edbp s\u01a1n m\u00e0i \u0111en c\u1ed5. N\u1ed9i th\u1ea5t b\u00ean trong \u0111\u01b0\u1ee3c ho\u00e0n thi\u1ec7n b\u1eb1ng s\u01a1n \u0111en m\u1edd.<\/div>\n<div>&#8211; S\u1ea3n ph\u1ea9m \u0111\u01b0\u1ee3c l\u00e0m th\u1ee7 c\u00f4ng ho\u00e0n to\u00e0n t\u1ea1i nh\u00e0 m\u00e1y Mai Home Decor Vi\u1ec7t Nam b\u1edfi nh\u1eefng ng\u01b0\u1eddi th\u1ee3 s\u01a1n m\u00e0i l\u00e0nh ngh\u1ec1, s\u1eed d\u1ee5ng c\u00e1c c\u00f4ng c\u1ee5 v\u00e0 k\u1ef9 thu\u1eadt \u0111\u01b0\u1ee3c truy\u1ec1n l\u1ea1i v\u00e0 tinh ch\u1ec9nh t\u1eeb th\u1ebf h\u1ec7 n\u00e0y sang th\u1ebf h\u1ec7 kh\u00e1c.<\/div>\n<h3><\/h3>\n<div><span style=\"font-size: 105%;\"><strong>Th\u00f4ng s\u1ed1 k\u1ef9 thu\u1eadt:<\/strong><\/span><\/div>\n<div>&#8211; V\u1eadt li\u1ec7u: G\u1ed7 c\u00f4ng nghi\u1ec7p MDF, Da c\u00e1 s\u1ea5u gi\u1ea3, S\u01a1n m\u00e0i<\/div>\n<div>&#8211; K\u00edch th\u01b0\u1edbc (W x D x H): 117 x 82 x 41 mm<\/div>\n<h3><\/h3>\n<div><span style=\"font-size: 105%;\"><strong>Ph\u00ed v\u1eadn chuy\u1ec3n v\u00e0 giao h\u00e0ng:<\/strong><\/span><\/div>\n<div><span style=\"color: #282828;\">&#8211; Gi\u00e1 tr\u00ean kh\u00f4ng bao g\u1ed3m ph\u00ed v\u1eadn chuy\u1ec3n, ph\u00ed n\u00e0y s\u1ebd \u0111\u01b0\u1ee3c c\u1ed9ng th\u00eam khi b\u1ea1n thanh to\u00e1n. T\u1ed5ng s\u1ed1 ti\u1ec1n ph\u1ea3i tr\u1ea3 bao g\u1ed3m s\u1ea3n ph\u1ea9m v\u00e0 chi ph\u00ed v\u1eadn chuy\u1ec3n s\u1ebd \u0111\u01b0\u1ee3c hi\u1ec3n th\u1ecb.<\/span><br \/>\n<span style=\"color: #282828;\">&#8211; \u0110\u01b0\u1ee3c b\u00e1n b\u1edfi Mai Home D\u00e9cor Pte. Ltd. t\u1ea1i Singapore v\u00e0 \u0111\u01b0\u1ee3c v\u1eadn chuy\u1ec3n t\u1eeb nh\u00e0 m\u00e1y s\u01a1n m\u00e0i c\u1ee7a ch\u00fang t\u00f4i t\u1ea1i Vi\u1ec7t Nam.<\/span><\/div>\n","protected":false},"excerpt":{"rendered":"<p>M\u00f4 t\u1ea3 s\u1ea3n ph\u1ea9m: &#8211; H\u1ed9p \u0111\u1ef1ng danh thi\u1ebfp B\u00dcRO l\u00e0 ng\u01b0\u1eddi b\u1ea1n \u0111\u1ed3ng h\u00e0nh tuy\u1ec7t v\u1eddi v\u00e0 phong c\u00e1ch tr\u00ean b\u00e0n l\u00e0m vi\u1ec7c c\u1ee7a b\u1ea1n. &#8211; B\u00ean ngo\u00e0i \u0111\u01b0\u1ee3c ch\u1ea1m n\u1ed5i h\u00ecnh c\u00e1 s\u1ea5u gi\u1ea3 v\u00e0 ph\u1ee7 l\u1edbp s\u01a1n m\u00e0i \u0111en c\u1ed5. N\u1ed9i th\u1ea5t b\u00ean trong \u0111\u01b0\u1ee3c ho\u00e0n thi\u1ec7n b\u1eb1ng s\u01a1n \u0111en m\u1edd. &#8211;&#8230;<\/p>\n","protected":false},"featured_media":2140,"comment_status":"open","ping_status":"closed","template":"","meta":[],"product_cat":[252,254],"product_tag":[388,356,350],"acf":[],"_links":{"self":[{"href":"https:\/\/maihomedecor.com\/vi\/wp-json\/wp\/v2\/product\/1457"}],"collection":[{"href":"https:\/\/maihomedecor.com\/vi\/wp-json\/wp\/v2\/product"}],"about":[{"href":"https:\/\/maihomedecor.com\/vi\/wp-json\/wp\/v2\/types\/product"}],"replies":[{"embeddable":true,"href":"https:\/\/maihomedecor.com\/vi\/wp-json\/wp\/v2\/comments?post=1457"}],"wp:featuredmedia":[{"embeddable":true,"href":"https:\/\/maihomedecor.com\/vi\/wp-json\/wp\/v2\/media\/2140"}],"wp:attachment":[{"href":"https:\/\/maihomedecor.com\/vi\/wp-json\/wp\/v2\/media?parent=1457"}],"wp:term":[{"taxonomy":"product_cat","embeddable":true,"href":"https:\/\/maihomedecor.com\/vi\/wp-json\/wp\/v2\/product_cat?post=1457"},{"taxonomy":"product_tag","embeddable":true,"href":"https:\/\/maihomedecor.com\/vi\/wp-json\/wp\/v2\/product_tag?post=1457"}],"curies":[{"name":"wp","href":"https:\/\/api.w.org\/{rel}","templated":true}]}}