{"id":1458,"date":"2024-04-03T04:14:35","date_gmt":"2024-04-02T20:14:35","guid":{"rendered":"https:\/\/demo1.winnet.com.vn\/?post_type=product&#038;p=1458"},"modified":"2024-10-11T14:19:28","modified_gmt":"2024-10-11T06:19:28","slug":"reverso-hop-rong-son-mai","status":"publish","type":"product","link":"https:\/\/maihomedecor.com\/vi\/san-pham\/reverso-hop-rong-son-mai\/","title":{"rendered":"REVERSO &#8211; H\u1ed9p \u0110\u1ef1ng S\u01a1n M\u00e0i C\u00f3 N\u1eafp L\u1eadt"},"content":{"rendered":"<div><span style=\"font-size: 105%;\"><strong>M\u00f4 t\u1ea3 s\u1ea3n ph\u1ea9m:<\/strong><\/span><\/div>\n<div>&#8211; REVERSO l\u00e0 h\u1ed9p s\u01a1n m\u00e0i \u0111en tuy\u1ec7t \u0111\u1eb9p c\u00f3 ph\u1ea7n b\u00ean trong \u0111\u01b0\u1ee3c l\u00f3t nhung \u0111\u1ecf. S\u1ea3n ph\u1ea9m c\u00f3 n\u1eafp l\u1eadt 180 \u0111\u1ed9 \u0111\u01b0\u1ee3c thi\u1ebft k\u1ebf v\u1edbi t\u00ednh n\u0103ng &#8220;tinh ngh\u1ecbch v\u00e0 vui t\u01b0\u01a1i&#8221;: m\u1ed9t m\u1eb7t l\u00e0 h\u00ecnh \u1ea3nh m\u1ed9t ng\u01b0\u1eddi ph\u1ee5 n\u1eef \u0111ang c\u1edfi \u0111\u1ed3 \u0111\u1ec3 t\u1eafm trong khi m\u1eb7t c\u00f2n l\u1ea1i l\u00e0 h\u00ecnh \u1ea3nh m\u1ed9t ng\u01b0\u1eddi \u0111\u00e0n \u00f4ng m\u1eb7c vest \u0111ang b\u00ed m\u1eadt theo d\u00f5i c\u00f4 \u1ea5y. M\u1ed9t s\u1ef1 \u00e1m ch\u1ec9 \u0111\u00e1ng ng\u1ea1c nhi\u00ean v\u00e0 h\u1ea5p d\u1eabn! The flip lid alternatively closes one of the two compartments, always leaving one compartment opened.<\/div>\n<div>&#8211; \u0110\u01b0\u1ee3c \u0111\u1eb7t tr\u00ean b\u1ec7 \u0111\u1ee1 \u1edf h\u00e0nh lang ho\u1eb7c tr\u00ean t\u1ee7 trong ph\u00f2ng ng\u1ee7, \u0111\u00e2y l\u00e0 chi\u1ebfc t\u00fai \u0111\u1ef1ng vide s\u01a1n m\u00e0i v\u1eeba ti\u1ec7n d\u1ee5ng v\u1eeba th\u1eddi trang \u0111\u1ec3 \u0111\u1ef1ng nh\u1eefng v\u1eadt d\u1ee5ng nh\u1ecf b\u1ecf t\u00fai.<\/div>\n<div>&#8211; REVERSO \u0111\u01b0\u1ee3c l\u00e0m th\u1ee7 c\u00f4ng ho\u00e0n to\u00e0n t\u1ea1i nh\u00e0 m\u00e1y Mai Home Decor Vi\u1ec7t Nam b\u1edfi nh\u1eefng ng\u01b0\u1eddi th\u1ee3 s\u01a1n m\u00e0i l\u00e0nh ngh\u1ec1, s\u1eed d\u1ee5ng c\u00e1c c\u00f4ng c\u1ee5 v\u00e0 k\u1ef9 thu\u1eadt \u0111\u01b0\u1ee3c truy\u1ec1n l\u1ea1i v\u00e0 tinh ch\u1ec9nh t\u1eeb th\u1ebf h\u1ec7 n\u00e0y sang th\u1ebf h\u1ec7 kh\u00e1c.<\/div>\n<h3><\/h3>\n<div><span style=\"font-size: 105%;\"><strong>Th\u00f4ng s\u1ed1 k\u1ef9 thu\u1eadt:<\/strong><\/span><\/div>\n<div>&#8211; V\u1eadt li\u1ec7u: G\u1ed7 c\u00f4ng nghi\u1ec7p MDF, S\u01a1n m\u00e0i, Nhung<\/div>\n<div>&#8211; K\u00edch th\u01b0\u1edbc (W x D x H): 285 x 156 x 60 mm<\/div>\n<h3><\/h3>\n<div><span style=\"font-size: 105%;\"><strong>Ph\u00ed v\u1eadn chuy\u1ec3n v\u00e0 giao h\u00e0ng:<\/strong><\/span><\/div>\n<div><span style=\"color: #282828;\">&#8211; Gi\u00e1 tr\u00ean kh\u00f4ng bao g\u1ed3m ph\u00ed v\u1eadn chuy\u1ec3n, ph\u00ed n\u00e0y s\u1ebd \u0111\u01b0\u1ee3c c\u1ed9ng th\u00eam khi b\u1ea1n thanh to\u00e1n. T\u1ed5ng s\u1ed1 ti\u1ec1n ph\u1ea3i tr\u1ea3 bao g\u1ed3m s\u1ea3n ph\u1ea9m v\u00e0 chi ph\u00ed v\u1eadn chuy\u1ec3n s\u1ebd \u0111\u01b0\u1ee3c hi\u1ec3n th\u1ecb.<\/span><\/div>\n<div><span style=\"color: #282828;\">&#8211; \u0110\u01b0\u1ee3c b\u00e1n b\u1edfi Mai Home D\u00e9cor Pte. Ltd. t\u1ea1i Singapore v\u00e0 \u0111\u01b0\u1ee3c v\u1eadn chuy\u1ec3n t\u1eeb nh\u00e0 m\u00e1y s\u01a1n m\u00e0i c\u1ee7a ch\u00fang t\u00f4i t\u1ea1i Vi\u1ec7t Nam.<\/span><\/div>\n","protected":false},"excerpt":{"rendered":"<p>M\u00f4 t\u1ea3 s\u1ea3n ph\u1ea9m: &#8211; REVERSO l\u00e0 h\u1ed9p s\u01a1n m\u00e0i \u0111en tuy\u1ec7t \u0111\u1eb9p c\u00f3 ph\u1ea7n b\u00ean trong \u0111\u01b0\u1ee3c l\u00f3t nhung \u0111\u1ecf. S\u1ea3n ph\u1ea9m c\u00f3 n\u1eafp l\u1eadt 180 \u0111\u1ed9 \u0111\u01b0\u1ee3c thi\u1ebft k\u1ebf v\u1edbi t\u00ednh n\u0103ng &#8220;tinh ngh\u1ecbch v\u00e0 vui t\u01b0\u01a1i&#8221;: m\u1ed9t m\u1eb7t l\u00e0 h\u00ecnh \u1ea3nh m\u1ed9t ng\u01b0\u1eddi ph\u1ee5 n\u1eef \u0111ang c\u1edfi \u0111\u1ed3 \u0111\u1ec3 t\u1eafm trong khi&#8230;<\/p>\n","protected":false},"featured_media":2146,"comment_status":"open","ping_status":"closed","template":"","meta":[],"product_cat":[252,254,258],"product_tag":[356,394,352,350],"acf":[],"_links":{"self":[{"href":"https:\/\/maihomedecor.com\/vi\/wp-json\/wp\/v2\/product\/1458"}],"collection":[{"href":"https:\/\/maihomedecor.com\/vi\/wp-json\/wp\/v2\/product"}],"about":[{"href":"https:\/\/maihomedecor.com\/vi\/wp-json\/wp\/v2\/types\/product"}],"replies":[{"embeddable":true,"href":"https:\/\/maihomedecor.com\/vi\/wp-json\/wp\/v2\/comments?post=1458"}],"wp:featuredmedia":[{"embeddable":true,"href":"https:\/\/maihomedecor.com\/vi\/wp-json\/wp\/v2\/media\/2146"}],"wp:attachment":[{"href":"https:\/\/maihomedecor.com\/vi\/wp-json\/wp\/v2\/media?parent=1458"}],"wp:term":[{"taxonomy":"product_cat","embeddable":true,"href":"https:\/\/maihomedecor.com\/vi\/wp-json\/wp\/v2\/product_cat?post=1458"},{"taxonomy":"product_tag","embeddable":true,"href":"https:\/\/maihomedecor.com\/vi\/wp-json\/wp\/v2\/product_tag?post=1458"}],"curies":[{"name":"wp","href":"https:\/\/api.w.org\/{rel}","templated":true}]}}