{"id":1459,"date":"2024-04-03T04:07:58","date_gmt":"2024-04-02T20:07:58","guid":{"rendered":"https:\/\/demo1.winnet.com.vn\/?post_type=product&#038;p=1459"},"modified":"2024-10-11T16:46:17","modified_gmt":"2024-10-11T08:46:17","slug":"clio-khay-rong-son-mai","status":"publish","type":"product","link":"https:\/\/maihomedecor.com\/vi\/san-pham\/clio-khay-rong-son-mai\/","title":{"rendered":"CLIO &#8211; Khay S\u01a1n M\u00e0i V\u1edbi \u0110i\u1ec3m Nh\u1ea5n B\u1eb1ng \u0110\u1ed3ng"},"content":{"rendered":"<div><span style=\"font-size: 105%; color: #000000;\"><strong>M\u00f4 t\u1ea3 s\u1ea3n ph\u1ea9m:<\/strong><\/span><\/div>\n<div><span style=\"color: #000000;\">&#8211; CLIO l\u00e0 m\u1ed9t chi\u1ebfc t\u00fai \u0111\u1ef1ng s\u01a1n m\u00e0i \u0111\u1ed9c \u0111\u00e1o v\u00e0 phong c\u00e1ch. H\u00ecnh d\u00e1ng thanh l\u1ecbch c\u1ee7a n\u00f3 \u0111\u01b0\u1ee3c t\u00f4n l\u00ean nh\u1edd s\u1ef1 k\u1ebft h\u1ee3p tinh t\u1ebf gi\u1eefa v\u1eadt li\u1ec7u: thi\u1ebft k\u1ebf k\u1ebft h\u1ee3p h\u00e0i h\u00f2a gi\u1eefa s\u01a1n m\u00e0i, da v\u00e0 \u0111\u1ed3ng thau. CLIO c\u00f3 tay c\u1ea7m ngang b\u1eb1ng s\u01a1n m\u00e0i \u0111en \u0111\u01b0\u1ee3c trang tr\u00ed b\u1eb1ng \u0111\u1ed3ng thau nguy\u00ean ch\u1ea5t, m\u1eb7t khay \u0111\u01b0\u1ee3c l\u00f3t b\u1eb1ng da gi\u1ea3 m\u00e0u \u0111en v\u00e0 th\u00e0nh khay \u0111\u01b0\u1ee3c ph\u1ee7 s\u01a1n m\u00e0i \u0111en.<\/span><\/div>\n<div><span style=\"color: #000000;\">&#8211; \u0110\u01b0\u1ee3c \u0111\u1eb7t tr\u00ean b\u1ec7 \u0111\u1ee1 \u1edf h\u00e0nh lang, \u0111\u00e2y l\u00e0 chi\u1ebfc t\u00fai \u0111\u1ef1ng video \u0111\u1eb9p v\u00e0 ti\u1ec7n d\u1ee5ng \u0111\u1ec3 \u0111\u1ef1ng nh\u1eefng v\u1eadt d\u1ee5ng nh\u1ecf b\u1ecf t\u00fai.<\/span><br \/>\n<span style=\"color: #000000;\">&#8211; S\u1ea3n ph\u1ea9m \u0111\u01b0\u1ee3c l\u00e0m th\u1ee7 c\u00f4ng ho\u00e0n to\u00e0n t\u1ea1i nh\u00e0 m\u00e1y Mai Home Decor Vi\u1ec7t Nam b\u1edfi nh\u1eefng ng\u01b0\u1eddi th\u1ee3 s\u01a1n m\u00e0i l\u00e0nh ngh\u1ec1, s\u1eed d\u1ee5ng c\u00e1c c\u00f4ng c\u1ee5 v\u00e0 k\u1ef9 thu\u1eadt \u0111\u01b0\u1ee3c truy\u1ec1n l\u1ea1i v\u00e0 tinh ch\u1ec9nh t\u1eeb th\u1ebf h\u1ec7 n\u00e0y sang th\u1ebf h\u1ec7 kh\u00e1c.<\/span><\/div>\n<h3><\/h3>\n<div><span style=\"font-size: 105%; color: #000000;\"><strong>Th\u00f4ng s\u1ed1 k\u1ef9 thu\u1eadt:<\/strong><\/span><\/div>\n<div><span style=\"color: #000000;\">&#8211; V\u1eadt li\u1ec7u: G\u1ed7 c\u00f4ng nghi\u1ec7p MDF, S\u01a1n m\u00e0i, \u0110\u1ed3ng thau, Da gi\u1ea3<\/span><\/div>\n<div><span style=\"color: #000000;\">&#8211; K\u00edch th\u01b0\u1edbc (W x D x H): 300 x 182 x 50 mm<\/span><\/div>\n<h3><\/h3>\n<div><span style=\"font-size: 105%; color: #000000;\"><strong>Ph\u00ed v\u1eadn chuy\u1ec3n v\u00e0 giao h\u00e0ng:<\/strong><\/span><\/div>\n<div><span style=\"color: #000000;\">&#8211; Gi\u00e1 tr\u00ean kh\u00f4ng bao g\u1ed3m ph\u00ed v\u1eadn chuy\u1ec3n, ph\u00ed n\u00e0y s\u1ebd \u0111\u01b0\u1ee3c c\u1ed9ng th\u00eam khi b\u1ea1n thanh to\u00e1n. T\u1ed5ng s\u1ed1 ti\u1ec1n ph\u1ea3i tr\u1ea3 bao g\u1ed3m s\u1ea3n ph\u1ea9m v\u00e0 chi ph\u00ed v\u1eadn chuy\u1ec3n s\u1ebd \u0111\u01b0\u1ee3c hi\u1ec3n th\u1ecb.<\/span><br \/>\n<span style=\"color: #000000;\">&#8211; \u0110\u01b0\u1ee3c b\u00e1n b\u1edfi Mai Home D\u00e9cor Pte. Ltd. t\u1ea1i Singapore v\u00e0 \u0111\u01b0\u1ee3c v\u1eadn chuy\u1ec3n t\u1eeb nh\u00e0 m\u00e1y s\u01a1n m\u00e0i c\u1ee7a ch\u00fang t\u00f4i t\u1ea1i Vi\u1ec7t Nam.<\/span><\/div>\n","protected":false},"excerpt":{"rendered":"<p>M\u00f4 t\u1ea3 s\u1ea3n ph\u1ea9m: &#8211; CLIO l\u00e0 m\u1ed9t chi\u1ebfc t\u00fai \u0111\u1ef1ng s\u01a1n m\u00e0i \u0111\u1ed9c \u0111\u00e1o v\u00e0 phong c\u00e1ch. H\u00ecnh d\u00e1ng thanh l\u1ecbch c\u1ee7a n\u00f3 \u0111\u01b0\u1ee3c t\u00f4n l\u00ean nh\u1edd s\u1ef1 k\u1ebft h\u1ee3p tinh t\u1ebf gi\u1eefa v\u1eadt li\u1ec7u: thi\u1ebft k\u1ebf k\u1ebft h\u1ee3p h\u00e0i h\u00f2a gi\u1eefa s\u01a1n m\u00e0i, da v\u00e0 \u0111\u1ed3ng thau. CLIO c\u00f3 tay c\u1ea7m ngang b\u1eb1ng&#8230;<\/p>\n","protected":false},"featured_media":2132,"comment_status":"open","ping_status":"closed","template":"","meta":[],"product_cat":[252,258],"product_tag":[394,352,350],"acf":[],"_links":{"self":[{"href":"https:\/\/maihomedecor.com\/vi\/wp-json\/wp\/v2\/product\/1459"}],"collection":[{"href":"https:\/\/maihomedecor.com\/vi\/wp-json\/wp\/v2\/product"}],"about":[{"href":"https:\/\/maihomedecor.com\/vi\/wp-json\/wp\/v2\/types\/product"}],"replies":[{"embeddable":true,"href":"https:\/\/maihomedecor.com\/vi\/wp-json\/wp\/v2\/comments?post=1459"}],"wp:featuredmedia":[{"embeddable":true,"href":"https:\/\/maihomedecor.com\/vi\/wp-json\/wp\/v2\/media\/2132"}],"wp:attachment":[{"href":"https:\/\/maihomedecor.com\/vi\/wp-json\/wp\/v2\/media?parent=1459"}],"wp:term":[{"taxonomy":"product_cat","embeddable":true,"href":"https:\/\/maihomedecor.com\/vi\/wp-json\/wp\/v2\/product_cat?post=1459"},{"taxonomy":"product_tag","embeddable":true,"href":"https:\/\/maihomedecor.com\/vi\/wp-json\/wp\/v2\/product_tag?post=1459"}],"curies":[{"name":"wp","href":"https:\/\/api.w.org\/{rel}","templated":true}]}}