{"id":1461,"date":"2023-03-05T21:22:47","date_gmt":"2023-03-05T13:22:47","guid":{"rendered":"https:\/\/demo1.winnet.com.vn\/?post_type=product&#038;p=1461"},"modified":"2024-10-11T17:18:06","modified_gmt":"2024-10-11T09:18:06","slug":"the-rest-tranh-nghe-thuat-son-mai","status":"publish","type":"product","link":"https:\/\/maihomedecor.com\/vi\/san-pham\/the-rest-tranh-nghe-thuat-son-mai\/","title":{"rendered":"THE REST &#8211; Tranh Ngh\u1ec7 Thu\u1eadt S\u01a1n M\u00e0i"},"content":{"rendered":"<div><span style=\"color: #000000;\"><strong>M\u00f4 t\u1ea3 s\u1ea3n ph\u1ea9m:<\/strong><\/span><\/div>\n<div><span style=\"color: #000000;\">&#8211; THE REST l\u00e0 t\u00e1c ph\u1ea9m ngh\u1ec7 thu\u1eadt treo t\u01b0\u1eddng s\u01a1n m\u00e0i t\u00e1i hi\u1ec7n t\u00e1c ph\u1ea9m &#8220;\u00c9l\u00e9gante Au Collier De Perles&#8221; c\u1ee7a ngh\u1ec7 s\u0129 n\u1ed5i ti\u1ebfng ng\u01b0\u1eddi Ph\u00e1p g\u1ed1c \u00dd Ren\u00e9 Gruau. &#8211; Gruau n\u1ed5i ti\u1ebfng v\u1edbi nh\u1eefng b\u1ee9c minh h\u1ecda v\u00e0 b\u1ea3n v\u1ebd v\u1ec1 th\u1eddi trang Ph\u00e1p cho Christian Dior v\u00e0o nh\u1eefng n\u0103m 1950.<\/span><\/div>\n<div><span style=\"color: #000000;\">&#8211; THE REST th\u1ec3 hi\u1ec7n s\u1ef1 thanh l\u1ecbch c\u1ee7a ph\u1ee5 n\u1eef Ph\u00e1p trong s\u1ef1 t\u01b0\u01a1ng ph\u1ea3n tuy\u1ec7t v\u1eddi c\u1ee7a s\u01a1n m\u00e0i \u0111en, \u0111\u1ecf v\u00e0 tr\u1eafng<\/span><br \/>\n<span style=\"color: #000000;\">&#8211; S\u1ea3n ph\u1ea9m \u0111\u01b0\u1ee3c s\u1ea3n xu\u1ea5t b\u1eb1ng ph\u01b0\u01a1ng ph\u00e1p in UV tr\u00ean s\u01a1n m\u00e0i.<\/span><br \/>\n<span style=\"color: #000000;\">&#8211; S\u01a1n m\u00e0i c\u1ee7a s\u1ea3n ph\u1ea9m \u0111\u01b0\u1ee3c l\u00e0m ho\u00e0n to\u00e0n th\u1ee7 c\u00f4ng b\u1edfi nh\u1eefng ng\u01b0\u1eddi th\u1ee3 s\u01a1n m\u00e0i l\u00e0nh ngh\u1ec1 t\u1ea1i x\u01b0\u1edfng s\u01a1n m\u00e0i c\u1ee7a Mai Home Decor g\u1ea7n Th\u00e0nh ph\u1ed1 H\u1ed3 Ch\u00ed Minh (S\u00e0i G\u00f2n), Vi\u1ec7t Nam, v\u1edbi c\u00e1c c\u00f4ng c\u1ee5 v\u00e0 k\u1ef9 thu\u1eadt \u0111\u01b0\u1ee3c truy\u1ec1n l\u1ea1i v\u00e0 tinh ch\u1ec9nh t\u1eeb th\u1ebf h\u1ec7 n\u00e0y sang th\u1ebf h\u1ec7 kh\u00e1c.<\/span><\/div>\n<h1><\/h1>\n<div><span style=\"color: #000000;\"><strong>Th\u00f4ng s\u1ed1 k\u1ef9 thu\u1eadt:<\/strong><\/span><\/div>\n<div><span style=\"color: #000000;\">&#8211; V\u1eadt li\u1ec7u: G\u1ed7 c\u00f4ng nghi\u1ec7p MDF, S\u01a1n m\u00e0i, M\u00f3c th\u00e9p<\/span><\/div>\n<div><span style=\"color: #000000;\">&#8211; K\u00edch th\u01b0\u1edbc (W x D x H): 1200 x 18 x 800 mm<\/span><\/div>\n<h1><\/h1>\n<div><span style=\"color: #000000;\"><strong>Ph\u00ed v\u1eadn chuy\u1ec3n v\u00e0 giao h\u00e0ng:<\/strong><\/span><\/div>\n<div><span style=\"color: #000000;\">&#8211; Gi\u00e1 tr\u00ean kh\u00f4ng bao g\u1ed3m ph\u00ed v\u1eadn chuy\u1ec3n, ph\u00ed n\u00e0y s\u1ebd \u0111\u01b0\u1ee3c c\u1ed9ng th\u00eam khi b\u1ea1n thanh to\u00e1n. T\u1ed5ng s\u1ed1 ti\u1ec1n ph\u1ea3i tr\u1ea3 bao g\u1ed3m s\u1ea3n ph\u1ea9m v\u00e0 chi ph\u00ed v\u1eadn chuy\u1ec3n s\u1ebd \u0111\u01b0\u1ee3c hi\u1ec3n th\u1ecb.<\/span><br \/>\n<span style=\"color: #000000;\">&#8211; \u0110\u01b0\u1ee3c b\u00e1n b\u1edfi Mai Home D\u00e9cor Pte. Ltd. t\u1ea1i Singapore v\u00e0 \u0111\u01b0\u1ee3c v\u1eadn chuy\u1ec3n t\u1eeb nh\u00e0 m\u00e1y s\u01a1n m\u00e0i c\u1ee7a ch\u00fang t\u00f4i t\u1ea1i Vi\u1ec7t Nam.<\/span><\/div>\n","protected":false},"excerpt":{"rendered":"<p>M\u00f4 t\u1ea3 s\u1ea3n ph\u1ea9m: &#8211; THE REST l\u00e0 t\u00e1c ph\u1ea9m ngh\u1ec7 thu\u1eadt treo t\u01b0\u1eddng s\u01a1n m\u00e0i t\u00e1i hi\u1ec7n t\u00e1c ph\u1ea9m &#8220;\u00c9l\u00e9gante Au Collier De Perles&#8221; c\u1ee7a ngh\u1ec7 s\u0129 n\u1ed5i ti\u1ebfng ng\u01b0\u1eddi Ph\u00e1p g\u1ed1c \u00dd Ren\u00e9 Gruau. &#8211; Gruau n\u1ed5i ti\u1ebfng v\u1edbi nh\u1eefng b\u1ee9c minh h\u1ecda v\u00e0 b\u1ea3n v\u1ebd v\u1ec1 th\u1eddi trang Ph\u00e1p cho Christian Dior&#8230;<\/p>\n","protected":false},"featured_media":2271,"comment_status":"open","ping_status":"closed","template":"","meta":[],"product_cat":[275,277],"product_tag":[449,450],"acf":[],"_links":{"self":[{"href":"https:\/\/maihomedecor.com\/vi\/wp-json\/wp\/v2\/product\/1461"}],"collection":[{"href":"https:\/\/maihomedecor.com\/vi\/wp-json\/wp\/v2\/product"}],"about":[{"href":"https:\/\/maihomedecor.com\/vi\/wp-json\/wp\/v2\/types\/product"}],"replies":[{"embeddable":true,"href":"https:\/\/maihomedecor.com\/vi\/wp-json\/wp\/v2\/comments?post=1461"}],"wp:featuredmedia":[{"embeddable":true,"href":"https:\/\/maihomedecor.com\/vi\/wp-json\/wp\/v2\/media\/2271"}],"wp:attachment":[{"href":"https:\/\/maihomedecor.com\/vi\/wp-json\/wp\/v2\/media?parent=1461"}],"wp:term":[{"taxonomy":"product_cat","embeddable":true,"href":"https:\/\/maihomedecor.com\/vi\/wp-json\/wp\/v2\/product_cat?post=1461"},{"taxonomy":"product_tag","embeddable":true,"href":"https:\/\/maihomedecor.com\/vi\/wp-json\/wp\/v2\/product_tag?post=1461"}],"curies":[{"name":"wp","href":"https:\/\/api.w.org\/{rel}","templated":true}]}}