{"id":1465,"date":"2024-04-08T04:20:00","date_gmt":"2024-04-07T20:20:00","guid":{"rendered":"https:\/\/demo1.winnet.com.vn\/?post_type=product&#038;p=1465"},"modified":"2024-10-10T11:28:24","modified_gmt":"2024-10-10T03:28:24","slug":"galilea-den-ban-son-mai","status":"publish","type":"product","link":"https:\/\/maihomedecor.com\/vi\/san-pham\/galilea-den-ban-son-mai\/","title":{"rendered":"GALILEA &#8211; \u0110\u00e8n B\u00e0n S\u01a1n M\u00e0i"},"content":{"rendered":"<div><span style=\"font-size: 105%; color: #000000;\"><strong>M\u00f4 t\u1ea3 s\u1ea3n ph\u1ea9m:<\/strong><\/span><\/div>\n<div><span style=\"color: #000000;\">&#8211; GALILEA l\u00e0 \u0111\u00e8n b\u00e0n hi\u1ec7n \u0111\u1ea1i v\u1edbi v\u1ebb ngo\u00e0i mang phong c\u00e1ch t\u01b0\u01a1ng lai. C\u00f3 h\u00ecnh d\u1ea1ng gi\u1ed1ng nh\u01b0 m\u1ed9t t\u00f2a th\u00e1p \u00e1nh s\u00e1ng, t\u00f2a nh\u00e0 \u0111\u01b0\u1ee3c x\u00e2y d\u1ef1ng b\u1eb1ng c\u00e1ch k\u1ebft h\u1ee3p c\u00e1c b\u1ee9c t\u01b0\u1eddng h\u00ecnh thang l\u1edbn v\u00e0 c\u00e1c c\u1eeda s\u1ed5 bao quanh m\u1ed9t ch\u1ee5p \u0111\u00e8n h\u00ecnh tr\u1ee5. Th\u00e2n \u0111\u00e8n \u0111\u01b0\u1ee3c ho\u00e0n thi\u1ec7n b\u1eb1ng l\u1edbp s\u01a1n m\u00e0i m\u00f9 t\u1ea1t \u0111\u1eb9p m\u1eaft trong khi ch\u1ee5p \u0111\u00e8n \u0111\u01b0\u1ee3c l\u00e0m b\u1eb1ng v\u1ea3i cotton tr\u1eafng. <\/span><span style=\"color: #000000;\">Nh\u1edd h\u00ecnh d\u00e1ng \u0111\u1eb7c bi\u1ec7t, GALILEA mang \u0111\u1ebfn n\u00e9t hi\u1ec7n \u0111\u1ea1i v\u00e0 tinh t\u1ebf cho m\u1ecdi c\u0103n ph\u00f2ng.<br \/>\n&#8211; <\/span><span style=\"color: #000000;\">It is entirely handmade in Mai Home Decor&#8217;s Vietnam factory by skilled lacquer craftsmen using tools and techniques passed down and refined from generation to generation.<\/span><\/div>\n<h3><\/h3>\n<div><span style=\"font-size: 105%; color: #000000;\"><strong>Th\u00f4ng s\u1ed1 k\u1ef9 thu\u1eadt:<\/strong><\/span><\/div>\n<div><span style=\"color: #000000;\">&#8211; V\u1eadt li\u1ec7u: G\u1ed7 c\u00f4ng nghi\u1ec7p MDF, S\u01a1n m\u00e0i, V\u1ea3i cotton ph\u1ee7 PVC<\/span><\/div>\n<div><span style=\"color: #000000;\">&#8211; K\u00edch th\u01b0\u1edbc (W x D x H): 260 x 220 x 440 mm<\/span><\/div>\n<div><span style=\"color: #000000;\">&#8211; Kh\u00f4ng cung c\u1ea5p b\u00f3ng \u0111\u00e8n<\/span><br \/>\n<span style=\"color: #000000;\">&#8211; K\u1ebft c\u1ea5u \u0111i\u1ec7n, linh ki\u1ec7n \u0111i\u1ec7n v\u00e0 l\u1eafp r\u00e1p \u0111\u01b0\u1ee3c ch\u1ee9ng nh\u1eadn CE.<\/span><\/div>\n<h3><\/h3>\n<div><span style=\"font-size: 105%; color: #000000;\"><strong>Ph\u00ed v\u1eadn chuy\u1ec3n v\u00e0 giao h\u00e0ng:<\/strong><\/span><\/div>\n<div><span style=\"color: #000000;\">&#8211; Gi\u00e1 tr\u00ean kh\u00f4ng bao g\u1ed3m ph\u00ed v\u1eadn chuy\u1ec3n, ph\u00ed n\u00e0y s\u1ebd \u0111\u01b0\u1ee3c c\u1ed9ng th\u00eam khi b\u1ea1n thanh to\u00e1n. T\u1ed5ng s\u1ed1 ti\u1ec1n ph\u1ea3i tr\u1ea3 bao g\u1ed3m s\u1ea3n ph\u1ea9m v\u00e0 chi ph\u00ed v\u1eadn chuy\u1ec3n s\u1ebd \u0111\u01b0\u1ee3c hi\u1ec3n th\u1ecb.<\/span><br \/>\n<span style=\"color: #000000;\">&#8211; \u0110\u01b0\u1ee3c b\u00e1n b\u1edfi Mai Home D\u00e9cor Pte. Ltd. t\u1ea1i Singapore v\u00e0 \u0111\u01b0\u1ee3c v\u1eadn chuy\u1ec3n t\u1eeb nh\u00e0 m\u00e1y s\u01a1n m\u00e0i c\u1ee7a ch\u00fang t\u00f4i t\u1ea1i Vi\u1ec7t Nam.<\/span><\/div>\n<p>&nbsp;<\/p>\n","protected":false},"excerpt":{"rendered":"<p>M\u00f4 t\u1ea3 s\u1ea3n ph\u1ea9m: &#8211; GALILEA l\u00e0 \u0111\u00e8n b\u00e0n hi\u1ec7n \u0111\u1ea1i v\u1edbi v\u1ebb ngo\u00e0i mang phong c\u00e1ch t\u01b0\u01a1ng lai. C\u00f3 h\u00ecnh d\u1ea1ng gi\u1ed1ng nh\u01b0 m\u1ed9t t\u00f2a th\u00e1p \u00e1nh s\u00e1ng, t\u00f2a nh\u00e0 \u0111\u01b0\u1ee3c x\u00e2y d\u1ef1ng b\u1eb1ng c\u00e1ch k\u1ebft h\u1ee3p c\u00e1c b\u1ee9c t\u01b0\u1eddng h\u00ecnh thang l\u1edbn v\u00e0 c\u00e1c c\u1eeda s\u1ed5 bao quanh m\u1ed9t ch\u1ee5p \u0111\u00e8n h\u00ecnh tr\u1ee5&#8230;.<\/p>\n","protected":false},"featured_media":2258,"comment_status":"open","ping_status":"closed","template":"","meta":[],"product_cat":[270,273],"product_tag":[342,344],"acf":[],"_links":{"self":[{"href":"https:\/\/maihomedecor.com\/vi\/wp-json\/wp\/v2\/product\/1465"}],"collection":[{"href":"https:\/\/maihomedecor.com\/vi\/wp-json\/wp\/v2\/product"}],"about":[{"href":"https:\/\/maihomedecor.com\/vi\/wp-json\/wp\/v2\/types\/product"}],"replies":[{"embeddable":true,"href":"https:\/\/maihomedecor.com\/vi\/wp-json\/wp\/v2\/comments?post=1465"}],"wp:featuredmedia":[{"embeddable":true,"href":"https:\/\/maihomedecor.com\/vi\/wp-json\/wp\/v2\/media\/2258"}],"wp:attachment":[{"href":"https:\/\/maihomedecor.com\/vi\/wp-json\/wp\/v2\/media?parent=1465"}],"wp:term":[{"taxonomy":"product_cat","embeddable":true,"href":"https:\/\/maihomedecor.com\/vi\/wp-json\/wp\/v2\/product_cat?post=1465"},{"taxonomy":"product_tag","embeddable":true,"href":"https:\/\/maihomedecor.com\/vi\/wp-json\/wp\/v2\/product_tag?post=1465"}],"curies":[{"name":"wp","href":"https:\/\/api.w.org\/{rel}","templated":true}]}}