{"id":1466,"date":"2023-03-05T22:23:41","date_gmt":"2023-03-05T14:23:41","guid":{"rendered":"https:\/\/demo1.winnet.com.vn\/?post_type=product&#038;p=1466"},"modified":"2024-10-11T17:16:26","modified_gmt":"2024-10-11T09:16:26","slug":"temple-den-ban-son-mai","status":"publish","type":"product","link":"https:\/\/maihomedecor.com\/vi\/san-pham\/temple-den-ban-son-mai\/","title":{"rendered":"TEMPLE &#8211; \u0110\u00e8n B\u00e0n S\u01a1n M\u00e0i"},"content":{"rendered":"<div><span style=\"font-size: 105%; color: #000000;\"><strong>M\u00f4 t\u1ea3 s\u1ea3n ph\u1ea9m:<\/strong><\/span><\/div>\n<div><span style=\"color: #000000;\">&#8211; \u0110\u00e8n s\u01a1n m\u00e0i TEMPLE mang c\u1ea3m h\u1ee9ng ph\u01b0\u01a1ng \u0110\u00f4ng r\u00f5 n\u00e9t nh\u01b0ng v\u1eabn v\u01b0\u1ee3t th\u1eddi gian v\u00e0 h\u1ea5p d\u1eabn kh\u00f4ng c\u00f3 \u0111\u01b0\u1eddng vi\u1ec1n. S\u1ea3n ph\u1ea9m c\u00f3 thi\u1ebft k\u1ebf t\u1ed1i gi\u1ea3n v\u1edbi t\u00f4ng m\u00e0u t\u01b0\u01a1ng ph\u1ea3n \u0111en v\u00e0 tr\u1eafng. <\/span><span style=\"color: #000000;\">Khung \u0111\u00e8n \u0111\u01b0\u1ee3c ho\u00e0n thi\u1ec7n b\u1eb1ng s\u01a1n m\u00e0i \u0111en th\u1ee7 c\u00f4ng trong khi ch\u1ee5p \u0111\u00e8n \u0111\u01b0\u1ee3c l\u00e0m b\u1eb1ng v\u1ea3i cotton tr\u1eafng trang tr\u00ed b\u1eb1ng \u0111\u01b0\u1eddng vi\u1ec1n m\u00e0u \u0111en. M\u1ed9t tua rua xa hoa l\u00e0m t\u1eeb s\u1ee3i cotton \u0111en trang tr\u00ed \u1edf ph\u1ea7n tr\u00ean.<\/span><br \/>\n<span style=\"color: #000000;\">&#8211; TEMPLE \u0111\u01b0\u1ee3c l\u00e0m th\u1ee7 c\u00f4ng ho\u00e0n to\u00e0n t\u1ea1i nh\u00e0 m\u00e1y Mai Home Decor Vi\u1ec7t Nam b\u1edfi nh\u1eefng ng\u01b0\u1eddi th\u1ee3 s\u01a1n m\u00e0i l\u00e0nh ngh\u1ec1, s\u1eed d\u1ee5ng c\u00e1c c\u00f4ng c\u1ee5 v\u00e0 k\u1ef9 thu\u1eadt \u0111\u01b0\u1ee3c truy\u1ec1n l\u1ea1i v\u00e0 tinh ch\u1ec9nh t\u1eeb th\u1ebf h\u1ec7 n\u00e0y sang th\u1ebf h\u1ec7 kh\u00e1c.<\/span><\/div>\n<h3><\/h3>\n<div><span style=\"font-size: 105%; color: #000000;\"><strong>Th\u00f4ng s\u1ed1 k\u1ef9 thu\u1eadt:<\/strong><\/span><\/div>\n<div><span style=\"color: #000000;\">&#8211; V\u1eadt li\u1ec7u: G\u1ed7 c\u00f4ng nghi\u1ec7p MDF, S\u01a1n m\u00e0i, V\u1ea3i cotton ph\u1ee7 PVC, ch\u1ec9 cotton<\/span><\/div>\n<div><span style=\"color: #000000;\">&#8211; K\u00edch th\u01b0\u1edbc (W x D x H): 160 x 160 x 260 mm<\/span><\/div>\n<div><span style=\"color: #000000;\">&#8211; Kh\u00f4ng cung c\u1ea5p b\u00f3ng \u0111\u00e8n<\/span><br \/>\n<span style=\"color: #000000;\">&#8211; K\u1ebft c\u1ea5u \u0111i\u1ec7n, linh ki\u1ec7n \u0111i\u1ec7n v\u00e0 l\u1eafp r\u00e1p \u0111\u01b0\u1ee3c ch\u1ee9ng nh\u1eadn CE.<\/span><\/div>\n<h3><\/h3>\n<div><span style=\"font-size: 105%; color: #000000;\"><strong>Ph\u00ed v\u1eadn chuy\u1ec3n v\u00e0 giao h\u00e0ng:<\/strong><\/span><\/div>\n<div><span style=\"color: #000000;\">&#8211; Gi\u00e1 tr\u00ean kh\u00f4ng bao g\u1ed3m ph\u00ed v\u1eadn chuy\u1ec3n, ph\u00ed n\u00e0y s\u1ebd \u0111\u01b0\u1ee3c c\u1ed9ng th\u00eam khi b\u1ea1n thanh to\u00e1n. T\u1ed5ng s\u1ed1 ti\u1ec1n ph\u1ea3i tr\u1ea3 bao g\u1ed3m s\u1ea3n ph\u1ea9m v\u00e0 chi ph\u00ed v\u1eadn chuy\u1ec3n s\u1ebd \u0111\u01b0\u1ee3c hi\u1ec3n th\u1ecb.<\/span><br \/>\n<span style=\"color: #000000;\">&#8211; \u0110\u01b0\u1ee3c b\u00e1n b\u1edfi Mai Home D\u00e9cor Pte. Ltd. t\u1ea1i Singapore v\u00e0 \u0111\u01b0\u1ee3c v\u1eadn chuy\u1ec3n t\u1eeb nh\u00e0 m\u00e1y s\u01a1n m\u00e0i c\u1ee7a ch\u00fang t\u00f4i t\u1ea1i Vi\u1ec7t Nam.<\/span><\/div>\n","protected":false},"excerpt":{"rendered":"<p>M\u00f4 t\u1ea3 s\u1ea3n ph\u1ea9m: &#8211; \u0110\u00e8n s\u01a1n m\u00e0i TEMPLE mang c\u1ea3m h\u1ee9ng ph\u01b0\u01a1ng \u0110\u00f4ng r\u00f5 n\u00e9t nh\u01b0ng v\u1eabn v\u01b0\u1ee3t th\u1eddi gian v\u00e0 h\u1ea5p d\u1eabn kh\u00f4ng c\u00f3 \u0111\u01b0\u1eddng vi\u1ec1n. S\u1ea3n ph\u1ea9m c\u00f3 thi\u1ebft k\u1ebf t\u1ed1i gi\u1ea3n v\u1edbi t\u00f4ng m\u00e0u t\u01b0\u01a1ng ph\u1ea3n \u0111en v\u00e0 tr\u1eafng. Khung \u0111\u00e8n \u0111\u01b0\u1ee3c ho\u00e0n thi\u1ec7n b\u1eb1ng s\u01a1n m\u00e0i \u0111en th\u1ee7 c\u00f4ng trong&#8230;<\/p>\n","protected":false},"featured_media":2252,"comment_status":"open","ping_status":"closed","template":"","meta":[],"product_cat":[270,273],"product_tag":[342,344],"acf":[],"_links":{"self":[{"href":"https:\/\/maihomedecor.com\/vi\/wp-json\/wp\/v2\/product\/1466"}],"collection":[{"href":"https:\/\/maihomedecor.com\/vi\/wp-json\/wp\/v2\/product"}],"about":[{"href":"https:\/\/maihomedecor.com\/vi\/wp-json\/wp\/v2\/types\/product"}],"replies":[{"embeddable":true,"href":"https:\/\/maihomedecor.com\/vi\/wp-json\/wp\/v2\/comments?post=1466"}],"wp:featuredmedia":[{"embeddable":true,"href":"https:\/\/maihomedecor.com\/vi\/wp-json\/wp\/v2\/media\/2252"}],"wp:attachment":[{"href":"https:\/\/maihomedecor.com\/vi\/wp-json\/wp\/v2\/media?parent=1466"}],"wp:term":[{"taxonomy":"product_cat","embeddable":true,"href":"https:\/\/maihomedecor.com\/vi\/wp-json\/wp\/v2\/product_cat?post=1466"},{"taxonomy":"product_tag","embeddable":true,"href":"https:\/\/maihomedecor.com\/vi\/wp-json\/wp\/v2\/product_tag?post=1466"}],"curies":[{"name":"wp","href":"https:\/\/api.w.org\/{rel}","templated":true}]}}