{"id":1470,"date":"2023-03-06T17:38:29","date_gmt":"2023-03-06T09:38:29","guid":{"rendered":"https:\/\/demo1.winnet.com.vn\/?post_type=product&#038;p=1470"},"modified":"2024-10-11T17:13:52","modified_gmt":"2024-10-11T09:13:52","slug":"cynthia-son-mai-khay-trang-tri","status":"publish","type":"product","link":"https:\/\/maihomedecor.com\/vi\/san-pham\/cynthia-son-mai-khay-trang-tri\/","title":{"rendered":"CYNTHIA &#8211; Khay S\u01a1n M\u00e0i Trang Tr\u00ed"},"content":{"rendered":"<div><span style=\"font-size: 105%;\"><strong>M\u00f4 t\u1ea3 s\u1ea3n ph\u1ea9m:<\/strong><\/span><\/div>\n<div>&#8211; CYNTHIA l\u00e0 khay trang tr\u00ed \u0111\u01b0\u1ee3c thi\u1ebft k\u1ebf v\u1edbi tay c\u1ea7m th\u1eddi trang g\u1eafn tr\u00ean c\u00e1c g\u1edd r\u1ed9ng h\u01a1n. \u0110\u01b0\u1ee3c ho\u00e0n thi\u1ec7n b\u1eb1ng l\u1edbp s\u01a1n m\u00e0i \u0111en v\u00e0 l\u1edbp s\u01a1n m\u00e0i l\u00e1 b\u1ea1c &amp; \u0111en v\u1edbi h\u1ecda ti\u1ebft Patina, CYNTHIA t\u1ecfa ra v\u1ebb quy\u1ebfn r\u0169 v\u00e0 sang tr\u1ecdng.<\/div>\n<div>&#8211; Th\u00edch h\u1ee3p \u0111\u1ec3 \u0111\u1ef1ng \u0111\u1ed3 u\u1ed1ng v\u00e0 \u0111\u1ed3 \u0103n nh\u1eb9 m\u1eb7n. Khi \u0111\u1eb7t tr\u00ean b\u00e0n c\u00e0 ph\u00ea ho\u1eb7c t\u1ee7 ph\u1ee5, n\u00f3 s\u1ebd tr\u1edf th\u00e0nh khay trang tr\u00ed s\u01a1n m\u00e0i \u0111\u1ec3 tr\u01b0ng b\u00e0y nh\u1eefng \u0111\u1ed3 v\u1eadt qu\u00fd gi\u00e1 c\u1ee7a b\u1ea1n.<br \/>\n&#8211; CYNTHIA \u0111\u01b0\u1ee3c l\u00e0m th\u1ee7 c\u00f4ng ho\u00e0n to\u00e0n t\u1ea1i nh\u00e0 m\u00e1y Mai Home Decor Vi\u1ec7t Nam b\u1edfi nh\u1eefng ng\u01b0\u1eddi th\u1ee3 s\u01a1n m\u00e0i l\u00e0nh ngh\u1ec1, s\u1eed d\u1ee5ng c\u00e1c c\u00f4ng c\u1ee5 v\u00e0 k\u1ef9 thu\u1eadt \u0111\u01b0\u1ee3c truy\u1ec1n l\u1ea1i v\u00e0 tinh ch\u1ec9nh t\u1eeb th\u1ebf h\u1ec7 n\u00e0y sang th\u1ebf h\u1ec7 kh\u00e1c.<\/div>\n<h3><\/h3>\n<div><span style=\"font-size: 105%;\"><strong>Th\u00f4ng s\u1ed1 k\u1ef9 thu\u1eadt:<\/strong><\/span><\/div>\n<div>&#8211; V\u1eadt li\u1ec7u: G\u1ed7 c\u00f4ng nghi\u1ec7p MDF, L\u00e1 b\u1ea1c, S\u01a1n m\u00e0i<\/div>\n<div>&#8211; K\u00edch th\u01b0\u1edbc (W x D x H): 500 x 350 x 50 mm<\/div>\n<h3><\/h3>\n<div><span style=\"font-size: 105%;\"><strong>Ph\u00ed v\u1eadn chuy\u1ec3n v\u00e0 giao h\u00e0ng:<\/strong><\/span><\/div>\n<div>&#8211; Gi\u00e1 tr\u00ean kh\u00f4ng bao g\u1ed3m ph\u00ed v\u1eadn chuy\u1ec3n, ph\u00ed n\u00e0y s\u1ebd \u0111\u01b0\u1ee3c c\u1ed9ng th\u00eam khi b\u1ea1n thanh to\u00e1n. T\u1ed5ng s\u1ed1 ti\u1ec1n ph\u1ea3i tr\u1ea3 bao g\u1ed3m s\u1ea3n ph\u1ea9m v\u00e0 chi ph\u00ed v\u1eadn chuy\u1ec3n s\u1ebd \u0111\u01b0\u1ee3c hi\u1ec3n th\u1ecb.<br \/>\n&#8211; \u0110\u01b0\u1ee3c b\u00e1n b\u1edfi Mai Home D\u00e9cor Pte. Ltd. t\u1ea1i Singapore v\u00e0 \u0111\u01b0\u1ee3c v\u1eadn chuy\u1ec3n t\u1eeb nh\u00e0 m\u00e1y s\u01a1n m\u00e0i c\u1ee7a ch\u00fang t\u00f4i t\u1ea1i Vi\u1ec7t Nam.<\/div>\n","protected":false},"excerpt":{"rendered":"<p>M\u00f4 t\u1ea3 s\u1ea3n ph\u1ea9m: &#8211; CYNTHIA l\u00e0 khay trang tr\u00ed \u0111\u01b0\u1ee3c thi\u1ebft k\u1ebf v\u1edbi tay c\u1ea7m th\u1eddi trang g\u1eafn tr\u00ean c\u00e1c g\u1edd r\u1ed9ng h\u01a1n. \u0110\u01b0\u1ee3c ho\u00e0n thi\u1ec7n b\u1eb1ng l\u1edbp s\u01a1n m\u00e0i \u0111en v\u00e0 l\u1edbp s\u01a1n m\u00e0i l\u00e1 b\u1ea1c &amp; \u0111en v\u1edbi h\u1ecda ti\u1ebft Patina, CYNTHIA t\u1ecfa ra v\u1ebb quy\u1ebfn r\u0169 v\u00e0 sang tr\u1ecdng. &#8211; Th\u00edch&#8230;<\/p>\n","protected":false},"featured_media":2104,"comment_status":"open","ping_status":"closed","template":"","meta":[],"product_cat":[252,258],"product_tag":[352,350],"acf":[],"_links":{"self":[{"href":"https:\/\/maihomedecor.com\/vi\/wp-json\/wp\/v2\/product\/1470"}],"collection":[{"href":"https:\/\/maihomedecor.com\/vi\/wp-json\/wp\/v2\/product"}],"about":[{"href":"https:\/\/maihomedecor.com\/vi\/wp-json\/wp\/v2\/types\/product"}],"replies":[{"embeddable":true,"href":"https:\/\/maihomedecor.com\/vi\/wp-json\/wp\/v2\/comments?post=1470"}],"wp:featuredmedia":[{"embeddable":true,"href":"https:\/\/maihomedecor.com\/vi\/wp-json\/wp\/v2\/media\/2104"}],"wp:attachment":[{"href":"https:\/\/maihomedecor.com\/vi\/wp-json\/wp\/v2\/media?parent=1470"}],"wp:term":[{"taxonomy":"product_cat","embeddable":true,"href":"https:\/\/maihomedecor.com\/vi\/wp-json\/wp\/v2\/product_cat?post=1470"},{"taxonomy":"product_tag","embeddable":true,"href":"https:\/\/maihomedecor.com\/vi\/wp-json\/wp\/v2\/product_tag?post=1470"}],"curies":[{"name":"wp","href":"https:\/\/api.w.org\/{rel}","templated":true}]}}