{"id":1472,"date":"2024-04-03T01:40:46","date_gmt":"2024-04-02T17:40:46","guid":{"rendered":"https:\/\/demo1.winnet.com.vn\/?post_type=product&#038;p=1472"},"modified":"2024-10-11T16:52:50","modified_gmt":"2024-10-11T08:52:50","slug":"hop-trang-tri-son-mai-iris","status":"publish","type":"product","link":"https:\/\/maihomedecor.com\/vi\/san-pham\/hop-trang-tri-son-mai-iris\/","title":{"rendered":"IRIS &#8211; H\u1ed9p Trang Tr\u00ed S\u01a1n M\u00e0i C\u00f3 Tua Rua"},"content":{"rendered":"<div><span style=\"font-size: 105%;\"><strong>M\u00f4 t\u1ea3 s\u1ea3n ph\u1ea9m:<\/strong><\/span><\/div>\n<div>&#8211; IRIS l\u00e0 h\u1ed9p trang tr\u00ed s\u01a1n m\u00e0i m\u00e0u \u0111\u1ecf Bordeaux v\u00e0 \u0111en, s\u1ebd h\u1ea5p d\u1eabn t\u1ea5t c\u1ea3 nh\u1eefng ng\u01b0\u1eddi y\u00eau th\u00edch phong c\u00e1ch trang tr\u00ed ch\u00e2u \u00c1 \u0111\u01b0\u01a1ng \u0111\u1ea1i.<br \/>\n&#8211; Ki\u1ec3u d\u00e1ng th\u1eddi trang c\u1ee7a n\u00f3 c\u00f3 4 b\u1ee9c t\u01b0\u1eddng nghi\u00eang \u0111\u01b0\u1ee3c trang tr\u00ed b\u1eb1ng c\u00e1c ch\u1eef l\u1ed3ng. N\u1eafp b\u00ecnh \u0111\u01b0\u1ee3c \u0111\u1eady b\u1eb1ng n\u00fam h\u00ecnh b\u00e1n c\u1ea7u \u0111\u01b0\u1ee3c trang tr\u00ed b\u1eb1ng tua rua xa hoa l\u00e0m t\u1eeb s\u1ee3i cotton \u0111en v\u00e0 \u0111\u1ecf.<\/div>\n<div>&#8211; IRIS \u0111\u01b0\u1ee3c l\u00e0m th\u1ee7 c\u00f4ng ho\u00e0n to\u00e0n t\u1ea1i nh\u00e0 m\u00e1y Mai Home Decor Vi\u1ec7t Nam b\u1edfi nh\u1eefng ng\u01b0\u1eddi th\u1ee3 s\u01a1n m\u00e0i l\u00e0nh ngh\u1ec1, s\u1eed d\u1ee5ng c\u00e1c c\u00f4ng c\u1ee5 v\u00e0 k\u1ef9 thu\u1eadt \u0111\u01b0\u1ee3c truy\u1ec1n l\u1ea1i v\u00e0 tinh ch\u1ec9nh t\u1eeb th\u1ebf h\u1ec7 n\u00e0y sang th\u1ebf h\u1ec7 kh\u00e1c.<\/div>\n<h3><\/h3>\n<div><span style=\"font-size: 105%;\"><strong>Th\u00f4ng s\u1ed1 k\u1ef9 thu\u1eadt:<\/strong><\/span><\/div>\n<div>&#8211; V\u1eadt li\u1ec7u: G\u1ed7 c\u00f4ng nghi\u1ec7p MDF, S\u01a1n m\u00e0i, S\u1ee3i v\u1ea3i cotton<\/div>\n<div>&#8211; K\u00edch th\u01b0\u1edbc (W x D x H): 165 x 165 x 130 mm<\/div>\n<h3><\/h3>\n<div><strong>Ph\u00ed v\u1eadn chuy\u1ec3n v\u00e0 giao h\u00e0ng:<\/strong><\/div>\n<div><span style=\"color: #282828;\">&#8211; Gi\u00e1 tr\u00ean kh\u00f4ng bao g\u1ed3m ph\u00ed v\u1eadn chuy\u1ec3n, ph\u00ed n\u00e0y s\u1ebd \u0111\u01b0\u1ee3c c\u1ed9ng th\u00eam khi b\u1ea1n thanh to\u00e1n. T\u1ed5ng s\u1ed1 ti\u1ec1n ph\u1ea3i tr\u1ea3 bao g\u1ed3m s\u1ea3n ph\u1ea9m v\u00e0 chi ph\u00ed v\u1eadn chuy\u1ec3n s\u1ebd \u0111\u01b0\u1ee3c hi\u1ec3n th\u1ecb.<\/span><br \/>\n<span style=\"color: #282828;\">&#8211; \u0110\u01b0\u1ee3c b\u00e1n b\u1edfi Mai Home D\u00e9cor Pte. Ltd. t\u1ea1i Singapore v\u00e0 \u0111\u01b0\u1ee3c v\u1eadn chuy\u1ec3n t\u1eeb nh\u00e0 m\u00e1y s\u01a1n m\u00e0i c\u1ee7a ch\u00fang t\u00f4i t\u1ea1i Vi\u1ec7t Nam.<\/span><\/div>\n","protected":false},"excerpt":{"rendered":"<p>M\u00f4 t\u1ea3 s\u1ea3n ph\u1ea9m: &#8211; IRIS l\u00e0 h\u1ed9p trang tr\u00ed s\u01a1n m\u00e0i m\u00e0u \u0111\u1ecf Bordeaux v\u00e0 \u0111en, s\u1ebd h\u1ea5p d\u1eabn t\u1ea5t c\u1ea3 nh\u1eefng ng\u01b0\u1eddi y\u00eau th\u00edch phong c\u00e1ch trang tr\u00ed ch\u00e2u \u00c1 \u0111\u01b0\u01a1ng \u0111\u1ea1i. &#8211; Ki\u1ec3u d\u00e1ng th\u1eddi trang c\u1ee7a n\u00f3 c\u00f3 4 b\u1ee9c t\u01b0\u1eddng nghi\u00eang \u0111\u01b0\u1ee3c trang tr\u00ed b\u1eb1ng c\u00e1c ch\u1eef l\u1ed3ng. N\u1eafp b\u00ecnh&#8230;<\/p>\n","protected":false},"featured_media":2084,"comment_status":"open","ping_status":"closed","template":"","meta":[],"product_cat":[252,254],"product_tag":[356,350],"acf":[],"_links":{"self":[{"href":"https:\/\/maihomedecor.com\/vi\/wp-json\/wp\/v2\/product\/1472"}],"collection":[{"href":"https:\/\/maihomedecor.com\/vi\/wp-json\/wp\/v2\/product"}],"about":[{"href":"https:\/\/maihomedecor.com\/vi\/wp-json\/wp\/v2\/types\/product"}],"replies":[{"embeddable":true,"href":"https:\/\/maihomedecor.com\/vi\/wp-json\/wp\/v2\/comments?post=1472"}],"wp:featuredmedia":[{"embeddable":true,"href":"https:\/\/maihomedecor.com\/vi\/wp-json\/wp\/v2\/media\/2084"}],"wp:attachment":[{"href":"https:\/\/maihomedecor.com\/vi\/wp-json\/wp\/v2\/media?parent=1472"}],"wp:term":[{"taxonomy":"product_cat","embeddable":true,"href":"https:\/\/maihomedecor.com\/vi\/wp-json\/wp\/v2\/product_cat?post=1472"},{"taxonomy":"product_tag","embeddable":true,"href":"https:\/\/maihomedecor.com\/vi\/wp-json\/wp\/v2\/product_tag?post=1472"}],"curies":[{"name":"wp","href":"https:\/\/api.w.org\/{rel}","templated":true}]}}