{"id":1475,"date":"2023-11-15T07:11:20","date_gmt":"2023-11-14T23:11:20","guid":{"rendered":"https:\/\/demo1.winnet.com.vn\/?post_type=product&#038;p=1475"},"modified":"2024-10-11T17:06:02","modified_gmt":"2024-10-11T09:06:02","slug":"thanos-hop-trang-suc-son-mai","status":"publish","type":"product","link":"https:\/\/maihomedecor.com\/vi\/san-pham\/thanos-hop-trang-suc-son-mai\/","title":{"rendered":"THANOS &#8211; H\u1ed9p \u0110\u1ef1ng Trang S\u1ee9c S\u01a1n M\u00e0i L\u00e1 B\u1ea1c C\u00f3 D\u00e2y \u0110eo B\u1eb1ng Da"},"content":{"rendered":"<div><span style=\"font-size: 105%;\"><strong>M\u00f4 t\u1ea3 s\u1ea3n ph\u1ea9m:<\/strong><\/span><\/div>\n<div>&#8211; THANOS l\u00e0 h\u1ed9p \u0111\u1ef1ng trang s\u1ee9c s\u01a1n m\u00e0i l\u00e1 b\u1ea1c m\u00e0u n\u00e2u th\u1eddi trang c\u00f3 c\u00e1c c\u1ea1nh tr\u00f2n \u1edf hai b\u00ean. S\u1ea3n ph\u1ea9m \u0111\u01b0\u1ee3c trang tr\u00ed b\u1eb1ng d\u00e2y \u0111eo gi\u1ea3 da v\u00e0 kh\u00f3a b\u1eb1ng th\u00e9p kh\u00f4ng g\u1ec9. Khi m\u1edf ra, b\u00ean trong s\u1ebd l\u1ed9 ra m\u1ed9t ng\u0103n l\u1edbn \u0111\u01b0\u1ee3c l\u00f3t nhung \u0111en.<\/div>\n<div>&#8211; \u0110\u1eb7t tr\u00ean b\u00e0n ho\u1eb7c t\u1ee7, s\u1ea3n ph\u1ea9m s\u1ebd t\u1ea1o n\u00ean n\u00e9t phong c\u00e1ch cho ph\u00f2ng kh\u00e1ch, ph\u00f2ng ng\u1ee7 ho\u1eb7c h\u00e0nh lang.<\/div>\n<div>&#8211; S\u1ea3n ph\u1ea9m \u0111\u01b0\u1ee3c l\u00e0m th\u1ee7 c\u00f4ng ho\u00e0n to\u00e0n t\u1ea1i nh\u00e0 m\u00e1y Mai Home Decor Vi\u1ec7t Nam b\u1edfi nh\u1eefng ng\u01b0\u1eddi th\u1ee3 s\u01a1n m\u00e0i l\u00e0nh ngh\u1ec1, s\u1eed d\u1ee5ng c\u00e1c c\u00f4ng c\u1ee5 v\u00e0 k\u1ef9 thu\u1eadt \u0111\u01b0\u1ee3c truy\u1ec1n l\u1ea1i v\u00e0 tinh ch\u1ec9nh t\u1eeb th\u1ebf h\u1ec7 n\u00e0y sang th\u1ebf h\u1ec7 kh\u00e1c.<\/div>\n<h2><\/h2>\n<div><span style=\"font-size: 105%;\"><strong>Th\u00f4ng s\u1ed1 k\u1ef9 thu\u1eadt:<\/strong><\/span><\/div>\n<div>&#8211; V\u1eadt li\u1ec7u: G\u1ed7 c\u00f4ng nghi\u1ec7p MDF, L\u00e1 b\u1ea1c, S\u01a1n m\u00e0i, Da gi\u1ea3, Th\u00e9p kh\u00f4ng g\u1ec9, Nhung.<\/div>\n<div>&#8211; K\u00edch th\u01b0\u1edbc (W x D x H): 300 x 220 x 70 mm<\/div>\n<h2><\/h2>\n<div><span style=\"font-size: 105%;\"><strong>Ph\u00ed v\u1eadn chuy\u1ec3n v\u00e0 giao h\u00e0ng:<\/strong><\/span><\/div>\n<div>\n<p>&#8211; Gi\u00e1 tr\u00ean kh\u00f4ng bao g\u1ed3m ph\u00ed v\u1eadn chuy\u1ec3n, ph\u00ed n\u00e0y s\u1ebd \u0111\u01b0\u1ee3c c\u1ed9ng th\u00eam khi b\u1ea1n thanh to\u00e1n. T\u1ed5ng s\u1ed1 ti\u1ec1n ph\u1ea3i tr\u1ea3 bao g\u1ed3m s\u1ea3n ph\u1ea9m v\u00e0 chi ph\u00ed v\u1eadn chuy\u1ec3n s\u1ebd \u0111\u01b0\u1ee3c hi\u1ec3n th\u1ecb.<br \/>\n&#8211; \u0110\u01b0\u1ee3c b\u00e1n b\u1edfi Mai Home D\u00e9cor Pte. Ltd. t\u1ea1i Singapore v\u00e0 \u0111\u01b0\u1ee3c v\u1eadn chuy\u1ec3n t\u1eeb nh\u00e0 m\u00e1y s\u01a1n m\u00e0i c\u1ee7a ch\u00fang t\u00f4i t\u1ea1i Vi\u1ec7t Nam.<\/p>\n<\/div>\n","protected":false},"excerpt":{"rendered":"<p>M\u00f4 t\u1ea3 s\u1ea3n ph\u1ea9m: &#8211; THANOS l\u00e0 h\u1ed9p \u0111\u1ef1ng trang s\u1ee9c s\u01a1n m\u00e0i l\u00e1 b\u1ea1c m\u00e0u n\u00e2u th\u1eddi trang c\u00f3 c\u00e1c c\u1ea1nh tr\u00f2n \u1edf hai b\u00ean. S\u1ea3n ph\u1ea9m \u0111\u01b0\u1ee3c trang tr\u00ed b\u1eb1ng d\u00e2y \u0111eo gi\u1ea3 da v\u00e0 kh\u00f3a b\u1eb1ng th\u00e9p kh\u00f4ng g\u1ec9. Khi m\u1edf ra, b\u00ean trong s\u1ebd l\u1ed9 ra m\u1ed9t ng\u0103n l\u1edbn \u0111\u01b0\u1ee3c l\u00f3t&#8230;<\/p>\n","protected":false},"featured_media":1706,"comment_status":"open","ping_status":"closed","template":"","meta":[],"product_cat":[252,254],"product_tag":[360,356,350],"acf":[],"_links":{"self":[{"href":"https:\/\/maihomedecor.com\/vi\/wp-json\/wp\/v2\/product\/1475"}],"collection":[{"href":"https:\/\/maihomedecor.com\/vi\/wp-json\/wp\/v2\/product"}],"about":[{"href":"https:\/\/maihomedecor.com\/vi\/wp-json\/wp\/v2\/types\/product"}],"replies":[{"embeddable":true,"href":"https:\/\/maihomedecor.com\/vi\/wp-json\/wp\/v2\/comments?post=1475"}],"wp:featuredmedia":[{"embeddable":true,"href":"https:\/\/maihomedecor.com\/vi\/wp-json\/wp\/v2\/media\/1706"}],"wp:attachment":[{"href":"https:\/\/maihomedecor.com\/vi\/wp-json\/wp\/v2\/media?parent=1475"}],"wp:term":[{"taxonomy":"product_cat","embeddable":true,"href":"https:\/\/maihomedecor.com\/vi\/wp-json\/wp\/v2\/product_cat?post=1475"},{"taxonomy":"product_tag","embeddable":true,"href":"https:\/\/maihomedecor.com\/vi\/wp-json\/wp\/v2\/product_tag?post=1475"}],"curies":[{"name":"wp","href":"https:\/\/api.w.org\/{rel}","templated":true}]}}