{"id":1479,"date":"2024-04-08T09:12:29","date_gmt":"2024-04-08T01:12:29","guid":{"rendered":"https:\/\/demo1.winnet.com.vn\/?post_type=product&#038;p=1479"},"modified":"2024-10-11T17:19:09","modified_gmt":"2024-10-11T09:19:09","slug":"kronos-hop-dong-ho-son-mai","status":"publish","type":"product","link":"https:\/\/maihomedecor.com\/vi\/san-pham\/kronos-hop-dong-ho-son-mai\/","title":{"rendered":"KRONOS &#8211; H\u1ed9p \u0110\u1ef1ng \u0110\u1ed3ng H\u1ed3 V\u00e0 B\u00fat S\u01a1n M\u00e0i C\u00f3 \u0110i\u1ec3m Nh\u1ea5n L\u00e0 L\u00e1 B\u1ea1c"},"content":{"rendered":"<p><strong><span style=\"font-size: 105%;\">M\u00f4 t\u1ea3 s\u1ea3n ph\u1ea9m:<\/span><span style=\"text-decoration: underline;\"><span style=\"font-size: 110%;\"><br \/>\n<\/span><\/span><\/strong><span style=\"color: #282828;\">&#8211; KRONOS to\u00e1t l\u00ean v\u1ebb thanh l\u1ecbch v\u00e0 sang tr\u1ecdng. \u0110\u00e2y l\u00e0 m\u1ed9t chi\u1ebfc \u0111\u1ed3ng h\u1ed3 s\u01a1n m\u00e0i m\u00e0u n\u00e2u v\u00e0 h\u1ed9p \u0111\u1ef1ng b\u00fat \u0111\u01b0\u1ee3c thi\u1ebft k\u1ebf v\u1edbi \u0111i\u1ec3m nh\u1ea5n l\u00e0 l\u1edbp s\u01a1n m\u00e0i m\u00e0u b\u1ea1c s\u00e2m panh c\u00f3 h\u1ecda ti\u1ebft. N\u1ed9i th\u1ea5t c\u1ee7a n\u00f3 \u0111\u01b0\u1ee3c l\u00f3t b\u1eb1ng nhung \u0111en<br \/>\n&#8211; \u0110\u1ed3ng h\u1ed3 \u0111\u01b0\u1ee3c c\u1ea5t gi\u1eef v\u00e0 tr\u01b0ng b\u00e0y tr\u00ean nh\u1eefng chi\u1ebfc \u0111\u1ec7m da gi\u1ea3 \u1edf nh\u1eefng khe chuy\u00ean d\u1ee5ng. B\u00fat c\u0169ng c\u00f3 khe \u0111\u1ef1ng b\u00fat \u0111\u1eb7c bi\u1ec7t. H\u1ed9p c\u00f3 th\u1ec3 \u0111\u1ef1ng \u0111\u01b0\u1ee3c t\u1ed1i \u0111a 6 chi\u1ebfc \u0111\u1ed3ng h\u1ed3 v\u00e0 3 chi\u1ebfc b\u00fat.<\/span><br \/>\n<span style=\"color: #282828;\">&#8211; S\u1ea3n ph\u1ea9m \u0111\u01b0\u1ee3c l\u00e0m th\u1ee7 c\u00f4ng ho\u00e0n to\u00e0n t\u1ea1i nh\u00e0 m\u00e1y Mai Home Decor Vi\u1ec7t Nam b\u1edfi nh\u1eefng ng\u01b0\u1eddi th\u1ee3 s\u01a1n m\u00e0i l\u00e0nh ngh\u1ec1, s\u1eed d\u1ee5ng c\u00e1c c\u00f4ng c\u1ee5 v\u00e0 k\u1ef9 thu\u1eadt \u0111\u01b0\u1ee3c truy\u1ec1n l\u1ea1i v\u00e0 tinh ch\u1ec9nh t\u1eeb th\u1ebf h\u1ec7 n\u00e0y sang th\u1ebf h\u1ec7 kh\u00e1c.<\/span><\/p>\n<p><strong><span style=\"font-size: 110%;\"><span style=\"font-family: Helvetica;\"><span style=\"font-size: 100%;\">Th\u00f4ng s\u1ed1 k\u1ef9 thu\u1eadt<\/span>:<\/span><br \/>\n<\/span><\/strong>&#8211; V\u1eadt li\u1ec7u : MG\u1ed7 c\u00f4ng nghi\u1ec7p MDF, L\u00e1 b\u1ea1c, S\u01a1n m\u00e0i, Da gi\u1ea3, Nhung &#8211; K\u00edch th\u01b0\u1edbc (W x D x H): 290 x 200 x 90 mm<\/p>\n<p><strong><span style=\"font-size: 110%;\"><span style=\"font-size: 100%;\">T\u01b0 v\u1ea5n v\u00e0 gi\u00e1 c\u1ea3:<\/span><br \/>\n<\/span><\/strong>&#8211; Gi\u00e1 tr\u00ean kh\u00f4ng bao g\u1ed3m ph\u00ed v\u1eadn chuy\u1ec3n, ph\u00ed n\u00e0y s\u1ebd \u0111\u01b0\u1ee3c c\u1ed9ng th\u00eam khi b\u1ea1n thanh to\u00e1n. T\u1ed5ng s\u1ed1 ti\u1ec1n ph\u1ea3i tr\u1ea3 bao g\u1ed3m s\u1ea3n ph\u1ea9m v\u00e0 chi ph\u00ed v\u1eadn chuy\u1ec3n s\u1ebd \u0111\u01b0\u1ee3c hi\u1ec3n th\u1ecb.<br \/>\n&#8211; \u0110\u01b0\u1ee3c b\u00e1n b\u1edfi Mai Home D\u00e9cor Pte. Ltd. t\u1ea1i Singapore v\u00e0 \u0111\u01b0\u1ee3c v\u1eadn chuy\u1ec3n t\u1eeb nh\u00e0 m\u00e1y s\u01a1n m\u00e0i c\u1ee7a ch\u00fang t\u00f4i t\u1ea1i Vi\u1ec7t Nam.<\/p>\n","protected":false},"excerpt":{"rendered":"<p>M\u00f4 t\u1ea3 s\u1ea3n ph\u1ea9m: &#8211; KRONOS to\u00e1t l\u00ean v\u1ebb thanh l\u1ecbch v\u00e0 sang tr\u1ecdng. \u0110\u00e2y l\u00e0 m\u1ed9t chi\u1ebfc \u0111\u1ed3ng h\u1ed3 s\u01a1n m\u00e0i m\u00e0u n\u00e2u v\u00e0 h\u1ed9p \u0111\u1ef1ng b\u00fat \u0111\u01b0\u1ee3c thi\u1ebft k\u1ebf v\u1edbi \u0111i\u1ec3m nh\u1ea5n l\u00e0 l\u1edbp s\u01a1n m\u00e0i m\u00e0u b\u1ea1c s\u00e2m panh c\u00f3 h\u1ecda ti\u1ebft. N\u1ed9i th\u1ea5t c\u1ee7a n\u00f3 \u0111\u01b0\u1ee3c l\u00f3t b\u1eb1ng nhung \u0111en &#8211;&#8230;<\/p>\n","protected":false},"featured_media":2064,"comment_status":"open","ping_status":"closed","template":"","meta":[],"product_cat":[252,254],"product_tag":[364,356,350],"acf":[],"_links":{"self":[{"href":"https:\/\/maihomedecor.com\/vi\/wp-json\/wp\/v2\/product\/1479"}],"collection":[{"href":"https:\/\/maihomedecor.com\/vi\/wp-json\/wp\/v2\/product"}],"about":[{"href":"https:\/\/maihomedecor.com\/vi\/wp-json\/wp\/v2\/types\/product"}],"replies":[{"embeddable":true,"href":"https:\/\/maihomedecor.com\/vi\/wp-json\/wp\/v2\/comments?post=1479"}],"wp:featuredmedia":[{"embeddable":true,"href":"https:\/\/maihomedecor.com\/vi\/wp-json\/wp\/v2\/media\/2064"}],"wp:attachment":[{"href":"https:\/\/maihomedecor.com\/vi\/wp-json\/wp\/v2\/media?parent=1479"}],"wp:term":[{"taxonomy":"product_cat","embeddable":true,"href":"https:\/\/maihomedecor.com\/vi\/wp-json\/wp\/v2\/product_cat?post=1479"},{"taxonomy":"product_tag","embeddable":true,"href":"https:\/\/maihomedecor.com\/vi\/wp-json\/wp\/v2\/product_tag?post=1479"}],"curies":[{"name":"wp","href":"https:\/\/api.w.org\/{rel}","templated":true}]}}