{"id":1683,"date":"2024-05-13T03:43:46","date_gmt":"2024-05-12T19:43:46","guid":{"rendered":"https:\/\/demo1.winnet.com.vn\/?post_type=product&#038;p=1683"},"modified":"2024-10-10T11:10:45","modified_gmt":"2024-10-10T03:10:45","slug":"christo-hop-dung-son-mai","status":"publish","type":"product","link":"https:\/\/maihomedecor.com\/vi\/san-pham\/christo-hop-dung-son-mai\/","title":{"rendered":"CHRISTO &#8211; H\u1ed9p \u0110\u1ef1ng S\u01a1n M\u00e0i V\u1edbi \u0110i\u1ec3m Nh\u1ea5n L\u00e0 L\u00e1 B\u1ea1c"},"content":{"rendered":"<div><strong>M\u00f4 t\u1ea3 s\u1ea3n ph\u1ea9m:<\/strong><\/div>\n<div>&#8211; CHRISTO l\u00e0 h\u1ed9p \u0111\u1ef1ng \u0111\u1ed3 s\u01a1n m\u00e0i sang tr\u1ecdng d\u00e0nh cho nam gi\u1edbi, \u0111\u01b0\u1ee3c thi\u1ebft k\u1ebf \u0111\u1ec3 \u0111\u1ef1ng nh\u1eefng v\u1eadt d\u1ee5ng c\u00f3 gi\u00e1 tr\u1ecb c\u1ee7a nam gi\u1edbi nh\u01b0 \u0111\u1ed3ng h\u1ed3, b\u00fat v\u00e0 khuy m\u0103ng s\u00e9t. \u0110\u01b0\u1ee3c ho\u00e0n thi\u1ec7n b\u1eb1ng l\u1edbp s\u01a1n m\u00e0i \u0111en v\u00e0 trang tr\u00ed b\u1eb1ng nh\u1eefng \u0111i\u1ec3m nh\u1ea5n l\u00e1 b\u1ea1c Brown Gold c\u00f3 k\u1ebft c\u1ea5u, s\u1ea3n ph\u1ea9m to\u00e1t l\u00ean v\u1ebb sang tr\u1ecdng v\u00e0 thanh l\u1ecbch.<\/div>\n<div>&#8211; N\u00f3 bao g\u1ed3m m\u1ed9t ng\u0103n d\u01b0\u1edbi v\u00e0 m\u1ed9t khay tr\u00ean c\u00f3 th\u1ec3 th\u00e1o r\u1eddi, c\u1ea3 hai \u0111\u1ec1u \u0111\u01b0\u1ee3c l\u00f3t nhung \u0111en.<\/div>\n<div>&#8211; S\u1ea3n ph\u1ea9m \u0111\u01b0\u1ee3c l\u00e0m th\u1ee7 c\u00f4ng ho\u00e0n to\u00e0n t\u1ea1i nh\u00e0 m\u00e1y Mai Home Decor Vi\u1ec7t Nam b\u1edfi nh\u1eefng ng\u01b0\u1eddi th\u1ee3 s\u01a1n m\u00e0i l\u00e0nh ngh\u1ec1, s\u1eed d\u1ee5ng c\u00e1c c\u00f4ng c\u1ee5 v\u00e0 k\u1ef9 thu\u1eadt \u0111\u01b0\u1ee3c truy\u1ec1n l\u1ea1i v\u00e0 tinh ch\u1ec9nh t\u1eeb th\u1ebf h\u1ec7 n\u00e0y sang th\u1ebf h\u1ec7 kh\u00e1c.<\/div>\n<h1><\/h1>\n<div><strong>Th\u00f4ng s\u1ed1 k\u1ef9 thu\u1eadt:<\/strong><\/div>\n<div>&#8211; V\u1eadt li\u1ec7u: G\u1ed7 c\u00f4ng nghi\u1ec7p MDF, L\u00e1 b\u1ea1c, S\u01a1n m\u00e0i, Nhung<\/div>\n<div>&#8211; K\u00edch th\u01b0\u1edbc (W x D x H): 290 x 200 x 110 mm<\/div>\n<h1><\/h1>\n<div><strong>T\u01b0 v\u1ea5n v\u00e0 gi\u00e1 c\u1ea3:<\/strong><\/div>\n<div>&#8211; S\u1ea3n ph\u1ea9m n\u00e0y ch\u00fang t\u00f4i kh\u00f4ng c\u00f3 s\u1eb5n nh\u01b0ng c\u00f3 th\u1ec3 s\u1ea3n xu\u1ea5t theo \u0111\u01a1n \u0111\u1eb7t h\u00e0ng. Gi\u00e1 tr\u00ean ch\u01b0a bao g\u1ed3m chi ph\u00ed v\u1eadn chuy\u1ec3n v\u00e0 \u00e1p d\u1ee5ng cho s\u1ea3n xu\u1ea5t theo \u0111\u01a1n \u0111\u1eb7t h\u00e0ng s\u1ed1 l\u01b0\u1ee3ng 1 s\u1ea3n ph\u1ea9m.<br \/>\n&#8211; Vui l\u00f2ng t\u00ecm hi\u1ec3u v\u1ec1 c\u00e1c l\u1ef1a ch\u1ecdn c\u1ee7a ch\u00fang t\u00f4i \u0111\u1ec3 s\u1ea3n xu\u1ea5t theo \u0111\u01a1n \u0111\u1eb7t h\u00e0ng v\u00e0 t\u00f9y ch\u1ec9nh l\u1edbp ho\u00e0n thi\u1ec7n: ch\u00fang t\u00f4i s\u1ebd tr\u1ea3 l\u1eddi s\u1edbm.<br \/>\n&#8211; \u0110\u01b0\u1ee3c b\u00e1n b\u1edfi Mai Home D\u00e9cor Pte. Ltd. t\u1ea1i Singapore v\u00e0 \u0111\u01b0\u1ee3c v\u1eadn chuy\u1ec3n t\u1eeb nh\u00e0 m\u00e1y s\u01a1n m\u00e0i c\u1ee7a ch\u00fang t\u00f4i t\u1ea1i Vi\u1ec7t Nam.<\/div>\n<p>&nbsp;<\/p>\n<p>&nbsp;<\/p>\n<p>&nbsp;<\/p>\n","protected":false},"excerpt":{"rendered":"<p>M\u00f4 t\u1ea3 s\u1ea3n ph\u1ea9m: &#8211; CHRISTO l\u00e0 h\u1ed9p \u0111\u1ef1ng \u0111\u1ed3 s\u01a1n m\u00e0i sang tr\u1ecdng d\u00e0nh cho nam gi\u1edbi, \u0111\u01b0\u1ee3c thi\u1ebft k\u1ebf \u0111\u1ec3 \u0111\u1ef1ng nh\u1eefng v\u1eadt d\u1ee5ng c\u00f3 gi\u00e1 tr\u1ecb c\u1ee7a nam gi\u1edbi nh\u01b0 \u0111\u1ed3ng h\u1ed3, b\u00fat v\u00e0 khuy m\u0103ng s\u00e9t. \u0110\u01b0\u1ee3c ho\u00e0n thi\u1ec7n b\u1eb1ng l\u1edbp s\u01a1n m\u00e0i \u0111en v\u00e0 trang tr\u00ed b\u1eb1ng nh\u1eefng \u0111i\u1ec3m nh\u1ea5n&#8230;<\/p>\n","protected":false},"featured_media":4496,"comment_status":"open","ping_status":"closed","template":"","meta":[],"product_cat":[252,254],"product_tag":[362,356,350],"acf":[],"_links":{"self":[{"href":"https:\/\/maihomedecor.com\/vi\/wp-json\/wp\/v2\/product\/1683"}],"collection":[{"href":"https:\/\/maihomedecor.com\/vi\/wp-json\/wp\/v2\/product"}],"about":[{"href":"https:\/\/maihomedecor.com\/vi\/wp-json\/wp\/v2\/types\/product"}],"replies":[{"embeddable":true,"href":"https:\/\/maihomedecor.com\/vi\/wp-json\/wp\/v2\/comments?post=1683"}],"wp:featuredmedia":[{"embeddable":true,"href":"https:\/\/maihomedecor.com\/vi\/wp-json\/wp\/v2\/media\/4496"}],"wp:attachment":[{"href":"https:\/\/maihomedecor.com\/vi\/wp-json\/wp\/v2\/media?parent=1683"}],"wp:term":[{"taxonomy":"product_cat","embeddable":true,"href":"https:\/\/maihomedecor.com\/vi\/wp-json\/wp\/v2\/product_cat?post=1683"},{"taxonomy":"product_tag","embeddable":true,"href":"https:\/\/maihomedecor.com\/vi\/wp-json\/wp\/v2\/product_tag?post=1683"}],"curies":[{"name":"wp","href":"https:\/\/api.w.org\/{rel}","templated":true}]}}