{"id":1685,"date":"2024-05-15T03:57:17","date_gmt":"2024-05-14T19:57:17","guid":{"rendered":"https:\/\/demo1.winnet.com.vn\/?post_type=product&#038;p=1685"},"modified":"2025-05-26T09:21:12","modified_gmt":"2025-05-26T01:21:12","slug":"faye-ban-lam-viec-son-mai","status":"publish","type":"product","link":"https:\/\/maihomedecor.com\/vi\/san-pham\/faye-ban-lam-viec-son-mai\/","title":{"rendered":"FAYE &#8211; B\u00e0n L\u00e0m Vi\u1ec7c S\u01a1n M\u00e0i"},"content":{"rendered":"<div><strong>M\u00f4 t\u1ea3 s\u1ea3n ph\u1ea9m:<\/strong><\/div>\n<div><span style=\"color: #282828;\"><span style=\"color: #282828;\">&#8211; B\u00e0n s\u01a1n m\u00e0i FAYE mang \u0111\u1ebfn phong c\u00e1ch \u0111\u01a1n gi\u1ea3n v\u00e0 d\u1ec5 hi\u1ec3u. Thi\u1ebft k\u1ebf h\u00ecnh d\u00e1ng ch\u00fa tr\u1ecdng v\u00e0o c\u00e1c \u0111\u01b0\u1eddng n\u00e9t g\u1ecdn g\u00e0ng nh\u01b0ng c\u00f3 c\u00e1c c\u1ea1nh v\u00e0 g\u00f3c bo tr\u00f2n \u1edf ch\u00e2n v\u00e0 m\u1eb7t b\u00e0n. S\u1ea3n ph\u1ea9m c\u00f3 ph\u1ed1i m\u00e0u s\u01a1n m\u00e0i 2 t\u00f4ng m\u00e0u \u0111\u1eb9p m\u1eaft v\u00e0 \u0111\u00e1ng ng\u1ea1c nhi\u00ean: m\u00e0u n\u00e2u nh\u1ea1t \u0111\u01b0\u1ee3c s\u1eed d\u1ee5ng g\u1ea7n nh\u01b0 to\u00e0n b\u1ed9, trong khi m\u00e0u tr\u1eafng \u0111\u1ee5c \u0111\u01b0\u1ee3c s\u1eed d\u1ee5ng l\u00e0m \u0111i\u1ec3m nh\u1ea5n tr\u00ean m\u1eb7t b\u00e0n, ph\u00e2n \u0111\u1ecbnh 2 ng\u0103n k\u00e9o b\u00ean d\u01b0\u1edbi.<br \/>\n<\/span><\/span><span style=\"color: #282828;\">&#8211; FAYE \u0111\u01b0\u1ee3c l\u00e0m ho\u00e0n to\u00e0n th\u1ee7 c\u00f4ng t\u1ea1i nh\u00e0 m\u00e1y Mai Home Decor Vi\u1ec7t Nam b\u1edfi nh\u1eefng ng\u01b0\u1eddi th\u1ee3 s\u01a1n m\u00e0i l\u00e0nh ngh\u1ec1, s\u1eed d\u1ee5ng c\u00e1c c\u00f4ng c\u1ee5 v\u00e0 k\u1ef9 thu\u1eadt \u0111\u01b0\u1ee3c truy\u1ec1n l\u1ea1i v\u00e0 tinh ch\u1ec9nh t\u1eeb th\u1ebf h\u1ec7 n\u00e0y sang th\u1ebf h\u1ec7 kh\u00e1c.<\/span><\/div>\n<div><\/div>\n<div><strong>Th\u00f4ng s\u1ed1 k\u1ef9 thu\u1eadt:<\/strong><\/div>\n<div>&#8211; V\u1eadt li\u1ec7u: G\u1ed7 c\u00f4ng nghi\u1ec7p MDF\/HDF, G\u1ed7 nguy\u00ean kh\u1ed1i, S\u01a1n m\u00e0i<\/div>\n<div>&#8211; K\u00edch th\u01b0\u1edbc (W x D x H): 1300 x 650 x 750 mm<\/div>\n<div><\/div>\n<div><strong>T\u01b0 v\u1ea5n v\u00e0 gi\u00e1 c\u1ea3:<\/strong><\/div>\n<div>&#8211; S\u1ea3n ph\u1ea9m n\u00e0y ch\u00fang t\u00f4i kh\u00f4ng c\u00f3 s\u1eb5n nh\u01b0ng c\u00f3 th\u1ec3 s\u1ea3n xu\u1ea5t theo \u0111\u01a1n \u0111\u1eb7t h\u00e0ng. Gi\u00e1 tr\u00ean ch\u01b0a bao g\u1ed3m chi ph\u00ed v\u1eadn chuy\u1ec3n v\u00e0 \u00e1p d\u1ee5ng cho s\u1ea3n xu\u1ea5t theo \u0111\u01a1n \u0111\u1eb7t h\u00e0ng s\u1ed1 l\u01b0\u1ee3ng 1 s\u1ea3n ph\u1ea9m.<br \/>\n&#8211; Vui l\u00f2ng t\u00ecm hi\u1ec3u v\u1ec1 c\u00e1c l\u1ef1a ch\u1ecdn c\u1ee7a ch\u00fang t\u00f4i \u0111\u1ec3 s\u1ea3n xu\u1ea5t theo \u0111\u01a1n \u0111\u1eb7t h\u00e0ng v\u00e0 t\u00f9y ch\u1ec9nh l\u1edbp ho\u00e0n thi\u1ec7n: ch\u00fang t\u00f4i s\u1ebd tr\u1ea3 l\u1eddi s\u1edbm.<br \/>\n&#8211; \u0110\u01b0\u1ee3c b\u00e1n b\u1edfi Mai Home D\u00e9cor Pte. Ltd. t\u1ea1i Singapore v\u00e0 \u0111\u01b0\u1ee3c v\u1eadn chuy\u1ec3n t\u1eeb nh\u00e0 m\u00e1y s\u01a1n m\u00e0i c\u1ee7a ch\u00fang t\u00f4i t\u1ea1i Vi\u1ec7t Nam.<\/div>\n<p>&nbsp;<\/p>\n<p>&nbsp;<\/p>\n","protected":false},"excerpt":{"rendered":"<p>M\u00f4 t\u1ea3 s\u1ea3n ph\u1ea9m: &#8211; B\u00e0n s\u01a1n m\u00e0i FAYE mang \u0111\u1ebfn phong c\u00e1ch \u0111\u01a1n gi\u1ea3n v\u00e0 d\u1ec5 hi\u1ec3u. Thi\u1ebft k\u1ebf h\u00ecnh d\u00e1ng ch\u00fa tr\u1ecdng v\u00e0o c\u00e1c \u0111\u01b0\u1eddng n\u00e9t g\u1ecdn g\u00e0ng nh\u01b0ng c\u00f3 c\u00e1c c\u1ea1nh v\u00e0 g\u00f3c bo tr\u00f2n \u1edf ch\u00e2n v\u00e0 m\u1eb7t b\u00e0n. S\u1ea3n ph\u1ea9m c\u00f3 ph\u1ed1i m\u00e0u s\u01a1n m\u00e0i 2 t\u00f4ng m\u00e0u \u0111\u1eb9p m\u1eaft&#8230;<\/p>\n","protected":false},"featured_media":4907,"comment_status":"open","ping_status":"closed","template":"","meta":[],"product_cat":[265,259],"product_tag":[414,279],"acf":[],"_links":{"self":[{"href":"https:\/\/maihomedecor.com\/vi\/wp-json\/wp\/v2\/product\/1685"}],"collection":[{"href":"https:\/\/maihomedecor.com\/vi\/wp-json\/wp\/v2\/product"}],"about":[{"href":"https:\/\/maihomedecor.com\/vi\/wp-json\/wp\/v2\/types\/product"}],"replies":[{"embeddable":true,"href":"https:\/\/maihomedecor.com\/vi\/wp-json\/wp\/v2\/comments?post=1685"}],"wp:featuredmedia":[{"embeddable":true,"href":"https:\/\/maihomedecor.com\/vi\/wp-json\/wp\/v2\/media\/4907"}],"wp:attachment":[{"href":"https:\/\/maihomedecor.com\/vi\/wp-json\/wp\/v2\/media?parent=1685"}],"wp:term":[{"taxonomy":"product_cat","embeddable":true,"href":"https:\/\/maihomedecor.com\/vi\/wp-json\/wp\/v2\/product_cat?post=1685"},{"taxonomy":"product_tag","embeddable":true,"href":"https:\/\/maihomedecor.com\/vi\/wp-json\/wp\/v2\/product_tag?post=1685"}],"curies":[{"name":"wp","href":"https:\/\/api.w.org\/{rel}","templated":true}]}}