{"id":3793,"date":"2024-07-02T01:41:31","date_gmt":"2024-07-01T17:41:31","guid":{"rendered":"https:\/\/maihomedecor.com\/product\/leda-ban-cafe-son-mai\/"},"modified":"2024-10-09T11:59:59","modified_gmt":"2024-10-09T03:59:59","slug":"leda-ban-ca-phe-son-mai","status":"publish","type":"product","link":"https:\/\/maihomedecor.com\/vi\/san-pham\/leda-ban-ca-phe-son-mai\/","title":{"rendered":"LEDA &#8211; B\u00e0n C\u00e0 Ph\u00ea S\u01a1n M\u00e0i"},"content":{"rendered":"<p><strong>M\u00f4 t\u1ea3 s\u1ea3n ph\u1ea9m:<\/strong><br \/>\n&#8211; B\u00e0n c\u00e0 ph\u00ea s\u01a1n m\u00e0i LEDA mang \u0111\u1ebfn s\u1ef1 thanh l\u1ecbch gi\u1ea3n \u0111\u01a1n! Ch\u00e2n b\u00e0n m\u1ecfng v\u00e0 m\u1eb7t b\u00e0n h\u00ecnh ch\u1eef nh\u1eadt \u0111\u01b0\u1ee3c ho\u00e0n thi\u1ec7n b\u1eb1ng l\u1edbp s\u01a1n m\u00e0i h\u1ecda ti\u1ebft \u0111\u00e1 c\u1ea9m th\u1ea1ch tr\u1eafng th\u1ee7 c\u00f4ng. \u0110i\u1ec3m nh\u1ea5n m\u00e0u x\u00e1m \u1edf ph\u1ea7n vi\u1ec1n ch\u00e2n gi\u00e0y t\u1ea1o n\u00ean s\u1ef1 t\u01b0\u01a1ng ph\u1ea3n \u0111\u1eb9p m\u1eaft v\u1edbi l\u1edbp ho\u00e0n thi\u1ec7n m\u00e0u tr\u1eafng.<br \/>\n&#8211; M\u1eb7t b\u00e0n \u0111\u01b0\u1ee3c ph\u1ee7 th\u00eam l\u1edbp s\u01a1n m\u00e0i trong su\u1ed1t x\u1eed l\u00fd b\u1eb1ng tia UV \u0111\u1ec3 t\u0103ng \u0111\u1ed9 c\u1ee9ng b\u1ec1 m\u1eb7t v\u00e0 kh\u1ea3 n\u0103ng ch\u1ed1ng tr\u1ea7y x\u01b0\u1edbc.<br \/>\n&#8211; LEDA \u0111\u01b0\u1ee3c l\u00e0m th\u1ee7 c\u00f4ng ho\u00e0n to\u00e0n t\u1ea1i nh\u00e0 m\u00e1y Mai Home Decor Vi\u1ec7t Nam b\u1edfi nh\u1eefng ng\u01b0\u1eddi th\u1ee3 s\u01a1n m\u00e0i l\u00e0nh ngh\u1ec1, s\u1eed d\u1ee5ng c\u00e1c c\u00f4ng c\u1ee5 v\u00e0 k\u1ef9 thu\u1eadt \u0111\u01b0\u1ee3c truy\u1ec1n l\u1ea1i v\u00e0 tinh ch\u1ec9nh t\u1eeb th\u1ebf h\u1ec7 n\u00e0y sang th\u1ebf h\u1ec7 kh\u00e1c.<\/p>\n<p><strong>Th\u00f4ng s\u1ed1 k\u1ef9 thu\u1eadt:<\/strong><br \/>\n&#8211; V\u1eadt li\u1ec7u: G\u1ed7 c\u00f4ng nghi\u1ec7p MDF\/HDF, G\u1ed7 nguy\u00ean kh\u1ed1i, S\u01a1n m\u00e0i<br \/>\n&#8211; K\u00edch th\u01b0\u1edbc (W x D x H): 1218 x 768 x 380 mm<\/p>\n<div><strong>T\u01b0 v\u1ea5n v\u00e0 gi\u00e1 c\u1ea3:<\/strong><\/div>\n<div>&#8211; S\u1ea3n ph\u1ea9m n\u00e0y ch\u00fang t\u00f4i kh\u00f4ng c\u00f3 s\u1eb5n nh\u01b0ng c\u00f3 th\u1ec3 s\u1ea3n xu\u1ea5t theo \u0111\u01a1n \u0111\u1eb7t h\u00e0ng. Gi\u00e1 tr\u00ean ch\u01b0a bao g\u1ed3m chi ph\u00ed v\u1eadn chuy\u1ec3n v\u00e0 \u00e1p d\u1ee5ng cho s\u1ea3n xu\u1ea5t theo \u0111\u01a1n \u0111\u1eb7t h\u00e0ng s\u1ed1 l\u01b0\u1ee3ng 1 s\u1ea3n ph\u1ea9m.<br \/>\n&#8211; Vui l\u00f2ng t\u00ecm hi\u1ec3u v\u1ec1 c\u00e1c l\u1ef1a ch\u1ecdn c\u1ee7a ch\u00fang t\u00f4i \u0111\u1ec3 s\u1ea3n xu\u1ea5t theo \u0111\u01a1n \u0111\u1eb7t h\u00e0ng v\u00e0 t\u00f9y ch\u1ec9nh l\u1edbp ho\u00e0n thi\u1ec7n: ch\u00fang t\u00f4i s\u1ebd tr\u1ea3 l\u1eddi s\u1edbm.<br \/>\n&#8211; \u0110\u01b0\u1ee3c b\u00e1n b\u1edfi Mai Home D\u00e9cor Pte. Ltd. t\u1ea1i Singapore v\u00e0 \u0111\u01b0\u1ee3c v\u1eadn chuy\u1ec3n t\u1eeb nh\u00e0 m\u00e1y s\u01a1n m\u00e0i c\u1ee7a ch\u00fang t\u00f4i t\u1ea1i Vi\u1ec7t Nam.<\/div>\n","protected":false},"excerpt":{"rendered":"<p>M\u00f4 t\u1ea3 s\u1ea3n ph\u1ea9m: &#8211; B\u00e0n c\u00e0 ph\u00ea s\u01a1n m\u00e0i LEDA mang \u0111\u1ebfn s\u1ef1 thanh l\u1ecbch gi\u1ea3n \u0111\u01a1n! Ch\u00e2n b\u00e0n m\u1ecfng v\u00e0 m\u1eb7t b\u00e0n h\u00ecnh ch\u1eef nh\u1eadt \u0111\u01b0\u1ee3c ho\u00e0n thi\u1ec7n b\u1eb1ng l\u1edbp s\u01a1n m\u00e0i h\u1ecda ti\u1ebft \u0111\u00e1 c\u1ea9m th\u1ea1ch tr\u1eafng th\u1ee7 c\u00f4ng. \u0110i\u1ec3m nh\u1ea5n m\u00e0u x\u00e1m \u1edf ph\u1ea7n vi\u1ec1n ch\u00e2n gi\u00e0y t\u1ea1o n\u00ean s\u1ef1 t\u01b0\u01a1ng&#8230;<\/p>\n","protected":false},"featured_media":4919,"comment_status":"open","ping_status":"closed","template":"","meta":[],"product_cat":[264,259],"product_tag":[297,279],"acf":[],"_links":{"self":[{"href":"https:\/\/maihomedecor.com\/vi\/wp-json\/wp\/v2\/product\/3793"}],"collection":[{"href":"https:\/\/maihomedecor.com\/vi\/wp-json\/wp\/v2\/product"}],"about":[{"href":"https:\/\/maihomedecor.com\/vi\/wp-json\/wp\/v2\/types\/product"}],"replies":[{"embeddable":true,"href":"https:\/\/maihomedecor.com\/vi\/wp-json\/wp\/v2\/comments?post=3793"}],"wp:featuredmedia":[{"embeddable":true,"href":"https:\/\/maihomedecor.com\/vi\/wp-json\/wp\/v2\/media\/4919"}],"wp:attachment":[{"href":"https:\/\/maihomedecor.com\/vi\/wp-json\/wp\/v2\/media?parent=3793"}],"wp:term":[{"taxonomy":"product_cat","embeddable":true,"href":"https:\/\/maihomedecor.com\/vi\/wp-json\/wp\/v2\/product_cat?post=3793"},{"taxonomy":"product_tag","embeddable":true,"href":"https:\/\/maihomedecor.com\/vi\/wp-json\/wp\/v2\/product_tag?post=3793"}],"curies":[{"name":"wp","href":"https:\/\/api.w.org\/{rel}","templated":true}]}}