{"id":3796,"date":"2024-06-30T05:58:00","date_gmt":"2024-06-29T21:58:00","guid":{"rendered":"https:\/\/maihomedecor.com\/product\/clarisse-tu-dau-giuong-son-mai\/"},"modified":"2025-03-06T14:01:19","modified_gmt":"2025-03-06T06:01:19","slug":"clarisse-tu-dau-giuong-son-mai","status":"publish","type":"product","link":"https:\/\/maihomedecor.com\/vi\/san-pham\/clarisse-tu-dau-giuong-son-mai\/","title":{"rendered":"CLARISSE &#8211; T\u1ee7 \u0110\u1ea7u Gi\u01b0\u1eddng S\u01a1n M\u00e0i"},"content":{"rendered":"<div><strong>M\u00f4 t\u1ea3 s\u1ea3n ph\u1ea9m:<\/strong><\/div>\n<div>&#8211; T\u1ee7 \u0111\u1ea7u gi\u01b0\u1eddng s\u01a1n m\u00e0i CLARISSE \u0111\u01b0\u1ee3c thi\u1ebft k\u1ebf \u0111\u1ec3 g\u00e2y \u1ea5n t\u01b0\u1ee3ng! C\u1ea5u tr\u00fac m\u1ecfng v\u00e0 thanh l\u1ecbch c\u1ee7a n\u00f3 \u0111\u1ec3 l\u1ed9 th\u00e2n m\u00e1y c\u00f3 m\u1eb7t b\u00e0n l\u00f5m v\u00e0 c\u00e1c g\u00f3c bo tr\u00f2n \u0111\u1ee9ng tr\u00ean b\u1ed1n ch\u00e2n m\u00e0u v\u00e0ng. S\u1ef1 h\u1ea5p d\u1eabn c\u1ee7a n\u00f3 c\u00f2n \u0111\u1ebfn t\u1eeb m\u00e0u s\u1eafc tuy\u1ec7t \u0111\u1eb9p: l\u1edbp s\u01a1n m\u00e0i kem \u0111\u01b0\u1ee3c t\u00f4n l\u00ean nh\u1edd b\u1ed9 tay c\u1ea7m b\u1eb1ng \u0111\u1ed3ng thau v\u00e0 ch\u00e2n s\u01a1n m\u00e0i v\u00e0ng.<br \/>\n&#8211; T\u1ee7 c\u00f3 2 ng\u0103n k\u00e9o \u0111\u00f3ng \u00eam, b\u00ean trong l\u00f3t nhung m\u00e0u kem. Th\u00e2n h\u1eb9p khi\u1ebfn n\u00f3 tr\u1edf th\u00e0nh chi\u1ebfc t\u1ee7 \u0111\u1ea7u gi\u01b0\u1eddng l\u00fd t\u01b0\u1edfng cho nh\u1eefng ph\u00f2ng ng\u1ee7 nh\u1ecf c\u00f3 kh\u00f4ng gian h\u1ea1n ch\u1ebf.<br \/>\n&#8211; S\u1ea3n ph\u1ea9m \u0111\u01b0\u1ee3c l\u00e0m th\u1ee7 c\u00f4ng ho\u00e0n to\u00e0n t\u1ea1i nh\u00e0 m\u00e1y Mai Home Decor Vi\u1ec7t Nam b\u1edfi nh\u1eefng ng\u01b0\u1eddi th\u1ee3 s\u01a1n m\u00e0i l\u00e0nh ngh\u1ec1, s\u1eed d\u1ee5ng c\u00e1c c\u00f4ng c\u1ee5 v\u00e0 k\u1ef9 thu\u1eadt \u0111\u01b0\u1ee3c truy\u1ec1n l\u1ea1i v\u00e0 tinh ch\u1ec9nh t\u1eeb th\u1ebf h\u1ec7 n\u00e0y sang th\u1ebf h\u1ec7 kh\u00e1c.<\/div>\n<h1><\/h1>\n<div><strong>Th\u00f4ng s\u1ed1 k\u1ef9 thu\u1eadt:<\/strong><\/div>\n<div>&#8211; V\u1eadt li\u1ec7u: G\u1ed7 c\u00f4ng nghi\u1ec7p MDF\/HDF, \u0110\u1ed3ng thau, S\u01a1n m\u00e0i<\/div>\n<div>&#8211; K\u00edch th\u01b0\u1edbc: (W x D x H): 360 x 450 x 660 mm<\/div>\n<h1><\/h1>\n<div><strong>T\u01b0 v\u1ea5n v\u00e0 gi\u00e1 c\u1ea3:<\/strong><\/div>\n<div>&#8211; S\u1ea3n ph\u1ea9m n\u00e0y ch\u00fang t\u00f4i kh\u00f4ng c\u00f3 s\u1eb5n nh\u01b0ng c\u00f3 th\u1ec3 s\u1ea3n xu\u1ea5t theo \u0111\u01a1n \u0111\u1eb7t h\u00e0ng. Gi\u00e1 tr\u00ean ch\u01b0a bao g\u1ed3m chi ph\u00ed v\u1eadn chuy\u1ec3n v\u00e0 \u00e1p d\u1ee5ng cho s\u1ea3n xu\u1ea5t theo \u0111\u01a1n \u0111\u1eb7t h\u00e0ng s\u1ed1 l\u01b0\u1ee3ng 1 s\u1ea3n ph\u1ea9m.<br \/>\n&#8211; Vui l\u00f2ng t\u00ecm hi\u1ec3u v\u1ec1 c\u00e1c l\u1ef1a ch\u1ecdn c\u1ee7a ch\u00fang t\u00f4i \u0111\u1ec3 s\u1ea3n xu\u1ea5t theo \u0111\u01a1n \u0111\u1eb7t h\u00e0ng v\u00e0 t\u00f9y ch\u1ec9nh l\u1edbp ho\u00e0n thi\u1ec7n: ch\u00fang t\u00f4i s\u1ebd tr\u1ea3 l\u1eddi s\u1edbm.<br \/>\n&#8211; \u0110\u01b0\u1ee3c b\u00e1n b\u1edfi Mai Home D\u00e9cor Pte. Ltd. t\u1ea1i Singapore v\u00e0 \u0111\u01b0\u1ee3c v\u1eadn chuy\u1ec3n t\u1eeb nh\u00e0 m\u00e1y s\u01a1n m\u00e0i c\u1ee7a ch\u00fang t\u00f4i t\u1ea1i Vi\u1ec7t Nam.<\/div>\n<p>&nbsp;<\/p>\n<p>&nbsp;<\/p>\n","protected":false},"excerpt":{"rendered":"<p>M\u00f4 t\u1ea3 s\u1ea3n ph\u1ea9m: &#8211; T\u1ee7 \u0111\u1ea7u gi\u01b0\u1eddng s\u01a1n m\u00e0i CLARISSE \u0111\u01b0\u1ee3c thi\u1ebft k\u1ebf \u0111\u1ec3 g\u00e2y \u1ea5n t\u01b0\u1ee3ng! C\u1ea5u tr\u00fac m\u1ecfng v\u00e0 thanh l\u1ecbch c\u1ee7a n\u00f3 \u0111\u1ec3 l\u1ed9 th\u00e2n m\u00e1y c\u00f3 m\u1eb7t b\u00e0n l\u00f5m v\u00e0 c\u00e1c g\u00f3c bo tr\u00f2n \u0111\u1ee9ng tr\u00ean b\u1ed1n ch\u00e2n m\u00e0u v\u00e0ng. S\u1ef1 h\u1ea5p d\u1eabn c\u1ee7a n\u00f3 c\u00f2n \u0111\u1ebfn t\u1eeb m\u00e0u s\u1eafc&#8230;<\/p>\n","protected":false},"featured_media":4901,"comment_status":"closed","ping_status":"closed","template":"","meta":[],"product_cat":[259,261],"product_tag":[279,312],"acf":[],"_links":{"self":[{"href":"https:\/\/maihomedecor.com\/vi\/wp-json\/wp\/v2\/product\/3796"}],"collection":[{"href":"https:\/\/maihomedecor.com\/vi\/wp-json\/wp\/v2\/product"}],"about":[{"href":"https:\/\/maihomedecor.com\/vi\/wp-json\/wp\/v2\/types\/product"}],"replies":[{"embeddable":true,"href":"https:\/\/maihomedecor.com\/vi\/wp-json\/wp\/v2\/comments?post=3796"}],"wp:featuredmedia":[{"embeddable":true,"href":"https:\/\/maihomedecor.com\/vi\/wp-json\/wp\/v2\/media\/4901"}],"wp:attachment":[{"href":"https:\/\/maihomedecor.com\/vi\/wp-json\/wp\/v2\/media?parent=3796"}],"wp:term":[{"taxonomy":"product_cat","embeddable":true,"href":"https:\/\/maihomedecor.com\/vi\/wp-json\/wp\/v2\/product_cat?post=3796"},{"taxonomy":"product_tag","embeddable":true,"href":"https:\/\/maihomedecor.com\/vi\/wp-json\/wp\/v2\/product_tag?post=3796"}],"curies":[{"name":"wp","href":"https:\/\/api.w.org\/{rel}","templated":true}]}}