{"id":3798,"date":"2024-06-30T04:49:35","date_gmt":"2024-06-29T20:49:35","guid":{"rendered":"https:\/\/maihomedecor.com\/product\/eunice-tu-phong-an-son-mai\/"},"modified":"2024-10-09T12:15:53","modified_gmt":"2024-10-09T04:15:53","slug":"eunice-tu-phong-an-son-mai","status":"publish","type":"product","link":"https:\/\/maihomedecor.com\/vi\/san-pham\/eunice-tu-phong-an-son-mai\/","title":{"rendered":"EUNICE &#8211; T\u1ee7 Ph\u00f2ng \u0102n S\u01a1n M\u00e0i"},"content":{"rendered":"<p><span style=\"color: #000000;\"><strong>M\u00f4 t\u1ea3 s\u1ea3n ph\u1ea9m:<\/strong><\/span><br \/>\n<span style=\"color: #000000;\">&#8211; T\u1ee7 EUNICE cho th\u1ea5y \u0111\u1ed3 n\u1ed9i th\u1ea5t ho\u00e0n to\u00e0n l\u00e0m b\u1eb1ng s\u01a1n m\u00e0i cao c\u1ea5p c\u00f3 th\u1ec3 v\u1eeba th\u1eddi trang v\u1eeba v\u01b0\u1ee3t th\u1eddi gian. Th\u00e2n v\u00e0 c\u1eeda xe \u0111\u01b0\u1ee3c ho\u00e0n thi\u1ec7n b\u1eb1ng l\u1edbp s\u01a1n m\u00e0i Champagne Silver Leaf th\u1ee7 c\u00f4ng c\u00f3 h\u1ecda ti\u1ebft \u0111\u01b0\u1eddng n\u00e9t \u0111\u1eb9p m\u1eaft. Ch\u00e2n v\u00e0 2 g\u1edd c\u1ee7a n\u00f3 \u0111\u01b0\u1ee3c ho\u00e0n thi\u1ec7n b\u1eb1ng s\u01a1n m\u00e0i v\u00e0ng.<\/span><br \/>\n<span style=\"color: #000000;\">&#8211; G\u1ed3m 4 ng\u0103n k\u00e9o c\u00f3 l\u1edbp l\u00f3t nhung m\u00e0u kem b\u00ean trong v\u00e0 4 ng\u0103n ch\u1ee9a \u0111\u1ed3.<\/span><br \/>\n<span style=\"color: #000000;\">&#8211; EUNICE \u0111\u01b0\u1ee3c l\u00e0m th\u1ee7 c\u00f4ng ho\u00e0n to\u00e0n t\u1ea1i nh\u00e0 m\u00e1y Mai Home Decor Vi\u1ec7t Nam b\u1edfi nh\u1eefng ng\u01b0\u1eddi th\u1ee3 s\u01a1n m\u00e0i l\u00e0nh ngh\u1ec1, s\u1eed d\u1ee5ng c\u00e1c c\u00f4ng c\u1ee5 v\u00e0 k\u1ef9 thu\u1eadt \u0111\u01b0\u1ee3c truy\u1ec1n l\u1ea1i v\u00e0 tinh ch\u1ec9nh t\u1eeb th\u1ebf h\u1ec7 n\u00e0y sang th\u1ebf h\u1ec7 kh\u00e1c.<\/span><\/p>\n<p><span style=\"color: #000000;\"><strong>Th\u00f4ng s\u1ed1 k\u1ef9 thu\u1eadt:<\/strong><\/span><br \/>\n<span style=\"color: #000000;\">&#8211; V\u1eadt li\u1ec7u: G\u1ed7 c\u00f4ng nghi\u1ec7p MDF\/HDF, \u0110\u1ed3ng thau, L\u00e1 b\u1ea1c, S\u01a1n m\u00e0i, Nhung<\/span><br \/>\n<span style=\"color: #000000;\">&#8211; K\u00edch th\u01b0\u1edbc (W x D x H): 1800 x 500 x 770 mm<\/span><\/p>\n<div><span style=\"color: #000000;\"><strong>T\u01b0 v\u1ea5n v\u00e0 gi\u00e1 c\u1ea3:<\/strong><\/span><\/div>\n<div><span style=\"color: #000000;\">&#8211; S\u1ea3n ph\u1ea9m n\u00e0y ch\u00fang t\u00f4i kh\u00f4ng c\u00f3 s\u1eb5n nh\u01b0ng c\u00f3 th\u1ec3 s\u1ea3n xu\u1ea5t theo \u0111\u01a1n \u0111\u1eb7t h\u00e0ng. Gi\u00e1 tr\u00ean ch\u01b0a bao g\u1ed3m chi ph\u00ed v\u1eadn chuy\u1ec3n v\u00e0 \u00e1p d\u1ee5ng cho s\u1ea3n xu\u1ea5t theo \u0111\u01a1n \u0111\u1eb7t h\u00e0ng s\u1ed1 l\u01b0\u1ee3ng 1 s\u1ea3n ph\u1ea9m.<\/span><br \/>\n<span style=\"color: #000000;\">&#8211; Vui l\u00f2ng t\u00ecm hi\u1ec3u v\u1ec1 c\u00e1c l\u1ef1a ch\u1ecdn c\u1ee7a ch\u00fang t\u00f4i \u0111\u1ec3 s\u1ea3n xu\u1ea5t theo \u0111\u01a1n \u0111\u1eb7t h\u00e0ng v\u00e0 t\u00f9y ch\u1ec9nh l\u1edbp ho\u00e0n thi\u1ec7n: ch\u00fang t\u00f4i s\u1ebd tr\u1ea3 l\u1eddi s\u1edbm.<\/span><br \/>\n<span style=\"color: #000000;\">&#8211; \u0110\u01b0\u1ee3c b\u00e1n b\u1edfi Mai Home D\u00e9cor Pte. Ltd. t\u1ea1i Singapore v\u00e0 \u0111\u01b0\u1ee3c v\u1eadn chuy\u1ec3n t\u1eeb nh\u00e0 m\u00e1y s\u01a1n m\u00e0i c\u1ee7a ch\u00fang t\u00f4i t\u1ea1i Vi\u1ec7t Nam.<\/span><\/div>\n<p>&nbsp;<\/p>\n<p>&nbsp;<\/p>\n","protected":false},"excerpt":{"rendered":"<p>M\u00f4 t\u1ea3 s\u1ea3n ph\u1ea9m: &#8211; T\u1ee7 EUNICE cho th\u1ea5y \u0111\u1ed3 n\u1ed9i th\u1ea5t ho\u00e0n to\u00e0n l\u00e0m b\u1eb1ng s\u01a1n m\u00e0i cao c\u1ea5p c\u00f3 th\u1ec3 v\u1eeba th\u1eddi trang v\u1eeba v\u01b0\u1ee3t th\u1eddi gian. Th\u00e2n v\u00e0 c\u1eeda xe \u0111\u01b0\u1ee3c ho\u00e0n thi\u1ec7n b\u1eb1ng l\u1edbp s\u01a1n m\u00e0i Champagne Silver Leaf th\u1ee7 c\u00f4ng c\u00f3 h\u1ecda ti\u1ebft \u0111\u01b0\u1eddng n\u00e9t \u0111\u1eb9p m\u1eaft. Ch\u00e2n v\u00e0 2&#8230;<\/p>\n","protected":false},"featured_media":4594,"comment_status":"open","ping_status":"closed","template":"","meta":[],"product_cat":[259,267],"product_tag":[279,325],"acf":[],"_links":{"self":[{"href":"https:\/\/maihomedecor.com\/vi\/wp-json\/wp\/v2\/product\/3798"}],"collection":[{"href":"https:\/\/maihomedecor.com\/vi\/wp-json\/wp\/v2\/product"}],"about":[{"href":"https:\/\/maihomedecor.com\/vi\/wp-json\/wp\/v2\/types\/product"}],"replies":[{"embeddable":true,"href":"https:\/\/maihomedecor.com\/vi\/wp-json\/wp\/v2\/comments?post=3798"}],"wp:featuredmedia":[{"embeddable":true,"href":"https:\/\/maihomedecor.com\/vi\/wp-json\/wp\/v2\/media\/4594"}],"wp:attachment":[{"href":"https:\/\/maihomedecor.com\/vi\/wp-json\/wp\/v2\/media?parent=3798"}],"wp:term":[{"taxonomy":"product_cat","embeddable":true,"href":"https:\/\/maihomedecor.com\/vi\/wp-json\/wp\/v2\/product_cat?post=3798"},{"taxonomy":"product_tag","embeddable":true,"href":"https:\/\/maihomedecor.com\/vi\/wp-json\/wp\/v2\/product_tag?post=3798"}],"curies":[{"name":"wp","href":"https:\/\/api.w.org\/{rel}","templated":true}]}}