{"id":3799,"date":"2024-06-30T02:12:47","date_gmt":"2024-06-29T18:12:47","guid":{"rendered":"https:\/\/maihomedecor.com\/product\/nova-tu-ngan-keo-son-mai\/"},"modified":"2024-10-09T12:18:16","modified_gmt":"2024-10-09T04:18:16","slug":"nova-tu-ngan-keo-son-mai","status":"publish","type":"product","link":"https:\/\/maihomedecor.com\/vi\/san-pham\/nova-tu-ngan-keo-son-mai\/","title":{"rendered":"NOVA &#8211; T\u1ee7 Ng\u0103n K\u00e9o S\u01a1n M\u00e0i"},"content":{"rendered":"<div><strong>M\u00f4 t\u1ea3 s\u1ea3n ph\u1ea9m:<\/strong><\/div>\n<div><span style=\"color: #282828;\">&#8211; NOVA \u0111\u01b0\u1ee3c thi\u1ebft k\u1ebf \u0111\u1ec3 g\u00e2y \u1ea5n t\u01b0\u1ee3ng v\u00e0 mang \u0111\u1ebfn n\u00e9t hi\u1ec7n \u0111\u1ea1i, thanh l\u1ecbch cho ph\u00f2ng ng\u1ee7! Chi\u1ebfc t\u1ee7 ng\u0103n k\u00e9o n\u00e0y \u0111\u01b0\u1ee3c t\u1ea1o ra b\u1eb1ng l\u1edbp s\u01a1n m\u00e0i kem th\u1ee7 c\u00f4ng k\u1ebft h\u1ee3p v\u1edbi ch\u00e2n v\u00e0 tay c\u1ea7m b\u1eb1ng kim lo\u1ea1i m\u1ea1 \u0111\u1ed3ng thau th\u1eddi trang. Nh\u1eefng \u0111i\u1ec3m nh\u1ea5n b\u1eb1ng \u0111\u1ed3ng thau n\u00e0y \u0111\u01b0\u1ee3c s\u1eafp x\u1ebfp theo \u0111\u01b0\u1eddng th\u1eb3ng v\u00e0 \u0111\u01b0\u1ee3c thi\u1ebft k\u1ebf v\u1edbi c\u00e1c c\u1ea1nh v\u00e0 \u0111\u1ea7u cong nh\u1eb9 nh\u00e0ng, \u0111\u01b0\u1ee3c gh\u00e9p l\u1ea1i v\u1edbi nhau m\u1ed9t c\u00e1ch li\u1ec1n m\u1ea1ch nh\u01b0 m\u1ed9t b\u1ed9 trang tr\u00ed tuy\u1ec7t \u0111\u1eb9p.<br \/>\n&#8211; NOVA c\u00f3 2 ng\u0103n k\u00e9o \u0111\u00f3ng \u00eam, b\u00ean trong l\u00f3t nhung m\u00e0u kem.<br \/>\n&#8211; S\u1ea3n ph\u1ea9m \u0111\u01b0\u1ee3c l\u00e0m th\u1ee7 c\u00f4ng ho\u00e0n to\u00e0n t\u1ea1i nh\u00e0 m\u00e1y Mai Home Decor Vi\u1ec7t Nam b\u1edfi nh\u1eefng ng\u01b0\u1eddi th\u1ee3 s\u01a1n m\u00e0i l\u00e0nh ngh\u1ec1, s\u1eed d\u1ee5ng c\u00e1c c\u00f4ng c\u1ee5 v\u00e0 k\u1ef9 thu\u1eadt \u0111\u01b0\u1ee3c truy\u1ec1n l\u1ea1i v\u00e0 tinh ch\u1ec9nh t\u1eeb th\u1ebf h\u1ec7 n\u00e0y sang th\u1ebf h\u1ec7 kh\u00e1c.<\/span><\/div>\n<p>&nbsp;<\/p>\n<h1><\/h1>\n<div><strong>Th\u00f4ng s\u1ed1 k\u1ef9 thu\u1eadt:<\/strong><\/div>\n<div>&#8211; V\u1eadt li\u1ec7u: G\u1ed7 c\u00f4ng nghi\u1ec7p MDF\/HDF, Th\u00e9p kh\u00f4ng g\u1ec9, Nhung, S\u01a1n m\u00e0i<\/div>\n<div>&#8211; K\u00edch th\u01b0\u1edbc: (W x D x H): 1100 x 490 x 800 mm<\/div>\n<h1><\/h1>\n<div><strong>T\u01b0 v\u1ea5n v\u00e0 gi\u00e1 c\u1ea3:<\/strong><\/div>\n<div>&#8211; S\u1ea3n ph\u1ea9m n\u00e0y ch\u00fang t\u00f4i kh\u00f4ng c\u00f3 s\u1eb5n nh\u01b0ng c\u00f3 th\u1ec3 s\u1ea3n xu\u1ea5t theo \u0111\u01a1n \u0111\u1eb7t h\u00e0ng. Gi\u00e1 tr\u00ean ch\u01b0a bao g\u1ed3m chi ph\u00ed v\u1eadn chuy\u1ec3n v\u00e0 \u00e1p d\u1ee5ng cho s\u1ea3n xu\u1ea5t theo \u0111\u01a1n \u0111\u1eb7t h\u00e0ng s\u1ed1 l\u01b0\u1ee3ng 1 s\u1ea3n ph\u1ea9m.<br \/>\n&#8211; Vui l\u00f2ng t\u00ecm hi\u1ec3u v\u1ec1 c\u00e1c l\u1ef1a ch\u1ecdn c\u1ee7a ch\u00fang t\u00f4i \u0111\u1ec3 s\u1ea3n xu\u1ea5t theo \u0111\u01a1n \u0111\u1eb7t h\u00e0ng v\u00e0 t\u00f9y ch\u1ec9nh l\u1edbp ho\u00e0n thi\u1ec7n: ch\u00fang t\u00f4i s\u1ebd tr\u1ea3 l\u1eddi s\u1edbm.<br \/>\n&#8211; \u0110\u01b0\u1ee3c b\u00e1n b\u1edfi Mai Home D\u00e9cor Pte. Ltd. t\u1ea1i Singapore v\u00e0 \u0111\u01b0\u1ee3c v\u1eadn chuy\u1ec3n t\u1eeb nh\u00e0 m\u00e1y s\u01a1n m\u00e0i c\u1ee7a ch\u00fang t\u00f4i t\u1ea1i Vi\u1ec7t Nam.<\/div>\n<p>&nbsp;<\/p>\n<p>&nbsp;<\/p>\n","protected":false},"excerpt":{"rendered":"<p>M\u00f4 t\u1ea3 s\u1ea3n ph\u1ea9m: &#8211; NOVA \u0111\u01b0\u1ee3c thi\u1ebft k\u1ebf \u0111\u1ec3 g\u00e2y \u1ea5n t\u01b0\u1ee3ng v\u00e0 mang \u0111\u1ebfn n\u00e9t hi\u1ec7n \u0111\u1ea1i, thanh l\u1ecbch cho ph\u00f2ng ng\u1ee7! Chi\u1ebfc t\u1ee7 ng\u0103n k\u00e9o n\u00e0y \u0111\u01b0\u1ee3c t\u1ea1o ra b\u1eb1ng l\u1edbp s\u01a1n m\u00e0i kem th\u1ee7 c\u00f4ng k\u1ebft h\u1ee3p v\u1edbi ch\u00e2n v\u00e0 tay c\u1ea7m b\u1eb1ng kim lo\u1ea1i m\u1ea1 \u0111\u1ed3ng thau th\u1eddi trang. Nh\u1eefng&#8230;<\/p>\n","protected":false},"featured_media":4582,"comment_status":"open","ping_status":"closed","template":"","meta":[],"product_cat":[259,263],"product_tag":[279,327],"acf":[],"_links":{"self":[{"href":"https:\/\/maihomedecor.com\/vi\/wp-json\/wp\/v2\/product\/3799"}],"collection":[{"href":"https:\/\/maihomedecor.com\/vi\/wp-json\/wp\/v2\/product"}],"about":[{"href":"https:\/\/maihomedecor.com\/vi\/wp-json\/wp\/v2\/types\/product"}],"replies":[{"embeddable":true,"href":"https:\/\/maihomedecor.com\/vi\/wp-json\/wp\/v2\/comments?post=3799"}],"wp:featuredmedia":[{"embeddable":true,"href":"https:\/\/maihomedecor.com\/vi\/wp-json\/wp\/v2\/media\/4582"}],"wp:attachment":[{"href":"https:\/\/maihomedecor.com\/vi\/wp-json\/wp\/v2\/media?parent=3799"}],"wp:term":[{"taxonomy":"product_cat","embeddable":true,"href":"https:\/\/maihomedecor.com\/vi\/wp-json\/wp\/v2\/product_cat?post=3799"},{"taxonomy":"product_tag","embeddable":true,"href":"https:\/\/maihomedecor.com\/vi\/wp-json\/wp\/v2\/product_tag?post=3799"}],"curies":[{"name":"wp","href":"https:\/\/api.w.org\/{rel}","templated":true}]}}