{"id":3801,"date":"2024-06-29T15:18:24","date_gmt":"2024-06-29T07:18:24","guid":{"rendered":"https:\/\/maihomedecor.com\/product\/tessa-tu-ngan-keo-son-mai\/"},"modified":"2024-10-09T12:24:03","modified_gmt":"2024-10-09T04:24:03","slug":"tessa-tu-ngan-keo-son-mai","status":"publish","type":"product","link":"https:\/\/maihomedecor.com\/vi\/san-pham\/tessa-tu-ngan-keo-son-mai\/","title":{"rendered":"TESSA &#8211; T\u1ee7 Ng\u0103n K\u00e9o S\u01a1n M\u00e0i"},"content":{"rendered":"<div><strong>M\u00f4 t\u1ea3 s\u1ea3n ph\u1ea9m:<\/strong><\/div>\n<p>&#8211; TESSA l\u00e0 t\u1ee7 \u0111\u1ef1ng \u0111\u1ed3 s\u01a1n m\u00e0i to\u00e1t l\u00ean v\u1ebb thanh l\u1ecbch gi\u1ea3n d\u1ecb t\u1eeb ki\u1ec3u d\u00e1ng th\u1eddi trang v\u00e0 m\u00e0u s\u1eafc h\u1ea5p d\u1eabn. \u0110\u01b0\u1ee3c ho\u00e0n thi\u1ec7n b\u1eb1ng l\u1edbp s\u01a1n m\u00e0i \u0111en th\u1ee7 c\u00f4ng tr\u00ean khung v\u00e0 tay c\u1ea7m c\u00f9ng l\u1edbp s\u01a1n m\u00e0i l\u00e1 b\u1ea1c n\u00e2u tr\u00ean m\u1eb7t tr\u01b0\u1edbc ng\u0103n k\u00e9o, s\u1ea3n ph\u1ea9m mang \u0111\u1ebfn n\u00e9t phong c\u00e1ch cho ph\u00f2ng ng\u1ee7 ho\u1eb7c h\u00e0nh lang. T\u1ee7 c\u00f3 3 ng\u0103n k\u00e9o \u0111\u00f3ng \u00eam v\u1edbi tay n\u1eafm \u00e2m t\u00edch h\u1ee3p.<br \/>\n&#8211; Chi\u1ebfc t\u1ee7 s\u01a1n m\u00e0i n\u00e0y \u0111\u01b0\u1ee3c l\u00e0m th\u1ee7 c\u00f4ng ho\u00e0n to\u00e0n t\u1ea1i nh\u00e0 m\u00e1y Mai Home Decor Vi\u1ec7t Nam b\u1edfi nh\u1eefng ng\u01b0\u1eddi th\u1ee3 s\u01a1n m\u00e0i l\u00e0nh ngh\u1ec1, s\u1eed d\u1ee5ng c\u00e1c c\u00f4ng c\u1ee5 v\u00e0 k\u1ef9 thu\u1eadt \u0111\u01b0\u1ee3c truy\u1ec1n l\u1ea1i v\u00e0 tinh ch\u1ec9nh t\u1eeb th\u1ebf h\u1ec7 n\u00e0y sang th\u1ebf h\u1ec7 kh\u00e1c.<\/p>\n<h1><\/h1>\n<div><strong>Th\u00f4ng s\u1ed1 k\u1ef9 thu\u1eadt:<\/strong><\/div>\n<div>&#8211; V\u1eadt li\u1ec7u: G\u1ed7 c\u00f4ng nghi\u1ec7p MDF\/HDF, Th\u00e9p s\u01a1n t\u0129nh \u0111i\u1ec7n, S\u01a1n m\u00e0i<\/div>\n<div>&#8211; K\u00edch th\u01b0\u1edbc: (W x D x H): 1000 x 500 x 900 mm<\/div>\n<h1><\/h1>\n<div><strong>T\u01b0 v\u1ea5n v\u00e0 gi\u00e1 c\u1ea3:<\/strong><\/div>\n<div>&#8211; S\u1ea3n ph\u1ea9m n\u00e0y ch\u00fang t\u00f4i kh\u00f4ng c\u00f3 s\u1eb5n nh\u01b0ng c\u00f3 th\u1ec3 s\u1ea3n xu\u1ea5t theo \u0111\u01a1n \u0111\u1eb7t h\u00e0ng. Gi\u00e1 tr\u00ean ch\u01b0a bao g\u1ed3m chi ph\u00ed v\u1eadn chuy\u1ec3n v\u00e0 \u00e1p d\u1ee5ng cho s\u1ea3n xu\u1ea5t theo \u0111\u01a1n \u0111\u1eb7t h\u00e0ng s\u1ed1 l\u01b0\u1ee3ng 1 s\u1ea3n ph\u1ea9m.<br \/>\n&#8211; Vui l\u00f2ng t\u00ecm hi\u1ec3u v\u1ec1 c\u00e1c l\u1ef1a ch\u1ecdn c\u1ee7a ch\u00fang t\u00f4i \u0111\u1ec3 s\u1ea3n xu\u1ea5t theo \u0111\u01a1n \u0111\u1eb7t h\u00e0ng v\u00e0 t\u00f9y ch\u1ec9nh l\u1edbp ho\u00e0n thi\u1ec7n: ch\u00fang t\u00f4i s\u1ebd tr\u1ea3 l\u1eddi s\u1edbm.<br \/>\n&#8211; \u0110\u01b0\u1ee3c b\u00e1n b\u1edfi Mai Home D\u00e9cor Pte. Ltd. t\u1ea1i Singapore v\u00e0 \u0111\u01b0\u1ee3c v\u1eadn chuy\u1ec3n t\u1eeb nh\u00e0 m\u00e1y s\u01a1n m\u00e0i c\u1ee7a ch\u00fang t\u00f4i t\u1ea1i Vi\u1ec7t Nam.<\/div>\n<p>&nbsp;<\/p>\n<p>&nbsp;<\/p>\n","protected":false},"excerpt":{"rendered":"<p>M\u00f4 t\u1ea3 s\u1ea3n ph\u1ea9m: &#8211; TESSA l\u00e0 t\u1ee7 \u0111\u1ef1ng \u0111\u1ed3 s\u01a1n m\u00e0i to\u00e1t l\u00ean v\u1ebb thanh l\u1ecbch gi\u1ea3n d\u1ecb t\u1eeb ki\u1ec3u d\u00e1ng th\u1eddi trang v\u00e0 m\u00e0u s\u1eafc h\u1ea5p d\u1eabn. \u0110\u01b0\u1ee3c ho\u00e0n thi\u1ec7n b\u1eb1ng l\u1edbp s\u01a1n m\u00e0i \u0111en th\u1ee7 c\u00f4ng tr\u00ean khung v\u00e0 tay c\u1ea7m c\u00f9ng l\u1edbp s\u01a1n m\u00e0i l\u00e1 b\u1ea1c n\u00e2u tr\u00ean m\u1eb7t tr\u01b0\u1edbc ng\u0103n&#8230;<\/p>\n","protected":false},"featured_media":3414,"comment_status":"open","ping_status":"closed","template":"","meta":[],"product_cat":[259,263],"product_tag":[279,327],"acf":[],"_links":{"self":[{"href":"https:\/\/maihomedecor.com\/vi\/wp-json\/wp\/v2\/product\/3801"}],"collection":[{"href":"https:\/\/maihomedecor.com\/vi\/wp-json\/wp\/v2\/product"}],"about":[{"href":"https:\/\/maihomedecor.com\/vi\/wp-json\/wp\/v2\/types\/product"}],"replies":[{"embeddable":true,"href":"https:\/\/maihomedecor.com\/vi\/wp-json\/wp\/v2\/comments?post=3801"}],"wp:featuredmedia":[{"embeddable":true,"href":"https:\/\/maihomedecor.com\/vi\/wp-json\/wp\/v2\/media\/3414"}],"wp:attachment":[{"href":"https:\/\/maihomedecor.com\/vi\/wp-json\/wp\/v2\/media?parent=3801"}],"wp:term":[{"taxonomy":"product_cat","embeddable":true,"href":"https:\/\/maihomedecor.com\/vi\/wp-json\/wp\/v2\/product_cat?post=3801"},{"taxonomy":"product_tag","embeddable":true,"href":"https:\/\/maihomedecor.com\/vi\/wp-json\/wp\/v2\/product_tag?post=3801"}],"curies":[{"name":"wp","href":"https:\/\/api.w.org\/{rel}","templated":true}]}}