{"id":3803,"date":"2024-06-29T14:35:06","date_gmt":"2024-06-29T06:35:06","guid":{"rendered":"https:\/\/maihomedecor.com\/product\/diva-tu-tivi-son-mai\/"},"modified":"2025-05-23T16:33:48","modified_gmt":"2025-05-23T08:33:48","slug":"diva-tu-tivi-son-mai","status":"publish","type":"product","link":"https:\/\/maihomedecor.com\/vi\/san-pham\/diva-tu-tivi-son-mai\/","title":{"rendered":"DIVA &#8211; T\u1ee7 TV S\u01a1n M\u00e0i"},"content":{"rendered":"<div><strong>M\u00f4 t\u1ea3 s\u1ea3n ph\u1ea9m:<\/strong><\/div>\n<div>&#8211; DIVA l\u00e0 t\u1ee7 tivi s\u01a1n m\u00e0i th\u1ec3 hi\u1ec7n s\u1ef1 k\u1ebft h\u1ee3p th\u00e0nh c\u00f4ng gi\u1eefa c\u00e1c v\u1eadt li\u1ec7u h\u1ed7n h\u1ee3p \u0111\u1ec3 t\u1ea1o n\u00ean \u0111\u1ed3 n\u1ed9i th\u1ea5t s\u01a1n m\u00e0i th\u1eddi trang. S\u1ef1 thanh l\u1ecbch c\u1ee7a n\u00f3 \u0111\u01b0\u1ee3c t\u0103ng c\u01b0\u1eddng nh\u1edd l\u1edbp ho\u00e0n thi\u1ec7n h\u1ea5p d\u1eabn k\u1ebft h\u1ee3p gi\u1eefa l\u1edbp g\u1ed7 d\u00e1n m\u00e0u x\u00e1m c\u00f3 h\u1ecda ti\u1ebft \u1edf m\u1eb7t tr\u01b0\u1edbc c\u1eeda v\u00e0 l\u1edbp s\u01a1n m\u00e0i m\u00e0u \u0111en th\u1ee7 c\u00f4ng \u1edf m\u1eb7t tr\u00ean v\u00e0 m\u1eb7t h\u00f4ng. DIVA \u0111\u01b0\u1ee3c thi\u1ebft k\u1ebf \u0111\u1ec3 mang \u0111\u1ebfn n\u00e9t tinh t\u1ebf cho ph\u00f2ng kh\u00e1ch.<\/div>\n<div>&#8211; M\u1ed9t d\u1ea3i \u0111\u1ed3ng thau bao quanh ph\u1ea7n \u0111\u1ebf l\u00f5m trong khi c\u00e1c \u0111i\u1ec3m nh\u1ea5n trang tr\u00ed b\u1eb1ng \u0111\u1ed3ng thau h\u1ea5p d\u1eabn chia t\u1ee7 th\u00e0nh 2 n\u1eeda. Nh\u1eefng \u0111i\u1ec3m nh\u1ea5n b\u1eb1ng kim lo\u1ea1i n\u00e0y t\u1ea1o n\u00ean s\u1ef1 t\u01b0\u01a1ng ph\u1ea3n h\u00e0i h\u00f2a v\u1edbi m\u00e0u t\u1ed1i c\u1ee7a th\u00e2n m\u00e1y. \u0110\u1eb1ng sau 4 c\u00e1nh c\u1eeda, DIVA c\u00f3 8 ng\u0103n ch\u1ee9a \u0111\u1ed3.<br \/>\n&#8211; DIVA \u0111\u01b0\u1ee3c l\u00e0m th\u1ee7 c\u00f4ng ho\u00e0n to\u00e0n t\u1ea1i nh\u00e0 m\u00e1y Mai Home Decor Vi\u1ec7t Nam b\u1edfi nh\u1eefng ng\u01b0\u1eddi th\u1ee3 s\u01a1n m\u00e0i l\u00e0nh ngh\u1ec1, s\u1eed d\u1ee5ng c\u00e1c c\u00f4ng c\u1ee5 v\u00e0 k\u1ef9 thu\u1eadt \u0111\u01b0\u1ee3c truy\u1ec1n l\u1ea1i v\u00e0 tinh ch\u1ec9nh t\u1eeb th\u1ebf h\u1ec7 n\u00e0y sang th\u1ebf h\u1ec7 kh\u00e1c.<\/div>\n<h1><\/h1>\n<div><strong>Th\u00f4ng s\u1ed1 k\u1ef9 thu\u1eadt:<\/strong><\/div>\n<div>&#8211; V\u1eadt li\u1ec7u: G\u1ed7 c\u00f4ng nghi\u1ec7p MDF\/HDF, \u0110\u1ed3ng thau ho\u1eb7c th\u00e9p kh\u00f4ng g\u1ec9, S\u01a1n m\u00e0i<\/div>\n<div>&#8211; K\u00edch th\u01b0\u1edbc (W x D x H): 1800 x 450 x 470 mm<\/div>\n<h1><\/h1>\n<div><strong>T\u01b0 v\u1ea5n v\u00e0 gi\u00e1 c\u1ea3:<\/strong><\/div>\n<div>&#8211; S\u1ea3n ph\u1ea9m n\u00e0y ch\u00fang t\u00f4i kh\u00f4ng c\u00f3 s\u1eb5n nh\u01b0ng c\u00f3 th\u1ec3 s\u1ea3n xu\u1ea5t theo \u0111\u01a1n \u0111\u1eb7t h\u00e0ng. Gi\u00e1 tr\u00ean ch\u01b0a bao g\u1ed3m chi ph\u00ed v\u1eadn chuy\u1ec3n v\u00e0 \u00e1p d\u1ee5ng cho s\u1ea3n xu\u1ea5t theo \u0111\u01a1n \u0111\u1eb7t h\u00e0ng s\u1ed1 l\u01b0\u1ee3ng 1 s\u1ea3n ph\u1ea9m.<br \/>\n&#8211; Vui l\u00f2ng t\u00ecm hi\u1ec3u v\u1ec1 c\u00e1c l\u1ef1a ch\u1ecdn c\u1ee7a ch\u00fang t\u00f4i \u0111\u1ec3 s\u1ea3n xu\u1ea5t theo \u0111\u01a1n \u0111\u1eb7t h\u00e0ng v\u00e0 t\u00f9y ch\u1ec9nh l\u1edbp ho\u00e0n thi\u1ec7n: ch\u00fang t\u00f4i s\u1ebd tr\u1ea3 l\u1eddi s\u1edbm.<br \/>\n&#8211; \u0110\u01b0\u1ee3c b\u00e1n b\u1edfi Mai Home D\u00e9cor Pte. Ltd. t\u1ea1i Singapore v\u00e0 \u0111\u01b0\u1ee3c v\u1eadn chuy\u1ec3n t\u1eeb nh\u00e0 m\u00e1y s\u01a1n m\u00e0i c\u1ee7a ch\u00fang t\u00f4i t\u1ea1i Vi\u1ec7t Nam.<\/div>\n<p>&nbsp;<\/p>\n<p>&nbsp;<\/p>\n<p>&nbsp;<\/p>\n","protected":false},"excerpt":{"rendered":"<p>M\u00f4 t\u1ea3 s\u1ea3n ph\u1ea9m: &#8211; DIVA l\u00e0 t\u1ee7 tivi s\u01a1n m\u00e0i th\u1ec3 hi\u1ec7n s\u1ef1 k\u1ebft h\u1ee3p th\u00e0nh c\u00f4ng gi\u1eefa c\u00e1c v\u1eadt li\u1ec7u h\u1ed7n h\u1ee3p \u0111\u1ec3 t\u1ea1o n\u00ean \u0111\u1ed3 n\u1ed9i th\u1ea5t s\u01a1n m\u00e0i th\u1eddi trang. S\u1ef1 thanh l\u1ecbch c\u1ee7a n\u00f3 \u0111\u01b0\u1ee3c t\u0103ng c\u01b0\u1eddng nh\u1edd l\u1edbp ho\u00e0n thi\u1ec7n h\u1ea5p d\u1eabn k\u1ebft h\u1ee3p gi\u1eefa l\u1edbp g\u1ed7 d\u00e1n m\u00e0u&#8230;<\/p>\n","protected":false},"featured_media":3479,"comment_status":"open","ping_status":"closed","template":"","meta":[],"product_cat":[259,269],"product_tag":[279,318],"acf":[],"_links":{"self":[{"href":"https:\/\/maihomedecor.com\/vi\/wp-json\/wp\/v2\/product\/3803"}],"collection":[{"href":"https:\/\/maihomedecor.com\/vi\/wp-json\/wp\/v2\/product"}],"about":[{"href":"https:\/\/maihomedecor.com\/vi\/wp-json\/wp\/v2\/types\/product"}],"replies":[{"embeddable":true,"href":"https:\/\/maihomedecor.com\/vi\/wp-json\/wp\/v2\/comments?post=3803"}],"wp:featuredmedia":[{"embeddable":true,"href":"https:\/\/maihomedecor.com\/vi\/wp-json\/wp\/v2\/media\/3479"}],"wp:attachment":[{"href":"https:\/\/maihomedecor.com\/vi\/wp-json\/wp\/v2\/media?parent=3803"}],"wp:term":[{"taxonomy":"product_cat","embeddable":true,"href":"https:\/\/maihomedecor.com\/vi\/wp-json\/wp\/v2\/product_cat?post=3803"},{"taxonomy":"product_tag","embeddable":true,"href":"https:\/\/maihomedecor.com\/vi\/wp-json\/wp\/v2\/product_tag?post=3803"}],"curies":[{"name":"wp","href":"https:\/\/api.w.org\/{rel}","templated":true}]}}