{"id":3806,"date":"2024-05-15T03:03:36","date_gmt":"2024-05-14T19:03:36","guid":{"rendered":"https:\/\/maihomedecor.com\/product\/sasha-tu-phong-an-son-mai\/"},"modified":"2024-10-11T17:24:33","modified_gmt":"2024-10-11T09:24:33","slug":"sasha-son-mai-tu-phong-an","status":"publish","type":"product","link":"https:\/\/maihomedecor.com\/vi\/san-pham\/sasha-son-mai-tu-phong-an\/","title":{"rendered":"SASHA &#8211; T\u1ee7 Ph\u00f2ng \u0102n S\u01a1n M\u00e0i"},"content":{"rendered":"<div><span style=\"color: #000000;\"><strong>M\u00f4 t\u1ea3 s\u1ea3n ph\u1ea9m:<\/strong><\/span><\/div>\n<div><span style=\"color: #000000;\">&#8211; SASHA l\u00e0 t\u1ee7 ph\u1ee5 s\u01a1n m\u00e0i tinh x\u1ea3o, th\u1ec3 hi\u1ec7n s\u1ef1 k\u1ebft h\u1ee3p th\u00e0nh c\u00f4ng gi\u1eefa c\u00e1c v\u1eadt li\u1ec7u h\u1ed7n h\u1ee3p \u0111\u1ec3 t\u1ea1o n\u00ean \u0111\u1ed3 n\u1ed9i th\u1ea5t s\u01a1n m\u00e0i th\u1eddi trang. N\u00f3<\/span><span style=\"color: #000000;\"> to\u00e1t s\u1ef1 thanh l\u1ecbch \u0111\u01b0\u1ee3c t\u0103ng c\u01b0\u1eddng b\u1edfi c\u00e1c k\u1ebft c\u1ea5u v\u00e0 m\u00e0u s\u1eafc h\u1ea5p d\u1eabn: l\u1edbp g\u1ed7 d\u00e1n m\u00e0u x\u00e1m \u1edf m\u1eb7t tr\u01b0\u1edbc c\u1eeda, l\u1edbp s\u01a1n m\u00e0i m\u00e0u \u0111en \u1edf m\u1eb7t tr\u00ean v\u00e0 m\u1eb7t b\u00ean, tay n\u1eafm b\u1eb1ng \u0111\u1ed3ng, ch\u00e2n b\u1eb1ng th\u00e9p \u0111en. H\u1ecd c\u00f2n nh\u1ea5n m\u1ea1nh th\u00eam t\u00f4ng m\u00e0u trang nh\u00e3 l\u00e0 x\u00e1m, \u0111en v\u00e0 v\u00e0ng \u0111\u01b0\u1ee3c s\u1eed d\u1ee5ng trong to\u00e0n b\u1ed9 thi\u1ebft k\u1ebf c\u1ee7a SASHA. <\/span><span style=\"color: #000000;\">Ph\u00eda sau 4 c\u00e1nh c\u1eeda, b\u00ean trong t\u1ee7 c\u00f3 8 ng\u0103n ch\u1ee9a \u0111\u1ed3 c\u00f3 th\u1ec3 d\u00f9ng \u0111\u1ec3 c\u1ea5t \u0111\u1ed3 s\u1ee9 v\u00e0 dao k\u00e9o.<\/span><br \/>\n<span style=\"color: #000000;\">&#8211; SASHA \u0111\u01b0\u1ee3c l\u00e0m th\u1ee7 c\u00f4ng ho\u00e0n to\u00e0n t\u1ea1i nh\u00e0 m\u00e1y Mai Home Decor Vi\u1ec7t Nam b\u1edfi nh\u1eefng ng\u01b0\u1eddi th\u1ee3 s\u01a1n m\u00e0i l\u00e0nh ngh\u1ec1, s\u1eed d\u1ee5ng c\u00e1c c\u00f4ng c\u1ee5 v\u00e0 k\u1ef9 thu\u1eadt \u0111\u01b0\u1ee3c truy\u1ec1n l\u1ea1i v\u00e0 tinh ch\u1ec9nh t\u1eeb th\u1ebf h\u1ec7 n\u00e0y sang th\u1ebf h\u1ec7 kh\u00e1c.<\/span><\/div>\n<h1><\/h1>\n<div><span style=\"color: #000000;\"><strong>Th\u00f4ng s\u1ed1 k\u1ef9 thu\u1eadt:<\/strong><\/span><\/div>\n<div><span style=\"color: #000000;\">&#8211; V\u1eadt li\u1ec7u: G\u1ed7 c\u00f4ng nghi\u1ec7p MDF\/HDF, \u0110\u1ed3ng thau, Th\u00e9p s\u01a1n t\u0129nh \u0111i\u1ec7n, G\u1ed7 d\u00e1n, S\u01a1n m\u00e0i<\/span><\/div>\n<div><span style=\"color: #000000;\">&#8211; K\u00edch th\u01b0\u1edbc (W x D x H): 1800 x 450 x 830 mm<\/span><\/div>\n<h1><\/h1>\n<div><span style=\"color: #000000;\"><strong>T\u01b0 v\u1ea5n v\u00e0 gi\u00e1 c\u1ea3:<\/strong><\/span><\/div>\n<div><span style=\"color: #000000;\">&#8211; S\u1ea3n ph\u1ea9m n\u00e0y ch\u00fang t\u00f4i kh\u00f4ng c\u00f3 s\u1eb5n nh\u01b0ng c\u00f3 th\u1ec3 s\u1ea3n xu\u1ea5t theo \u0111\u01a1n \u0111\u1eb7t h\u00e0ng. Gi\u00e1 tr\u00ean ch\u01b0a bao g\u1ed3m chi ph\u00ed v\u1eadn chuy\u1ec3n v\u00e0 \u00e1p d\u1ee5ng cho s\u1ea3n xu\u1ea5t theo \u0111\u01a1n \u0111\u1eb7t h\u00e0ng s\u1ed1 l\u01b0\u1ee3ng 1 s\u1ea3n ph\u1ea9m.<\/span><br \/>\n<span style=\"color: #000000;\">&#8211; Vui l\u00f2ng t\u00ecm hi\u1ec3u v\u1ec1 c\u00e1c l\u1ef1a ch\u1ecdn c\u1ee7a ch\u00fang t\u00f4i \u0111\u1ec3 s\u1ea3n xu\u1ea5t theo \u0111\u01a1n \u0111\u1eb7t h\u00e0ng v\u00e0 t\u00f9y ch\u1ec9nh l\u1edbp ho\u00e0n thi\u1ec7n: ch\u00fang t\u00f4i s\u1ebd tr\u1ea3 l\u1eddi s\u1edbm.<\/span><br \/>\n<span style=\"color: #000000;\">&#8211; \u0110\u01b0\u1ee3c b\u00e1n b\u1edfi Mai Home D\u00e9cor Pte. Ltd. t\u1ea1i Singapore v\u00e0 \u0111\u01b0\u1ee3c v\u1eadn chuy\u1ec3n t\u1eeb nh\u00e0 m\u00e1y s\u01a1n m\u00e0i c\u1ee7a ch\u00fang t\u00f4i t\u1ea1i Vi\u1ec7t Nam.<\/span><\/div>\n<p>&nbsp;<\/p>\n<p>&nbsp;<\/p>\n","protected":false},"excerpt":{"rendered":"<p>M\u00f4 t\u1ea3 s\u1ea3n ph\u1ea9m: &#8211; SASHA l\u00e0 t\u1ee7 ph\u1ee5 s\u01a1n m\u00e0i tinh x\u1ea3o, th\u1ec3 hi\u1ec7n s\u1ef1 k\u1ebft h\u1ee3p th\u00e0nh c\u00f4ng gi\u1eefa c\u00e1c v\u1eadt li\u1ec7u h\u1ed7n h\u1ee3p \u0111\u1ec3 t\u1ea1o n\u00ean \u0111\u1ed3 n\u1ed9i th\u1ea5t s\u01a1n m\u00e0i th\u1eddi trang. N\u00f3 to\u00e1t s\u1ef1 thanh l\u1ecbch \u0111\u01b0\u1ee3c t\u0103ng c\u01b0\u1eddng b\u1edfi c\u00e1c k\u1ebft c\u1ea5u v\u00e0 m\u00e0u s\u1eafc h\u1ea5p d\u1eabn: l\u1edbp g\u1ed7&#8230;<\/p>\n","protected":false},"featured_media":2407,"comment_status":"open","ping_status":"closed","template":"","meta":[],"product_cat":[259,267],"product_tag":[279,325],"acf":[],"_links":{"self":[{"href":"https:\/\/maihomedecor.com\/vi\/wp-json\/wp\/v2\/product\/3806"}],"collection":[{"href":"https:\/\/maihomedecor.com\/vi\/wp-json\/wp\/v2\/product"}],"about":[{"href":"https:\/\/maihomedecor.com\/vi\/wp-json\/wp\/v2\/types\/product"}],"replies":[{"embeddable":true,"href":"https:\/\/maihomedecor.com\/vi\/wp-json\/wp\/v2\/comments?post=3806"}],"wp:featuredmedia":[{"embeddable":true,"href":"https:\/\/maihomedecor.com\/vi\/wp-json\/wp\/v2\/media\/2407"}],"wp:attachment":[{"href":"https:\/\/maihomedecor.com\/vi\/wp-json\/wp\/v2\/media?parent=3806"}],"wp:term":[{"taxonomy":"product_cat","embeddable":true,"href":"https:\/\/maihomedecor.com\/vi\/wp-json\/wp\/v2\/product_cat?post=3806"},{"taxonomy":"product_tag","embeddable":true,"href":"https:\/\/maihomedecor.com\/vi\/wp-json\/wp\/v2\/product_tag?post=3806"}],"curies":[{"name":"wp","href":"https:\/\/api.w.org\/{rel}","templated":true}]}}