{"id":3807,"date":"2024-05-15T02:44:05","date_gmt":"2024-05-14T18:44:05","guid":{"rendered":"https:\/\/maihomedecor.com\/product\/ophelia-ban-ca-phe-son-mai\/"},"modified":"2024-10-10T10:25:23","modified_gmt":"2024-10-10T02:25:23","slug":"ophelia-son-mai-ca-phe-ban","status":"publish","type":"product","link":"https:\/\/maihomedecor.com\/vi\/san-pham\/ophelia-son-mai-ca-phe-ban\/","title":{"rendered":"OPHELIA &#8211; B\u00e0n C\u00e0 Ph\u00ea S\u01a1n M\u00e0i X\u1ebfp Ch\u1ed3ng"},"content":{"rendered":"<div><span style=\"color: #282828;\"><strong>M\u00f4 t\u1ea3 s\u1ea3n ph\u1ea9m:<\/strong><\/span><\/div>\n<div><span style=\"color: #282828;\">&#8211; OPHELIA l\u00e0 b\u1ed9 2 b\u00e0n c\u00e0 ph\u00ea s\u01a1n m\u00e0i x\u1ebfp ch\u1ed3ng l\u00ean nhau \u0111\u1ea7y phong c\u00e1ch. <\/span><span style=\"color: #282828;\">Thi\u1ebft k\u1ebf t\u1ed1i gi\u1ea3n v\u00e0 hi\u1ec7n \u0111\u1ea1i c\u1ee7a n\u00f3 \u0111\u01b0\u1ee3c t\u00f4n th\u00eam v\u1ebb \u0111\u1eb9p nh\u1edd t\u00e1c ph\u1ea9m ngh\u1ec7 thu\u1eadt s\u01a1n m\u00e0i m\u00e0u tr\u1eafng, v\u00e0ng v\u00e0 b\u1ea1c tr\u00ean m\u1eb7t b\u00e0n. Ch\u00e2n<\/span><span style=\"color: #282828;\"> b\u00e0n \u0111\u01b0\u1ee3c l\u00e0m b\u1eb1ng th\u00e9p kh\u00f4ng g\u1ec9 \u0111\u00e1nh b\u00f3ng v\u00e0 thi\u1ebft k\u1ebf c\u1ee7a ch\u00fang cho ph\u00e9p chi\u1ebfc b\u00e0n nh\u1ecf h\u01a1n c\u00f3 th\u1ec3 n\u1eb1m g\u1ecdn b\u00ean trong chi\u1ebfc b\u00e0n l\u1edbn h\u01a1n. OPHELIA \u0111\u01b0\u1ee3c thi\u1ebft k\u1ebf \u0111\u1ec3 mang \u0111\u1ebfn n\u00e9t phong c\u00e1ch cho ph\u00f2ng kh\u00e1ch.<br \/>\n<\/span><\/div>\n<div><span style=\"color: #282828;\">&#8211; M\u1eb7t b\u00e0n \u0111\u01b0\u1ee3c ph\u1ee7 th\u00eam l\u1edbp s\u01a1n m\u00e0i trong su\u1ed1t x\u1eed l\u00fd b\u1eb1ng tia UV \u0111\u1ec3 t\u0103ng \u0111\u1ed9 c\u1ee9ng b\u1ec1 m\u1eb7t v\u00e0 kh\u1ea3 n\u0103ng ch\u1ed1ng tr\u1ea7y x\u01b0\u1edbc.<\/span><br \/>\n<span style=\"color: #282828;\">&#8211; B\u00e0n c\u00e0 ph\u00ea s\u01a1n m\u00e0i OPHELIA \u0111\u01b0\u1ee3c l\u00e0m th\u1ee7 c\u00f4ng ho\u00e0n to\u00e0n t\u1ea1i nh\u00e0 m\u00e1y Mai Home Decor Vi\u1ec7t Nam b\u1edfi nh\u1eefng ng\u01b0\u1eddi th\u1ee3 s\u01a1n m\u00e0i l\u00e0nh ngh\u1ec1 s\u1eed d\u1ee5ng c\u00e1c c\u00f4ng c\u1ee5 v\u00e0 k\u1ef9 thu\u1eadt \u0111\u01b0\u1ee3c truy\u1ec1n l\u1ea1i v\u00e0 tinh ch\u1ec9nh t\u1eeb th\u1ebf h\u1ec7 n\u00e0y sang th\u1ebf h\u1ec7 kh\u00e1c.<\/span><\/div>\n<h1><\/h1>\n<div><span style=\"color: #282828;\"><strong>Th\u00f4ng s\u1ed1 k\u1ef9 thu\u1eadt:<\/strong><\/span><\/div>\n<div><span style=\"color: #282828;\">&#8211; V\u1eadt li\u1ec7u: G\u1ed7 c\u00f4ng nghi\u1ec7p MDF\/HDF, Th\u00e9p kh\u00f4ng g\u1ec9, S\u01a1n m\u00e0i.<\/span><\/div>\n<div><span style=\"color: #282828;\">&#8211; K\u00edch th\u01b0\u1edbc (DIA x H): 910 x 420 mm and 610 x 370 mm<\/span><\/div>\n<h1><\/h1>\n<div><span style=\"color: #282828;\"><strong>T\u01b0 v\u1ea5n v\u00e0 gi\u00e1 c\u1ea3:<\/strong><\/span><\/div>\n<div><span style=\"color: #282828;\">&#8211; S\u1ea3n ph\u1ea9m n\u00e0y ch\u00fang t\u00f4i kh\u00f4ng c\u00f3 s\u1eb5n nh\u01b0ng c\u00f3 th\u1ec3 s\u1ea3n xu\u1ea5t theo \u0111\u01a1n \u0111\u1eb7t h\u00e0ng. Gi\u00e1 tr\u00ean ch\u01b0a bao g\u1ed3m chi ph\u00ed v\u1eadn chuy\u1ec3n v\u00e0 \u00e1p d\u1ee5ng cho s\u1ea3n xu\u1ea5t theo \u0111\u01a1n \u0111\u1eb7t h\u00e0ng s\u1ed1 l\u01b0\u1ee3ng 1 s\u1ea3n ph\u1ea9m.<\/span><br \/>\n<span style=\"color: #282828;\">&#8211; Vui l\u00f2ng t\u00ecm hi\u1ec3u v\u1ec1 c\u00e1c l\u1ef1a ch\u1ecdn c\u1ee7a ch\u00fang t\u00f4i \u0111\u1ec3 s\u1ea3n xu\u1ea5t theo \u0111\u01a1n \u0111\u1eb7t h\u00e0ng v\u00e0 t\u00f9y ch\u1ec9nh l\u1edbp ho\u00e0n thi\u1ec7n: ch\u00fang t\u00f4i s\u1ebd tr\u1ea3 l\u1eddi s\u1edbm.<\/span><br \/>\n<span style=\"color: #282828;\">&#8211; \u0110\u01b0\u1ee3c b\u00e1n b\u1edfi Mai Home D\u00e9cor Pte. Ltd. t\u1ea1i Singapore v\u00e0 \u0111\u01b0\u1ee3c v\u1eadn chuy\u1ec3n t\u1eeb nh\u00e0 m\u00e1y s\u01a1n m\u00e0i c\u1ee7a ch\u00fang t\u00f4i t\u1ea1i Vi\u1ec7t Nam.<\/span><\/div>\n<p>&nbsp;<\/p>\n<p>&nbsp;<\/p>\n","protected":false},"excerpt":{"rendered":"<p>M\u00f4 t\u1ea3 s\u1ea3n ph\u1ea9m: &#8211; OPHELIA l\u00e0 b\u1ed9 2 b\u00e0n c\u00e0 ph\u00ea s\u01a1n m\u00e0i x\u1ebfp ch\u1ed3ng l\u00ean nhau \u0111\u1ea7y phong c\u00e1ch. Thi\u1ebft k\u1ebf t\u1ed1i gi\u1ea3n v\u00e0 hi\u1ec7n \u0111\u1ea1i c\u1ee7a n\u00f3 \u0111\u01b0\u1ee3c t\u00f4n th\u00eam v\u1ebb \u0111\u1eb9p nh\u1edd t\u00e1c ph\u1ea9m ngh\u1ec7 thu\u1eadt s\u01a1n m\u00e0i m\u00e0u tr\u1eafng, v\u00e0ng v\u00e0 b\u1ea1c tr\u00ean m\u1eb7t b\u00e0n. Ch\u00e2n b\u00e0n \u0111\u01b0\u1ee3c l\u00e0m b\u1eb1ng&#8230;<\/p>\n","protected":false},"featured_media":2443,"comment_status":"open","ping_status":"closed","template":"","meta":[],"product_cat":[264,259],"product_tag":[297,279],"acf":[],"_links":{"self":[{"href":"https:\/\/maihomedecor.com\/vi\/wp-json\/wp\/v2\/product\/3807"}],"collection":[{"href":"https:\/\/maihomedecor.com\/vi\/wp-json\/wp\/v2\/product"}],"about":[{"href":"https:\/\/maihomedecor.com\/vi\/wp-json\/wp\/v2\/types\/product"}],"replies":[{"embeddable":true,"href":"https:\/\/maihomedecor.com\/vi\/wp-json\/wp\/v2\/comments?post=3807"}],"wp:featuredmedia":[{"embeddable":true,"href":"https:\/\/maihomedecor.com\/vi\/wp-json\/wp\/v2\/media\/2443"}],"wp:attachment":[{"href":"https:\/\/maihomedecor.com\/vi\/wp-json\/wp\/v2\/media?parent=3807"}],"wp:term":[{"taxonomy":"product_cat","embeddable":true,"href":"https:\/\/maihomedecor.com\/vi\/wp-json\/wp\/v2\/product_cat?post=3807"},{"taxonomy":"product_tag","embeddable":true,"href":"https:\/\/maihomedecor.com\/vi\/wp-json\/wp\/v2\/product_tag?post=3807"}],"curies":[{"name":"wp","href":"https:\/\/api.w.org\/{rel}","templated":true}]}}