{"id":3809,"date":"2024-05-15T02:17:53","date_gmt":"2024-05-14T18:17:53","guid":{"rendered":"https:\/\/maihomedecor.com\/product\/nikita-ban-goc-son-mai\/"},"modified":"2025-03-06T13:49:26","modified_gmt":"2025-03-06T05:49:26","slug":"nikita-ban-goc-son-mai","status":"publish","type":"product","link":"https:\/\/maihomedecor.com\/vi\/san-pham\/nikita-ban-goc-son-mai\/","title":{"rendered":"NIKITA &#8211; B\u00e0n G\u00f3c S\u01a1n M\u00e0i"},"content":{"rendered":"<div><span style=\"color: #000000;\"><strong>M\u00f4 t\u1ea3 s\u1ea3n ph\u1ea9m:<\/strong><\/span><\/div>\n<div><span style=\"color: #000000;\">&#8211; NIKITA l\u00e0 chi\u1ebfc b\u00e0n ph\u1ee5 s\u01a1n m\u00e0i \u0111en s\u00e1ng t\u1ea1o c\u00f3 khay c\u00f3 th\u1ec3 th\u00e1o r\u1eddi n\u1eb1m \u1edf tr\u00ean c\u00f9ng. Khay \u0111\u01b0\u1ee3c trang tr\u00ed b\u1eb1ng c\u00e1c chi ti\u1ebft trang tr\u00ed b\u1eb1ng s\u01a1n m\u00e0i c\u00f3 h\u1ecda ti\u1ebft m\u00e0u b\u1ea1c v\u00e0 \u0111en \u0111\u1eb9p m\u1eaft, t\u1ea1o s\u1ef1 t\u01b0\u01a1ng ph\u1ea3n \u0111\u1eb9p m\u1eaft v\u1edbi ph\u1ea7n c\u00f2n l\u1ea1i c\u1ee7a b\u00e0n m\u00e0u \u0111en. Khi khay \u0111\u01b0\u1ee3c th\u00e1o ra, c\u00f3 th\u1ec3 ti\u1ebfp c\u1eadn ng\u0103n ch\u1ee9a \u0111\u1ed3 l\u00f3t nhung \u0111en<\/span><span style=\"color: #000000;\"> \u0111\u1ec3 \u0111\u1ef1ng c\u1ed1c, \u0111\u0129a, \u0111\u1ebf l\u00f3t ly v\u00e0 dao k\u00e9o nh\u1ecf.<br \/>\n<\/span><span style=\"color: #000000;\">&#8211; NIKITA \u0111\u01b0\u1ee3c l\u00e0m th\u1ee7 c\u00f4ng ho\u00e0n to\u00e0n t\u1ea1i nh\u00e0 m\u00e1y Mai Home Decor Vi\u1ec7t Nam b\u1edfi nh\u1eefng ng\u01b0\u1eddi th\u1ee3 s\u01a1n m\u00e0i l\u00e0nh ngh\u1ec1, s\u1eed d\u1ee5ng c\u00e1c c\u00f4ng c\u1ee5 v\u00e0 k\u1ef9 thu\u1eadt \u0111\u01b0\u1ee3c truy\u1ec1n l\u1ea1i v\u00e0 tinh ch\u1ec9nh t\u1eeb th\u1ebf h\u1ec7 n\u00e0y sang th\u1ebf h\u1ec7 kh\u00e1c.<\/span><\/div>\n<h1><\/h1>\n<div><span style=\"color: #000000;\"><strong>Th\u00f4ng s\u1ed1 k\u1ef9 thu\u1eadt:<\/strong><\/span><\/div>\n<div><span style=\"color: #000000;\">&#8211; V\u1eadt li\u1ec7u: G\u1ed7 c\u00f4ng nghi\u1ec7p MDF\/HDF, G\u1ed7 nguy\u00ean kh\u1ed1i, Nhung, L\u00e1 b\u1ea1c, S\u01a1n m\u00e0i<\/span><\/div>\n<div><span style=\"color: #000000;\">&#8211; K\u00edch th\u01b0\u1edbc (W x D x H): 680 x 460 x 460 mm<\/span><\/div>\n<h1><\/h1>\n<div><span style=\"color: #000000;\"><strong>T\u01b0 v\u1ea5n v\u00e0 gi\u00e1 c\u1ea3:<\/strong><\/span><\/div>\n<div><span style=\"color: #000000;\">&#8211; S\u1ea3n ph\u1ea9m n\u00e0y ch\u00fang t\u00f4i kh\u00f4ng c\u00f3 s\u1eb5n nh\u01b0ng c\u00f3 th\u1ec3 s\u1ea3n xu\u1ea5t theo \u0111\u01a1n \u0111\u1eb7t h\u00e0ng. Gi\u00e1 tr\u00ean ch\u01b0a bao g\u1ed3m chi ph\u00ed v\u1eadn chuy\u1ec3n v\u00e0 \u00e1p d\u1ee5ng cho s\u1ea3n xu\u1ea5t theo \u0111\u01a1n \u0111\u1eb7t h\u00e0ng s\u1ed1 l\u01b0\u1ee3ng 1 s\u1ea3n ph\u1ea9m.<\/span><br \/>\n<span style=\"color: #000000;\">&#8211; Vui l\u00f2ng t\u00ecm hi\u1ec3u v\u1ec1 c\u00e1c l\u1ef1a ch\u1ecdn c\u1ee7a ch\u00fang t\u00f4i \u0111\u1ec3 s\u1ea3n xu\u1ea5t theo \u0111\u01a1n \u0111\u1eb7t h\u00e0ng v\u00e0 t\u00f9y ch\u1ec9nh l\u1edbp ho\u00e0n thi\u1ec7n: ch\u00fang t\u00f4i s\u1ebd tr\u1ea3 l\u1eddi s\u1edbm.<\/span><br \/>\n<span style=\"color: #000000;\">&#8211; \u0110\u01b0\u1ee3c b\u00e1n b\u1edfi Mai Home D\u00e9cor Pte. Ltd. t\u1ea1i Singapore v\u00e0 \u0111\u01b0\u1ee3c v\u1eadn chuy\u1ec3n t\u1eeb nh\u00e0 m\u00e1y s\u01a1n m\u00e0i c\u1ee7a ch\u00fang t\u00f4i t\u1ea1i Vi\u1ec7t Nam.<\/span><\/div>\n<p>&nbsp;<\/p>\n<p>&nbsp;<\/p>\n","protected":false},"excerpt":{"rendered":"<p>M\u00f4 t\u1ea3 s\u1ea3n ph\u1ea9m: &#8211; NIKITA l\u00e0 chi\u1ebfc b\u00e0n ph\u1ee5 s\u01a1n m\u00e0i \u0111en s\u00e1ng t\u1ea1o c\u00f3 khay c\u00f3 th\u1ec3 th\u00e1o r\u1eddi n\u1eb1m \u1edf tr\u00ean c\u00f9ng. Khay \u0111\u01b0\u1ee3c trang tr\u00ed b\u1eb1ng c\u00e1c chi ti\u1ebft trang tr\u00ed b\u1eb1ng s\u01a1n m\u00e0i c\u00f3 h\u1ecda ti\u1ebft m\u00e0u b\u1ea1c v\u00e0 \u0111en \u0111\u1eb9p m\u1eaft, t\u1ea1o s\u1ef1 t\u01b0\u01a1ng ph\u1ea3n \u0111\u1eb9p m\u1eaft v\u1edbi ph\u1ea7n&#8230;<\/p>\n","protected":false},"featured_media":2464,"comment_status":"open","ping_status":"closed","template":"","meta":[],"product_cat":[268,259],"product_tag":[279,289],"acf":[],"_links":{"self":[{"href":"https:\/\/maihomedecor.com\/vi\/wp-json\/wp\/v2\/product\/3809"}],"collection":[{"href":"https:\/\/maihomedecor.com\/vi\/wp-json\/wp\/v2\/product"}],"about":[{"href":"https:\/\/maihomedecor.com\/vi\/wp-json\/wp\/v2\/types\/product"}],"replies":[{"embeddable":true,"href":"https:\/\/maihomedecor.com\/vi\/wp-json\/wp\/v2\/comments?post=3809"}],"wp:featuredmedia":[{"embeddable":true,"href":"https:\/\/maihomedecor.com\/vi\/wp-json\/wp\/v2\/media\/2464"}],"wp:attachment":[{"href":"https:\/\/maihomedecor.com\/vi\/wp-json\/wp\/v2\/media?parent=3809"}],"wp:term":[{"taxonomy":"product_cat","embeddable":true,"href":"https:\/\/maihomedecor.com\/vi\/wp-json\/wp\/v2\/product_cat?post=3809"},{"taxonomy":"product_tag","embeddable":true,"href":"https:\/\/maihomedecor.com\/vi\/wp-json\/wp\/v2\/product_tag?post=3809"}],"curies":[{"name":"wp","href":"https:\/\/api.w.org\/{rel}","templated":true}]}}