{"id":3811,"date":"2024-05-15T01:51:44","date_gmt":"2024-05-14T17:51:44","guid":{"rendered":"https:\/\/maihomedecor.com\/product\/tina-tu-dau-giuong-son-mai\/"},"modified":"2024-10-10T10:48:03","modified_gmt":"2024-10-10T02:48:03","slug":"tina-tu-dau-giuong-son-mai","status":"publish","type":"product","link":"https:\/\/maihomedecor.com\/vi\/san-pham\/tina-tu-dau-giuong-son-mai\/","title":{"rendered":"TINA &#8211; T\u1ee7 \u0110\u1ea7u Gi\u01b0\u1eddng S\u01a1n M\u00e0i"},"content":{"rendered":"<div><strong>M\u00f4 t\u1ea3 s\u1ea3n ph\u1ea9m:<\/strong><\/div>\n<div>&#8211; TINA \u0111\u01b0\u1ee3c t\u1ea1o ra b\u1eb1ng l\u1edbp s\u01a1n m\u00e0i \u0111en v\u00e0 tr\u1eafng ng\u00e0 tuy\u1ec7t \u0111\u1eb9p \u0111\u1ec3 l\u00e0m n\u1ed5i b\u1eadt h\u00ecnh d\u00e1ng uy nghi\u00eam v\u00e0 \u0111\u01b0\u1eddng n\u00e9t thi\u1ebft k\u1ebf thanh l\u1ecbch c\u1ee7a n\u00f3. Chi\u1ebfc b\u00e0n c\u1ea1nh gi\u01b0\u1eddng s\u01a1n m\u00e0i n\u00e0y c\u00f3 ng\u0103n k\u00e9o ph\u00eda tr\u00ean v\u1edbi tay c\u1ea7m tr\u00f2n b\u1eb1ng \u0111\u1ed3ng thau \u0111\u1ec3 c\u1ea5t gi\u1eef c\u00e1c v\u1eadt d\u1ee5ng c\u00e1 nh\u00e2n nh\u1ecf v\u00e0 ng\u0103n ph\u00eda d\u01b0\u1edbi \u0111\u1ec3 \u0111\u1ef1ng s\u00e1ch v\u00e0 t\u1ea1p ch\u00ed khi s\u1eed d\u1ee5ng.<br \/>\n&#8211; S\u1ea3n ph\u1ea9m \u0111\u01b0\u1ee3c l\u00e0m th\u1ee7 c\u00f4ng ho\u00e0n to\u00e0n t\u1ea1i nh\u00e0 m\u00e1y Mai Home Decor Vi\u1ec7t Nam b\u1edfi nh\u1eefng ng\u01b0\u1eddi th\u1ee3 s\u01a1n m\u00e0i l\u00e0nh ngh\u1ec1, s\u1eed d\u1ee5ng c\u00e1c c\u00f4ng c\u1ee5 v\u00e0 k\u1ef9 thu\u1eadt \u0111\u01b0\u1ee3c truy\u1ec1n l\u1ea1i v\u00e0 tinh ch\u1ec9nh t\u1eeb th\u1ebf h\u1ec7 n\u00e0y sang th\u1ebf h\u1ec7 kh\u00e1c.<\/div>\n<h1><\/h1>\n<div><strong>Th\u00f4ng s\u1ed1 k\u1ef9 thu\u1eadt:<\/strong><\/div>\n<div>&#8211; V\u1eadt li\u1ec7u: G\u1ed7 c\u00f4ng nghi\u1ec7p MDF\/HDF, \u0110\u1ed3ng thau, S\u01a1n m\u00e0i<\/div>\n<div>&#8211; K\u00edch th\u01b0\u1edbc (W x D x H): 560 x 450 x 550 mm<\/div>\n<h1><\/h1>\n<div><strong>T\u01b0 v\u1ea5n v\u00e0 gi\u00e1 c\u1ea3:<\/strong><\/div>\n<div>&#8211; S\u1ea3n ph\u1ea9m n\u00e0y ch\u00fang t\u00f4i kh\u00f4ng c\u00f3 s\u1eb5n nh\u01b0ng c\u00f3 th\u1ec3 s\u1ea3n xu\u1ea5t theo \u0111\u01a1n \u0111\u1eb7t h\u00e0ng. Gi\u00e1 tr\u00ean ch\u01b0a bao g\u1ed3m chi ph\u00ed v\u1eadn chuy\u1ec3n v\u00e0 \u00e1p d\u1ee5ng cho s\u1ea3n xu\u1ea5t theo \u0111\u01a1n \u0111\u1eb7t h\u00e0ng s\u1ed1 l\u01b0\u1ee3ng 1 s\u1ea3n ph\u1ea9m.<br \/>\n&#8211; Vui l\u00f2ng t\u00ecm hi\u1ec3u v\u1ec1 c\u00e1c l\u1ef1a ch\u1ecdn c\u1ee7a ch\u00fang t\u00f4i \u0111\u1ec3 s\u1ea3n xu\u1ea5t theo \u0111\u01a1n \u0111\u1eb7t h\u00e0ng v\u00e0 t\u00f9y ch\u1ec9nh l\u1edbp ho\u00e0n thi\u1ec7n: ch\u00fang t\u00f4i s\u1ebd tr\u1ea3 l\u1eddi s\u1edbm.<br \/>\n&#8211; \u0110\u01b0\u1ee3c b\u00e1n b\u1edfi Mai Home D\u00e9cor Pte. Ltd. t\u1ea1i Singapore v\u00e0 \u0111\u01b0\u1ee3c v\u1eadn chuy\u1ec3n t\u1eeb nh\u00e0 m\u00e1y s\u01a1n m\u00e0i c\u1ee7a ch\u00fang t\u00f4i t\u1ea1i Vi\u1ec7t Nam.<\/div>\n<p>&nbsp;<\/p>\n<p>&nbsp;<\/p>\n","protected":false},"excerpt":{"rendered":"<p>M\u00f4 t\u1ea3 s\u1ea3n ph\u1ea9m: &#8211; TINA \u0111\u01b0\u1ee3c t\u1ea1o ra b\u1eb1ng l\u1edbp s\u01a1n m\u00e0i \u0111en v\u00e0 tr\u1eafng ng\u00e0 tuy\u1ec7t \u0111\u1eb9p \u0111\u1ec3 l\u00e0m n\u1ed5i b\u1eadt h\u00ecnh d\u00e1ng uy nghi\u00eam v\u00e0 \u0111\u01b0\u1eddng n\u00e9t thi\u1ebft k\u1ebf thanh l\u1ecbch c\u1ee7a n\u00f3. Chi\u1ebfc b\u00e0n c\u1ea1nh gi\u01b0\u1eddng s\u01a1n m\u00e0i n\u00e0y c\u00f3 ng\u0103n k\u00e9o ph\u00eda tr\u00ean v\u1edbi tay c\u1ea7m tr\u00f2n b\u1eb1ng \u0111\u1ed3ng thau&#8230;<\/p>\n","protected":false},"featured_media":2416,"comment_status":"open","ping_status":"closed","template":"","meta":[],"product_cat":[259,261],"product_tag":[279,312],"acf":[],"_links":{"self":[{"href":"https:\/\/maihomedecor.com\/vi\/wp-json\/wp\/v2\/product\/3811"}],"collection":[{"href":"https:\/\/maihomedecor.com\/vi\/wp-json\/wp\/v2\/product"}],"about":[{"href":"https:\/\/maihomedecor.com\/vi\/wp-json\/wp\/v2\/types\/product"}],"replies":[{"embeddable":true,"href":"https:\/\/maihomedecor.com\/vi\/wp-json\/wp\/v2\/comments?post=3811"}],"wp:featuredmedia":[{"embeddable":true,"href":"https:\/\/maihomedecor.com\/vi\/wp-json\/wp\/v2\/media\/2416"}],"wp:attachment":[{"href":"https:\/\/maihomedecor.com\/vi\/wp-json\/wp\/v2\/media?parent=3811"}],"wp:term":[{"taxonomy":"product_cat","embeddable":true,"href":"https:\/\/maihomedecor.com\/vi\/wp-json\/wp\/v2\/product_cat?post=3811"},{"taxonomy":"product_tag","embeddable":true,"href":"https:\/\/maihomedecor.com\/vi\/wp-json\/wp\/v2\/product_tag?post=3811"}],"curies":[{"name":"wp","href":"https:\/\/api.w.org\/{rel}","templated":true}]}}