{"id":3815,"date":"2024-05-13T07:45:11","date_gmt":"2024-05-12T23:45:11","guid":{"rendered":"https:\/\/maihomedecor.com\/product\/tricia-den-ban-son-mai\/"},"modified":"2025-03-06T14:18:23","modified_gmt":"2025-03-06T06:18:23","slug":"tricia-den-ban-son-mai","status":"publish","type":"product","link":"https:\/\/maihomedecor.com\/vi\/san-pham\/tricia-den-ban-son-mai\/","title":{"rendered":"TRICIA &#8211; \u0110\u00e8n B\u00e0n S\u01a1n M\u00e0i"},"content":{"rendered":"<div><span style=\"font-size: 105%; color: #000000;\"><strong>M\u00f4 t\u1ea3 s\u1ea3n ph\u1ea9m:<\/strong><\/span><\/div>\n<div><span style=\"color: #000000;\">&#8211; \u0110\u00e8n b\u00e0n s\u01a1n m\u00e0i TRICIA c\u00f3 ph\u1ea7n \u0111\u1ebf \u1ea5n t\u01b0\u1ee3ng gi\u1ed1ng nh\u01b0 t\u00f2a th\u00e1p t\u01b0\u01a1ng lai \u0111\u01b0\u1ee3c t\u1ea1o th\u00e0nh t\u1eeb 3 qu\u1ea3 c\u1ea7u x\u1ebfp ch\u1ed3ng l\u00ean nhau. Qu\u1ea3 c\u1ea7u b\u00ean d\u01b0\u1edbi \u0111\u1ec3 l\u1ed9 m\u1ed9t l\u1ed7 h\u00ecnh ph\u1ec5u, g\u1ee3i \u00fd v\u1ec1 m\u1ed9t c\u00e1nh c\u1ed5ng d\u1eabn \u0111\u1ebfn Th\u00e1p \u00e1nh s\u00e1ng n\u00e0y. S\u1ea3n ph\u1ea9m \u0111\u01b0\u1ee3c ho\u00e0n thi\u1ec7n b\u1eb1ng l\u1edbp s\u01a1n m\u00e0i \u0111\u1ed3ng kim lo\u1ea1i th\u1ee7 c\u00f4ng tuy\u1ec7t \u0111\u1eb9p tr\u00ean th\u00e2n \u0111\u00e8n v\u00e0 v\u1ea3i cotton tr\u1eafng tr\u00ean ch\u1ee5p \u0111\u00e8n. Ki\u1ec3u<\/span><span style=\"color: #000000;\">d\u00e1ng m\u1ecfng khi\u1ebfn chi\u1ebfc \u0111\u00e8n n\u00e0y tr\u1edf th\u00e0nh chi\u1ebfc \u0111\u00e8n l\u00fd t\u01b0\u1edfng \u0111\u1ec3 \u0111\u1eb7t tr\u00ean b\u00e0n l\u00e0m vi\u1ec7c, b\u00e0n console ho\u1eb7c m\u1eb7t t\u1ee7. S\u1ea3n ph\u1ea9m \u0111\u01b0\u1ee3c thi\u1ebft k\u1ebf \u0111\u1ec3 g\u00e2y \u1ea5n t\u01b0\u1ee3ng v\u00e0 t\u0103ng th\u00eam n\u00e9t phong c\u00e1ch cho ng\u00f4i nh\u00e0 c\u1ee7a b\u1ea1n.<br \/>\n<\/span><span style=\"color: #000000;\">&#8211; S\u1ea3n ph\u1ea9m \u0111\u01b0\u1ee3c l\u00e0m th\u1ee7 c\u00f4ng ho\u00e0n to\u00e0n t\u1ea1i nh\u00e0 m\u00e1y Mai Home Decor Vi\u1ec7t Nam b\u1edfi nh\u1eefng ng\u01b0\u1eddi th\u1ee3 s\u01a1n m\u00e0i l\u00e0nh ngh\u1ec1, s\u1eed d\u1ee5ng c\u00e1c c\u00f4ng c\u1ee5 v\u00e0 k\u1ef9 thu\u1eadt \u0111\u01b0\u1ee3c truy\u1ec1n l\u1ea1i v\u00e0 tinh ch\u1ec9nh t\u1eeb th\u1ebf h\u1ec7 n\u00e0y sang th\u1ebf h\u1ec7 kh\u00e1c.<\/span><\/div>\n<h3><\/h3>\n<div><span style=\"font-size: 105%; color: #000000;\"><strong>Th\u00f4ng s\u1ed1 k\u1ef9 thu\u1eadt:<\/strong><\/span><\/div>\n<div><span style=\"color: #000000;\">&#8211; V\u1eadt li\u1ec7u: G\u1ed7 c\u00f4ng nghi\u1ec7p MDF, S\u01a1n m\u00e0i, V\u1ea3i cotton ph\u1ee7 PVC<\/span><\/div>\n<div><span style=\"color: #000000;\">&#8211; K\u00edch th\u01b0\u1edbc (W x D x H): 460 x 460 x 720 mm<\/span><\/div>\n<div><span style=\"color: #000000;\">&#8211; Kh\u00f4ng cung c\u1ea5p b\u00f3ng \u0111\u00e8n<\/span><br \/>\n<span style=\"color: #000000;\">&#8211; K\u1ebft c\u1ea5u \u0111i\u1ec7n, linh ki\u1ec7n \u0111i\u1ec7n v\u00e0 l\u1eafp r\u00e1p \u0111\u01b0\u1ee3c ch\u1ee9ng nh\u1eadn CE.<\/span><\/div>\n<h3><\/h3>\n<div><span style=\"font-size: 105%; color: #000000;\"><strong>T\u01b0 v\u1ea5n v\u00e0 gi\u00e1 c\u1ea3:<\/strong><\/span><\/div>\n<div><span style=\"color: #000000;\">&#8211; S\u1ea3n ph\u1ea9m n\u00e0y ch\u00fang t\u00f4i kh\u00f4ng c\u00f3 s\u1eb5n nh\u01b0ng c\u00f3 th\u1ec3 s\u1ea3n xu\u1ea5t theo \u0111\u01a1n \u0111\u1eb7t h\u00e0ng. Gi\u00e1 tr\u00ean ch\u01b0a bao g\u1ed3m chi ph\u00ed v\u1eadn chuy\u1ec3n v\u00e0 \u00e1p d\u1ee5ng cho s\u1ea3n xu\u1ea5t theo \u0111\u01a1n \u0111\u1eb7t h\u00e0ng s\u1ed1 l\u01b0\u1ee3ng 1 s\u1ea3n ph\u1ea9m.<\/span><br \/>\n<span style=\"color: #000000;\">&#8211; Vui l\u00f2ng t\u00ecm hi\u1ec3u v\u1ec1 c\u00e1c l\u1ef1a ch\u1ecdn c\u1ee7a ch\u00fang t\u00f4i \u0111\u1ec3 s\u1ea3n xu\u1ea5t theo \u0111\u01a1n \u0111\u1eb7t h\u00e0ng v\u00e0 t\u00f9y ch\u1ec9nh l\u1edbp ho\u00e0n thi\u1ec7n: ch\u00fang t\u00f4i s\u1ebd tr\u1ea3 l\u1eddi s\u1edbm.<\/span><br \/>\n<span style=\"color: #000000;\">&#8211; \u0110\u01b0\u1ee3c b\u00e1n b\u1edfi Mai Home D\u00e9cor Pte. Ltd. t\u1ea1i Singapore v\u00e0 \u0111\u01b0\u1ee3c v\u1eadn chuy\u1ec3n t\u1eeb nh\u00e0 m\u00e1y s\u01a1n m\u00e0i c\u1ee7a ch\u00fang t\u00f4i t\u1ea1i Vi\u1ec7t Nam.<\/span><\/div>\n<p>&nbsp;<\/p>\n<p>&nbsp;<\/p>\n","protected":false},"excerpt":{"rendered":"<p>M\u00f4 t\u1ea3 s\u1ea3n ph\u1ea9m: &#8211; \u0110\u00e8n b\u00e0n s\u01a1n m\u00e0i TRICIA c\u00f3 ph\u1ea7n \u0111\u1ebf \u1ea5n t\u01b0\u1ee3ng gi\u1ed1ng nh\u01b0 t\u00f2a th\u00e1p t\u01b0\u01a1ng lai \u0111\u01b0\u1ee3c t\u1ea1o th\u00e0nh t\u1eeb 3 qu\u1ea3 c\u1ea7u x\u1ebfp ch\u1ed3ng l\u00ean nhau. Qu\u1ea3 c\u1ea7u b\u00ean d\u01b0\u1edbi \u0111\u1ec3 l\u1ed9 m\u1ed9t l\u1ed7 h\u00ecnh ph\u1ec5u, g\u1ee3i \u00fd v\u1ec1 m\u1ed9t c\u00e1nh c\u1ed5ng d\u1eabn \u0111\u1ebfn Th\u00e1p \u00e1nh s\u00e1ng n\u00e0y. S\u1ea3n&#8230;<\/p>\n","protected":false},"featured_media":4646,"comment_status":"open","ping_status":"closed","template":"","meta":[],"product_cat":[270,273],"product_tag":[452,342,344],"acf":[],"_links":{"self":[{"href":"https:\/\/maihomedecor.com\/vi\/wp-json\/wp\/v2\/product\/3815"}],"collection":[{"href":"https:\/\/maihomedecor.com\/vi\/wp-json\/wp\/v2\/product"}],"about":[{"href":"https:\/\/maihomedecor.com\/vi\/wp-json\/wp\/v2\/types\/product"}],"replies":[{"embeddable":true,"href":"https:\/\/maihomedecor.com\/vi\/wp-json\/wp\/v2\/comments?post=3815"}],"wp:featuredmedia":[{"embeddable":true,"href":"https:\/\/maihomedecor.com\/vi\/wp-json\/wp\/v2\/media\/4646"}],"wp:attachment":[{"href":"https:\/\/maihomedecor.com\/vi\/wp-json\/wp\/v2\/media?parent=3815"}],"wp:term":[{"taxonomy":"product_cat","embeddable":true,"href":"https:\/\/maihomedecor.com\/vi\/wp-json\/wp\/v2\/product_cat?post=3815"},{"taxonomy":"product_tag","embeddable":true,"href":"https:\/\/maihomedecor.com\/vi\/wp-json\/wp\/v2\/product_tag?post=3815"}],"curies":[{"name":"wp","href":"https:\/\/api.w.org\/{rel}","templated":true}]}}