{"id":3816,"date":"2024-05-13T07:04:04","date_gmt":"2024-05-12T23:04:04","guid":{"rendered":"https:\/\/maihomedecor.com\/product\/nikos-bo-co-backgammon-son-mai\/"},"modified":"2025-03-06T14:07:35","modified_gmt":"2025-03-06T06:07:35","slug":"nikos-bo-co-backgammon-son-mai","status":"publish","type":"product","link":"https:\/\/maihomedecor.com\/vi\/san-pham\/nikos-bo-co-backgammon-son-mai\/","title":{"rendered":"NIKOS &#8211; B\u1ed9 C\u1edd Backgammon S\u01a1n M\u00e0i"},"content":{"rendered":"<div>\n<div><span style=\"font-size: 105%;\"><strong>M\u00f4 t\u1ea3 s\u1ea3n ph\u1ea9m:<\/strong><\/span><\/div>\n<div>&#8211; B\u1ed9 c\u1edd Backgammon NIKOS s\u1ebd l\u00e0m h\u00e0i l\u00f2ng t\u1ea5t c\u1ea3 nh\u1eefng ng\u01b0\u1eddi y\u00eau th\u00edch c\u1edd c\u00e1 ng\u1ef1a v\u00ec s\u1ef1 thanh l\u1ecbch c\u1ee7a n\u00f3.<br \/>\n&#8211; B\u00ean ngo\u00e0i \u0111\u01b0\u1ee3c ho\u00e0n thi\u1ec7n b\u1eb1ng l\u1edbp s\u01a1n m\u00e0i m\u00e0u xanh navy tuy\u1ec7t \u0111\u1eb9p v\u1edbi h\u1ecda ti\u1ebft \u0111\u00e1 c\u1ea9m th\u1ea1ch v\u00e0 \u0111\u01b0\u1ee3c trang tr\u00ed b\u1eb1ng tay c\u1ea7m b\u1eb1ng \u0111\u1ed3ng thau th\u1eddi trang. N\u1ed9i th\u1ea5t b\u00ean trong \u0111\u01b0\u1ee3c ho\u00e0n thi\u1ec7n b\u1eb1ng s\u01a1n m\u00e0i m\u00e0u tr\u1eafng, xanh n\u01b0\u1edbc bi\u1ec3n v\u00e0 x\u00e1m, c\u00f3 c\u00e1c gi\u1ecdt n\u01b0\u1edbc d\u00e0i thay cho c\u00e1c h\u00ecnh tam gi\u00e1c c\u1edd c\u00e1 ng\u1ef1a th\u00f4ng th\u01b0\u1eddng. C\u00e1c m\u1eb7t c\u1ea1nh b\u00ean trong \u0111\u01b0\u1ee3c l\u00f3t b\u1eb1ng n\u1ec9 tr\u1eafng, ph\u00f9 h\u1ee3p v\u1edbi l\u1edbp s\u01a1n m\u00e0i tr\u1eafng.<br \/>\n&#8211; NIKOS bao g\u1ed3m h\u1ed9p c\u1edd c\u00e1 ng\u1ef1a, 5 con x\u00fac x\u1eafc v\u00e0 2 b\u1ed9 chip.<\/div>\n<div>&#8211; S\u1ea3n ph\u1ea9m \u0111\u01b0\u1ee3c l\u00e0m th\u1ee7 c\u00f4ng ho\u00e0n to\u00e0n t\u1ea1i nh\u00e0 m\u00e1y Mai Home Decor Vi\u1ec7t Nam b\u1edfi nh\u1eefng ng\u01b0\u1eddi th\u1ee3 s\u01a1n m\u00e0i l\u00e0nh ngh\u1ec1, s\u1eed d\u1ee5ng c\u00e1c c\u00f4ng c\u1ee5 v\u00e0 k\u1ef9 thu\u1eadt \u0111\u01b0\u1ee3c truy\u1ec1n l\u1ea1i v\u00e0 tinh ch\u1ec9nh t\u1eeb th\u1ebf h\u1ec7 n\u00e0y sang th\u1ebf h\u1ec7 kh\u00e1c.<\/div>\n<div><\/div>\n<h3><\/h3>\n<div><span style=\"font-size: 105%;\"><strong>Th\u00f4ng s\u1ed1 k\u1ef9 thu\u1eadt:<\/strong><\/span><\/div>\n<div>&#8211; V\u1eadt li\u1ec7u: G\u1ed7 c\u00f4ng nghi\u1ec7p MDF, S\u01a1n m\u00e0i, N\u1ec9, \u0110\u1ed3ng thau<\/div>\n<div>&#8211; K\u00edch th\u01b0\u1edbc (W x D x H): 434 x 273 x 57 mm<\/div>\n<h3><\/h3>\n<div><span style=\"font-size: 105%;\"><strong>T\u01b0 v\u1ea5n v\u00e0 gi\u00e1 c\u1ea3:<\/strong><\/span><\/div>\n<div>&#8211; S\u1ea3n ph\u1ea9m n\u00e0y ch\u00fang t\u00f4i kh\u00f4ng c\u00f3 s\u1eb5n nh\u01b0ng c\u00f3 th\u1ec3 s\u1ea3n xu\u1ea5t theo \u0111\u01a1n \u0111\u1eb7t h\u00e0ng. Gi\u00e1 tr\u00ean ch\u01b0a bao g\u1ed3m chi ph\u00ed v\u1eadn chuy\u1ec3n v\u00e0 \u00e1p d\u1ee5ng cho s\u1ea3n xu\u1ea5t theo \u0111\u01a1n \u0111\u1eb7t h\u00e0ng s\u1ed1 l\u01b0\u1ee3ng 1 s\u1ea3n ph\u1ea9m.<br \/>\n&#8211; Vui l\u00f2ng t\u00ecm hi\u1ec3u v\u1ec1 c\u00e1c l\u1ef1a ch\u1ecdn c\u1ee7a ch\u00fang t\u00f4i \u0111\u1ec3 s\u1ea3n xu\u1ea5t theo \u0111\u01a1n \u0111\u1eb7t h\u00e0ng v\u00e0 t\u00f9y ch\u1ec9nh l\u1edbp ho\u00e0n thi\u1ec7n: ch\u00fang t\u00f4i s\u1ebd tr\u1ea3 l\u1eddi s\u1edbm.<br \/>\n&#8211; \u0110\u01b0\u1ee3c b\u00e1n b\u1edfi Mai Home D\u00e9cor Pte. Ltd. t\u1ea1i Singapore v\u00e0 \u0111\u01b0\u1ee3c v\u1eadn chuy\u1ec3n t\u1eeb nh\u00e0 m\u00e1y s\u01a1n m\u00e0i c\u1ee7a ch\u00fang t\u00f4i t\u1ea1i Vi\u1ec7t Nam.<\/div>\n<\/div>\n<div><\/div>\n","protected":false},"excerpt":{"rendered":"<p>M\u00f4 t\u1ea3 s\u1ea3n ph\u1ea9m: &#8211; B\u1ed9 c\u1edd Backgammon NIKOS s\u1ebd l\u00e0m h\u00e0i l\u00f2ng t\u1ea5t c\u1ea3 nh\u1eefng ng\u01b0\u1eddi y\u00eau th\u00edch c\u1edd c\u00e1 ng\u1ef1a v\u00ec s\u1ef1 thanh l\u1ecbch c\u1ee7a n\u00f3. &#8211; B\u00ean ngo\u00e0i \u0111\u01b0\u1ee3c ho\u00e0n thi\u1ec7n b\u1eb1ng l\u1edbp s\u01a1n m\u00e0i m\u00e0u xanh navy tuy\u1ec7t \u0111\u1eb9p v\u1edbi h\u1ecda ti\u1ebft \u0111\u00e1 c\u1ea9m th\u1ea1ch v\u00e0 \u0111\u01b0\u1ee3c trang tr\u00ed b\u1eb1ng tay&#8230;<\/p>\n","protected":false},"featured_media":2317,"comment_status":"open","ping_status":"closed","template":"","meta":[],"product_cat":[252,254,256],"product_tag":[346,356,350],"acf":[],"_links":{"self":[{"href":"https:\/\/maihomedecor.com\/vi\/wp-json\/wp\/v2\/product\/3816"}],"collection":[{"href":"https:\/\/maihomedecor.com\/vi\/wp-json\/wp\/v2\/product"}],"about":[{"href":"https:\/\/maihomedecor.com\/vi\/wp-json\/wp\/v2\/types\/product"}],"replies":[{"embeddable":true,"href":"https:\/\/maihomedecor.com\/vi\/wp-json\/wp\/v2\/comments?post=3816"}],"wp:featuredmedia":[{"embeddable":true,"href":"https:\/\/maihomedecor.com\/vi\/wp-json\/wp\/v2\/media\/2317"}],"wp:attachment":[{"href":"https:\/\/maihomedecor.com\/vi\/wp-json\/wp\/v2\/media?parent=3816"}],"wp:term":[{"taxonomy":"product_cat","embeddable":true,"href":"https:\/\/maihomedecor.com\/vi\/wp-json\/wp\/v2\/product_cat?post=3816"},{"taxonomy":"product_tag","embeddable":true,"href":"https:\/\/maihomedecor.com\/vi\/wp-json\/wp\/v2\/product_tag?post=3816"}],"curies":[{"name":"wp","href":"https:\/\/api.w.org\/{rel}","templated":true}]}}