{"id":3824,"date":"2024-06-29T12:15:16","date_gmt":"2024-06-29T04:15:16","guid":{"rendered":"https:\/\/maihomedecor.com\/product\/flavia-ban-an-son-mai\/"},"modified":"2024-10-09T13:57:06","modified_gmt":"2024-10-09T05:57:06","slug":"flavia-ban-an-son-mai","status":"publish","type":"product","link":"https:\/\/maihomedecor.com\/vi\/san-pham\/flavia-ban-an-son-mai\/","title":{"rendered":"FLAVIA &#8211; B\u00e0n \u0102n S\u01a1n M\u00e0i"},"content":{"rendered":"<p><span style=\"color: #000000;\"><strong>M\u00f4 t\u1ea3 s\u1ea3n ph\u1ea9m:<\/strong><\/span><br \/>\n<span style=\"color: #000000;\">&#8211; Chi\u1ebfc b\u00e0n \u0103n s\u01a1n m\u00e0i tr\u00f2n n\u00e0y \u0111\u01b0\u1ee3c thi\u1ebft k\u1ebf \u0111\u1ec3 g\u00e2y \u1ea5n t\u01b0\u1ee3ng v\u00e0 mang \u0111\u1ebfn n\u00e9t thanh l\u1ecbch cho ph\u00f2ng \u0103n! <\/span><span style=\"color: #000000;\">\u0110\u01b0\u1ee3c l\u00e0m b\u1eb1ng s\u01a1n m\u00e0i tr\u1eafng ng\u00e0 tuy\u1ec7t \u0111\u1eb9p, FLAVIA c\u00f3 m\u1eb7t b\u00e0n tr\u00f2n v\u00e0 \u0111\u1ebf tr\u1ee5 h\u00ecnh tr\u1ee5. H\u00ecnh d\u00e1ng thanh l\u1ecbch c\u1ee7a n\u00f3 \u0111\u01b0\u1ee3c t\u00f4n l\u00ean nh\u1edd c\u00e1c \u0111i\u1ec3m nh\u1ea5n trang tr\u00ed b\u1eb1ng \u0111\u1ed3ng thau th\u1eddi trang: m\u1ed9t d\u1ea3i \u0111\u1ed3ng thau \u0111\u1eb9p m\u1eaft bao quanh ph\u1ea7n tr\u00ean c\u00f9ng trong khi nh\u1eefng thanh \u0111\u1ed3ng thau u\u1ed1n l\u01b0\u1ee3n tuy\u1ec7t \u0111\u1eb9p xung quanh ph\u1ea7n \u0111\u1ebf. <\/span><br \/>\n<span style=\"color: #000000;\">&#8211; S\u1ea3n ph\u1ea9m \u0111\u01b0\u1ee3c l\u00e0m th\u1ee7 c\u00f4ng ho\u00e0n to\u00e0n t\u1ea1i nh\u00e0 m\u00e1y Mai Home Decor Vi\u1ec7t Nam b\u1edfi nh\u1eefng ng\u01b0\u1eddi th\u1ee3 s\u01a1n m\u00e0i l\u00e0nh ngh\u1ec1 s\u1eed d\u1ee5ng c\u00e1c c\u00f4ng c\u1ee5 v\u00e0 k\u1ef9 thu\u1eadt \u0111\u01b0\u1ee3c truy\u1ec1n l\u1ea1i v\u00e0 tinh ch\u1ec9nh t\u1eeb th\u1ebf h\u1ec7 n\u00e0y sang th\u1ebf h\u1ec7 kh\u00e1c.<\/span><\/p>\n<p><span style=\"color: #000000;\"><strong>Th\u00f4ng s\u1ed1 k\u1ef9 thu\u1eadt:<\/strong><\/span><br \/>\n<span style=\"color: #000000;\">&#8211; V\u1eadt li\u1ec7u: G\u1ed7 c\u00f4ng nghi\u1ec7p MDF\/HDF, Th\u00e9p kh\u00f4ng g\u1ec9, \u0110\u1ed3ng thau, S\u01a1n m\u00e0i<\/span><br \/>\n<span style=\"color: #000000;\">&#8211; K\u00edch th\u01b0\u1edbc (DIA x H): 1600 x 750 mm<\/span><\/p>\n<div><span style=\"color: #000000;\"><strong>T\u01b0 v\u1ea5n v\u00e0 gi\u00e1 c\u1ea3:<\/strong><\/span><\/div>\n<div><span style=\"color: #000000;\">&#8211; S\u1ea3n ph\u1ea9m n\u00e0y ch\u00fang t\u00f4i kh\u00f4ng c\u00f3 s\u1eb5n nh\u01b0ng c\u00f3 th\u1ec3 s\u1ea3n xu\u1ea5t theo \u0111\u01a1n \u0111\u1eb7t h\u00e0ng. Gi\u00e1 tr\u00ean ch\u01b0a bao g\u1ed3m chi ph\u00ed v\u1eadn chuy\u1ec3n v\u00e0 \u00e1p d\u1ee5ng cho s\u1ea3n xu\u1ea5t theo \u0111\u01a1n \u0111\u1eb7t h\u00e0ng s\u1ed1 l\u01b0\u1ee3ng 1 s\u1ea3n ph\u1ea9m.<\/span><br \/>\n<span style=\"color: #000000;\">&#8211; Vui l\u00f2ng t\u00ecm hi\u1ec3u v\u1ec1 c\u00e1c l\u1ef1a ch\u1ecdn c\u1ee7a ch\u00fang t\u00f4i \u0111\u1ec3 s\u1ea3n xu\u1ea5t theo \u0111\u01a1n \u0111\u1eb7t h\u00e0ng v\u00e0 t\u00f9y ch\u1ec9nh l\u1edbp ho\u00e0n thi\u1ec7n: ch\u00fang t\u00f4i s\u1ebd tr\u1ea3 l\u1eddi s\u1edbm.<\/span><br \/>\n<span style=\"color: #000000;\">&#8211; \u0110\u01b0\u1ee3c b\u00e1n b\u1edfi Mai Home D\u00e9cor Pte. Ltd. t\u1ea1i Singapore v\u00e0 \u0111\u01b0\u1ee3c v\u1eadn chuy\u1ec3n t\u1eeb nh\u00e0 m\u00e1y s\u01a1n m\u00e0i c\u1ee7a ch\u00fang t\u00f4i t\u1ea1i Vi\u1ec7t Nam.<\/span><\/div>\n<p>&nbsp;<\/p>\n<p>&nbsp;<\/p>\n","protected":false},"excerpt":{"rendered":"<p>M\u00f4 t\u1ea3 s\u1ea3n ph\u1ea9m: &#8211; Chi\u1ebfc b\u00e0n \u0103n s\u01a1n m\u00e0i tr\u00f2n n\u00e0y \u0111\u01b0\u1ee3c thi\u1ebft k\u1ebf \u0111\u1ec3 g\u00e2y \u1ea5n t\u01b0\u1ee3ng v\u00e0 mang \u0111\u1ebfn n\u00e9t thanh l\u1ecbch cho ph\u00f2ng \u0103n! \u0110\u01b0\u1ee3c l\u00e0m b\u1eb1ng s\u01a1n m\u00e0i tr\u1eafng ng\u00e0 tuy\u1ec7t \u0111\u1eb9p, FLAVIA c\u00f3 m\u1eb7t b\u00e0n tr\u00f2n v\u00e0 \u0111\u1ebf tr\u1ee5 h\u00ecnh tr\u1ee5. H\u00ecnh d\u00e1ng thanh l\u1ecbch c\u1ee7a n\u00f3 \u0111\u01b0\u1ee3c t\u00f4n&#8230;<\/p>\n","protected":false},"featured_media":4590,"comment_status":"open","ping_status":"closed","template":"","meta":[],"product_cat":[266,259],"product_tag":[398,279],"acf":[],"_links":{"self":[{"href":"https:\/\/maihomedecor.com\/vi\/wp-json\/wp\/v2\/product\/3824"}],"collection":[{"href":"https:\/\/maihomedecor.com\/vi\/wp-json\/wp\/v2\/product"}],"about":[{"href":"https:\/\/maihomedecor.com\/vi\/wp-json\/wp\/v2\/types\/product"}],"replies":[{"embeddable":true,"href":"https:\/\/maihomedecor.com\/vi\/wp-json\/wp\/v2\/comments?post=3824"}],"wp:featuredmedia":[{"embeddable":true,"href":"https:\/\/maihomedecor.com\/vi\/wp-json\/wp\/v2\/media\/4590"}],"wp:attachment":[{"href":"https:\/\/maihomedecor.com\/vi\/wp-json\/wp\/v2\/media?parent=3824"}],"wp:term":[{"taxonomy":"product_cat","embeddable":true,"href":"https:\/\/maihomedecor.com\/vi\/wp-json\/wp\/v2\/product_cat?post=3824"},{"taxonomy":"product_tag","embeddable":true,"href":"https:\/\/maihomedecor.com\/vi\/wp-json\/wp\/v2\/product_tag?post=3824"}],"curies":[{"name":"wp","href":"https:\/\/api.w.org\/{rel}","templated":true}]}}