{"id":3827,"date":"2024-06-29T10:01:52","date_gmt":"2024-06-29T02:01:52","guid":{"rendered":"https:\/\/maihomedecor.com\/product\/prima-console-son-mai\/"},"modified":"2024-10-09T14:13:51","modified_gmt":"2024-10-09T06:13:51","slug":"prima-console-son-mai","status":"publish","type":"product","link":"https:\/\/maihomedecor.com\/vi\/san-pham\/prima-console-son-mai\/","title":{"rendered":"PRIMA &#8211; Console S\u01a1n M\u00e0i"},"content":{"rendered":"<p><span style=\"color: #282828;\"><strong>M\u00f4 t\u1ea3 s\u1ea3n ph\u1ea9m:<\/strong><\/span><br \/>\n<span style=\"color: #282828;\">&#8211; B\u00e0n console s\u01a1n m\u00e0i PRIMA th\u1ec3 hi\u1ec7n s\u1ef1 k\u1ebft h\u1ee3p tuy\u1ec7t v\u1eddi gi\u1eefa s\u01a1n m\u00e0i v\u00e0 \u0111\u1ed3ng thau trong thi\u1ebft k\u1ebf \u0111\u1ed3 n\u1ed9i th\u1ea5t. S\u1ea3n ph\u1ea9m \u0111\u01b0\u1ee3c thi\u1ebft k\u1ebf \u0111\u1ec3 mang \u0111\u1ebfn n\u00e9t hi\u1ec7n \u0111\u1ea1i v\u00e0 phong c\u00e1ch cho h\u00e0nh lang, ph\u00f2ng \u0103n ho\u1eb7c b\u1ea5t c\u1ee9 n\u01a1i n\u00e0o c\u1ea7n m\u1ed9t chi\u1ebfc b\u00e0n h\u1eb9p. N\u00f3 c\u00f3 2 khung h\u00ecnh ch\u1eef nh\u1eadt \u0111\u01b0\u1ee3c thi\u1ebft l\u1eadp theo h\u01b0\u1edbng vu\u00f4ng g\u00f3c: khung nh\u1ecf h\u01a1n<\/span><span style=\"color: #282828;\"> khung \u0111\u01b0\u1ee3c l\u00e0m b\u1eb1ng th\u00e9p kh\u00f4ng g\u1ec9 m\u1ea1 \u0111\u1ed3ng trong khi khung l\u1edbn h\u01a1n \u0111\u01b0\u1ee3c l\u00e0m b\u1eb1ng s\u01a1n m\u00e0i \u0111en. <\/span><br \/>\n<span style=\"color: #282828;\">&#8211; PRIMA ho\u00e0n to\u00e0n \u0111\u01b0\u1ee3c l\u00e0m th\u1ee7 c\u00f4ng t\u1ea1i nh\u00e0 m\u00e1y Mai Home Decor Vi\u1ec7t Nam b\u1edfi nh\u1eefng ng\u01b0\u1eddi th\u1ee3 s\u01a1n m\u00e0i l\u00e0nh ngh\u1ec1, s\u1eed d\u1ee5ng c\u00e1c c\u00f4ng c\u1ee5 v\u00e0 k\u1ef9 thu\u1eadt \u0111\u01b0\u1ee3c truy\u1ec1n l\u1ea1i v\u00e0 tinh ch\u1ec9nh t\u1eeb th\u1ebf h\u1ec7 n\u00e0y sang th\u1ebf h\u1ec7 kh\u00e1c.<\/span><\/p>\n<p><span style=\"color: #282828;\"><strong>Th\u00f4ng s\u1ed1 k\u1ef9 thu\u1eadt:<\/strong><\/span><br \/>\n<span style=\"color: #282828;\">&#8211; V\u1eadt li\u1ec7u: G\u1ed7 c\u00f4ng nghi\u1ec7p MDF\/HDF, Th\u00e9p kh\u00f4ng g\u1ec9, S\u01a1n m\u00e0i<\/span><br \/>\n<span style=\"color: #282828;\">&#8211; K\u00edch th\u01b0\u1edbc(W x D x H): 1400 x 430 x 830 mm<\/span><\/p>\n<div><span style=\"color: #282828;\"><strong>T\u01b0 v\u1ea5n v\u00e0 gi\u00e1 c\u1ea3:<\/strong><\/span><\/div>\n<div><span style=\"color: #282828;\">&#8211; S\u1ea3n ph\u1ea9m n\u00e0y ch\u00fang t\u00f4i kh\u00f4ng c\u00f3 s\u1eb5n nh\u01b0ng c\u00f3 th\u1ec3 s\u1ea3n xu\u1ea5t theo \u0111\u01a1n \u0111\u1eb7t h\u00e0ng. Gi\u00e1 tr\u00ean ch\u01b0a bao g\u1ed3m chi ph\u00ed v\u1eadn chuy\u1ec3n v\u00e0 \u00e1p d\u1ee5ng cho s\u1ea3n xu\u1ea5t theo \u0111\u01a1n \u0111\u1eb7t h\u00e0ng s\u1ed1 l\u01b0\u1ee3ng 1 s\u1ea3n ph\u1ea9m.<\/span><br \/>\n<span style=\"color: #282828;\">&#8211; Vui l\u00f2ng t\u00ecm hi\u1ec3u v\u1ec1 c\u00e1c l\u1ef1a ch\u1ecdn c\u1ee7a ch\u00fang t\u00f4i \u0111\u1ec3 s\u1ea3n xu\u1ea5t theo \u0111\u01a1n \u0111\u1eb7t h\u00e0ng v\u00e0 t\u00f9y ch\u1ec9nh l\u1edbp ho\u00e0n thi\u1ec7n: ch\u00fang t\u00f4i s\u1ebd tr\u1ea3 l\u1eddi s\u1edbm.<\/span><br \/>\n<span style=\"color: #282828;\">&#8211; \u0110\u01b0\u1ee3c b\u00e1n b\u1edfi Mai Home D\u00e9cor Pte. Ltd. t\u1ea1i Singapore v\u00e0 \u0111\u01b0\u1ee3c v\u1eadn chuy\u1ec3n t\u1eeb nh\u00e0 m\u00e1y s\u01a1n m\u00e0i c\u1ee7a ch\u00fang t\u00f4i t\u1ea1i Vi\u1ec7t Nam.<\/span><\/div>\n<p>&nbsp;<\/p>\n<p>&nbsp;<\/p>\n","protected":false},"excerpt":{"rendered":"<p>M\u00f4 t\u1ea3 s\u1ea3n ph\u1ea9m: &#8211; B\u00e0n console s\u01a1n m\u00e0i PRIMA th\u1ec3 hi\u1ec7n s\u1ef1 k\u1ebft h\u1ee3p tuy\u1ec7t v\u1eddi gi\u1eefa s\u01a1n m\u00e0i v\u00e0 \u0111\u1ed3ng thau trong thi\u1ebft k\u1ebf \u0111\u1ed3 n\u1ed9i th\u1ea5t. S\u1ea3n ph\u1ea9m \u0111\u01b0\u1ee3c thi\u1ebft k\u1ebf \u0111\u1ec3 mang \u0111\u1ebfn n\u00e9t hi\u1ec7n \u0111\u1ea1i v\u00e0 phong c\u00e1ch cho h\u00e0nh lang, ph\u00f2ng \u0103n ho\u1eb7c b\u1ea5t c\u1ee9 n\u01a1i n\u00e0o c\u1ea7n m\u1ed9t&#8230;<\/p>\n","protected":false},"featured_media":4209,"comment_status":"open","ping_status":"closed","template":"","meta":[],"product_cat":[265,259],"product_tag":[332,279],"acf":[],"_links":{"self":[{"href":"https:\/\/maihomedecor.com\/vi\/wp-json\/wp\/v2\/product\/3827"}],"collection":[{"href":"https:\/\/maihomedecor.com\/vi\/wp-json\/wp\/v2\/product"}],"about":[{"href":"https:\/\/maihomedecor.com\/vi\/wp-json\/wp\/v2\/types\/product"}],"replies":[{"embeddable":true,"href":"https:\/\/maihomedecor.com\/vi\/wp-json\/wp\/v2\/comments?post=3827"}],"wp:featuredmedia":[{"embeddable":true,"href":"https:\/\/maihomedecor.com\/vi\/wp-json\/wp\/v2\/media\/4209"}],"wp:attachment":[{"href":"https:\/\/maihomedecor.com\/vi\/wp-json\/wp\/v2\/media?parent=3827"}],"wp:term":[{"taxonomy":"product_cat","embeddable":true,"href":"https:\/\/maihomedecor.com\/vi\/wp-json\/wp\/v2\/product_cat?post=3827"},{"taxonomy":"product_tag","embeddable":true,"href":"https:\/\/maihomedecor.com\/vi\/wp-json\/wp\/v2\/product_tag?post=3827"}],"curies":[{"name":"wp","href":"https:\/\/api.w.org\/{rel}","templated":true}]}}