{"id":3832,"date":"2024-06-29T08:53:19","date_gmt":"2024-06-29T00:53:19","guid":{"rendered":"https:\/\/maihomedecor.com\/product\/jenna-ban-goc-son-mai\/"},"modified":"2025-03-06T13:50:12","modified_gmt":"2025-03-06T05:50:12","slug":"jenna-ban-goc-son-mai","status":"publish","type":"product","link":"https:\/\/maihomedecor.com\/vi\/san-pham\/jenna-ban-goc-son-mai\/","title":{"rendered":"JENNA &#8211; B\u00e0n G\u00f3c S\u01a1n M\u00e0i"},"content":{"rendered":"<div><strong>M\u00f4 T\u1ea3 :<br \/>\n<\/strong>&#8211; B\u00e0n g\u00f3c ENNA \u0111\u01b0\u1ee3c thi\u1ebft k\u1ebf g\u00e2y \u1ea5n t\u01b0\u1ee3ng v\u1edbi c\u1ea5u tr\u00fac b\u00e1n \u0111\u1ed1i x\u1ee9ng \u0111\u00e1ng kinh ng\u1ea1c v\u00e0 l\u1edbp s\u01a1n m\u00e0i \u0111\u1eb9p m\u1eaft. B\u1ed1n h\u1ed9p vu\u00f4ng \u0111\u01b0\u1ee3c x\u1ebfp ch\u1ed3ng l\u00ean nhau theo t\u1ef7 l\u1ec7 d\u1ecbch chuy\u1ec3n qua l\u1ea1i gi\u1ed1ng h\u1ec7t nhau sao cho ch\u00fang th\u1eb3ng h\u00e0ng v\u00e0 \u0111\u1ed1i x\u1ee9ng theo t\u1eebng c\u1eb7p. 4 h\u1ed9p \u0111\u01b0\u1ee3c ho\u00e0n thi\u1ec7n b\u1eb1ng l\u1edbp s\u01a1n m\u00e0i xen k\u1ebd: 2 h\u1ed9p \u0111\u01b0\u1ee3c s\u01a1n m\u00e0i m\u00e0u \u0110en, V\u00e0ng v\u00e0 N\u00e2u tuy\u1ec7t \u0111\u1eb9p trong khi 2 h\u1ed9p c\u00f2n l\u1ea1i \u0111\u01b0\u1ee3c s\u01a1n m\u00e0i m\u00e0u x\u00e1m nh\u1ea1t thanh l\u1ecbch.<br \/>\n&#8211; JENNA \u0111\u01b0\u1ee3c l\u00e0m th\u1ee7 c\u00f4ng ho\u00e0n to\u00e0n t\u1ea1i nh\u00e0 m\u00e1y Mai Home Decor Vi\u1ec7t Nam b\u1edfi nh\u1eefng ng\u01b0\u1eddi th\u1ee3 s\u01a1n m\u00e0i l\u00e0nh ngh\u1ec1, s\u1eed d\u1ee5ng c\u00e1c c\u00f4ng c\u1ee5 v\u00e0 k\u1ef9 thu\u1eadt \u0111\u01b0\u1ee3c truy\u1ec1n l\u1ea1i v\u00e0 tinh ch\u1ec9nh t\u1eeb th\u1ebf h\u1ec7 n\u00e0y sang th\u1ebf h\u1ec7 kh\u00e1c.<\/div>\n<h1><\/h1>\n<div><strong>Th\u00f4ng s\u1ed1 k\u1ef9 thu\u1eadt<br \/>\n<\/strong>&#8211; V\u1eadt li\u1ec7u: G\u1ed7 c\u00f4ng nghi\u1ec7p MDF\/HDF, L\u00e1 b\u1ea1c, S\u01a1n m\u00e0i<br \/>\n&#8211; K\u00edch th\u01b0\u1edbc(W x D x H): 600 x 600 x 520 mm<\/div>\n<h1><\/h1>\n<div><strong>T\u01b0 v\u1ea5n v\u00e0 gi\u00e1 c\u1ea3:<\/strong><\/div>\n<div>&#8211; S\u1ea3n ph\u1ea9m n\u00e0y ch\u00fang t\u00f4i kh\u00f4ng c\u00f3 s\u1eb5n nh\u01b0ng c\u00f3 th\u1ec3 s\u1ea3n xu\u1ea5t theo \u0111\u01a1n \u0111\u1eb7t h\u00e0ng. Gi\u00e1 tr\u00ean ch\u01b0a bao g\u1ed3m chi ph\u00ed v\u1eadn chuy\u1ec3n v\u00e0 \u00e1p d\u1ee5ng cho s\u1ea3n xu\u1ea5t theo \u0111\u01a1n \u0111\u1eb7t h\u00e0ng s\u1ed1 l\u01b0\u1ee3ng 1 s\u1ea3n ph\u1ea9m.<br \/>\n&#8211; Vui l\u00f2ng t\u00ecm hi\u1ec3u v\u1ec1 c\u00e1c l\u1ef1a ch\u1ecdn c\u1ee7a ch\u00fang t\u00f4i \u0111\u1ec3 s\u1ea3n xu\u1ea5t theo \u0111\u01a1n \u0111\u1eb7t h\u00e0ng v\u00e0 t\u00f9y ch\u1ec9nh l\u1edbp ho\u00e0n thi\u1ec7n: ch\u00fang t\u00f4i s\u1ebd tr\u1ea3 l\u1eddi s\u1edbm.<br \/>\n&#8211; \u0110\u01b0\u1ee3c b\u00e1n b\u1edfi Mai Home D\u00e9cor Pte. Ltd. t\u1ea1i Singapore v\u00e0 \u0111\u01b0\u1ee3c v\u1eadn chuy\u1ec3n t\u1eeb nh\u00e0 m\u00e1y s\u01a1n m\u00e0i c\u1ee7a ch\u00fang t\u00f4i t\u1ea1i Vi\u1ec7t Nam.<\/div>\n<p>&nbsp;<\/p>\n","protected":false},"excerpt":{"rendered":"<p>M\u00f4 T\u1ea3 : &#8211; B\u00e0n g\u00f3c ENNA \u0111\u01b0\u1ee3c thi\u1ebft k\u1ebf g\u00e2y \u1ea5n t\u01b0\u1ee3ng v\u1edbi c\u1ea5u tr\u00fac b\u00e1n \u0111\u1ed1i x\u1ee9ng \u0111\u00e1ng kinh ng\u1ea1c v\u00e0 l\u1edbp s\u01a1n m\u00e0i \u0111\u1eb9p m\u1eaft. B\u1ed1n h\u1ed9p vu\u00f4ng \u0111\u01b0\u1ee3c x\u1ebfp ch\u1ed3ng l\u00ean nhau theo t\u1ef7 l\u1ec7 d\u1ecbch chuy\u1ec3n qua l\u1ea1i gi\u1ed1ng h\u1ec7t nhau sao cho ch\u00fang th\u1eb3ng h\u00e0ng v\u00e0 \u0111\u1ed1i x\u1ee9ng theo&#8230;<\/p>\n","protected":false},"featured_media":4570,"comment_status":"open","ping_status":"closed","template":"","meta":[],"product_cat":[268,259],"product_tag":[279,289],"acf":[],"_links":{"self":[{"href":"https:\/\/maihomedecor.com\/vi\/wp-json\/wp\/v2\/product\/3832"}],"collection":[{"href":"https:\/\/maihomedecor.com\/vi\/wp-json\/wp\/v2\/product"}],"about":[{"href":"https:\/\/maihomedecor.com\/vi\/wp-json\/wp\/v2\/types\/product"}],"replies":[{"embeddable":true,"href":"https:\/\/maihomedecor.com\/vi\/wp-json\/wp\/v2\/comments?post=3832"}],"wp:featuredmedia":[{"embeddable":true,"href":"https:\/\/maihomedecor.com\/vi\/wp-json\/wp\/v2\/media\/4570"}],"wp:attachment":[{"href":"https:\/\/maihomedecor.com\/vi\/wp-json\/wp\/v2\/media?parent=3832"}],"wp:term":[{"taxonomy":"product_cat","embeddable":true,"href":"https:\/\/maihomedecor.com\/vi\/wp-json\/wp\/v2\/product_cat?post=3832"},{"taxonomy":"product_tag","embeddable":true,"href":"https:\/\/maihomedecor.com\/vi\/wp-json\/wp\/v2\/product_tag?post=3832"}],"curies":[{"name":"wp","href":"https:\/\/api.w.org\/{rel}","templated":true}]}}