{"id":3834,"date":"2024-06-29T08:38:50","date_gmt":"2024-06-29T00:38:50","guid":{"rendered":"https:\/\/maihomedecor.com\/product\/elara-ban-ca-phe-son-mai\/"},"modified":"2024-10-09T14:34:35","modified_gmt":"2024-10-09T06:34:35","slug":"elara-son-mai-ban-ca-phe-voi-diem-diem-bang-dong","status":"publish","type":"product","link":"https:\/\/maihomedecor.com\/vi\/san-pham\/elara-son-mai-ban-ca-phe-voi-diem-diem-bang-dong\/","title":{"rendered":"ELARA &#8211; B\u00e0n C\u00e0 Ph\u00ea S\u01a1n M\u00e0i"},"content":{"rendered":"<p><span style=\"color: #282828;\"><strong>M\u00f4 t\u1ea3 s\u1ea3n ph\u1ea9m:<\/strong><\/span><br \/>\n<span style=\"color: #282828;\">&#8211; ELARA l\u00e0 m\u1ed9t chi\u1ebfc b\u00e0n c\u00e0 ph\u00ea vu\u00f4ng th\u1eddi trang \u0111\u01b0\u1ee3c s\u01a1n m\u00e0i tr\u1eafng th\u1ee7 c\u00f4ng, \u0111\u01b0\u1ee3c trang tr\u00ed b\u1eb1ng khung \u0111\u1ed3ng thau g\u1eafn tr\u00ean m\u1eb7t b\u00e0n. ELARA \u0111\u01b0\u1ee3c thi\u1ebft k\u1ebf \u0111\u1ec3 mang \u0111\u1ebfn n\u00e9t thanh l\u1ecbch cho ph\u00f2ng kh\u00e1ch. Th\u00f4ng qua thi\u1ebft k\u1ebf ch\u00e2n v\u00e0 khung nh\u1ea5n b\u1eb1ng \u0111\u1ed3ng thau, s\u1ea3n ph\u1ea9m cho th\u1ea5y t\u00ednh \u0111\u1ed1i x\u1ee9ng \u0111\u01b0\u1eddng ch\u00e9o \u0111\u01b0\u1ee3c \u00e1p d\u1ee5ng m\u1ed9t c\u00e1ch \u0111\u1ea7y phong c\u00e1ch v\u00e0o thi\u1ebft k\u1ebf \u0111\u1ed3 n\u1ed9i th\u1ea5t.<\/span><br \/>\n<span style=\"color: #282828;\">&#8211; M\u1eb7t b\u00e0n \u0111\u01b0\u1ee3c ph\u1ee7 th\u00eam l\u1edbp s\u01a1n m\u00e0i trong su\u1ed1t x\u1eed l\u00fd b\u1eb1ng tia UV \u0111\u1ec3 t\u0103ng \u0111\u1ed9 c\u1ee9ng b\u1ec1 m\u1eb7t v\u00e0 kh\u1ea3 n\u0103ng ch\u1ed1ng tr\u1ea7y x\u01b0\u1edbc.<\/span><br \/>\n<span style=\"color: #282828;\">&#8211; ELARA \u0111\u01b0\u1ee3c l\u00e0m th\u1ee7 c\u00f4ng ho\u00e0n to\u00e0n t\u1ea1i nh\u00e0 m\u00e1y Mai Home Decor Vi\u1ec7t Nam b\u1edfi nh\u1eefng ng\u01b0\u1eddi th\u1ee3 s\u01a1n m\u00e0i l\u00e0nh ngh\u1ec1 s\u1eed d\u1ee5ng c\u00e1c c\u00f4ng c\u1ee5 v\u00e0 k\u1ef9 thu\u1eadt \u0111\u01b0\u1ee3c truy\u1ec1n l\u1ea1i v\u00e0 tinh ch\u1ec9nh t\u1eeb th\u1ebf h\u1ec7 n\u00e0y sang th\u1ebf h\u1ec7 kh\u00e1c<\/span><\/p>\n<p><span style=\"color: #282828;\"><strong>Th\u00f4ng s\u1ed1 k\u1ef9 thu\u1eadt:<\/strong><\/span><br \/>\n<span style=\"color: #282828;\">&#8211; V\u1eadt li\u1ec7u: G\u1ed7 c\u00f4ng nghi\u1ec7p MDF\/HDF, S\u01a1n m\u00e0ir<\/span><br \/>\n<span style=\"color: #282828;\">&#8211; K\u00edch th\u01b0\u1edbc (W x D x H): 1000 x 1000 x 360 mm<\/span><\/p>\n<div><span style=\"color: #282828;\"><strong>T\u01b0 v\u1ea5n v\u00e0 gi\u00e1 c\u1ea3:<\/strong><\/span><\/div>\n<div><span style=\"color: #282828;\">&#8211; S\u1ea3n ph\u1ea9m n\u00e0y ch\u00fang t\u00f4i kh\u00f4ng c\u00f3 s\u1eb5n nh\u01b0ng c\u00f3 th\u1ec3 s\u1ea3n xu\u1ea5t theo \u0111\u01a1n \u0111\u1eb7t h\u00e0ng. Gi\u00e1 tr\u00ean ch\u01b0a bao g\u1ed3m chi ph\u00ed v\u1eadn chuy\u1ec3n v\u00e0 \u00e1p d\u1ee5ng cho s\u1ea3n xu\u1ea5t theo \u0111\u01a1n \u0111\u1eb7t h\u00e0ng s\u1ed1 l\u01b0\u1ee3ng 1 s\u1ea3n ph\u1ea9m.<\/span><br \/>\n<span style=\"color: #282828;\">&#8211; Vui l\u00f2ng t\u00ecm hi\u1ec3u v\u1ec1 c\u00e1c l\u1ef1a ch\u1ecdn c\u1ee7a ch\u00fang t\u00f4i \u0111\u1ec3 s\u1ea3n xu\u1ea5t theo \u0111\u01a1n \u0111\u1eb7t h\u00e0ng v\u00e0 t\u00f9y ch\u1ec9nh l\u1edbp ho\u00e0n thi\u1ec7n: ch\u00fang t\u00f4i s\u1ebd tr\u1ea3 l\u1eddi s\u1edbm.<\/span><br \/>\n<span style=\"color: #282828;\">&#8211; \u0110\u01b0\u1ee3c b\u00e1n b\u1edfi Mai Home D\u00e9cor Pte. Ltd. t\u1ea1i Singapore v\u00e0 \u0111\u01b0\u1ee3c v\u1eadn chuy\u1ec3n t\u1eeb nh\u00e0 m\u00e1y s\u01a1n m\u00e0i c\u1ee7a ch\u00fang t\u00f4i t\u1ea1i Vi\u1ec7t Nam.<\/span><\/div>\n<p>&nbsp;<\/p>\n<p>&nbsp;<\/p>\n","protected":false},"excerpt":{"rendered":"<p>M\u00f4 t\u1ea3 s\u1ea3n ph\u1ea9m: &#8211; ELARA l\u00e0 m\u1ed9t chi\u1ebfc b\u00e0n c\u00e0 ph\u00ea vu\u00f4ng th\u1eddi trang \u0111\u01b0\u1ee3c s\u01a1n m\u00e0i tr\u1eafng th\u1ee7 c\u00f4ng, \u0111\u01b0\u1ee3c trang tr\u00ed b\u1eb1ng khung \u0111\u1ed3ng thau g\u1eafn tr\u00ean m\u1eb7t b\u00e0n. ELARA \u0111\u01b0\u1ee3c thi\u1ebft k\u1ebf \u0111\u1ec3 mang \u0111\u1ebfn n\u00e9t thanh l\u1ecbch cho ph\u00f2ng kh\u00e1ch. Th\u00f4ng qua thi\u1ebft k\u1ebf ch\u00e2n v\u00e0 khung nh\u1ea5n b\u1eb1ng \u0111\u1ed3ng&#8230;<\/p>\n","protected":false},"featured_media":4703,"comment_status":"open","ping_status":"closed","template":"","meta":[],"product_cat":[264,259],"product_tag":[297,279],"acf":[],"_links":{"self":[{"href":"https:\/\/maihomedecor.com\/vi\/wp-json\/wp\/v2\/product\/3834"}],"collection":[{"href":"https:\/\/maihomedecor.com\/vi\/wp-json\/wp\/v2\/product"}],"about":[{"href":"https:\/\/maihomedecor.com\/vi\/wp-json\/wp\/v2\/types\/product"}],"replies":[{"embeddable":true,"href":"https:\/\/maihomedecor.com\/vi\/wp-json\/wp\/v2\/comments?post=3834"}],"wp:featuredmedia":[{"embeddable":true,"href":"https:\/\/maihomedecor.com\/vi\/wp-json\/wp\/v2\/media\/4703"}],"wp:attachment":[{"href":"https:\/\/maihomedecor.com\/vi\/wp-json\/wp\/v2\/media?parent=3834"}],"wp:term":[{"taxonomy":"product_cat","embeddable":true,"href":"https:\/\/maihomedecor.com\/vi\/wp-json\/wp\/v2\/product_cat?post=3834"},{"taxonomy":"product_tag","embeddable":true,"href":"https:\/\/maihomedecor.com\/vi\/wp-json\/wp\/v2\/product_tag?post=3834"}],"curies":[{"name":"wp","href":"https:\/\/api.w.org\/{rel}","templated":true}]}}