{"id":3835,"date":"2024-06-29T08:26:33","date_gmt":"2024-06-29T00:26:33","guid":{"rendered":"https:\/\/maihomedecor.com\/product\/renata-ban-ca-phe-son-mai\/"},"modified":"2024-10-09T14:36:33","modified_gmt":"2024-10-09T06:36:33","slug":"ban-ca-phe-son-mai-renata","status":"publish","type":"product","link":"https:\/\/maihomedecor.com\/vi\/san-pham\/ban-ca-phe-son-mai-renata\/","title":{"rendered":"RENATA &#8211; B\u00e0n C\u00e0 Ph\u00ea S\u01a1n M\u00e0i"},"content":{"rendered":"<p><span style=\"font-size: 105%; color: #282828;\"><strong>M\u00f4 t\u1ea3 s\u1ea3n ph\u1ea9m:<\/strong><\/span><br \/>\n<span style=\"color: #282828;\">&#8211; RENATA l\u00e0 m\u1ed9t chi\u1ebfc b\u00e0n c\u00e0 ph\u00ea s\u01a1n m\u00e0i tr\u00f2n th\u1eddi trang c\u00f3 h\u00ecnh d\u00e1ng v\u00e0 ki\u1ec3u d\u00e1ng \u0111\u00e1ng kinh ng\u1ea1c. N\u00f3 \u0111\u01b0\u1ee3c thi\u1ebft k\u1ebf nh\u01b0 2 n\u1eeda tr\u1ed1ng \u0111\u00f4i \u0111\u1eb7t c\u1ea1nh nhau: n\u1eeda tr\u1ed1ng l\u1edbn h\u01a1n v\u00e0 cao h\u01a1n chi\u1ebfm \u01b0u th\u1ebf h\u01a1n n\u1eeda tr\u1ed1ng nh\u1ecf h\u01a1n v\u00e0 ng\u1eafn h\u01a1n. <\/span><span style=\"color: #282828;\">S\u1ea3n ph\u1ea9m \u0111\u01b0\u1ee3c ho\u00e0n thi\u1ec7n b\u1eb1ng l\u1edbp s\u01a1n m\u00e0i th\u1ee7 c\u00f4ng m\u00e0u x\u00e1m \u1edf m\u1eb7t b\u00ean v\u00e0 l\u1edbp s\u01a1n m\u00e0i h\u1ecda ti\u1ebft \u0111\u00e1 c\u1ea9m th\u1ea1ch Venetian m\u00e0u x\u00e1m \u1edf m\u1eb7t tr\u00ean. N\u00f3 \u0111\u01b0\u1ee3c trang tr\u00ed b\u1eb1ng nh\u1eefng d\u1ea3i th\u00e9p kh\u00f4ng g\u1ec9 \u0111\u00e1nh b\u00f3ng th\u1eddi trang tr\u00ean ph\u1ea7n \u0111\u1ebf l\u00f5m.<\/span><br \/>\n<span style=\"color: #282828;\">&#8211; M\u1eb7t b\u00e0n \u0111\u01b0\u1ee3c ph\u1ee7 th\u00eam l\u1edbp s\u01a1n m\u00e0i trong su\u1ed1t x\u1eed l\u00fd b\u1eb1ng tia UV \u0111\u1ec3 t\u0103ng \u0111\u1ed9 c\u1ee9ng b\u1ec1 m\u1eb7t v\u00e0 kh\u1ea3 n\u0103ng ch\u1ed1ng tr\u1ea7y x\u01b0\u1edbc.<\/span><br \/>\n<span style=\"color: #282828;\">&#8211; RENATA \u0111\u01b0\u1ee3c l\u00e0m th\u1ee7 c\u00f4ng ho\u00e0n to\u00e0n t\u1ea1i nh\u00e0 m\u00e1y Mai Home Decor Vi\u1ec7t Nam b\u1edfi nh\u1eefng ng\u01b0\u1eddi th\u1ee3 s\u01a1n m\u00e0i l\u00e0nh ngh\u1ec1, s\u1eed d\u1ee5ng c\u00e1c c\u00f4ng c\u1ee5 v\u00e0 k\u1ef9 thu\u1eadt \u0111\u01b0\u1ee3c truy\u1ec1n l\u1ea1i v\u00e0 tinh ch\u1ec9nh t\u1eeb th\u1ebf h\u1ec7 n\u00e0y sang th\u1ebf h\u1ec7 kh\u00e1c.<\/span><\/p>\n<p><span style=\"font-size: 105%; color: #282828;\"><strong>Th\u00f4ng s\u1ed1 k\u1ef9 thu\u1eadt:<\/strong><\/span><br \/>\n<span style=\"color: #282828;\">&#8211; V\u1eadt li\u1ec7u: G\u1ed7 c\u00f4ng nghi\u1ec7p MDF\/HDF, S\u01a1n m\u00e0ir<\/span><br \/>\n<span style=\"color: #282828;\">&#8211; K\u00edch th\u01b0\u1edbc (W x D x H): 1000 x 970 x 420 mm<\/span><\/p>\n<h3><\/h3>\n<div><span style=\"font-size: 105%; color: #282828;\"><strong>T\u01b0 v\u1ea5n v\u00e0 gi\u00e1 c\u1ea3:<\/strong><\/span><\/div>\n<div><span style=\"color: #282828;\">&#8211; S\u1ea3n ph\u1ea9m n\u00e0y ch\u00fang t\u00f4i kh\u00f4ng c\u00f3 s\u1eb5n nh\u01b0ng c\u00f3 th\u1ec3 s\u1ea3n xu\u1ea5t theo \u0111\u01a1n \u0111\u1eb7t h\u00e0ng. Gi\u00e1 tr\u00ean ch\u01b0a bao g\u1ed3m chi ph\u00ed v\u1eadn chuy\u1ec3n v\u00e0 \u00e1p d\u1ee5ng cho s\u1ea3n xu\u1ea5t theo \u0111\u01a1n \u0111\u1eb7t h\u00e0ng s\u1ed1 l\u01b0\u1ee3ng 1 s\u1ea3n ph\u1ea9m.<\/span><br \/>\n<span style=\"color: #282828;\">&#8211; Vui l\u00f2ng t\u00ecm hi\u1ec3u v\u1ec1 c\u00e1c l\u1ef1a ch\u1ecdn c\u1ee7a ch\u00fang t\u00f4i \u0111\u1ec3 s\u1ea3n xu\u1ea5t theo \u0111\u01a1n \u0111\u1eb7t h\u00e0ng v\u00e0 t\u00f9y ch\u1ec9nh l\u1edbp ho\u00e0n thi\u1ec7n: ch\u00fang t\u00f4i s\u1ebd tr\u1ea3 l\u1eddi s\u1edbm.<\/span><br \/>\n<span style=\"color: #282828;\">&#8211; \u0110\u01b0\u1ee3c b\u00e1n b\u1edfi Mai Home D\u00e9cor Pte. Ltd. t\u1ea1i Singapore v\u00e0 \u0111\u01b0\u1ee3c v\u1eadn chuy\u1ec3n t\u1eeb nh\u00e0 m\u00e1y s\u01a1n m\u00e0i c\u1ee7a ch\u00fang t\u00f4i t\u1ea1i Vi\u1ec7t Nam.<\/span><\/div>\n<p>&nbsp;<\/p>\n<p>&nbsp;<\/p>\n","protected":false},"excerpt":{"rendered":"<p>M\u00f4 t\u1ea3 s\u1ea3n ph\u1ea9m: &#8211; RENATA l\u00e0 m\u1ed9t chi\u1ebfc b\u00e0n c\u00e0 ph\u00ea s\u01a1n m\u00e0i tr\u00f2n th\u1eddi trang c\u00f3 h\u00ecnh d\u00e1ng v\u00e0 ki\u1ec3u d\u00e1ng \u0111\u00e1ng kinh ng\u1ea1c. N\u00f3 \u0111\u01b0\u1ee3c thi\u1ebft k\u1ebf nh\u01b0 2 n\u1eeda tr\u1ed1ng \u0111\u00f4i \u0111\u1eb7t c\u1ea1nh nhau: n\u1eeda tr\u1ed1ng l\u1edbn h\u01a1n v\u00e0 cao h\u01a1n chi\u1ebfm \u01b0u th\u1ebf h\u01a1n n\u1eeda tr\u1ed1ng nh\u1ecf h\u01a1n v\u00e0 ng\u1eafn&#8230;<\/p>\n","protected":false},"featured_media":4574,"comment_status":"open","ping_status":"closed","template":"","meta":[],"product_cat":[264,259],"product_tag":[297,279],"acf":[],"_links":{"self":[{"href":"https:\/\/maihomedecor.com\/vi\/wp-json\/wp\/v2\/product\/3835"}],"collection":[{"href":"https:\/\/maihomedecor.com\/vi\/wp-json\/wp\/v2\/product"}],"about":[{"href":"https:\/\/maihomedecor.com\/vi\/wp-json\/wp\/v2\/types\/product"}],"replies":[{"embeddable":true,"href":"https:\/\/maihomedecor.com\/vi\/wp-json\/wp\/v2\/comments?post=3835"}],"wp:featuredmedia":[{"embeddable":true,"href":"https:\/\/maihomedecor.com\/vi\/wp-json\/wp\/v2\/media\/4574"}],"wp:attachment":[{"href":"https:\/\/maihomedecor.com\/vi\/wp-json\/wp\/v2\/media?parent=3835"}],"wp:term":[{"taxonomy":"product_cat","embeddable":true,"href":"https:\/\/maihomedecor.com\/vi\/wp-json\/wp\/v2\/product_cat?post=3835"},{"taxonomy":"product_tag","embeddable":true,"href":"https:\/\/maihomedecor.com\/vi\/wp-json\/wp\/v2\/product_tag?post=3835"}],"curies":[{"name":"wp","href":"https:\/\/api.w.org\/{rel}","templated":true}]}}